{"id":4961,"date":"2019-06-11T00:22:14","date_gmt":"2019-06-10T21:22:14","guid":{"rendered":"http:\/\/kemetrv.ee\/fi\/?page_id=4961"},"modified":"2025-05-20T15:50:47","modified_gmt":"2025-05-20T12:50:47","slug":"kemet-rv-etusivu","status":"publish","type":"page","link":"https:\/\/kemetrv.ee\/fi\/kemet-rv-etusivu\/","title":{"rendered":"Etusivu"},"content":{"rendered":"<div id='full_slider_1'  class='avia-fullwidth-slider main_color avia-shadow   avia-builder-el-0  el_before_av_section  avia-builder-el-first   container_wrap sidebar_right'  >\n<style type=\"text\/css\" data-created_by=\"avia_inline_auto\" id=\"style-css-av-13mnug1-594d44d237c98162bacb46bc8ad8b268\">\n#top #wrap_all .avia-slideshow .av-slideshow-caption.av-13mnug1-594d44d237c98162bacb46bc8ad8b268__0 .avia-caption-title{\ncolor:#ffffff;\n}\n<\/style>\n<div  class='avia-slideshow av-13mnug1-594d44d237c98162bacb46bc8ad8b268 avia-slideshow-featured av_slideshow_full avia-fade-slider av-slideshow-ui av-control-minimal av-slideshow-autoplay av-loop-endless av-loop-manual-endless av-default-height-applied   avia-slideshow-1' data-slideshow-options=\"{&quot;animation&quot;:&quot;fade&quot;,&quot;autoplay&quot;:true,&quot;loop_autoplay&quot;:&quot;endless&quot;,&quot;interval&quot;:5,&quot;loop_manual&quot;:&quot;manual-endless&quot;,&quot;autoplay_stopper&quot;:false,&quot;noNavigation&quot;:false,&quot;bg_slider&quot;:false,&quot;keep_padding&quot;:false,&quot;hoverpause&quot;:false,&quot;show_slide_delay&quot;:0}\"  itemprop=\"image\" itemscope=\"itemscope\" itemtype=\"https:\/\/schema.org\/ImageObject\" ><ul class='avia-slideshow-inner ' style='padding-bottom: 28.666666666667%;'><li  class='avia-slideshow-slide av-13mnug1-594d44d237c98162bacb46bc8ad8b268__0  av-single-slide slide-1 slide-odd'><div data-rel='slideshow-1' class='avia-slide-wrap '   ><div class='av-slideshow-caption av-13mnug1-594d44d237c98162bacb46bc8ad8b268__0 caption_fullwidth caption_left caption_left_framed caption_framed'><div class=\"container caption_container\"><div class=\"slideshow_caption\"><div class=\"slideshow_inner_caption\"><div class=\"slideshow_align_caption\"><h2 class='avia-caption-title '  itemprop=\"name\" >Maalit. Puunsuoja-aineet. Liuottimet. Autokemia. Yli 40 vuoden kokemus.<\/h2><\/div><\/div><\/div><\/div><\/div><img fetchpriority=\"high\" class=\"wp-image-4012 avia-img-lazy-loading-not-4012\"  src='https:\/\/kemetrv.ee\/wp-content\/uploads\/kemet_rv_varvid_group_1-1500x430.jpg' width='1500' height='430' title='Kemet RV v\u00e4rvid' alt=''  itemprop=\"thumbnailUrl\"   \/><\/div><\/li><\/ul><\/div><\/div>\n\n<style type=\"text\/css\" data-created_by=\"avia_inline_auto\" id=\"style-css-av-znd0up-0f220cdf36d1a4f91d2a76b4c2735249\">\n.avia-section.av-znd0up-0f220cdf36d1a4f91d2a76b4c2735249{\nbackground-color:#f9f9f9;\nbackground-image:unset;\n}\n<\/style>\n<div id='product-category'  class='avia-section av-znd0up-0f220cdf36d1a4f91d2a76b4c2735249 main_color avia-section-small avia-no-border-styling  avia-builder-el-1  el_after_av_slideshow_full  el_before_av_section  avia-bg-style-scroll container_wrap sidebar_right'  ><div class='container av-section-cont-open' ><div class='template-page content  av-content-small alpha units'><div class='post-entry post-entry-type-page post-entry-4961'><div class='entry-content-wrapper clearfix'>\n\n<style type=\"text\/css\" data-created_by=\"avia_inline_auto\" id=\"style-css-av-3dlof5-7f707add183717c8da02072ba12794c3\">\n.flex_column.av-3dlof5-7f707add183717c8da02072ba12794c3{\nborder-radius:0px 0px 0px 0px;\npadding:20px 20px 20px 20px;\nbackground-color:#ffffff;\n}\n<\/style>\n<div  class='flex_column av-3dlof5-7f707add183717c8da02072ba12794c3 av_one_fifth  avia-builder-el-2  el_before_av_one_fifth  avia-builder-el-first  first flex_column_div  '     ><p>\n<style type=\"text\/css\" data-created_by=\"avia_inline_auto\" id=\"style-css-av-wmfcap-5e20d8ba8de82a0952d6bdfd223d6766\">\n.avia-image-container.av-wmfcap-5e20d8ba8de82a0952d6bdfd223d6766 img.avia_image{\nbox-shadow:none;\n}\n.avia-image-container.av-wmfcap-5e20d8ba8de82a0952d6bdfd223d6766 .av-image-caption-overlay-center{\ncolor:#ffffff;\n}\n<\/style>\n<div  class='avia-image-container av-wmfcap-5e20d8ba8de82a0952d6bdfd223d6766 av-styling-no-styling av-img-linked avia-align-center  avia-builder-el-3  el_before_av_heading  avia-builder-el-first '   itemprop=\"image\" itemscope=\"itemscope\" itemtype=\"https:\/\/schema.org\/ImageObject\" ><div class=\"avia-image-container-inner\"><div class=\"avia-image-overlay-wrap\"><a href=\"https:\/\/kemetrv.ee\/varvid\/rootsi-muldvarv-maalri\/\" class='avia_image '  ><img fetchpriority=\"high\" class='wp-image-3751 avia-img-lazy-loading-not-3751 avia_image ' src='https:\/\/kemetrv.ee\/wp-content\/uploads\/category-varvid-rootsi-muldvarv-maalri-3kg.png' alt='' title=''  height=\"400\" width=\"300\"  itemprop=\"thumbnailUrl\"  \/><\/a><\/div><\/div><\/div><br \/>\n\n<style type=\"text\/css\" data-created_by=\"avia_inline_auto\" id=\"style-css-av-u2inn5-e211733d25769a1ee55bbf9d896c8635\">\n#top .av-special-heading.av-u2inn5-e211733d25769a1ee55bbf9d896c8635{\npadding-bottom:0;\n}\nbody .av-special-heading.av-u2inn5-e211733d25769a1ee55bbf9d896c8635 .av-special-heading-tag .heading-char{\nfont-size:25px;\n}\n.av-special-heading.av-u2inn5-e211733d25769a1ee55bbf9d896c8635 .av-subheading{\nfont-size:12px;\n}\n<\/style>\n<div  class='av-special-heading av-u2inn5-e211733d25769a1ee55bbf9d896c8635 av-special-heading-h2 blockquote modern-quote  avia-builder-el-4  el_after_av_image  avia-builder-el-last '><div class='av-subheading av-subheading_above'><p>sahalautojen ja karkeiden hirsipintojen ulkomaalaukseen<\/p>\n<\/div><h2 class='av-special-heading-tag '  itemprop=\"headline\"  >PUNAMULTAMAALI <span class='special_amp'>&#8221;<\/span>MAALARIN<span class='special_amp'>&#8221;<\/span><\/h2><div class=\"special-heading-border\"><div class=\"special-heading-inner-border\"><\/div><\/div><\/div><\/p><\/div>\n<style type=\"text\/css\" data-created_by=\"avia_inline_auto\" id=\"style-css-av-stpcxt-6054f0613083a068aceba7fcbd62de79\">\n.flex_column.av-stpcxt-6054f0613083a068aceba7fcbd62de79{\nborder-radius:0px 0px 0px 0px;\npadding:20px 20px 20px 20px;\nbackground-color:#ffffff;\n}\n<\/style>\n<div  class='flex_column av-stpcxt-6054f0613083a068aceba7fcbd62de79 av_one_fifth  avia-builder-el-5  el_after_av_one_fifth  el_before_av_one_fifth  flex_column_div  '     ><p>\n<style type=\"text\/css\" data-created_by=\"avia_inline_auto\" id=\"style-css-av-rgliyp-d05ea3bca9b5d6f8ba44c10fdfed2807\">\n.avia-image-container.av-rgliyp-d05ea3bca9b5d6f8ba44c10fdfed2807 img.avia_image{\nbox-shadow:none;\n}\n.avia-image-container.av-rgliyp-d05ea3bca9b5d6f8ba44c10fdfed2807 .av-image-caption-overlay-center{\ncolor:#ffffff;\n}\n<\/style>\n<div  class='avia-image-container av-rgliyp-d05ea3bca9b5d6f8ba44c10fdfed2807 av-styling-no-styling av-img-linked avia-align-center  avia-builder-el-6  el_before_av_heading  avia-builder-el-first '   itemprop=\"image\" itemscope=\"itemscope\" itemtype=\"https:\/\/schema.org\/ImageObject\" ><div class=\"avia-image-container-inner\"><div class=\"avia-image-overlay-wrap\"><a href=\"https:\/\/kemetrv.ee\/varvid\/vesiemulsioonvarv-kateks-4\/\" class='avia_image '  ><img fetchpriority=\"high\" class='wp-image-3752 avia-img-lazy-loading-not-3752 avia_image ' src='https:\/\/kemetrv.ee\/wp-content\/uploads\/category-varvid-vesiemulsioonvarv-kateks-3l.png' alt='' title=''  height=\"400\" width=\"300\"  itemprop=\"thumbnailUrl\"  \/><\/a><\/div><\/div><\/div><br \/>\n\n<style type=\"text\/css\" data-created_by=\"avia_inline_auto\" id=\"style-css-av-q5o529-72bf81daee8558e0b1fe401c80ba24b8\">\n#top .av-special-heading.av-q5o529-72bf81daee8558e0b1fe401c80ba24b8{\npadding-bottom:0;\n}\nbody .av-special-heading.av-q5o529-72bf81daee8558e0b1fe401c80ba24b8 .av-special-heading-tag .heading-char{\nfont-size:25px;\n}\n.av-special-heading.av-q5o529-72bf81daee8558e0b1fe401c80ba24b8 .av-subheading{\nfont-size:12px;\n}\n<\/style>\n<div  class='av-special-heading av-q5o529-72bf81daee8558e0b1fe401c80ba24b8 av-special-heading-h2 blockquote modern-quote  avia-builder-el-7  el_after_av_image  avia-builder-el-last '><div class='av-subheading av-subheading_above'><p>Sis\u00e4seinien ja kattojen maalaukseen<\/p>\n<\/div><h2 class='av-special-heading-tag '  itemprop=\"headline\"  >vesiohenteinen katto- ja sein\u00e4maali KATEKS<\/h2><div class=\"special-heading-border\"><div class=\"special-heading-inner-border\"><\/div><\/div><\/div><\/p><\/div>\n<style type=\"text\/css\" data-created_by=\"avia_inline_auto\" id=\"style-css-av-o6r775-0511caebe05f95c58adab9024906f513\">\n.flex_column.av-o6r775-0511caebe05f95c58adab9024906f513{\nborder-radius:0px 0px 0px 0px;\npadding:20px 20px 20px 20px;\nbackground-color:#ffffff;\n}\n<\/style>\n<div  class='flex_column av-o6r775-0511caebe05f95c58adab9024906f513 av_one_fifth  avia-builder-el-8  el_after_av_one_fifth  el_before_av_one_fifth  flex_column_div  '     ><p>\n<style type=\"text\/css\" data-created_by=\"avia_inline_auto\" id=\"style-css-av-mx0oi9-ec8316d7fffe7eef26a386a7abbc6331\">\n.avia-image-container.av-mx0oi9-ec8316d7fffe7eef26a386a7abbc6331 img.avia_image{\nbox-shadow:none;\n}\n.avia-image-container.av-mx0oi9-ec8316d7fffe7eef26a386a7abbc6331 .av-image-caption-overlay-center{\ncolor:#ffffff;\n}\n<\/style>\n<div  class='avia-image-container av-mx0oi9-ec8316d7fffe7eef26a386a7abbc6331 av-styling-no-styling av-img-linked avia-align-center  avia-builder-el-9  el_before_av_heading  avia-builder-el-first '   itemprop=\"image\" itemscope=\"itemscope\" itemtype=\"https:\/\/schema.org\/ImageObject\" ><div class=\"avia-image-container-inner\"><div class=\"avia-image-overlay-wrap\"><a href=\"https:\/\/kemetrv.ee\/varvid\/katusevarv-alkor\/\" class='avia_image '  aria-label='Katusev\u00e4rv ALKOR'><img fetchpriority=\"high\" class='wp-image-6550 avia-img-lazy-loading-not-6550 avia_image ' src='https:\/\/kemetrv.ee\/wp-content\/uploads\/category-varvid-katusevarv-alkor-3l.png' alt='' title='Katusev\u00e4rv ALKOR'  height=\"400\" width=\"300\"  itemprop=\"thumbnailUrl\"  \/><\/a><\/div><\/div><\/div><br \/>\n\n<style type=\"text\/css\" data-created_by=\"avia_inline_auto\" id=\"style-css-av-kw5nht-bcb81f48e8d43ce19bdba36e795a2b60\">\n#top .av-special-heading.av-kw5nht-bcb81f48e8d43ce19bdba36e795a2b60{\npadding-bottom:0;\n}\nbody .av-special-heading.av-kw5nht-bcb81f48e8d43ce19bdba36e795a2b60 .av-special-heading-tag .heading-char{\nfont-size:25px;\n}\n.av-special-heading.av-kw5nht-bcb81f48e8d43ce19bdba36e795a2b60 .av-subheading{\nfont-size:12px;\n}\n<\/style>\n<div  class='av-special-heading av-kw5nht-bcb81f48e8d43ce19bdba36e795a2b60 av-special-heading-h2 blockquote modern-quote  avia-builder-el-10  el_after_av_image  avia-builder-el-last '><div class='av-subheading av-subheading_above'><p>kattotiilille (vanha eterniitti)<\/p>\n<\/div><h2 class='av-special-heading-tag '  itemprop=\"headline\"  >Kattomaali ALKOR<\/h2><div class=\"special-heading-border\"><div class=\"special-heading-inner-border\"><\/div><\/div><\/div><\/p><\/div>\n<style type=\"text\/css\" data-created_by=\"avia_inline_auto\" id=\"style-css-av-1xcw35-bfa3b45adefbe50e4d0f9aa6224bf240\">\n.flex_column.av-1xcw35-bfa3b45adefbe50e4d0f9aa6224bf240{\nborder-radius:0px 0px 0px 0px;\npadding:20px 20px 20px 20px;\nbackground-color:#ffffff;\n}\n<\/style>\n<div  class='flex_column av-1xcw35-bfa3b45adefbe50e4d0f9aa6224bf240 av_one_fifth  avia-builder-el-11  el_after_av_one_fifth  el_before_av_one_fifth  flex_column_div  '     ><p>\n<style type=\"text\/css\" data-created_by=\"avia_inline_auto\" id=\"style-css-av-h72exd-5ef58d83d7146274ed366107cbb27a0a\">\n.avia-image-container.av-h72exd-5ef58d83d7146274ed366107cbb27a0a img.avia_image{\nbox-shadow:none;\n}\n.avia-image-container.av-h72exd-5ef58d83d7146274ed366107cbb27a0a .av-image-caption-overlay-center{\ncolor:#ffffff;\n}\n<\/style>\n<div  class='avia-image-container av-h72exd-5ef58d83d7146274ed366107cbb27a0a av-styling-no-styling av-img-linked avia-align-center  avia-builder-el-12  el_before_av_heading  avia-builder-el-first '   itemprop=\"image\" itemscope=\"itemscope\" itemtype=\"https:\/\/schema.org\/ImageObject\" ><div class=\"avia-image-container-inner\"><div class=\"avia-image-overlay-wrap\"><a href=\"https:\/\/kemetrv.ee\/varvid\/linaolivarv-palett\/\" class='avia_image '  ><img fetchpriority=\"high\" class='wp-image-3746 avia-img-lazy-loading-not-3746 avia_image ' src='https:\/\/kemetrv.ee\/wp-content\/uploads\/category-varvid-linaolivarv-palett-1l.png' alt='' title=''  height=\"400\" width=\"300\"  itemprop=\"thumbnailUrl\"  \/><\/a><\/div><\/div><\/div><br \/>\n\n<style type=\"text\/css\" data-created_by=\"avia_inline_auto\" id=\"style-css-av-1l105d-a7bb4ff34f43d757309708b2ae27e371\">\n#top .av-special-heading.av-1l105d-a7bb4ff34f43d757309708b2ae27e371{\npadding-bottom:0;\n}\nbody .av-special-heading.av-1l105d-a7bb4ff34f43d757309708b2ae27e371 .av-special-heading-tag .heading-char{\nfont-size:25px;\n}\n.av-special-heading.av-1l105d-a7bb4ff34f43d757309708b2ae27e371 .av-subheading{\nfont-size:12px;\n}\n<\/style>\n<div  class='av-special-heading av-1l105d-a7bb4ff34f43d757309708b2ae27e371 av-special-heading-h2 blockquote modern-quote  avia-builder-el-13  el_after_av_image  avia-builder-el-last '><div class='av-subheading av-subheading_above'><p>puupinnoille<\/p>\n<\/div><h2 class='av-special-heading-tag '  itemprop=\"headline\"  >Pellava\u00f6ljymaali <span class='special_amp'>&#8221;<\/span>PALETTI<span class='special_amp'>&#8221;<\/span><\/h2><div class=\"special-heading-border\"><div class=\"special-heading-inner-border\"><\/div><\/div><\/div><\/p><\/div>\n<style type=\"text\/css\" data-created_by=\"avia_inline_auto\" id=\"style-css-av-dh0o2p-91cdd69ac4212210b9885b3f811f733a\">\n.flex_column.av-dh0o2p-91cdd69ac4212210b9885b3f811f733a{\nborder-radius:0px 0px 0px 0px;\npadding:20px 20px 20px 20px;\nbackground-color:#ffffff;\n}\n<\/style>\n<div  class='flex_column av-dh0o2p-91cdd69ac4212210b9885b3f811f733a av_one_fifth  avia-builder-el-14  el_after_av_one_fifth  avia-builder-el-last  flex_column_div  '     ><p>\n<style type=\"text\/css\" data-created_by=\"avia_inline_auto\" id=\"style-css-av-co9fk1-6dcb62c0cd02490f7ac5f309483a6dd2\">\n.avia-image-container.av-co9fk1-6dcb62c0cd02490f7ac5f309483a6dd2 img.avia_image{\nbox-shadow:none;\n}\n.avia-image-container.av-co9fk1-6dcb62c0cd02490f7ac5f309483a6dd2 .av-image-caption-overlay-center{\ncolor:#ffffff;\n}\n<\/style>\n<div  class='avia-image-container av-co9fk1-6dcb62c0cd02490f7ac5f309483a6dd2 av-styling-no-styling av-img-linked avia-align-center  avia-builder-el-15  el_before_av_heading  avia-builder-el-first '   itemprop=\"image\" itemscope=\"itemscope\" itemtype=\"https:\/\/schema.org\/ImageObject\" ><div class=\"avia-image-container-inner\"><div class=\"avia-image-overlay-wrap\"><a href=\"https:\/\/kemetrv.ee\/varvid\/porandavarv-mosaiik\/\" class='avia_image '  ><img fetchpriority=\"high\" class='wp-image-3749 avia-img-lazy-loading-not-3749 avia_image ' src='https:\/\/kemetrv.ee\/wp-content\/uploads\/category-varvid-porandavarv-mosaiik-1l.png' alt='' title=''  height=\"400\" width=\"300\"  itemprop=\"thumbnailUrl\"  \/><\/a><\/div><\/div><\/div><br \/>\n\n<style type=\"text\/css\" data-created_by=\"avia_inline_auto\" id=\"style-css-av-air80x-a4b69540fcce0aae16631a6a014acfb9\">\n#top .av-special-heading.av-air80x-a4b69540fcce0aae16631a6a014acfb9{\npadding-bottom:0;\n}\nbody .av-special-heading.av-air80x-a4b69540fcce0aae16631a6a014acfb9 .av-special-heading-tag .heading-char{\nfont-size:25px;\n}\n.av-special-heading.av-air80x-a4b69540fcce0aae16631a6a014acfb9 .av-subheading{\nfont-size:12px;\n}\n<\/style>\n<div  class='av-special-heading av-air80x-a4b69540fcce0aae16631a6a014acfb9 av-special-heading-h2 blockquote modern-quote  avia-builder-el-16  el_after_av_image  avia-builder-el-last '><div class='av-subheading av-subheading_above'><p>puu-, betoni- ja metallipinnoille<\/p>\n<\/div><h2 class='av-special-heading-tag '  itemprop=\"headline\"  >Lattiamaali <span class='special_amp'>&#8221;<\/span>MOSAIIKKI<span class='special_amp'>&#8221;<\/span><\/h2><div class=\"special-heading-border\"><div class=\"special-heading-inner-border\"><\/div><\/div><\/div><\/p><\/div>\n\n<\/div><\/div><\/div><!-- close content main div --><\/div><\/div><div id='av_section_2'  class='avia-section av-8q1ma9-a78012dc7d1a46cf5a6dd9741bc848ce main_color avia-section-large avia-no-border-styling  avia-builder-el-17  el_after_av_section  avia-builder-el-last  avia-bg-style-scroll container_wrap sidebar_right'  ><div class='container av-section-cont-open' ><div class='template-page content  av-content-small alpha units'><div class='post-entry post-entry-type-page post-entry-4961'><div class='entry-content-wrapper clearfix'>\n\n<style type=\"text\/css\" data-created_by=\"avia_inline_auto\" id=\"style-css-av-7888wx-c098f3169aa5b6487e97b8aafb6bb82d\">\n.flex_column.av-7888wx-c098f3169aa5b6487e97b8aafb6bb82d{\nborder-radius:0px 0px 0px 0px;\npadding:0px 0px 0px 0px;\n}\n<\/style>\n<div  class='flex_column av-7888wx-c098f3169aa5b6487e97b8aafb6bb82d av_one_third  avia-builder-el-18  el_before_av_two_third  avia-builder-el-first  first flex_column_div av-hide-on-mobile av-zero-column-padding  '     ><\/div>\n<style type=\"text\/css\" data-created_by=\"avia_inline_auto\" id=\"style-css-av-6ise8h-a11410b4495d34fe35b157133e73a0ef\">\n.flex_column.av-6ise8h-a11410b4495d34fe35b157133e73a0ef{\nborder-radius:0px 0px 0px 0px;\npadding:0px 0px 0px 0px;\n}\n<\/style>\n<div  class='flex_column av-6ise8h-a11410b4495d34fe35b157133e73a0ef av_two_third  avia-builder-el-19  el_after_av_one_third  avia-builder-el-last  flex_column_div av-zero-column-padding  '     ><p>\n<style type=\"text\/css\" data-created_by=\"avia_inline_auto\" id=\"style-css-av-3mzgwx-93d7e64314e5ec38ed6b3a53b49010e1\">\n#top .av-special-heading.av-3mzgwx-93d7e64314e5ec38ed6b3a53b49010e1{\npadding-bottom:0;\n}\nbody .av-special-heading.av-3mzgwx-93d7e64314e5ec38ed6b3a53b49010e1 .av-special-heading-tag .heading-char{\nfont-size:25px;\n}\n.av-special-heading.av-3mzgwx-93d7e64314e5ec38ed6b3a53b49010e1 .av-subheading{\nfont-size:12px;\n}\n<\/style>\n<div  class='av-special-heading av-3mzgwx-93d7e64314e5ec38ed6b3a53b49010e1 av-special-heading-h2 blockquote modern-quote  avia-builder-el-20  el_before_av_textblock  avia-builder-el-first '><div class='av-subheading av-subheading_above'><p>projektimyynti<\/p>\n<\/div><h2 class='av-special-heading-tag '  itemprop=\"headline\"  >SUUNNITTELETKO SUUREMPAA REMONTTI- TAI RAKENNUSPROJEKTIA?<\/h2><div class=\"special-heading-border\"><div class=\"special-heading-inner-border\"><\/div><\/div><\/div><br \/>\n<section  class='av_textblock_section av-20ox2p-ae38b2c110fe1fdb41a4cc8f290735ad '   itemscope=\"itemscope\" itemtype=\"https:\/\/schema.org\/CreativeWork\" ><div class='avia_textblock'  itemprop=\"text\" ><p><span lang=\"fi-FI\">Kysy myyntiedustajaltamme tarjousta kaikille tuotteille kerralla, jolloin s\u00e4\u00e4st\u00e4t tuotteiden hinnan ja toimituskustannusten lis\u00e4ksi my\u00f6s aikaa. Yhteystiedot +372 4856243, <a href=\"mailto:kemet.rv@neti.ee\" target=\"_blank\" rel=\"noopener\">kemet.rv@neti.ee<\/a><\/span><\/p>\n<p><span lang=\"fi-FI\">Kysy tarjousta!<\/span><\/p>\n<\/div><\/section><br \/>\n<div  class='avia-button-wrap av-jxekh4ob-6fa98badbe6f3f6732424a2d1381fe7e-wrap avia-button-left  avia-builder-el-22  el_after_av_textblock  avia-builder-el-last '><a href='https:\/\/kemetrv.ee\/fi\/yhteystiedot\/'  class='avia-button av-jxekh4ob-6fa98badbe6f3f6732424a2d1381fe7e av-link-btn avia-icon_select-no avia-size-large avia-position-left avia-color-theme-color'   aria-label=\"Kysy tarjousta!\"><span class='avia_iconbox_title' >Kysy tarjousta!<\/span><\/a><\/div><\/p><\/div>\n<\/div><\/div><\/div><!-- close content main div --><\/div><\/div><div id='after_section_2'  class='main_color av_default_container_wrap container_wrap sidebar_right'  ><div class='container av-section-cont-open' ><div class='template-page content  av-content-small alpha units'><div class='post-entry post-entry-type-page post-entry-4961'><div class='entry-content-wrapper clearfix'>\n","protected":false},"excerpt":{"rendered":"","protected":false},"author":5,"featured_media":0,"parent":0,"menu_order":0,"comment_status":"closed","ping_status":"closed","template":"","meta":{"_acf_changed":false,"footnotes":""},"class_list":["post-4961","page","type-page","status-publish","hentry"],"acf":[],"_links":{"self":[{"href":"https:\/\/kemetrv.ee\/fi\/wp-json\/wp\/v2\/pages\/4961","targetHints":{"allow":["GET"]}}],"collection":[{"href":"https:\/\/kemetrv.ee\/fi\/wp-json\/wp\/v2\/pages"}],"about":[{"href":"https:\/\/kemetrv.ee\/fi\/wp-json\/wp\/v2\/types\/page"}],"author":[{"embeddable":true,"href":"https:\/\/kemetrv.ee\/fi\/wp-json\/wp\/v2\/users\/5"}],"replies":[{"embeddable":true,"href":"https:\/\/kemetrv.ee\/fi\/wp-json\/wp\/v2\/comments?post=4961"}],"version-history":[{"count":1,"href":"https:\/\/kemetrv.ee\/fi\/wp-json\/wp\/v2\/pages\/4961\/revisions"}],"predecessor-version":[{"id":6925,"href":"https:\/\/kemetrv.ee\/fi\/wp-json\/wp\/v2\/pages\/4961\/revisions\/6925"}],"wp:attachment":[{"href":"https:\/\/kemetrv.ee\/fi\/wp-json\/wp\/v2\/media?parent=4961"}],"curies":[{"name":"wp","href":"https:\/\/api.w.org\/{rel}","templated":true}]}}