{"id":4982,"date":"2019-05-24T13:25:49","date_gmt":"2019-05-24T10:25:49","guid":{"rendered":"https:\/\/kemetrv.ee\/privaatsustingimused\/"},"modified":"2019-06-11T10:17:56","modified_gmt":"2019-06-11T07:17:56","slug":"yksityisyyden_suoja","status":"publish","type":"page","link":"https:\/\/kemetrv.ee\/fi\/yksityisyyden_suoja\/","title":{"rendered":"Yksityisyyden suoja ja ev\u00e4steiden k\u00e4ytt\u00f6"},"content":{"rendered":"<dl>\n<dt><span style=\"font-family: Verdana;\"><span style=\"font-size: small;\"><b>Yksityisyyden suoja ja ev\u00e4steiden k\u00e4ytt\u00f6 kemetrv.ee sivustolla<\/b><\/span><\/span><\/dt>\n<dt><\/dt>\n<dt><span style=\"font-family: Verdana;\"><span style=\"font-size: small;\">Ev\u00e4ste on pieni tekstitiedosto, jonka internet-selain tallentaa k\u00e4ytt\u00e4j\u00e4n laitteelle. Ev\u00e4steest\u00e4 ei ole laitteelle mink\u00e4\u00e4nlaista haittaa. Ev\u00e4steit\u00e4 k\u00e4ytet\u00e4\u00e4n verkkosivuilla mm. tiedon tekniseen v\u00e4litt\u00e4miseen ja palvelun k\u00e4yt\u00f6n helpottamiseksi.<\/span><\/span><\/dt>\n<dt><\/dt>\n<dt><span style=\"font-family: Verdana;\"><span style=\"font-size: small;\">Kemetrv.ee k\u00e4ytt\u00e4\u00e4 ev\u00e4steit\u00e4 mm. ker\u00e4\u00e4m\u00e4\u00e4n tilastoja k\u00e4vij\u00e4m\u00e4\u00e4rist\u00e4 (Google Analytics). Tilastoista ei voi yksil\u00f6id\u00e4 yksitt\u00e4ist\u00e4 k\u00e4ytt\u00e4j\u00e4\u00e4, vaan tiedot tallennetaan anonyymisti.<\/span><\/span><\/dt>\n<dt><\/dt>\n<dt><span style=\"font-family: Verdana;\"><span style=\"font-size: small;\">K\u00e4ytt\u00e4j\u00e4 voi hyv\u00e4ksy\u00e4 tai olla hyv\u00e4ksym\u00e4tt\u00e4 ev\u00e4steiden k\u00e4yt\u00f6n internet-selaimensa asetuksista. Asetuksen muuttaminen riippuu k\u00e4yt\u00f6ss\u00e4 olevasta internet-selaimesta. On huomioitava, ett\u00e4 ev\u00e4steiden poistaminen k\u00e4yt\u00f6st\u00e4 voi aiheuttaa sen, ett\u00e4 osa sivuston toiminnallisuudesta tai palveluista lakkaa toimimasta.<\/span><\/span><\/dt>\n<dt><\/dt>\n<dt><span style=\"font-family: Verdana;\"><span style=\"font-size: small;\">Lis\u00e4tietoja: info@kemetrv.ee<\/span><\/span><\/dt>\n<\/dl>\n","protected":false},"excerpt":{"rendered":"<p>Yksityisyyden suoja ja ev\u00e4steiden k\u00e4ytt\u00f6 kemetrv.ee sivustolla Ev\u00e4ste on pieni tekstitiedosto, jonka internet-selain tallentaa k\u00e4ytt\u00e4j\u00e4n laitteelle. Ev\u00e4steest\u00e4 ei ole laitteelle mink\u00e4\u00e4nlaista haittaa. Ev\u00e4steit\u00e4 k\u00e4ytet\u00e4\u00e4n verkkosivuilla mm. tiedon tekniseen v\u00e4litt\u00e4miseen ja palvelun k\u00e4yt\u00f6n helpottamiseksi. Kemetrv.ee k\u00e4ytt\u00e4\u00e4 ev\u00e4steit\u00e4 mm. ker\u00e4\u00e4m\u00e4\u00e4n tilastoja k\u00e4vij\u00e4m\u00e4\u00e4rist\u00e4 (Google Analytics). Tilastoista ei voi yksil\u00f6id\u00e4 yksitt\u00e4ist\u00e4 k\u00e4ytt\u00e4j\u00e4\u00e4, vaan tiedot tallennetaan anonyymisti. K\u00e4ytt\u00e4j\u00e4 voi hyv\u00e4ksy\u00e4 [&hellip;]<\/p>\n","protected":false},"author":5,"featured_media":0,"parent":0,"menu_order":0,"comment_status":"closed","ping_status":"closed","template":"","meta":{"_acf_changed":false,"footnotes":""},"class_list":["post-4982","page","type-page","status-publish","hentry"],"acf":[],"_links":{"self":[{"href":"https:\/\/kemetrv.ee\/fi\/wp-json\/wp\/v2\/pages\/4982","targetHints":{"allow":["GET"]}}],"collection":[{"href":"https:\/\/kemetrv.ee\/fi\/wp-json\/wp\/v2\/pages"}],"about":[{"href":"https:\/\/kemetrv.ee\/fi\/wp-json\/wp\/v2\/types\/page"}],"author":[{"embeddable":true,"href":"https:\/\/kemetrv.ee\/fi\/wp-json\/wp\/v2\/users\/5"}],"replies":[{"embeddable":true,"href":"https:\/\/kemetrv.ee\/fi\/wp-json\/wp\/v2\/comments?post=4982"}],"version-history":[{"count":0,"href":"https:\/\/kemetrv.ee\/fi\/wp-json\/wp\/v2\/pages\/4982\/revisions"}],"wp:attachment":[{"href":"https:\/\/kemetrv.ee\/fi\/wp-json\/wp\/v2\/media?parent=4982"}],"curies":[{"name":"wp","href":"https:\/\/api.w.org\/{rel}","templated":true}]}}