{"id":4992,"date":"2019-05-28T23:16:11","date_gmt":"2019-05-28T20:16:11","guid":{"rendered":"https:\/\/kemetrv.ee\/?page_id=4992"},"modified":"2026-02-27T14:42:14","modified_gmt":"2026-02-27T12:42:14","slug":"yhteystiedot","status":"publish","type":"page","link":"https:\/\/kemetrv.ee\/fi\/yhteystiedot\/","title":{"rendered":"Yhteystiedot"},"content":{"rendered":"\n<style type=\"text\/css\" data-created_by=\"avia_inline_auto\" id=\"style-css-av-10bqxtc-115e3393c637735a64405aa68aa551d3\">\n.avia-section.av-10bqxtc-115e3393c637735a64405aa68aa551d3{\nbackground-color:#0039a6;\nbackground-image:unset;\n}\n<\/style>\n<div id='av_section_1'  class='avia-section av-10bqxtc-115e3393c637735a64405aa68aa551d3 main_color avia-section-default avia-no-border-styling  avia-builder-el-0  el_before_av_one_third  avia-builder-el-first  avia-bg-style-scroll av-minimum-height av-minimum-height-25 av-height-25  container_wrap sidebar_right'   data-av_minimum_height_pc='25' data-av_min_height_opt='25'><div class='container av-section-cont-open' ><main  role=\"main\" itemprop=\"mainContentOfPage\"  class='template-page content  av-content-small alpha units'><div class='post-entry post-entry-type-page post-entry-4992'><div class='entry-content-wrapper clearfix'>\n\n<style type=\"text\/css\" data-created_by=\"avia_inline_auto\" id=\"style-css-av-xetxlc-1fe4d3cfa0fce6132904b33d6b978460\">\n#top .av-special-heading.av-xetxlc-1fe4d3cfa0fce6132904b33d6b978460{\npadding-bottom:10px;\ncolor:#ffffff;\n}\nbody .av-special-heading.av-xetxlc-1fe4d3cfa0fce6132904b33d6b978460 .av-special-heading-tag .heading-char{\nfont-size:25px;\n}\n.av-special-heading.av-xetxlc-1fe4d3cfa0fce6132904b33d6b978460 .special-heading-inner-border{\nborder-color:#ffffff;\n}\n.av-special-heading.av-xetxlc-1fe4d3cfa0fce6132904b33d6b978460 .av-subheading{\nfont-size:20px;\n}\n<\/style>\n<div  class='av-special-heading av-xetxlc-1fe4d3cfa0fce6132904b33d6b978460 av-special-heading-h1 custom-color-heading blockquote modern-quote  avia-builder-el-1  avia-builder-el-no-sibling '><h1 class='av-special-heading-tag '  itemprop=\"headline\"  >Ota yhteytt\u00e4!<\/h1><div class=\"special-heading-border\"><div class=\"special-heading-inner-border\"><\/div><\/div><\/div>\n<\/div><\/div><\/main><!-- close content main element --><\/div><\/div><div id='after_section_1'  class='main_color av_default_container_wrap container_wrap sidebar_right'  ><div class='container av-section-cont-open' ><div class='template-page content  av-content-small alpha units'><div class='post-entry post-entry-type-page post-entry-4992'><div class='entry-content-wrapper clearfix'>\n<div class='flex_column_table av-vy3s9c-6052256b3ebef63bd0db07cef2ada718 sc-av_one_third av-equal-height-column-flextable'>\n<style type=\"text\/css\" data-created_by=\"avia_inline_auto\" id=\"style-css-av-vy3s9c-6052256b3ebef63bd0db07cef2ada718\">\n.flex_column.av-vy3s9c-6052256b3ebef63bd0db07cef2ada718{\nborder-radius:0px 0px 0px 0px;\npadding:0px 0px 0px 0px;\n}\n<\/style>\n<div  class='flex_column av-vy3s9c-6052256b3ebef63bd0db07cef2ada718 av_one_third  avia-builder-el-2  el_after_av_section  el_before_av_one_third  avia-builder-el-first  first flex_column_table_cell av-equal-height-column av-align-top av-zero-column-padding  '     ><p>\n<style type=\"text\/css\" data-created_by=\"avia_inline_auto\" id=\"style-css-av-v882lc-1854da866c60014451ef9eddbe86b025\">\n#top .av-special-heading.av-v882lc-1854da866c60014451ef9eddbe86b025{\npadding-bottom:10px;\n}\nbody .av-special-heading.av-v882lc-1854da866c60014451ef9eddbe86b025 .av-special-heading-tag .heading-char{\nfont-size:25px;\n}\n.av-special-heading.av-v882lc-1854da866c60014451ef9eddbe86b025 .av-subheading{\nfont-size:15px;\n}\n<\/style>\n<div  class='av-special-heading av-v882lc-1854da866c60014451ef9eddbe86b025 av-special-heading-h3 blockquote modern-quote  avia-builder-el-3  el_before_av_textblock  avia-builder-el-first '><h3 class='av-special-heading-tag '  itemprop=\"headline\"  >Yhteystiedot<\/h3><div class=\"special-heading-border\"><div class=\"special-heading-inner-border\"><\/div><\/div><\/div><br \/>\n<section  class='av_textblock_section av-tozosw-d3363ff9476591d30f1d46e1231d6d77 '   itemscope=\"itemscope\" itemtype=\"https:\/\/schema.org\/CreativeWork\" ><div class='avia_textblock'  itemprop=\"text\" ><p>Kemet RV O\u00dc<\/p>\n<p>Puhelin: +372 48 56 243<\/p>\n<p>Faksi: +372 48 56 271<\/p>\n<p>Osoite: Kastani 3, Rapla, 79514<\/p>\n<p>Avoin: M &#8211; P 8.00 &#8211; 17.00 (Tauko 12.00 &#8211; 13.00)<\/p>\n<p>S\u00e4hk\u00f6posti: kemet.rv@neti.ee<\/p>\n<\/div><\/section><\/p><\/div>\n<div class='av-flex-placeholder'><\/div>\n<style type=\"text\/css\" data-created_by=\"avia_inline_auto\" id=\"style-css-av-i6izqo-6767aafd8f6703dc51e0f8b7efe5ae0f\">\n.flex_column.av-i6izqo-6767aafd8f6703dc51e0f8b7efe5ae0f{\nborder-radius:0px 0px 0px 0px;\npadding:0px 50px 0px 0px;\n}\n<\/style>\n<div  class='flex_column av-i6izqo-6767aafd8f6703dc51e0f8b7efe5ae0f av_one_third  avia-builder-el-5  el_after_av_one_third  el_before_av_google_map  avia-builder-el-last  flex_column_table_cell av-equal-height-column av-align-top  '     ><p>\n<style type=\"text\/css\" data-created_by=\"avia_inline_auto\" id=\"style-css-av-gde65s-944f205789da35ea031e26845534b8e8\">\n#top .av-special-heading.av-gde65s-944f205789da35ea031e26845534b8e8{\npadding-bottom:10px;\n}\nbody .av-special-heading.av-gde65s-944f205789da35ea031e26845534b8e8 .av-special-heading-tag .heading-char{\nfont-size:25px;\n}\n.av-special-heading.av-gde65s-944f205789da35ea031e26845534b8e8 .av-subheading{\nfont-size:15px;\n}\n<\/style>\n<div  class='av-special-heading av-gde65s-944f205789da35ea031e26845534b8e8 av-special-heading-h3 blockquote modern-quote  avia-builder-el-6  el_before_av_textblock  avia-builder-el-first '><h3 class='av-special-heading-tag '  itemprop=\"headline\"  >Ostaa suoraan tehtaalta!<\/h3><div class=\"special-heading-border\"><div class=\"special-heading-inner-border\"><\/div><\/div><\/div><br \/>\n<section  class='av_textblock_section av-e0c6og-d4fb82148657c0a2b571b0f8452ecfa5 '   itemscope=\"itemscope\" itemtype=\"https:\/\/schema.org\/CreativeWork\" ><div class='avia_textblock'  itemprop=\"text\" ><p>Kaikkia meid\u00e4n tuotteita voit ostaa Raplan tehtaalta paikan p\u00e4\u00e4ll\u00e4, k\u00e4teisell\u00e4 tai laskulla. Valitettavasti tehtaalla ei ole korttimahdollisuutta.<\/p>\n<p>Varmistaaksesi, ett\u00e4 kaikki menee sujuvasti, suosittelemme, ett\u00e4 otat meihin yhteytt\u00e4 puhelimitse tai s\u00e4hk\u00f6postitse ennen saapumistasi!<\/p>\n<p>Kysy myyntiedustajaltamme tarjousta kaikille tuotteille kerralla, jolloin s\u00e4\u00e4st\u00e4t tuotteiden hinnan ja toimituskustannusten lis\u00e4ksi my\u00f6s aikaa. Yhteystiedot +372 58 50 6969, sales@kemetrv.ee<br \/>\nKysy tarjousta!<\/p>\n<\/div><\/section><\/p><\/div><\/div><!--close column table wrapper. Autoclose: 1 -->\n<div  class='av_gmaps_sc_main_wrap av_gmaps_main_wrap '><div id='av_gmap_0' class='avia-google-map-container avia-google-map-sc av_gmaps_show_unconditionally av-no-fallback-img ' data-mapid='av_gmap_0'  style='height: 400px;'><a class=\"av_gmaps_browser_disabled av_text_confirm_link av_text_confirm_link_visible\" href=\"https:\/\/www.google.com\/maps\/search\/?api=1&#038;query=Kastani%203%20%20Rapla%20%20Estonia\" target=\"_blank\">Maps were disabled by the visitor on this site. Click to open the map in a new window.<\/a><\/div><\/div>\n\n<style type=\"text\/css\" data-created_by=\"avia_inline_auto\" id=\"style-css-av-8srkjk-ae227c97fc88793e7cf15400586f6cc1\">\n.avia-section.av-8srkjk-ae227c97fc88793e7cf15400586f6cc1{\nbackground-color:#f9f9f9;\nbackground-image:unset;\n}\n<\/style>\n<div id='av_section_2'  class='avia-section av-8srkjk-ae227c97fc88793e7cf15400586f6cc1 main_color avia-section-large avia-no-border-styling  avia-builder-el-9  el_after_av_google_map  avia-builder-el-last  avia-bg-style-scroll container_wrap sidebar_right'  ><div class='container av-section-cont-open' ><div class='template-page content  av-content-small alpha units'><div class='post-entry post-entry-type-page post-entry-4992'><div class='entry-content-wrapper clearfix'>\n\n<style type=\"text\/css\" data-created_by=\"avia_inline_auto\" id=\"style-css-av-7zrz3k-b0323444fb25c05971dfb8ee7316a5c5\">\n.flex_column.av-7zrz3k-b0323444fb25c05971dfb8ee7316a5c5{\nborder-radius:0px 0px 0px 0px;\npadding:0px 0px 0px 0px;\n}\n<\/style>\n<div  class='flex_column av-7zrz3k-b0323444fb25c05971dfb8ee7316a5c5 av_one_third  avia-builder-el-10  el_before_av_two_third  avia-builder-el-first  first flex_column_div av-hide-on-mobile av-zero-column-padding  '     ><\/div>\n<style type=\"text\/css\" data-created_by=\"avia_inline_auto\" id=\"style-css-av-5j9ob4-521568b6a39f4f111c32aa49b27994d6\">\n.flex_column.av-5j9ob4-521568b6a39f4f111c32aa49b27994d6{\nborder-radius:0px 0px 0px 0px;\npadding:0px 0px 0px 0px;\n}\n<\/style>\n<div  class='flex_column av-5j9ob4-521568b6a39f4f111c32aa49b27994d6 av_two_third  avia-builder-el-11  el_after_av_one_third  avia-builder-el-last  flex_column_div av-zero-column-padding  '     ><style type=\"text\/css\" data-created_by=\"avia_inline_auto\" id=\"style-css-av-4f6rv4-88f4b60751c9beef1e7c0bbc4802615e\">\n#top .av-special-heading.av-4f6rv4-88f4b60751c9beef1e7c0bbc4802615e{\npadding-bottom:0;\n}\nbody .av-special-heading.av-4f6rv4-88f4b60751c9beef1e7c0bbc4802615e .av-special-heading-tag .heading-char{\nfont-size:25px;\n}\n.av-special-heading.av-4f6rv4-88f4b60751c9beef1e7c0bbc4802615e .av-subheading{\nfont-size:12px;\n}\n<\/style>\n<div  class='av-special-heading av-4f6rv4-88f4b60751c9beef1e7c0bbc4802615e av-special-heading-h2 blockquote modern-quote  avia-builder-el-12  el_before_av_textblock  avia-builder-el-first '><div class='av-subheading av-subheading_above'><p>tietoa yrityksest\u00e4<\/p>\n<\/div><h2 class='av-special-heading-tag '  itemprop=\"headline\"  >YLI 40 VUODEN KOKEMUS MAALIN VALMISTUKSESTA<\/h2><div class=\"special-heading-border\"><div class=\"special-heading-inner-border\"><\/div><\/div><\/div><br \/>\n<section  class='av_textblock_section av-310d00-0d49865403d9f88410d0a22782039c0e '   itemscope=\"itemscope\" itemtype=\"https:\/\/schema.org\/CreativeWork\" ><div class='avia_textblock'  itemprop=\"text\" ><p>KEMET RV on Virossa, 50 km p\u00e4\u00e4ss\u00e4 Tallinnasta sijaitsevassa Raplan kaupungissa, sijaitseva maalitehdas.<br \/>\nRV nimess\u00e4mme tarkoittaakin Raplan maalitehdasta (Rapla V\u00e4rvivabrik).<br \/>\nKemet RV O\u00dc perustettiin vuonna 1993, mutta pid\u00e4mme tuotantomme alkamisvuotena vuotta 1978, jolloin Raplamaalla aloitettiin liimojen ja maalien valmistus.<br \/>\nOlemme pieni ja yhten\u00e4inen tiimi, mink\u00e4 ansiosta olemme joustavia. Teemme tarvittaessa mittatilaust\u00f6it\u00e4 (alkaen 200 l) ja alihankintana nestem\u00e4isten kemikaalien pakkaamista. Voimme auttaa my\u00f6s tuotteiden merkinn\u00e4ss\u00e4.<br \/>\nTuotevalikoimaamme kuuluvat p\u00e4\u00e4asiassa erilaiset maalit ja liuottimet, mutta my\u00f6s puunsuoja-aineet ja m\u00e4ntyterva. My\u00f6s autojen puhdistuskemikaalituotteet ovat edustettuina.<br \/>\nPaikallisilla markkinoilla tarjoamme suurinta multamaalien s\u00e4vyvalikoimaa (7 eri s\u00e4vy\u00e4). Multamaalimme valmistetaan perinteisell\u00e4 menetelm\u00e4ll\u00e4 aitona keittomaalina \u2013 yksik\u00e4\u00e4n nykyisist\u00e4 suurvalmistajista ei voi sallia itselleen niin aikaa viev\u00e4\u00e4 prosessia k\u00e4sity\u00f6n\u00e4.<\/p>\n<\/div><\/section><\/p><\/div>\n<\/div><\/div><\/div><!-- close content main div --><\/div><\/div><div id='after_section_2'  class='main_color av_default_container_wrap container_wrap sidebar_right'  ><div class='container av-section-cont-open' ><div class='template-page content  av-content-small alpha units'><div class='post-entry post-entry-type-page post-entry-4992'><div class='entry-content-wrapper clearfix'>\n","protected":false},"excerpt":{"rendered":"","protected":false},"author":6,"featured_media":0,"parent":0,"menu_order":0,"comment_status":"closed","ping_status":"closed","template":"","meta":{"_acf_changed":false,"footnotes":""},"class_list":["post-4992","page","type-page","status-publish","hentry"],"acf":[],"_links":{"self":[{"href":"https:\/\/kemetrv.ee\/fi\/wp-json\/wp\/v2\/pages\/4992","targetHints":{"allow":["GET"]}}],"collection":[{"href":"https:\/\/kemetrv.ee\/fi\/wp-json\/wp\/v2\/pages"}],"about":[{"href":"https:\/\/kemetrv.ee\/fi\/wp-json\/wp\/v2\/types\/page"}],"author":[{"embeddable":true,"href":"https:\/\/kemetrv.ee\/fi\/wp-json\/wp\/v2\/users\/6"}],"replies":[{"embeddable":true,"href":"https:\/\/kemetrv.ee\/fi\/wp-json\/wp\/v2\/comments?post=4992"}],"version-history":[{"count":4,"href":"https:\/\/kemetrv.ee\/fi\/wp-json\/wp\/v2\/pages\/4992\/revisions"}],"predecessor-version":[{"id":7016,"href":"https:\/\/kemetrv.ee\/fi\/wp-json\/wp\/v2\/pages\/4992\/revisions\/7016"}],"wp:attachment":[{"href":"https:\/\/kemetrv.ee\/fi\/wp-json\/wp\/v2\/media?parent=4992"}],"curies":[{"name":"wp","href":"https:\/\/api.w.org\/{rel}","templated":true}]}}