{"id":5007,"date":"2019-05-29T11:20:07","date_gmt":"2019-05-29T08:20:07","guid":{"rendered":"https:\/\/kemetrv.ee\/?page_id=5007"},"modified":"2025-02-03T11:35:51","modified_gmt":"2025-02-03T09:35:51","slug":"ksyleeni","status":"publish","type":"page","link":"https:\/\/kemetrv.ee\/fi\/liuottimet\/ksyleeni\/","title":{"rendered":"Ksyleeni"},"content":{"rendered":"\n<style type=\"text\/css\" data-created_by=\"avia_inline_auto\" id=\"style-css-av-1bdns9r-22f81a92c938d004242cde85ac4a4475\">\n.avia-section.av-1bdns9r-22f81a92c938d004242cde85ac4a4475{\nbackground-color:#f9f9f9;\nbackground-image:unset;\n}\n<\/style>\n<div id='av_section_1'  class='avia-section av-1bdns9r-22f81a92c938d004242cde85ac4a4475 main_color avia-section-default avia-no-border-styling  avia-builder-el-0  el_before_av_section  avia-builder-el-first  avia-bg-style-scroll av-minimum-height av-minimum-height-75 av-height-75  container_wrap sidebar_right'   data-av_minimum_height_pc='75' data-av_min_height_opt='75'><div class='container av-section-cont-open' ><main  role=\"main\" itemprop=\"mainContentOfPage\"  class='template-page content  av-content-small alpha units'><div class='post-entry post-entry-type-page post-entry-5007'><div class='entry-content-wrapper clearfix'>\n\n<style type=\"text\/css\" data-created_by=\"avia_inline_auto\" id=\"style-css-av-19vjwtb-950781a1895817275bff3752092ec087\">\n.flex_column.av-19vjwtb-950781a1895817275bff3752092ec087{\nborder-radius:0px 0px 0px 0px;\npadding:0px 0px 0px 0px;\n}\n<\/style>\n<div  class='flex_column av-19vjwtb-950781a1895817275bff3752092ec087 av_one_third  avia-builder-el-1  el_before_av_one_third  avia-builder-el-first  first flex_column_div av-hide-on-mobile av-zero-column-padding  '     ><\/div>\n<style type=\"text\/css\" data-created_by=\"avia_inline_auto\" id=\"style-css-av-18gzzu7-a02c264b33c0da67fbc02335294a6b5e\">\n.flex_column.av-18gzzu7-a02c264b33c0da67fbc02335294a6b5e{\nborder-radius:0px 0px 0px 0px;\npadding:0px 0px 0px 0px;\n}\n<\/style>\n<div  class='flex_column av-18gzzu7-a02c264b33c0da67fbc02335294a6b5e av_one_third  avia-builder-el-2  el_after_av_one_third  el_before_av_one_third  flex_column_div av-zero-column-padding  '     ><style type=\"text\/css\" data-created_by=\"avia_inline_auto\" id=\"style-css-av-169ejz3-b2a21d905061956ce0d5d523f03939db\">\n.avia-image-container.av-169ejz3-b2a21d905061956ce0d5d523f03939db img.avia_image{\nbox-shadow:none;\n}\n.avia-image-container.av-169ejz3-b2a21d905061956ce0d5d523f03939db .av-image-caption-overlay-center{\ncolor:#ffffff;\n}\n<\/style>\n<div  class='avia-image-container av-169ejz3-b2a21d905061956ce0d5d523f03939db av-styling- avia-align-center  avia-builder-el-3  avia-builder-el-no-sibling '   itemprop=\"image\" itemscope=\"itemscope\" itemtype=\"https:\/\/schema.org\/ImageObject\" ><div class=\"avia-image-container-inner\"><div class=\"avia-image-overlay-wrap\"><img fetchpriority=\"high\" class='wp-image-3563 avia-img-lazy-loading-not-3563 avia_image ' src='https:\/\/kemetrv.ee\/wp-content\/uploads\/kemet-rv-lahustid-ksuleen.png' alt='Ks\u00fcleen' title='Ks\u00fcleen'  height=\"800\" width=\"600\"  itemprop=\"thumbnailUrl\"  \/><\/div><\/div><\/div><\/div>\n<style type=\"text\/css\" data-created_by=\"avia_inline_auto\" id=\"style-css-av-14u8ryn-9b2af5c6bae764beb7bc5a97b885c0d3\">\n.flex_column.av-14u8ryn-9b2af5c6bae764beb7bc5a97b885c0d3{\nborder-radius:0px 0px 0px 0px;\npadding:50px 30px 30px 30px;\nbackground-color:#ffffff;\n}\n<\/style>\n<div  class='flex_column av-14u8ryn-9b2af5c6bae764beb7bc5a97b885c0d3 av_one_third  avia-builder-el-4  el_after_av_one_third  avia-builder-el-last  flex_column_div  '     ><p>\n<style type=\"text\/css\" data-created_by=\"avia_inline_auto\" id=\"style-css-av-13mmrwf-c42cc46956e69726f1a9dbec26c5ae84\">\n#top .av-special-heading.av-13mmrwf-c42cc46956e69726f1a9dbec26c5ae84{\npadding-bottom:5px;\ncolor:#0039a6;\n}\nbody .av-special-heading.av-13mmrwf-c42cc46956e69726f1a9dbec26c5ae84 .av-special-heading-tag .heading-char{\nfont-size:25px;\n}\n.av-special-heading.av-13mmrwf-c42cc46956e69726f1a9dbec26c5ae84 .special-heading-inner-border{\nborder-color:#0039a6;\n}\n.av-special-heading.av-13mmrwf-c42cc46956e69726f1a9dbec26c5ae84 .av-subheading{\nfont-size:12px;\n}\n<\/style>\n<div  class='av-special-heading av-13mmrwf-c42cc46956e69726f1a9dbec26c5ae84 av-special-heading-h1 custom-color-heading blockquote modern-quote  avia-builder-el-5  el_before_av_textblock  avia-builder-el-first '><div class='av_custom_color av-subheading av-subheading_above'><p>liuotin<\/p>\n<\/div><h1 class='av-special-heading-tag '  itemprop=\"headline\"  >Ksyleeni<\/h1><div class=\"special-heading-border\"><div class=\"special-heading-inner-border\"><\/div><\/div><\/div><br \/>\n<section  class='av_textblock_section av-11rnxrz-da1229517a31182ca477b8d8a74a3aba '   itemscope=\"itemscope\" itemtype=\"https:\/\/schema.org\/CreativeWork\" ><div class='avia_textblock'  itemprop=\"text\" ><p><span lang=\"fi-FI\">Pakkaus: <\/span>0,5L; 1L<\/p>\n<p><span lang=\"fi-FI\">Liuotinta k\u00e4ytet\u00e4\u00e4n alkydimaalien ja pohjamaalien ohenteena k\u00e4ytt\u00f6ohjeen mukaisesti. Sopii maalausv\u00e4lineiden puhdistamiseen, \u00f6ljyn ja rasvan poistamiseen sek\u00e4 kuivuneen lateksimaalin ja PVA-liimatahrojen poistamiseen pinnoista. <\/span><\/p>\n<\/div><\/section><\/p><\/div><\/div><\/div><\/main><!-- close content main element --><\/div><\/div>\n<style type=\"text\/css\" data-created_by=\"avia_inline_auto\" id=\"style-css-av-zj0cgf-80b2a5b672b82d19e65ee0ce8fc0a1b6\">\n.avia-section.av-zj0cgf-80b2a5b672b82d19e65ee0ce8fc0a1b6{\nbackground-color:#f9f9f9;\nbackground-image:unset;\n}\n<\/style>\n<div id='product-category-mini'  class='avia-section av-zj0cgf-80b2a5b672b82d19e65ee0ce8fc0a1b6 main_color avia-section-small avia-no-border-styling  avia-builder-el-7  el_after_av_section  el_before_av_section  avia-bg-style-scroll container_wrap sidebar_right'  ><div class='container av-section-cont-open' ><div class='template-page content  av-content-small alpha units'><div class='post-entry post-entry-type-page post-entry-5007'><div class='entry-content-wrapper clearfix'>\n\n<style type=\"text\/css\" data-created_by=\"avia_inline_auto\" id=\"style-css-av-xgwb2n-667542c5a779437a657965611510da76\">\n.flex_column.av-xgwb2n-667542c5a779437a657965611510da76{\nborder-radius:0px 0px 0px 0px;\npadding:20px 20px 20px 20px;\nbackground-color:#ffffff;\n}\n<\/style>\n<div  class='flex_column av-xgwb2n-667542c5a779437a657965611510da76 av_one_fifth  avia-builder-el-8  el_before_av_one_fifth  avia-builder-el-first  first flex_column_div  '     ><p>\n<style type=\"text\/css\" data-created_by=\"avia_inline_auto\" id=\"style-css-av-vzwiin-da8508edf03739d395745bb187a19348\">\n.avia-image-container.av-vzwiin-da8508edf03739d395745bb187a19348 img.avia_image{\nbox-shadow:none;\n}\n.avia-image-container.av-vzwiin-da8508edf03739d395745bb187a19348 .av-image-caption-overlay-center{\ncolor:#ffffff;\n}\n<\/style>\n<div  class='avia-image-container av-vzwiin-da8508edf03739d395745bb187a19348 av-styling-no-styling av-img-linked avia-align-center  avia-builder-el-9  el_before_av_heading  avia-builder-el-first '   itemprop=\"image\" itemscope=\"itemscope\" itemtype=\"https:\/\/schema.org\/ImageObject\" ><div class=\"avia-image-container-inner\"><div class=\"avia-image-overlay-wrap\"><a href=\"https:\/\/kemetrv.ee\/varvid\/alkuudvarv-spekter\/\" class='avia_image '  ><img fetchpriority=\"high\" class='wp-image-6641 avia-img-lazy-loading-not-6641 avia_image ' src='https:\/\/kemetrv.ee\/wp-content\/uploads\/category-varvid-alkuudvarv-spekter-1l.png' alt='' title=''  height=\"400\" width=\"300\"  itemprop=\"thumbnailUrl\"  \/><\/a><\/div><\/div><\/div><br \/>\n\n<style type=\"text\/css\" data-created_by=\"avia_inline_auto\" id=\"style-css-av-u9wv0f-c43d85813e26cf167cc652787c0efbe1\">\n#top .av-special-heading.av-u9wv0f-c43d85813e26cf167cc652787c0efbe1{\npadding-bottom:0;\n}\nbody .av-special-heading.av-u9wv0f-c43d85813e26cf167cc652787c0efbe1 .av-special-heading-tag .heading-char{\nfont-size:25px;\n}\n.av-special-heading.av-u9wv0f-c43d85813e26cf167cc652787c0efbe1 .av-subheading{\nfont-size:12px;\n}\n<\/style>\n<div  class='av-special-heading av-u9wv0f-c43d85813e26cf167cc652787c0efbe1 av-special-heading-h2 blockquote modern-quote  avia-builder-el-10  el_after_av_image  avia-builder-el-last '><div class='av-subheading av-subheading_above'><p>yleismaali<\/p>\n<\/div><h2 class='av-special-heading-tag '  itemprop=\"headline\"  >Alkydimaali SPEKTER<\/h2><div class=\"special-heading-border\"><div class=\"special-heading-inner-border\"><\/div><\/div><\/div><\/p><\/div>\n<style type=\"text\/css\" data-created_by=\"avia_inline_auto\" id=\"style-css-av-tqxzof-af919d5e59d16bbfcc4e33cce08fe366\">\n.flex_column.av-tqxzof-af919d5e59d16bbfcc4e33cce08fe366{\nborder-radius:0px 0px 0px 0px;\npadding:20px 20px 20px 20px;\nbackground-color:#ffffff;\n}\n<\/style>\n<div  class='flex_column av-tqxzof-af919d5e59d16bbfcc4e33cce08fe366 av_one_fifth  avia-builder-el-11  el_after_av_one_fifth  el_before_av_one_fifth  flex_column_div  '     ><p>\n<style type=\"text\/css\" data-created_by=\"avia_inline_auto\" id=\"style-css-av-qpq0r3-c90fd68f7b2e45f775e2946c628600cf\">\n.avia-image-container.av-qpq0r3-c90fd68f7b2e45f775e2946c628600cf img.avia_image{\nbox-shadow:none;\n}\n.avia-image-container.av-qpq0r3-c90fd68f7b2e45f775e2946c628600cf .av-image-caption-overlay-center{\ncolor:#ffffff;\n}\n<\/style>\n<div  class='avia-image-container av-qpq0r3-c90fd68f7b2e45f775e2946c628600cf av-styling-no-styling av-img-linked avia-align-center  avia-builder-el-12  el_before_av_heading  avia-builder-el-first '   itemprop=\"image\" itemscope=\"itemscope\" itemtype=\"https:\/\/schema.org\/ImageObject\" ><div class=\"avia-image-container-inner\"><div class=\"avia-image-overlay-wrap\"><img fetchpriority=\"high\" class='wp-image-3747 avia-img-lazy-loading-not-3747 avia_image ' src='https:\/\/kemetrv.ee\/wp-content\/uploads\/category-varvid-metallikrunt-kemekor-1l.png' alt='' title=''  height=\"400\" width=\"300\"  itemprop=\"thumbnailUrl\"  \/><\/div><\/div><\/div><br \/>\n\n<style type=\"text\/css\" data-created_by=\"avia_inline_auto\" id=\"style-css-av-pyyde7-a33bc7432ac8901a8d6990c8e1d97108\">\n#top .av-special-heading.av-pyyde7-a33bc7432ac8901a8d6990c8e1d97108{\npadding-bottom:0;\n}\nbody .av-special-heading.av-pyyde7-a33bc7432ac8901a8d6990c8e1d97108 .av-special-heading-tag .heading-char{\nfont-size:25px;\n}\n.av-special-heading.av-pyyde7-a33bc7432ac8901a8d6990c8e1d97108 .av-subheading{\nfont-size:12px;\n}\n<\/style>\n<div  class='av-special-heading av-pyyde7-a33bc7432ac8901a8d6990c8e1d97108 av-special-heading-h2 blockquote modern-quote  avia-builder-el-13  el_after_av_image  avia-builder-el-last '><div class='av-subheading av-subheading_above'><p>nopeasti kuivuva ruosteenestopohja ter\u00e4spinnoille<\/p>\n<\/div><h2 class='av-special-heading-tag '  itemprop=\"headline\"  >Metallin pohjamaali KEMEKOR<\/h2><div class=\"special-heading-border\"><div class=\"special-heading-inner-border\"><\/div><\/div><\/div><\/p><\/div>\n<style type=\"text\/css\" data-created_by=\"avia_inline_auto\" id=\"style-css-av-op1unj-f2efc64f05641449c1b9cd87d3661c81\">\n.flex_column.av-op1unj-f2efc64f05641449c1b9cd87d3661c81{\nborder-radius:0px 0px 0px 0px;\npadding:20px 20px 20px 20px;\nbackground-color:#ffffff;\n}\n<\/style>\n<div  class='flex_column av-op1unj-f2efc64f05641449c1b9cd87d3661c81 av_one_fifth  avia-builder-el-14  el_after_av_one_fifth  el_before_av_one_fifth  flex_column_div  '     ><p>\n<style type=\"text\/css\" data-created_by=\"avia_inline_auto\" id=\"style-css-av-26tgxb-7a2488f99c80876083b8e226d0f38a01\">\n.avia-image-container.av-26tgxb-7a2488f99c80876083b8e226d0f38a01 img.avia_image{\nbox-shadow:none;\n}\n.avia-image-container.av-26tgxb-7a2488f99c80876083b8e226d0f38a01 .av-image-caption-overlay-center{\ncolor:#ffffff;\n}\n<\/style>\n<div  class='avia-image-container av-26tgxb-7a2488f99c80876083b8e226d0f38a01 av-styling-no-styling av-img-linked avia-align-center  avia-builder-el-15  el_before_av_heading  avia-builder-el-first '   itemprop=\"image\" itemscope=\"itemscope\" itemtype=\"https:\/\/schema.org\/ImageObject\" ><div class=\"avia-image-container-inner\"><div class=\"avia-image-overlay-wrap\"><a href=\"https:\/\/kemetrv.ee\/lahustid\/lakibensiin-white-spirit\/\" class='avia_image '  ><img fetchpriority=\"high\" class='wp-image-3720 avia-img-lazy-loading-not-3720 avia_image ' src='https:\/\/kemetrv.ee\/wp-content\/uploads\/category-lahustid-lakibensiin-white-spirit.png' alt='' title=''  height=\"400\" width=\"300\"  itemprop=\"thumbnailUrl\"  \/><\/a><\/div><\/div><\/div><br \/>\n\n<style type=\"text\/css\" data-created_by=\"avia_inline_auto\" id=\"style-css-av-22msjj-9da3966dfa24726b125944e420de6a78\">\n#top .av-special-heading.av-22msjj-9da3966dfa24726b125944e420de6a78{\npadding-bottom:0;\n}\nbody .av-special-heading.av-22msjj-9da3966dfa24726b125944e420de6a78 .av-special-heading-tag .heading-char{\nfont-size:25px;\n}\n.av-special-heading.av-22msjj-9da3966dfa24726b125944e420de6a78 .av-subheading{\nfont-size:12px;\n}\n<\/style>\n<div  class='av-special-heading av-22msjj-9da3966dfa24726b125944e420de6a78 av-special-heading-h2 blockquote modern-quote  avia-builder-el-16  el_after_av_image  avia-builder-el-last '><div class='av-subheading av-subheading_above'><p>liuotin<\/p>\n<\/div><h2 class='av-special-heading-tag '  itemprop=\"headline\"  >Lakkabensiini (White Spirit)<\/h2><div class=\"special-heading-border\"><div class=\"special-heading-inner-border\"><\/div><\/div><\/div><\/p><\/div>\n<style type=\"text\/css\" data-created_by=\"avia_inline_auto\" id=\"style-css-av-jhjdof-26b046835308e47ede515458f2f2f549\">\n.flex_column.av-jhjdof-26b046835308e47ede515458f2f2f549{\nborder-radius:0px 0px 0px 0px;\npadding:20px 20px 20px 20px;\nbackground-color:#ffffff;\n}\n<\/style>\n<div  class='flex_column av-jhjdof-26b046835308e47ede515458f2f2f549 av_one_fifth  avia-builder-el-17  el_after_av_one_fifth  el_before_av_one_fifth  flex_column_div  '     ><p>\n<style type=\"text\/css\" data-created_by=\"avia_inline_auto\" id=\"style-css-av-h4w6lr-707a0afdb048192deb87c48bd3295239\">\n.avia-image-container.av-h4w6lr-707a0afdb048192deb87c48bd3295239 img.avia_image{\nbox-shadow:none;\n}\n.avia-image-container.av-h4w6lr-707a0afdb048192deb87c48bd3295239 .av-image-caption-overlay-center{\ncolor:#ffffff;\n}\n<\/style>\n<div  class='avia-image-container av-h4w6lr-707a0afdb048192deb87c48bd3295239 av-styling-no-styling av-img-linked avia-align-center  avia-builder-el-18  el_before_av_heading  avia-builder-el-first '   itemprop=\"image\" itemscope=\"itemscope\" itemtype=\"https:\/\/schema.org\/ImageObject\" ><div class=\"avia-image-container-inner\"><div class=\"avia-image-overlay-wrap\"><a href=\"https:\/\/kemetrv.ee\/lahustid\/vaigutarpentin-manni\/\" class='avia_image '  ><img fetchpriority=\"high\" class='wp-image-3724 avia-img-lazy-loading-not-3724 avia_image ' src='https:\/\/kemetrv.ee\/wp-content\/uploads\/category-lahustid-vaigutarpetin-manni.png' alt='' title=''  height=\"400\" width=\"300\"  itemprop=\"thumbnailUrl\"  \/><\/a><\/div><\/div><\/div><br \/>\n\n<style type=\"text\/css\" data-created_by=\"avia_inline_auto\" id=\"style-css-av-flkdcv-2eb0e6e1c271e1e7ea9573683fa6afb7\">\n#top .av-special-heading.av-flkdcv-2eb0e6e1c271e1e7ea9573683fa6afb7{\npadding-bottom:0;\n}\nbody .av-special-heading.av-flkdcv-2eb0e6e1c271e1e7ea9573683fa6afb7 .av-special-heading-tag .heading-char{\nfont-size:25px;\n}\n.av-special-heading.av-flkdcv-2eb0e6e1c271e1e7ea9573683fa6afb7 .av-subheading{\nfont-size:12px;\n}\n<\/style>\n<div  class='av-special-heading av-flkdcv-2eb0e6e1c271e1e7ea9573683fa6afb7 av-special-heading-h2 blockquote modern-quote  avia-builder-el-19  el_after_av_image  avia-builder-el-last '><div class='av-subheading av-subheading_above'><p>liuotin<\/p>\n<\/div><h2 class='av-special-heading-tag '  itemprop=\"headline\"  >Pihkat\u00e4rp\u00e4tti (m\u00e4nty)<\/h2><div class=\"special-heading-border\"><div class=\"special-heading-inner-border\"><\/div><\/div><\/div><\/p><\/div>\n<style type=\"text\/css\" data-created_by=\"avia_inline_auto\" id=\"style-css-av-eptjdr-e49938d99660c0bb8fcf7fc2a48134d7\">\n.flex_column.av-eptjdr-e49938d99660c0bb8fcf7fc2a48134d7{\nborder-radius:0px 0px 0px 0px;\npadding:20px 20px 20px 20px;\nbackground-color:#ffffff;\n}\n<\/style>\n<div  class='flex_column av-eptjdr-e49938d99660c0bb8fcf7fc2a48134d7 av_one_fifth  avia-builder-el-20  el_after_av_one_fifth  avia-builder-el-last  flex_column_div  '     ><p>\n<style type=\"text\/css\" data-created_by=\"avia_inline_auto\" id=\"style-css-av-1as4v3-e293f697107093a3f06b561d3467c4e9\">\n.avia-image-container.av-1as4v3-e293f697107093a3f06b561d3467c4e9 img.avia_image{\nbox-shadow:none;\n}\n.avia-image-container.av-1as4v3-e293f697107093a3f06b561d3467c4e9 .av-image-caption-overlay-center{\ncolor:#ffffff;\n}\n<\/style>\n<div  class='avia-image-container av-1as4v3-e293f697107093a3f06b561d3467c4e9 av-styling-no-styling av-img-linked avia-align-center  avia-builder-el-21  el_before_av_heading  avia-builder-el-first '   itemprop=\"image\" itemscope=\"itemscope\" itemtype=\"https:\/\/schema.org\/ImageObject\" ><div class=\"avia-image-container-inner\"><div class=\"avia-image-overlay-wrap\"><a href=\"https:\/\/kemetrv.ee\/muud\/vesiklaas-naatriumsilikaat\/\" class='avia_image '  ><img fetchpriority=\"high\" class='wp-image-3684 avia-img-lazy-loading-not-3684 avia_image ' src='https:\/\/kemetrv.ee\/wp-content\/uploads\/category-muud-vesiklaas.png' alt='' title=''  height=\"400\" width=\"300\"  itemprop=\"thumbnailUrl\"  \/><\/a><\/div><\/div><\/div><br \/>\n\n<style type=\"text\/css\" data-created_by=\"avia_inline_auto\" id=\"style-css-av-anf9fz-52db8c711e0a47d9d2a334a25dd9fa29\">\n#top .av-special-heading.av-anf9fz-52db8c711e0a47d9d2a334a25dd9fa29{\npadding-bottom:0;\n}\nbody .av-special-heading.av-anf9fz-52db8c711e0a47d9d2a334a25dd9fa29 .av-special-heading-tag .heading-char{\nfont-size:25px;\n}\n.av-special-heading.av-anf9fz-52db8c711e0a47d9d2a334a25dd9fa29 .av-subheading{\nfont-size:12px;\n}\n<\/style>\n<div  class='av-special-heading av-anf9fz-52db8c711e0a47d9d2a334a25dd9fa29 av-special-heading-h2 blockquote modern-quote  avia-builder-el-22  el_after_av_image  avia-builder-el-last '><div class='av-subheading av-subheading_above'><p>muut<\/p>\n<\/div><h2 class='av-special-heading-tag '  itemprop=\"headline\"  >Vesilasi(Natriumisilikaatti)<\/h2><div class=\"special-heading-border\"><div class=\"special-heading-inner-border\"><\/div><\/div><\/div><\/p><\/div>\n<\/p>\n<\/div><\/div><\/div><!-- close content main div --><\/div><\/div><div id='av_section_3'  class='avia-section av-9tivfz-2ba5c5d7d86749e3bc5d8f0e2bd53217 main_color avia-section-large avia-no-border-styling  avia-builder-el-23  el_after_av_section  avia-builder-el-last  avia-bg-style-scroll container_wrap sidebar_right'  ><div class='container av-section-cont-open' ><div class='template-page content  av-content-small alpha units'><div class='post-entry post-entry-type-page post-entry-5007'><div class='entry-content-wrapper clearfix'>\n\n<style type=\"text\/css\" data-created_by=\"avia_inline_auto\" id=\"style-css-av-syufz-871b1b5586b867c4567e65f8fc19e0ac\">\n.flex_column.av-syufz-871b1b5586b867c4567e65f8fc19e0ac{\nborder-radius:0px 0px 0px 0px;\npadding:0px 0px 0px 0px;\n}\n<\/style>\n<div  class='flex_column av-syufz-871b1b5586b867c4567e65f8fc19e0ac av_one_third  avia-builder-el-24  el_before_av_two_third  avia-builder-el-first  first flex_column_div av-hide-on-mobile av-zero-column-padding  '     ><\/div>\n<style type=\"text\/css\" data-created_by=\"avia_inline_auto\" id=\"style-css-av-6da4xb-6a938a329a0552263829b538b7f1bfec\">\n.flex_column.av-6da4xb-6a938a329a0552263829b538b7f1bfec{\nborder-radius:0px 0px 0px 0px;\npadding:0px 0px 0px 0px;\n}\n<\/style>\n<div  class='flex_column av-6da4xb-6a938a329a0552263829b538b7f1bfec av_two_third  avia-builder-el-25  el_after_av_one_third  avia-builder-el-last  flex_column_div av-zero-column-padding  '     ><p>\n<style type=\"text\/css\" data-created_by=\"avia_inline_auto\" id=\"style-css-av-4ts3wv-27e66d04ebe4469f7c8d2ca2eceb2ac0\">\n#top .av-special-heading.av-4ts3wv-27e66d04ebe4469f7c8d2ca2eceb2ac0{\npadding-bottom:0;\n}\nbody .av-special-heading.av-4ts3wv-27e66d04ebe4469f7c8d2ca2eceb2ac0 .av-special-heading-tag .heading-char{\nfont-size:25px;\n}\n.av-special-heading.av-4ts3wv-27e66d04ebe4469f7c8d2ca2eceb2ac0 .av-subheading{\nfont-size:12px;\n}\n<\/style>\n<div  class='av-special-heading av-4ts3wv-27e66d04ebe4469f7c8d2ca2eceb2ac0 av-special-heading-h2 blockquote modern-quote  avia-builder-el-26  el_before_av_textblock  avia-builder-el-first '><div class='av-subheading av-subheading_above'><p>projektimyynti<\/p>\n<\/div><h2 class='av-special-heading-tag '  itemprop=\"headline\"  >SUUNNITTELETKO SUUREMPAA REMONTTI- TAI RAKENNUSPROJEKTIA?<\/h2><div class=\"special-heading-border\"><div class=\"special-heading-inner-border\"><\/div><\/div><\/div><br \/>\n<section  class='av_textblock_section av-1xrgtb-878bb7a99404b0a18a95e17f52520d9f '   itemscope=\"itemscope\" itemtype=\"https:\/\/schema.org\/CreativeWork\" ><div class='avia_textblock'  itemprop=\"text\" ><dl>\n<dt><span lang=\"fi-FI\">Kysy myyntiedustajaltamme tarjousta kaikille tuotteille kerralla, jolloin s\u00e4\u00e4st\u00e4t tuotteiden hinnan ja toimituskustannusten lis\u00e4ksi my\u00f6s aikaa. Yhteystiedot +372 58 50 6969, sales@kemetrv.ee<\/span><\/dt>\n<dt><\/dt>\n<\/dl>\n<\/div><\/section><br \/>\n<div  class='avia-button-wrap av-jxeknw1o-808c080efd2f51917b1f2828cf8ba630-wrap avia-button-left  avia-builder-el-28  el_after_av_textblock  avia-builder-el-last '><a href='https:\/\/kemetrv.ee\/fi\/yhteystiedot\/'  class='avia-button av-jxeknw1o-808c080efd2f51917b1f2828cf8ba630 av-link-btn avia-icon_select-no avia-size-medium avia-position-left avia-color-theme-color'   aria-label=\"Kysy tarjousta!\"><span class='avia_iconbox_title' >Kysy tarjousta!<\/span><\/a><\/div><\/p><\/div>\n<\/div><\/div><\/div><!-- close content main div --><\/div><\/div><div id='after_section_3'  class='main_color av_default_container_wrap container_wrap sidebar_right'  ><div class='container av-section-cont-open' ><div class='template-page content  av-content-small alpha units'><div class='post-entry post-entry-type-page post-entry-5007'><div class='entry-content-wrapper clearfix'>\n","protected":false},"excerpt":{"rendered":"","protected":false},"author":6,"featured_media":0,"parent":5022,"menu_order":1,"comment_status":"closed","ping_status":"closed","template":"","meta":{"_acf_changed":false,"footnotes":""},"class_list":["post-5007","page","type-page","status-publish","hentry"],"acf":[],"_links":{"self":[{"href":"https:\/\/kemetrv.ee\/fi\/wp-json\/wp\/v2\/pages\/5007","targetHints":{"allow":["GET"]}}],"collection":[{"href":"https:\/\/kemetrv.ee\/fi\/wp-json\/wp\/v2\/pages"}],"about":[{"href":"https:\/\/kemetrv.ee\/fi\/wp-json\/wp\/v2\/types\/page"}],"author":[{"embeddable":true,"href":"https:\/\/kemetrv.ee\/fi\/wp-json\/wp\/v2\/users\/6"}],"replies":[{"embeddable":true,"href":"https:\/\/kemetrv.ee\/fi\/wp-json\/wp\/v2\/comments?post=5007"}],"version-history":[{"count":2,"href":"https:\/\/kemetrv.ee\/fi\/wp-json\/wp\/v2\/pages\/5007\/revisions"}],"predecessor-version":[{"id":6884,"href":"https:\/\/kemetrv.ee\/fi\/wp-json\/wp\/v2\/pages\/5007\/revisions\/6884"}],"up":[{"embeddable":true,"href":"https:\/\/kemetrv.ee\/fi\/wp-json\/wp\/v2\/pages\/5022"}],"wp:attachment":[{"href":"https:\/\/kemetrv.ee\/fi\/wp-json\/wp\/v2\/media?parent=5007"}],"curies":[{"name":"wp","href":"https:\/\/api.w.org\/{rel}","templated":true}]}}