{"id":5016,"date":"2019-05-29T11:05:46","date_gmt":"2019-05-29T08:05:46","guid":{"rendered":"https:\/\/kemetrv.ee\/?page_id=5016"},"modified":"2019-06-11T00:41:59","modified_gmt":"2019-06-10T21:41:59","slug":"jalleenmyyjat","status":"publish","type":"page","link":"https:\/\/kemetrv.ee\/fi\/jalleenmyyjat\/","title":{"rendered":"J\u00e4lleenmyyj\u00e4t"},"content":{"rendered":"\n<style type=\"text\/css\" data-created_by=\"avia_inline_auto\" id=\"style-css-av-av_section-8f60b2da7d2078fc714b2cfa70989a01\">\n.avia-section.av-av_section-8f60b2da7d2078fc714b2cfa70989a01{\nbackground-color:#0039a6;\nbackground-image:unset;\n}\n<\/style>\n<div id='resellers'  class='avia-section av-av_section-8f60b2da7d2078fc714b2cfa70989a01 main_color avia-section-default avia-no-border-styling  avia-builder-el-0  el_before_av_one_full  avia-builder-el-first  avia-bg-style-scroll av-minimum-height av-minimum-height-25 av-height-25  container_wrap sidebar_right'   data-av_minimum_height_pc='25' data-av_min_height_opt='25'><div class='container av-section-cont-open' ><main  role=\"main\" itemprop=\"mainContentOfPage\"  class='template-page content  av-content-small alpha units'><div class='post-entry post-entry-type-page post-entry-5016'><div class='entry-content-wrapper clearfix'>\n\n<style type=\"text\/css\" data-created_by=\"avia_inline_auto\" id=\"style-css-av-av_heading-a745ae477b4c5afc89546270201e57ca\">\n#top .av-special-heading.av-av_heading-a745ae477b4c5afc89546270201e57ca{\npadding-bottom:10px;\ncolor:#ffffff;\n}\nbody .av-special-heading.av-av_heading-a745ae477b4c5afc89546270201e57ca .av-special-heading-tag .heading-char{\nfont-size:25px;\n}\n.av-special-heading.av-av_heading-a745ae477b4c5afc89546270201e57ca .special-heading-inner-border{\nborder-color:#ffffff;\n}\n.av-special-heading.av-av_heading-a745ae477b4c5afc89546270201e57ca .av-subheading{\nfont-size:15px;\n}\n<\/style>\n<div  class='av-special-heading av-av_heading-a745ae477b4c5afc89546270201e57ca av-special-heading-h1 custom-color-heading blockquote modern-quote  avia-builder-el-1  avia-builder-el-no-sibling '><h1 class='av-special-heading-tag '  itemprop=\"headline\"  >J\u00e4lleenmyyj\u00e4t<\/h1><div class=\"special-heading-border\"><div class=\"special-heading-inner-border\"><\/div><\/div><\/div>\n<\/div><\/div><\/main><!-- close content main element --><\/div><\/div><div id='after_section_1'  class='main_color av_default_container_wrap container_wrap sidebar_right'  ><div class='container av-section-cont-open' ><div class='template-page content  av-content-small alpha units'><div class='post-entry post-entry-type-page post-entry-5016'><div class='entry-content-wrapper clearfix'>\n\n<style type=\"text\/css\" data-created_by=\"avia_inline_auto\" id=\"style-css-av-av_one_full-6126cab7d8fab8d08143dd2dacdf673c\">\n.flex_column.av-av_one_full-6126cab7d8fab8d08143dd2dacdf673c{\nborder-radius:0px 0px 0px 0px;\npadding:0px 0px 0px 0px;\n}\n<\/style>\n<div  class='flex_column av-av_one_full-6126cab7d8fab8d08143dd2dacdf673c av_one_full  avia-builder-el-2  el_after_av_section  avia-builder-el-no-sibling  first flex_column_div av-zero-column-padding  '     ><section  class='av_textblock_section av-av_textblock-0366cc7376be6c9e82a3e9cc8987b64f '   itemscope=\"itemscope\" itemtype=\"https:\/\/schema.org\/CreativeWork\" ><div class='avia_textblock'  itemprop=\"text\" ><p>Kysy myyntiedustajaltamme, miss\u00e4 asuu l\u00e4hin j\u00e4lleenmyyj\u00e4. Voit my\u00f6s ostaa v\u00e4risi jm suoraan tehtaalta &#8211; kysy tarjousta kaikille tuotteille kerralla, jolloin s\u00e4\u00e4st\u00e4t tuotteiden hinnan ja toimituskustannusten lis\u00e4ksi my\u00f6s aikaa. Yhteystiedot: +372 58 50 6969, sales@kemetrv.ee<\/p>\n<p><strong>NB! Etsimme j\u00e4lleenmyyji\u00e4 Suomessa!<\/strong> Jos olet kiinnostunut aiheesta, niin ota yhteytt\u00e4 +372 58 50 6969, sales@kemetrv.ee<\/p>\n<\/div><\/section><\/div>\n","protected":false},"excerpt":{"rendered":"","protected":false},"author":6,"featured_media":0,"parent":0,"menu_order":0,"comment_status":"closed","ping_status":"closed","template":"","meta":{"_acf_changed":false,"footnotes":""},"class_list":["post-5016","page","type-page","status-publish","hentry"],"acf":[],"_links":{"self":[{"href":"https:\/\/kemetrv.ee\/fi\/wp-json\/wp\/v2\/pages\/5016","targetHints":{"allow":["GET"]}}],"collection":[{"href":"https:\/\/kemetrv.ee\/fi\/wp-json\/wp\/v2\/pages"}],"about":[{"href":"https:\/\/kemetrv.ee\/fi\/wp-json\/wp\/v2\/types\/page"}],"author":[{"embeddable":true,"href":"https:\/\/kemetrv.ee\/fi\/wp-json\/wp\/v2\/users\/6"}],"replies":[{"embeddable":true,"href":"https:\/\/kemetrv.ee\/fi\/wp-json\/wp\/v2\/comments?post=5016"}],"version-history":[{"count":0,"href":"https:\/\/kemetrv.ee\/fi\/wp-json\/wp\/v2\/pages\/5016\/revisions"}],"wp:attachment":[{"href":"https:\/\/kemetrv.ee\/fi\/wp-json\/wp\/v2\/media?parent=5016"}],"curies":[{"name":"wp","href":"https:\/\/api.w.org\/{rel}","templated":true}]}}