{"id":5022,"date":"2019-05-29T11:15:15","date_gmt":"2019-05-29T08:15:15","guid":{"rendered":"https:\/\/kemetrv.ee\/?page_id=5022"},"modified":"2025-05-20T15:56:32","modified_gmt":"2025-05-20T12:56:32","slug":"liuottimet","status":"publish","type":"page","link":"https:\/\/kemetrv.ee\/fi\/liuottimet\/","title":{"rendered":"Liuottimet"},"content":{"rendered":"\n<style type=\"text\/css\" data-created_by=\"avia_inline_auto\" id=\"style-css-av-i2tsu-90bf014e180abf1545032417f0c3e200\">\n.avia-section.av-i2tsu-90bf014e180abf1545032417f0c3e200{\nbackground-color:#f9f9f9;\nbackground-image:unset;\n}\n<\/style>\n<div id='product-category'  class='avia-section av-i2tsu-90bf014e180abf1545032417f0c3e200 main_color avia-section-small avia-no-border-styling  avia-builder-el-0  el_before_av_section  avia-builder-el-first  avia-bg-style-scroll container_wrap sidebar_right'  ><div class='container av-section-cont-open' ><main  role=\"main\" itemprop=\"mainContentOfPage\"  class='template-page content  av-content-small alpha units'><div class='post-entry post-entry-type-page post-entry-5022'><div class='entry-content-wrapper clearfix'>\n\n<style type=\"text\/css\" data-created_by=\"avia_inline_auto\" id=\"style-css-av-1d563dq-152c286d9f4d42264667bd4bff1ff3f9\">\n.flex_column.av-1d563dq-152c286d9f4d42264667bd4bff1ff3f9{\nborder-radius:0px 0px 0px 0px;\npadding:20px 20px 20px 20px;\nbackground-color:#ffffff;\n}\n<\/style>\n<div  class='flex_column av-1d563dq-152c286d9f4d42264667bd4bff1ff3f9 av_one_fifth  avia-builder-el-1  el_before_av_one_fifth  avia-builder-el-first  first flex_column_div  '     ><p>\n<style type=\"text\/css\" data-created_by=\"avia_inline_auto\" id=\"style-css-av-1bbqjzy-7fb4b895d26a76885b717d61e15825b0\">\n.avia-image-container.av-1bbqjzy-7fb4b895d26a76885b717d61e15825b0 img.avia_image{\nbox-shadow:none;\n}\n.avia-image-container.av-1bbqjzy-7fb4b895d26a76885b717d61e15825b0 .av-image-caption-overlay-center{\ncolor:#ffffff;\n}\n<\/style>\n<div  class='avia-image-container av-1bbqjzy-7fb4b895d26a76885b717d61e15825b0 av-styling-no-styling av-img-linked avia-align-center  avia-builder-el-2  el_before_av_heading  avia-builder-el-first '   itemprop=\"image\" itemscope=\"itemscope\" itemtype=\"https:\/\/schema.org\/ImageObject\" ><div class=\"avia-image-container-inner\"><div class=\"avia-image-overlay-wrap\"><a href=\"https:\/\/kemetrv.ee\/lahustid\/ksuleen\/\" class='avia_image '  ><img fetchpriority=\"high\" class='wp-image-3719 avia-img-lazy-loading-not-3719 avia_image ' src='https:\/\/kemetrv.ee\/wp-content\/uploads\/category-lahustid-ksuleen.png' alt='' title=''  height=\"400\" width=\"300\"  itemprop=\"thumbnailUrl\"  \/><\/a><\/div><\/div><\/div><br \/>\n\n<style type=\"text\/css\" data-created_by=\"avia_inline_auto\" id=\"style-css-av-1985d1a-6323553e4686e1c3081960832030542e\">\n#top .av-special-heading.av-1985d1a-6323553e4686e1c3081960832030542e{\npadding-bottom:0;\n}\nbody .av-special-heading.av-1985d1a-6323553e4686e1c3081960832030542e .av-special-heading-tag .heading-char{\nfont-size:25px;\n}\n.av-special-heading.av-1985d1a-6323553e4686e1c3081960832030542e .av-subheading{\nfont-size:12px;\n}\n<\/style>\n<div  class='av-special-heading av-1985d1a-6323553e4686e1c3081960832030542e av-special-heading-h2 blockquote modern-quote  avia-builder-el-3  el_after_av_image  avia-builder-el-last '><div class='av-subheading av-subheading_above'><p>liuotin<\/p>\n<\/div><h2 class='av-special-heading-tag '  itemprop=\"headline\"  >Ksyleeni<\/h2><div class=\"special-heading-border\"><div class=\"special-heading-inner-border\"><\/div><\/div><\/div><\/p><\/div>\n<style type=\"text\/css\" data-created_by=\"avia_inline_auto\" id=\"style-css-av-1808fge-caa598faa5f483b7d0bfe108d8fc5140\">\n.flex_column.av-1808fge-caa598faa5f483b7d0bfe108d8fc5140{\nborder-radius:0px 0px 0px 0px;\npadding:20px 20px 20px 20px;\nbackground-color:#ffffff;\n}\n<\/style>\n<div  class='flex_column av-1808fge-caa598faa5f483b7d0bfe108d8fc5140 av_one_fifth  avia-builder-el-4  el_after_av_one_fifth  el_before_av_one_fifth  flex_column_div  '     ><p>\n<style type=\"text\/css\" data-created_by=\"avia_inline_auto\" id=\"style-css-av-15qk6ou-12648f708d781e032fdb852e69a9766c\">\n.avia-image-container.av-15qk6ou-12648f708d781e032fdb852e69a9766c img.avia_image{\nbox-shadow:none;\n}\n.avia-image-container.av-15qk6ou-12648f708d781e032fdb852e69a9766c .av-image-caption-overlay-center{\ncolor:#ffffff;\n}\n<\/style>\n<div  class='avia-image-container av-15qk6ou-12648f708d781e032fdb852e69a9766c av-styling-no-styling av-img-linked avia-align-center  avia-builder-el-5  el_before_av_heading  avia-builder-el-first '   itemprop=\"image\" itemscope=\"itemscope\" itemtype=\"https:\/\/schema.org\/ImageObject\" ><div class=\"avia-image-container-inner\"><div class=\"avia-image-overlay-wrap\"><a href=\"https:\/\/kemetrv.ee\/lahustid\/lakibensiin-white-spirit\/\" class='avia_image '  aria-label='WhiteSpirit_0.5'><img fetchpriority=\"high\" class='wp-image-5027 avia-img-lazy-loading-not-5027 avia_image ' src='https:\/\/kemetrv.ee\/wp-content\/uploads\/WhiteSpirit_0.5.png' alt='' title='WhiteSpirit_0.5'  height=\"800\" width=\"600\"  itemprop=\"thumbnailUrl\"  \/><\/a><\/div><\/div><\/div><br \/>\n\n<style type=\"text\/css\" data-created_by=\"avia_inline_auto\" id=\"style-css-av-144rupq-a08e6e992c6677664a59dbcbd2c59e6a\">\n#top .av-special-heading.av-144rupq-a08e6e992c6677664a59dbcbd2c59e6a{\npadding-bottom:0;\n}\nbody .av-special-heading.av-144rupq-a08e6e992c6677664a59dbcbd2c59e6a .av-special-heading-tag .heading-char{\nfont-size:25px;\n}\n.av-special-heading.av-144rupq-a08e6e992c6677664a59dbcbd2c59e6a .av-subheading{\nfont-size:12px;\n}\n<\/style>\n<div  class='av-special-heading av-144rupq-a08e6e992c6677664a59dbcbd2c59e6a av-special-heading-h2 blockquote modern-quote  avia-builder-el-6  el_after_av_image  avia-builder-el-last '><div class='av-subheading av-subheading_above'><p>liuotin<\/p>\n<\/div><h2 class='av-special-heading-tag '  itemprop=\"headline\"  >Lakkabensiini (White Spirit)<\/h2><div class=\"special-heading-border\"><div class=\"special-heading-inner-border\"><\/div><\/div><\/div><\/p><\/div>\n<style type=\"text\/css\" data-created_by=\"avia_inline_auto\" id=\"style-css-av-12i0l0u-5a7a8bb1c2e38d5d0fa7f9748cc4f87a\">\n.flex_column.av-12i0l0u-5a7a8bb1c2e38d5d0fa7f9748cc4f87a{\nborder-radius:0px 0px 0px 0px;\npadding:20px 20px 20px 20px;\nbackground-color:#ffffff;\n}\n<\/style>\n<div  class='flex_column av-12i0l0u-5a7a8bb1c2e38d5d0fa7f9748cc4f87a av_one_fifth  avia-builder-el-7  el_after_av_one_fifth  el_before_av_one_fifth  flex_column_div  '     ><p>\n<style type=\"text\/css\" data-created_by=\"avia_inline_auto\" id=\"style-css-av-3r8ai6-777383c4853281edc636c46b27cc4a4b\">\n.avia-image-container.av-3r8ai6-777383c4853281edc636c46b27cc4a4b img.avia_image{\nbox-shadow:none;\n}\n.avia-image-container.av-3r8ai6-777383c4853281edc636c46b27cc4a4b .av-image-caption-overlay-center{\ncolor:#ffffff;\n}\n<\/style>\n<div  class='avia-image-container av-3r8ai6-777383c4853281edc636c46b27cc4a4b av-styling- avia-align-center  avia-builder-el-8  el_before_av_heading  avia-builder-el-first '   itemprop=\"image\" itemscope=\"itemscope\" itemtype=\"https:\/\/schema.org\/ImageObject\" ><div class=\"avia-image-container-inner\"><div class=\"avia-image-overlay-wrap\"><img fetchpriority=\"high\" class='wp-image-4930 avia-img-lazy-loading-not-4930 avia_image ' src='https:\/\/kemetrv.ee\/wp-content\/uploads\/vaigut4rpentin_1l.png' alt='' title='vaigut4rpentin_1l'  height=\"800\" width=\"600\"  itemprop=\"thumbnailUrl\"  \/><\/div><\/div><\/div><br \/>\n\n<style type=\"text\/css\" data-created_by=\"avia_inline_auto\" id=\"style-css-av-zexyem-9b5296c9df0b2d8b012be4c82e11fb89\">\n#top .av-special-heading.av-zexyem-9b5296c9df0b2d8b012be4c82e11fb89{\npadding-bottom:0;\n}\nbody .av-special-heading.av-zexyem-9b5296c9df0b2d8b012be4c82e11fb89 .av-special-heading-tag .heading-char{\nfont-size:25px;\n}\n.av-special-heading.av-zexyem-9b5296c9df0b2d8b012be4c82e11fb89 .av-subheading{\nfont-size:12px;\n}\n<\/style>\n<div  class='av-special-heading av-zexyem-9b5296c9df0b2d8b012be4c82e11fb89 av-special-heading-h2 blockquote modern-quote  avia-builder-el-9  el_after_av_image  avia-builder-el-last '><div class='av-subheading av-subheading_above'><p>liuotin<\/p>\n<\/div><h2 class='av-special-heading-tag '  itemprop=\"headline\"  >Pihkat\u00e4rp\u00e4tti (m\u00e4nty)<\/h2><div class=\"special-heading-border\"><div class=\"special-heading-inner-border\"><\/div><\/div><\/div><\/p><\/div>\n<style type=\"text\/css\" data-created_by=\"avia_inline_auto\" id=\"style-css-av-ymxq3y-e4768a2976842217b3280c8e501ca4e1\">\n.flex_column.av-ymxq3y-e4768a2976842217b3280c8e501ca4e1{\nborder-radius:0px 0px 0px 0px;\npadding:20px 20px 20px 20px;\nbackground-color:#ffffff;\n}\n<\/style>\n<div  class='flex_column av-ymxq3y-e4768a2976842217b3280c8e501ca4e1 av_one_fifth  avia-builder-el-10  el_after_av_one_fifth  el_before_av_one_fifth  flex_column_div  '     ><p>\n<style type=\"text\/css\" data-created_by=\"avia_inline_auto\" id=\"style-css-av-x2c9ce-4dd9423950c62b90de84ebb40eb5bb7b\">\n.avia-image-container.av-x2c9ce-4dd9423950c62b90de84ebb40eb5bb7b img.avia_image{\nbox-shadow:none;\n}\n.avia-image-container.av-x2c9ce-4dd9423950c62b90de84ebb40eb5bb7b .av-image-caption-overlay-center{\ncolor:#ffffff;\n}\n<\/style>\n<div  class='avia-image-container av-x2c9ce-4dd9423950c62b90de84ebb40eb5bb7b av-styling-no-styling av-img-linked avia-align-center  avia-builder-el-11  el_before_av_heading  avia-builder-el-first '   itemprop=\"image\" itemscope=\"itemscope\" itemtype=\"https:\/\/schema.org\/ImageObject\" ><div class=\"avia-image-container-inner\"><div class=\"avia-image-overlay-wrap\"><a href=\"https:\/\/kemetrv.ee\/lahustid\/puhastusbensiin\/\" class='avia_image '  aria-label='puhastusbensiin'><img fetchpriority=\"high\" class='wp-image-6402 avia-img-lazy-loading-not-6402 avia_image ' src='https:\/\/kemetrv.ee\/wp-content\/uploads\/puhastusbensiin1L_800x600.png' alt='' title='puhastusbensiin'  height=\"800\" width=\"600\"  itemprop=\"thumbnailUrl\"  \/><\/a><\/div><\/div><\/div><br \/>\n\n<style type=\"text\/css\" data-created_by=\"avia_inline_auto\" id=\"style-css-av-32u5um-0c30aa27ca8f9dcb245ec5c2229867c3\">\n#top .av-special-heading.av-32u5um-0c30aa27ca8f9dcb245ec5c2229867c3{\npadding-bottom:0;\n}\nbody .av-special-heading.av-32u5um-0c30aa27ca8f9dcb245ec5c2229867c3 .av-special-heading-tag .heading-char{\nfont-size:25px;\n}\n.av-special-heading.av-32u5um-0c30aa27ca8f9dcb245ec5c2229867c3 .av-subheading{\nfont-size:12px;\n}\n<\/style>\n<div  class='av-special-heading av-32u5um-0c30aa27ca8f9dcb245ec5c2229867c3 av-special-heading-h2 blockquote modern-quote  avia-builder-el-12  el_after_av_image  avia-builder-el-last '><div class='av-subheading av-subheading_above'><p>liuotin<\/p>\n<\/div><h2 class='av-special-heading-tag '  itemprop=\"headline\"  >Puhdistusbensiini (Aviobensiini)<\/h2><div class=\"special-heading-border\"><div class=\"special-heading-inner-border\"><\/div><\/div><\/div><\/p><\/div>\n<style type=\"text\/css\" data-created_by=\"avia_inline_auto\" id=\"style-css-av-t4zb6m-a06b64ed2bae412e6f4faf9bf5ac8de4\">\n.flex_column.av-t4zb6m-a06b64ed2bae412e6f4faf9bf5ac8de4{\nborder-radius:0px 0px 0px 0px;\npadding:20px 20px 20px 20px;\nbackground-color:#ffffff;\n}\n<\/style>\n<div  class='flex_column av-t4zb6m-a06b64ed2bae412e6f4faf9bf5ac8de4 av_one_fifth  avia-builder-el-13  el_after_av_one_fifth  el_before_av_one_fifth  flex_column_div  '     ><p>\n<style type=\"text\/css\" data-created_by=\"avia_inline_auto\" id=\"style-css-av-rflqfi-a0b13ff1cfd93938e4e818f517aef321\">\n.avia-image-container.av-rflqfi-a0b13ff1cfd93938e4e818f517aef321 img.avia_image{\nbox-shadow:none;\n}\n.avia-image-container.av-rflqfi-a0b13ff1cfd93938e4e818f517aef321 .av-image-caption-overlay-center{\ncolor:#ffffff;\n}\n<\/style>\n<div  class='avia-image-container av-rflqfi-a0b13ff1cfd93938e4e818f517aef321 av-styling-no-styling av-img-linked avia-align-center  avia-builder-el-14  el_before_av_heading  avia-builder-el-first '   itemprop=\"image\" itemscope=\"itemscope\" itemtype=\"https:\/\/schema.org\/ImageObject\" ><div class=\"avia-image-container-inner\"><div class=\"avia-image-overlay-wrap\"><a href=\"https:\/\/kemetrv.ee\/lahustid\/tehniline-piiritus-denatureeritud\/\" class='avia_image '  aria-label='Tehn_piiritus1L_600x800'><img fetchpriority=\"high\" class='wp-image-4740 avia-img-lazy-loading-not-4740 avia_image ' src='https:\/\/kemetrv.ee\/wp-content\/uploads\/Tehn_piiritus1L_600x800.png' alt='Kemet RV Denaturated Alcohol' title='Tehn_piiritus1L_600x800'  height=\"800\" width=\"600\"  itemprop=\"thumbnailUrl\"  \/><\/a><\/div><\/div><\/div><br \/>\n\n<style type=\"text\/css\" data-created_by=\"avia_inline_auto\" id=\"style-css-av-p64s0e-5e3e9ce116ff6599b0b93b7e3bd6a474\">\n#top .av-special-heading.av-p64s0e-5e3e9ce116ff6599b0b93b7e3bd6a474{\npadding-bottom:0;\n}\nbody .av-special-heading.av-p64s0e-5e3e9ce116ff6599b0b93b7e3bd6a474 .av-special-heading-tag .heading-char{\nfont-size:25px;\n}\n.av-special-heading.av-p64s0e-5e3e9ce116ff6599b0b93b7e3bd6a474 .av-subheading{\nfont-size:12px;\n}\n<\/style>\n<div  class='av-special-heading av-p64s0e-5e3e9ce116ff6599b0b93b7e3bd6a474 av-special-heading-h2 blockquote modern-quote  avia-builder-el-15  el_after_av_image  avia-builder-el-last '><div class='av-subheading av-subheading_above'><p>liuotin<\/p>\n<\/div><h2 class='av-special-heading-tag '  itemprop=\"headline\"  >Teollisuussprii (denaturoitu)<\/h2><div class=\"special-heading-border\"><div class=\"special-heading-inner-border\"><\/div><\/div><\/div><\/p><\/div>\n<style type=\"text\/css\" data-created_by=\"avia_inline_auto\" id=\"style-css-av-o6i766-e04af1486d278cbe27e0ce5106f34105\">\n.flex_column.av-o6i766-e04af1486d278cbe27e0ce5106f34105{\nborder-radius:0px 0px 0px 0px;\npadding:20px 20px 20px 20px;\nbackground-color:#ffffff;\n}\n<\/style>\n<div  class='flex_column av-o6i766-e04af1486d278cbe27e0ce5106f34105 av_one_fifth  avia-builder-el-16  el_after_av_one_fifth  el_before_av_one_fifth  first flex_column_div  column-top-margin'     ><p>\n<style type=\"text\/css\" data-created_by=\"avia_inline_auto\" id=\"style-css-av-mh46zi-0ae635e607dda67687e16b4c5f4c2ccb\">\n.avia-image-container.av-mh46zi-0ae635e607dda67687e16b4c5f4c2ccb img.avia_image{\nbox-shadow:none;\n}\n.avia-image-container.av-mh46zi-0ae635e607dda67687e16b4c5f4c2ccb .av-image-caption-overlay-center{\ncolor:#ffffff;\n}\n<\/style>\n<div  class='avia-image-container av-mh46zi-0ae635e607dda67687e16b4c5f4c2ccb av-styling-no-styling avia-align-center  avia-builder-el-17  el_before_av_heading  avia-builder-el-first '   itemprop=\"image\" itemscope=\"itemscope\" itemtype=\"https:\/\/schema.org\/ImageObject\" ><div class=\"avia-image-container-inner\"><div class=\"avia-image-overlay-wrap\"><img fetchpriority=\"high\" class='wp-image-5119 avia-img-lazy-loading-not-5119 avia_image ' src='https:\/\/kemetrv.ee\/wp-content\/uploads\/2019\/06\/Nitro_3Lc.png' alt='' title='Nitro_3Lc'  height=\"800\" width=\"600\"  itemprop=\"thumbnailUrl\"  \/><\/div><\/div><\/div><br \/>\n\n<style type=\"text\/css\" data-created_by=\"avia_inline_auto\" id=\"style-css-av-ka9jmm-80fbcdefe5ed6b1cb9b97c6544da3899\">\n#top .av-special-heading.av-ka9jmm-80fbcdefe5ed6b1cb9b97c6544da3899{\npadding-bottom:0;\n}\nbody .av-special-heading.av-ka9jmm-80fbcdefe5ed6b1cb9b97c6544da3899 .av-special-heading-tag .heading-char{\nfont-size:25px;\n}\n.av-special-heading.av-ka9jmm-80fbcdefe5ed6b1cb9b97c6544da3899 .av-subheading{\nfont-size:12px;\n}\n<\/style>\n<div  class='av-special-heading av-ka9jmm-80fbcdefe5ed6b1cb9b97c6544da3899 av-special-heading-h2 blockquote modern-quote  avia-builder-el-18  el_after_av_image  avia-builder-el-last '><div class='av-subheading av-subheading_above'><p>liuotin<\/p>\n<\/div><h2 class='av-special-heading-tag '  itemprop=\"headline\"  >Nitro-ohenne 646<\/h2><div class=\"special-heading-border\"><div class=\"special-heading-inner-border\"><\/div><\/div><\/div><\/p><\/div>\n<style type=\"text\/css\" data-created_by=\"avia_inline_auto\" id=\"style-css-av-iuwwpa-f4d33f0634d9064b8d5a8ca4540ad235\">\n.flex_column.av-iuwwpa-f4d33f0634d9064b8d5a8ca4540ad235{\nborder-radius:0px 0px 0px 0px;\npadding:20px 20px 20px 20px;\nbackground-color:#ffffff;\n}\n<\/style>\n<div  class='flex_column av-iuwwpa-f4d33f0634d9064b8d5a8ca4540ad235 av_one_fifth  avia-builder-el-19  el_after_av_one_fifth  el_before_av_one_fifth  flex_column_div  column-top-margin'     ><p>\n<style type=\"text\/css\" data-created_by=\"avia_inline_auto\" id=\"style-css-av-i0t8cu-3fe01fbd85efc5eddf3a84fba53691c3\">\n.avia-image-container.av-i0t8cu-3fe01fbd85efc5eddf3a84fba53691c3 img.avia_image{\nbox-shadow:none;\n}\n.avia-image-container.av-i0t8cu-3fe01fbd85efc5eddf3a84fba53691c3 .av-image-caption-overlay-center{\ncolor:#ffffff;\n}\n<\/style>\n<div  class='avia-image-container av-i0t8cu-3fe01fbd85efc5eddf3a84fba53691c3 av-styling-no-styling avia-align-center  avia-builder-el-20  el_before_av_heading  avia-builder-el-first '   itemprop=\"image\" itemscope=\"itemscope\" itemtype=\"https:\/\/schema.org\/ImageObject\" ><div class=\"avia-image-container-inner\"><div class=\"avia-image-overlay-wrap\"><img fetchpriority=\"high\" class='wp-image-5441 avia-img-lazy-loading-not-5441 avia_image ' src='https:\/\/kemetrv.ee\/wp-content\/uploads\/2019\/06\/ATSETOON_1l.png' alt='' title='ATSETOON_1l'  height=\"799\" width=\"600\"  itemprop=\"thumbnailUrl\"  \/><\/div><\/div><\/div><br \/>\n\n<style type=\"text\/css\" data-created_by=\"avia_inline_auto\" id=\"style-css-av-fihcge-7a9d673b0514f94c42ed1a799fd4d2b0\">\n#top .av-special-heading.av-fihcge-7a9d673b0514f94c42ed1a799fd4d2b0{\npadding-bottom:0;\n}\nbody .av-special-heading.av-fihcge-7a9d673b0514f94c42ed1a799fd4d2b0 .av-special-heading-tag .heading-char{\nfont-size:25px;\n}\n.av-special-heading.av-fihcge-7a9d673b0514f94c42ed1a799fd4d2b0 .av-subheading{\nfont-size:12px;\n}\n<\/style>\n<div  class='av-special-heading av-fihcge-7a9d673b0514f94c42ed1a799fd4d2b0 av-special-heading-h2 blockquote modern-quote  avia-builder-el-21  el_after_av_image  avia-builder-el-last '><div class='av-subheading av-subheading_above'><p>liuotin<\/p>\n<\/div><h2 class='av-special-heading-tag '  itemprop=\"headline\"  >Asetoni<\/h2><div class=\"special-heading-border\"><div class=\"special-heading-inner-border\"><\/div><\/div><\/div><\/p><\/div>\n<style type=\"text\/css\" data-created_by=\"avia_inline_auto\" id=\"style-css-av-1ei3em-071c0e7d6c275bcb88761b66a8ed0e95\">\n.flex_column.av-1ei3em-071c0e7d6c275bcb88761b66a8ed0e95{\nborder-radius:0px 0px 0px 0px;\npadding:20px 20px 20px 20px;\n}\n<\/style>\n<div  class='flex_column av-1ei3em-071c0e7d6c275bcb88761b66a8ed0e95 av_one_fifth  avia-builder-el-22  el_after_av_one_fifth  el_before_av_one_fifth  flex_column_div av-hide-on-mobile  column-top-margin'     ><\/div>\n<style type=\"text\/css\" data-created_by=\"avia_inline_auto\" id=\"style-css-av-cqr8mm-a49202d9d1555189009f8679f0082288\">\n.flex_column.av-cqr8mm-a49202d9d1555189009f8679f0082288{\nborder-radius:0px 0px 0px 0px;\npadding:20px 20px 20px 20px;\n}\n<\/style>\n<div  class='flex_column av-cqr8mm-a49202d9d1555189009f8679f0082288 av_one_fifth  avia-builder-el-23  el_after_av_one_fifth  el_before_av_one_fifth  flex_column_div av-hide-on-mobile  column-top-margin'     ><\/div>\n<style type=\"text\/css\" data-created_by=\"avia_inline_auto\" id=\"style-css-av-bijsym-883b5d0c87f16e8f46da0881816e3ad7\">\n.flex_column.av-bijsym-883b5d0c87f16e8f46da0881816e3ad7{\nborder-radius:0px 0px 0px 0px;\npadding:20px 20px 20px 20px;\n}\n<\/style>\n<div  class='flex_column av-bijsym-883b5d0c87f16e8f46da0881816e3ad7 av_one_fifth  avia-builder-el-24  el_after_av_one_fifth  avia-builder-el-last  flex_column_div av-hide-on-mobile  column-top-margin'     ><\/div>\n\n<\/div><\/div><\/main><!-- close content main element --><\/div><\/div><div id='av_section_2'  class='avia-section av-9jnaj2-14ee0e9b935aa84f60a24af662ad13dd main_color avia-section-large avia-no-border-styling  avia-builder-el-25  el_after_av_section  avia-builder-el-last  avia-bg-style-scroll container_wrap sidebar_right'  ><div class='container av-section-cont-open' ><div class='template-page content  av-content-small alpha units'><div class='post-entry post-entry-type-page post-entry-5022'><div class='entry-content-wrapper clearfix'>\n\n<style type=\"text\/css\" data-created_by=\"avia_inline_auto\" id=\"style-css-av-7gvw3i-0a5e623bd35a548a460e978cfca68297\">\n.flex_column.av-7gvw3i-0a5e623bd35a548a460e978cfca68297{\nborder-radius:0px 0px 0px 0px;\npadding:0px 0px 0px 0px;\n}\n<\/style>\n<div  class='flex_column av-7gvw3i-0a5e623bd35a548a460e978cfca68297 av_one_third  avia-builder-el-26  el_before_av_two_third  avia-builder-el-first  first flex_column_div av-hide-on-mobile av-zero-column-padding  '     ><\/div>\n<style type=\"text\/css\" data-created_by=\"avia_inline_auto\" id=\"style-css-av-66kd8e-e0b105d392af57b46ca5a7e39ecb931a\">\n.flex_column.av-66kd8e-e0b105d392af57b46ca5a7e39ecb931a{\nborder-radius:0px 0px 0px 0px;\npadding:0px 0px 0px 0px;\n}\n<\/style>\n<div  class='flex_column av-66kd8e-e0b105d392af57b46ca5a7e39ecb931a av_two_third  avia-builder-el-27  el_after_av_one_third  avia-builder-el-last  flex_column_div av-zero-column-padding  '     ><p>\n<style type=\"text\/css\" data-created_by=\"avia_inline_auto\" id=\"style-css-av-41aimm-af1be9c34595de02aa0455de8078a418\">\n#top .av-special-heading.av-41aimm-af1be9c34595de02aa0455de8078a418{\npadding-bottom:0;\n}\nbody .av-special-heading.av-41aimm-af1be9c34595de02aa0455de8078a418 .av-special-heading-tag .heading-char{\nfont-size:25px;\n}\n.av-special-heading.av-41aimm-af1be9c34595de02aa0455de8078a418 .av-subheading{\nfont-size:12px;\n}\n<\/style>\n<div  class='av-special-heading av-41aimm-af1be9c34595de02aa0455de8078a418 av-special-heading-h2 blockquote modern-quote  avia-builder-el-28  el_before_av_textblock  avia-builder-el-first '><div class='av-subheading av-subheading_above'><p>projektimyynti<\/p>\n<\/div><h2 class='av-special-heading-tag '  itemprop=\"headline\"  >SUUNNITTELETKO SUUREMPAA REMONTTI- TAI RAKENNUSPROJEKTIA?<\/h2><div class=\"special-heading-border\"><div class=\"special-heading-inner-border\"><\/div><\/div><\/div><br \/>\n<section  class='av_textblock_section av-2x0bu6-3784b892fa65f11af2f67c10748a9a39 '   itemscope=\"itemscope\" itemtype=\"https:\/\/schema.org\/CreativeWork\" ><div class='avia_textblock'  itemprop=\"text\" ><dl>\n<dt><span lang=\"fi-FI\">Kysy myyntiedustajaltamme tarjousta kaikille tuotteille kerralla, jolloin s\u00e4\u00e4st\u00e4t tuotteiden hinnan ja toimituskustannusten lis\u00e4ksi my\u00f6s aikaa. Yhteystiedot +372 4856243, <a href=\"mailto:kemet.rv@neti.ee\" target=\"_blank\" rel=\"noopener\">kemet.rv@neti.ee<\/a><\/span><\/dt>\n<dt><\/dt>\n<\/dl>\n<\/div><\/section><br \/>\n<div  class='avia-button-wrap av-jxekn4y6-27937834435b570ea6f9bb4be8ab52f2-wrap avia-button-left  avia-builder-el-30  el_after_av_textblock  avia-builder-el-last '><a href='https:\/\/kemetrv.ee\/fi\/yhteystiedot\/'  class='avia-button av-jxekn4y6-27937834435b570ea6f9bb4be8ab52f2 av-link-btn avia-icon_select-no avia-size-large avia-position-left avia-color-theme-color'   aria-label=\"Kysy tarjousta!\"><span class='avia_iconbox_title' >Kysy tarjousta!<\/span><\/a><\/div><\/p><\/div><\/div><\/div><\/div><!-- close content main div --><\/div><\/div><div id='after_section_2'  class='main_color av_default_container_wrap container_wrap sidebar_right'  ><div class='container av-section-cont-open' ><div class='template-page content  av-content-small alpha units'><div class='post-entry post-entry-type-page post-entry-5022'><div class='entry-content-wrapper clearfix'>\n","protected":false},"excerpt":{"rendered":"","protected":false},"author":6,"featured_media":0,"parent":0,"menu_order":0,"comment_status":"closed","ping_status":"closed","template":"","meta":{"_acf_changed":false,"footnotes":""},"class_list":["post-5022","page","type-page","status-publish","hentry"],"acf":[],"_links":{"self":[{"href":"https:\/\/kemetrv.ee\/fi\/wp-json\/wp\/v2\/pages\/5022","targetHints":{"allow":["GET"]}}],"collection":[{"href":"https:\/\/kemetrv.ee\/fi\/wp-json\/wp\/v2\/pages"}],"about":[{"href":"https:\/\/kemetrv.ee\/fi\/wp-json\/wp\/v2\/types\/page"}],"author":[{"embeddable":true,"href":"https:\/\/kemetrv.ee\/fi\/wp-json\/wp\/v2\/users\/6"}],"replies":[{"embeddable":true,"href":"https:\/\/kemetrv.ee\/fi\/wp-json\/wp\/v2\/comments?post=5022"}],"version-history":[{"count":2,"href":"https:\/\/kemetrv.ee\/fi\/wp-json\/wp\/v2\/pages\/5022\/revisions"}],"predecessor-version":[{"id":6962,"href":"https:\/\/kemetrv.ee\/fi\/wp-json\/wp\/v2\/pages\/5022\/revisions\/6962"}],"wp:attachment":[{"href":"https:\/\/kemetrv.ee\/fi\/wp-json\/wp\/v2\/media?parent=5022"}],"curies":[{"name":"wp","href":"https:\/\/api.w.org\/{rel}","templated":true}]}}