{"id":5037,"date":"2019-05-29T11:25:45","date_gmt":"2019-05-29T08:25:45","guid":{"rendered":"https:\/\/kemetrv.ee\/?page_id=5037"},"modified":"2025-02-03T11:34:49","modified_gmt":"2025-02-03T09:34:49","slug":"nitro-ohenne-646","status":"publish","type":"page","link":"https:\/\/kemetrv.ee\/fi\/liuottimet\/nitro-ohenne-646\/","title":{"rendered":"Nitro-ohenne 646"},"content":{"rendered":"\n<style type=\"text\/css\" data-created_by=\"avia_inline_auto\" id=\"style-css-av-1bfgatp-b362068d0e0bcde6c821ce62a2ca3dc5\">\n.avia-section.av-1bfgatp-b362068d0e0bcde6c821ce62a2ca3dc5{\nbackground-color:#f9f9f9;\nbackground-image:unset;\n}\n<\/style>\n<div id='av_section_1'  class='avia-section av-1bfgatp-b362068d0e0bcde6c821ce62a2ca3dc5 main_color avia-section-default avia-no-border-styling  avia-builder-el-0  el_before_av_section  avia-builder-el-first  avia-bg-style-scroll av-minimum-height av-minimum-height-75 av-height-75  container_wrap sidebar_right'   data-av_minimum_height_pc='75' data-av_min_height_opt='75'><div class='container av-section-cont-open' ><main  role=\"main\" itemprop=\"mainContentOfPage\"  class='template-page content  av-content-small alpha units'><div class='post-entry post-entry-type-page post-entry-5037'><div class='entry-content-wrapper clearfix'>\n\n<style type=\"text\/css\" data-created_by=\"avia_inline_auto\" id=\"style-css-av-1aat92l-2a2a78e76a74a502b1a6b09ea3900db5\">\n.flex_column.av-1aat92l-2a2a78e76a74a502b1a6b09ea3900db5{\nborder-radius:0px 0px 0px 0px;\npadding:0px 0px 0px 0px;\n}\n<\/style>\n<div  class='flex_column av-1aat92l-2a2a78e76a74a502b1a6b09ea3900db5 av_one_third  avia-builder-el-1  el_before_av_one_third  avia-builder-el-first  first flex_column_div av-hide-on-mobile av-zero-column-padding  '     ><\/div>\n<style type=\"text\/css\" data-created_by=\"avia_inline_auto\" id=\"style-css-av-176gyxp-d33ea35ed0fa2a9e6052c5e6c63922cd\">\n.flex_column.av-176gyxp-d33ea35ed0fa2a9e6052c5e6c63922cd{\nborder-radius:0px 0px 0px 0px;\npadding:0px 0px 0px 0px;\n}\n<\/style>\n<div  class='flex_column av-176gyxp-d33ea35ed0fa2a9e6052c5e6c63922cd av_one_third  avia-builder-el-2  el_after_av_one_third  el_before_av_one_third  flex_column_div av-zero-column-padding  '     ><style type=\"text\/css\" data-created_by=\"avia_inline_auto\" id=\"style-css-av-16ieudp-04a0fe10d6ef74ff9f097e5df6b9f652\">\n.avia-image-container.av-16ieudp-04a0fe10d6ef74ff9f097e5df6b9f652 img.avia_image{\nbox-shadow:none;\n}\n.avia-image-container.av-16ieudp-04a0fe10d6ef74ff9f097e5df6b9f652 .av-image-caption-overlay-center{\ncolor:#ffffff;\n}\n<\/style>\n<div  class='avia-image-container av-16ieudp-04a0fe10d6ef74ff9f097e5df6b9f652 av-styling-no-styling avia-align-center  avia-builder-el-3  avia-builder-el-no-sibling '   itemprop=\"image\" itemscope=\"itemscope\" itemtype=\"https:\/\/schema.org\/ImageObject\" ><div class=\"avia-image-container-inner\"><div class=\"avia-image-overlay-wrap\"><img fetchpriority=\"high\" class='wp-image- avia-img-lazy-loading-not- avia_image ' src='https:\/\/kemetrv.ee\/wp-content\/uploads\/Nitro_1L_800x600.png' alt='' title=''   itemprop=\"thumbnailUrl\"  \/><\/div><\/div><\/div><\/div>\n<style type=\"text\/css\" data-created_by=\"avia_inline_auto\" id=\"style-css-av-152tmt9-af838e35de72197681dec190706ead57\">\n.flex_column.av-152tmt9-af838e35de72197681dec190706ead57{\nborder-radius:0px 0px 0px 0px;\npadding:50px 30px 30px 30px;\nbackground-color:#ffffff;\n}\n<\/style>\n<div  class='flex_column av-152tmt9-af838e35de72197681dec190706ead57 av_one_third  avia-builder-el-4  el_after_av_one_third  avia-builder-el-last  flex_column_div  '     ><p>\n<style type=\"text\/css\" data-created_by=\"avia_inline_auto\" id=\"style-css-av-13bwrbh-9a4c253266dc83792e3b3f5fd446e309\">\n#top .av-special-heading.av-13bwrbh-9a4c253266dc83792e3b3f5fd446e309{\npadding-bottom:5px;\ncolor:#0039a6;\n}\nbody .av-special-heading.av-13bwrbh-9a4c253266dc83792e3b3f5fd446e309 .av-special-heading-tag .heading-char{\nfont-size:25px;\n}\n.av-special-heading.av-13bwrbh-9a4c253266dc83792e3b3f5fd446e309 .special-heading-inner-border{\nborder-color:#0039a6;\n}\n.av-special-heading.av-13bwrbh-9a4c253266dc83792e3b3f5fd446e309 .av-subheading{\nfont-size:12px;\n}\n<\/style>\n<div  class='av-special-heading av-13bwrbh-9a4c253266dc83792e3b3f5fd446e309 av-special-heading-h1 custom-color-heading blockquote modern-quote  avia-builder-el-5  el_before_av_textblock  avia-builder-el-first '><div class='av_custom_color av-subheading av-subheading_above'><p>liuotin<\/p>\n<\/div><h1 class='av-special-heading-tag '  itemprop=\"headline\"  >Nitro-ohenne 646<\/h1><div class=\"special-heading-border\"><div class=\"special-heading-inner-border\"><\/div><\/div><\/div><br \/>\n<section  class='av_textblock_section av-3pex4d-0a96dc05f5130c31f5c99a1785b39c64 '   itemscope=\"itemscope\" itemtype=\"https:\/\/schema.org\/CreativeWork\" ><div class='avia_textblock'  itemprop=\"text\" ><p>Pakkaus: 0,5L; 1L; 3L; 5L; 10L; 20L<\/p>\n<p>Nitro-ohenne 646 sopii nitromaalien ohentamiseen, vanhan nitromaalin ja -kitin poistamiseen, erilaisten pintojen ja ty\u00f6v\u00e4lineiden puhdistamiseen. Voi k\u00e4ytt\u00e4\u00e4 alkydi-, \u00f6ljy- sek\u00e4 uretaanialkydimaaleille ja -lakoille. Ei sovi vesiohenteisille tuotteille.<\/p>\n<\/div><\/section><\/p><\/div><\/div><\/div><\/main><!-- close content main element --><\/div><\/div>\n<style type=\"text\/css\" data-created_by=\"avia_inline_auto\" id=\"style-css-av-zix4ql-d79f95b3632bd63bdf9e5ac6ead5f714\">\n.avia-section.av-zix4ql-d79f95b3632bd63bdf9e5ac6ead5f714{\nbackground-color:#f9f9f9;\nbackground-image:unset;\n}\n<\/style>\n<div id='product-category-mini'  class='avia-section av-zix4ql-d79f95b3632bd63bdf9e5ac6ead5f714 main_color avia-section-small avia-no-border-styling  avia-builder-el-7  el_after_av_section  el_before_av_section  avia-bg-style-scroll container_wrap sidebar_right'  ><div class='container av-section-cont-open' ><div class='template-page content  av-content-small alpha units'><div class='post-entry post-entry-type-page post-entry-5037'><div class='entry-content-wrapper clearfix'>\n\n<style type=\"text\/css\" data-created_by=\"avia_inline_auto\" id=\"style-css-av-y04e7x-68c8cbfcedebd7ef3353f30f83e22451\">\n.flex_column.av-y04e7x-68c8cbfcedebd7ef3353f30f83e22451{\nborder-radius:0px 0px 0px 0px;\npadding:20px 20px 20px 20px;\nbackground-color:#ffffff;\n}\n<\/style>\n<div  class='flex_column av-y04e7x-68c8cbfcedebd7ef3353f30f83e22451 av_one_fifth  avia-builder-el-8  el_before_av_one_fifth  avia-builder-el-first  first flex_column_div  '     ><p>\n<style type=\"text\/css\" data-created_by=\"avia_inline_auto\" id=\"style-css-av-37d225-99722458a7a197ff9b703c521f1d0e7f\">\n.avia-image-container.av-37d225-99722458a7a197ff9b703c521f1d0e7f img.avia_image{\nbox-shadow:none;\n}\n.avia-image-container.av-37d225-99722458a7a197ff9b703c521f1d0e7f .av-image-caption-overlay-center{\ncolor:#ffffff;\n}\n<\/style>\n<div  class='avia-image-container av-37d225-99722458a7a197ff9b703c521f1d0e7f av-styling-no-styling av-img-linked avia-align-center  avia-builder-el-9  el_before_av_heading  avia-builder-el-first '   itemprop=\"image\" itemscope=\"itemscope\" itemtype=\"https:\/\/schema.org\/ImageObject\" ><div class=\"avia-image-container-inner\"><div class=\"avia-image-overlay-wrap\"><a href=\"https:\/\/kemetrv.ee\/varvid\/metallivarv-spekter-fe-38\/\" class='avia_image '  ><img fetchpriority=\"high\" class='wp-image-6644 avia-img-lazy-loading-not-6644 avia_image ' src='https:\/\/kemetrv.ee\/wp-content\/uploads\/category-varvid-metallivarv-spekter-fe-38-1l.png' alt='' title=''  height=\"400\" width=\"300\"  itemprop=\"thumbnailUrl\"  \/><\/a><\/div><\/div><\/div><br \/>\n\n<style type=\"text\/css\" data-created_by=\"avia_inline_auto\" id=\"style-css-av-u4mj6l-ab89469aee71616cf8c97f74efc5affc\">\n#top .av-special-heading.av-u4mj6l-ab89469aee71616cf8c97f74efc5affc{\npadding-bottom:0;\n}\nbody .av-special-heading.av-u4mj6l-ab89469aee71616cf8c97f74efc5affc .av-special-heading-tag .heading-char{\nfont-size:25px;\n}\n.av-special-heading.av-u4mj6l-ab89469aee71616cf8c97f74efc5affc .av-subheading{\nfont-size:12px;\n}\n<\/style>\n<div  class='av-special-heading av-u4mj6l-ab89469aee71616cf8c97f74efc5affc av-special-heading-h2 blockquote modern-quote  avia-builder-el-10  el_after_av_image  avia-builder-el-last '><div class='av-subheading av-subheading_above'><p>ruosteenestopohjaemali<\/p>\n<\/div><h2 class='av-special-heading-tag '  itemprop=\"headline\"  >Metallimaali SPEKTER Fe 38<\/h2><div class=\"special-heading-border\"><div class=\"special-heading-inner-border\"><\/div><\/div><\/div><\/p><\/div>\n<style type=\"text\/css\" data-created_by=\"avia_inline_auto\" id=\"style-css-av-tr1ul9-1936be2e4ccfd744138ab95c2220598c\">\n.flex_column.av-tr1ul9-1936be2e4ccfd744138ab95c2220598c{\nborder-radius:0px 0px 0px 0px;\npadding:20px 20px 20px 20px;\nbackground-color:#ffffff;\n}\n<\/style>\n<div  class='flex_column av-tr1ul9-1936be2e4ccfd744138ab95c2220598c av_one_fifth  avia-builder-el-11  el_after_av_one_fifth  el_before_av_one_fifth  flex_column_div  '     ><p>\n<style type=\"text\/css\" data-created_by=\"avia_inline_auto\" id=\"style-css-av-raloyl-c5ab4d5dcf2c7ad056873fedb2054209\">\n.avia-image-container.av-raloyl-c5ab4d5dcf2c7ad056873fedb2054209 img.avia_image{\nbox-shadow:none;\n}\n.avia-image-container.av-raloyl-c5ab4d5dcf2c7ad056873fedb2054209 .av-image-caption-overlay-center{\ncolor:#ffffff;\n}\n<\/style>\n<div  class='avia-image-container av-raloyl-c5ab4d5dcf2c7ad056873fedb2054209 av-styling-no-styling av-img-linked avia-align-center  avia-builder-el-12  el_before_av_heading  avia-builder-el-first '   itemprop=\"image\" itemscope=\"itemscope\" itemtype=\"https:\/\/schema.org\/ImageObject\" ><div class=\"avia-image-container-inner\"><div class=\"avia-image-overlay-wrap\"><img fetchpriority=\"high\" class='wp-image- avia-img-lazy-loading-not- avia_image ' src='https:\/\/kemetrv.ee\/wp-content\/uploads\/category-muud-niiskustoke.png' alt='' title=''   itemprop=\"thumbnailUrl\"  \/><\/div><\/div><\/div><br \/>\n\n<style type=\"text\/css\" data-created_by=\"avia_inline_auto\" id=\"style-css-av-q0qvy5-95b512c067166ec41414bc8c12f06079\">\n#top .av-special-heading.av-q0qvy5-95b512c067166ec41414bc8c12f06079{\npadding-bottom:0;\n}\nbody .av-special-heading.av-q0qvy5-95b512c067166ec41414bc8c12f06079 .av-special-heading-tag .heading-char{\nfont-size:25px;\n}\n.av-special-heading.av-q0qvy5-95b512c067166ec41414bc8c12f06079 .av-subheading{\nfont-size:12px;\n}\n<\/style>\n<div  class='av-special-heading av-q0qvy5-95b512c067166ec41414bc8c12f06079 av-special-heading-h2 blockquote modern-quote  avia-builder-el-13  el_after_av_image  avia-builder-el-last '><div class='av-subheading av-subheading_above'><p>muut<\/p>\n<\/div><h2 class='av-special-heading-tag '  itemprop=\"headline\"  >Kosteussuoja<\/h2><div class=\"special-heading-border\"><div class=\"special-heading-inner-border\"><\/div><\/div><\/div><\/p><\/div>\n<style type=\"text\/css\" data-created_by=\"avia_inline_auto\" id=\"style-css-av-oqnxq5-4fe9d12e32ffc3dd4c6930c05ccdd11c\">\n.flex_column.av-oqnxq5-4fe9d12e32ffc3dd4c6930c05ccdd11c{\nborder-radius:0px 0px 0px 0px;\npadding:20px 20px 20px 20px;\nbackground-color:#ffffff;\n}\n<\/style>\n<div  class='flex_column av-oqnxq5-4fe9d12e32ffc3dd4c6930c05ccdd11c av_one_fifth  avia-builder-el-14  el_after_av_one_fifth  el_before_av_one_fifth  flex_column_div  '     ><p>\n<style type=\"text\/css\" data-created_by=\"avia_inline_auto\" id=\"style-css-av-mmz3l9-f98294bf56a8ca48cef6ba9e41062b02\">\n.avia-image-container.av-mmz3l9-f98294bf56a8ca48cef6ba9e41062b02 img.avia_image{\nbox-shadow:none;\n}\n.avia-image-container.av-mmz3l9-f98294bf56a8ca48cef6ba9e41062b02 .av-image-caption-overlay-center{\ncolor:#ffffff;\n}\n<\/style>\n<div  class='avia-image-container av-mmz3l9-f98294bf56a8ca48cef6ba9e41062b02 av-styling-no-styling av-img-linked avia-align-center  avia-builder-el-15  el_before_av_heading  avia-builder-el-first '   itemprop=\"image\" itemscope=\"itemscope\" itemtype=\"https:\/\/schema.org\/ImageObject\" ><div class=\"avia-image-container-inner\"><div class=\"avia-image-overlay-wrap\"><a href=\"https:\/\/kemetrv.ee\/lahustid\/puhastusbensiin\/\" class='avia_image '  ><img fetchpriority=\"high\" class='wp-image-3722 avia-img-lazy-loading-not-3722 avia_image ' src='https:\/\/kemetrv.ee\/wp-content\/uploads\/category-lahustid-puhastusbensiin.png' alt='' title=''  height=\"400\" width=\"300\"  itemprop=\"thumbnailUrl\"  \/><\/a><\/div><\/div><\/div><br \/>\n\n<style type=\"text\/css\" data-created_by=\"avia_inline_auto\" id=\"style-css-av-l41nbh-77450500b3db6a09b264982f4df40bed\">\n#top .av-special-heading.av-l41nbh-77450500b3db6a09b264982f4df40bed{\npadding-bottom:0;\n}\nbody .av-special-heading.av-l41nbh-77450500b3db6a09b264982f4df40bed .av-special-heading-tag .heading-char{\nfont-size:25px;\n}\n.av-special-heading.av-l41nbh-77450500b3db6a09b264982f4df40bed .av-subheading{\nfont-size:12px;\n}\n<\/style>\n<div  class='av-special-heading av-l41nbh-77450500b3db6a09b264982f4df40bed av-special-heading-h2 blockquote modern-quote  avia-builder-el-16  el_after_av_image  avia-builder-el-last '><div class='av-subheading av-subheading_above'><p>liuotin<\/p>\n<\/div><h2 class='av-special-heading-tag '  itemprop=\"headline\"  >Puhdistusbensiini<\/h2><div class=\"special-heading-border\"><div class=\"special-heading-inner-border\"><\/div><\/div><\/div><\/p><\/div>\n<style type=\"text\/css\" data-created_by=\"avia_inline_auto\" id=\"style-css-av-ihr88t-86ba343cf614c0c77d24cec04457d5c6\">\n.flex_column.av-ihr88t-86ba343cf614c0c77d24cec04457d5c6{\nborder-radius:0px 0px 0px 0px;\npadding:20px 20px 20px 20px;\nbackground-color:#ffffff;\n}\n<\/style>\n<div  class='flex_column av-ihr88t-86ba343cf614c0c77d24cec04457d5c6 av_one_fifth  avia-builder-el-17  el_after_av_one_fifth  el_before_av_one_fifth  flex_column_div  '     ><p>\n<style type=\"text\/css\" data-created_by=\"avia_inline_auto\" id=\"style-css-av-hb8vnh-f11b3c01b005cf87960c7d236ae9dea8\">\n.avia-image-container.av-hb8vnh-f11b3c01b005cf87960c7d236ae9dea8 img.avia_image{\nbox-shadow:none;\n}\n.avia-image-container.av-hb8vnh-f11b3c01b005cf87960c7d236ae9dea8 .av-image-caption-overlay-center{\ncolor:#ffffff;\n}\n<\/style>\n<div  class='avia-image-container av-hb8vnh-f11b3c01b005cf87960c7d236ae9dea8 av-styling-no-styling av-img-linked avia-align-center  avia-builder-el-18  el_before_av_heading  avia-builder-el-first '   itemprop=\"image\" itemscope=\"itemscope\" itemtype=\"https:\/\/schema.org\/ImageObject\" ><div class=\"avia-image-container-inner\"><div class=\"avia-image-overlay-wrap\"><a href=\"https:\/\/kemetrv.ee\/lahustid\/atsetoon\/\" class='avia_image '  ><img fetchpriority=\"high\" class='wp-image-3718 avia-img-lazy-loading-not-3718 avia_image ' src='https:\/\/kemetrv.ee\/wp-content\/uploads\/category-lahustid-atsetoon.png' alt='' title=''  height=\"400\" width=\"300\"  itemprop=\"thumbnailUrl\"  \/><\/a><\/div><\/div><\/div><br \/>\n\n<style type=\"text\/css\" data-created_by=\"avia_inline_auto\" id=\"style-css-av-fqdc8d-53371cbaf4fcd2e1b9dd0dd88eee2fc8\">\n#top .av-special-heading.av-fqdc8d-53371cbaf4fcd2e1b9dd0dd88eee2fc8{\npadding-bottom:0;\n}\nbody .av-special-heading.av-fqdc8d-53371cbaf4fcd2e1b9dd0dd88eee2fc8 .av-special-heading-tag .heading-char{\nfont-size:25px;\n}\n.av-special-heading.av-fqdc8d-53371cbaf4fcd2e1b9dd0dd88eee2fc8 .av-subheading{\nfont-size:12px;\n}\n<\/style>\n<div  class='av-special-heading av-fqdc8d-53371cbaf4fcd2e1b9dd0dd88eee2fc8 av-special-heading-h2 blockquote modern-quote  avia-builder-el-19  el_after_av_image  avia-builder-el-last '><div class='av-subheading av-subheading_above'><p>liuotin<\/p>\n<\/div><h2 class='av-special-heading-tag '  itemprop=\"headline\"  >Asetoni<\/h2><div class=\"special-heading-border\"><div class=\"special-heading-inner-border\"><\/div><\/div><\/div><\/p><\/div>\n<style type=\"text\/css\" data-created_by=\"avia_inline_auto\" id=\"style-css-av-e9pjrx-bf22a74fcc0c310a01bcaf51070aef53\">\n.flex_column.av-e9pjrx-bf22a74fcc0c310a01bcaf51070aef53{\nborder-radius:0px 0px 0px 0px;\npadding:20px 20px 20px 20px;\nbackground-color:#ffffff;\n}\n<\/style>\n<div  class='flex_column av-e9pjrx-bf22a74fcc0c310a01bcaf51070aef53 av_one_fifth  avia-builder-el-20  el_after_av_one_fifth  avia-builder-el-last  flex_column_div  '     ><p>\n<style type=\"text\/css\" data-created_by=\"avia_inline_auto\" id=\"style-css-av-cozd99-9eb1590d68cfdffae622910e47e74a1a\">\n.avia-image-container.av-cozd99-9eb1590d68cfdffae622910e47e74a1a img.avia_image{\nbox-shadow:none;\n}\n.avia-image-container.av-cozd99-9eb1590d68cfdffae622910e47e74a1a .av-image-caption-overlay-center{\ncolor:#ffffff;\n}\n<\/style>\n<div  class='avia-image-container av-cozd99-9eb1590d68cfdffae622910e47e74a1a av-styling-no-styling av-img-linked avia-align-center  avia-builder-el-21  el_before_av_heading  avia-builder-el-first '   itemprop=\"image\" itemscope=\"itemscope\" itemtype=\"https:\/\/schema.org\/ImageObject\" ><div class=\"avia-image-container-inner\"><div class=\"avia-image-overlay-wrap\"><a href=\"https:\/\/kemetrv.ee\/puidukaitsevahendid\/mannitorv\/\" class='avia_image '  ><img fetchpriority=\"high\" class='wp-image-3733 avia-img-lazy-loading-not-3733 avia_image ' src='https:\/\/kemetrv.ee\/wp-content\/uploads\/category-puidukaitsevahendid-mannitorv.png' alt='' title=''  height=\"400\" width=\"300\"  itemprop=\"thumbnailUrl\"  \/><\/a><\/div><\/div><\/div><br \/>\n\n<style type=\"text\/css\" data-created_by=\"avia_inline_auto\" id=\"style-css-av-13ksgt-81d03fe5b15883026fd2f014487c7ccf\">\n#top .av-special-heading.av-13ksgt-81d03fe5b15883026fd2f014487c7ccf{\npadding-bottom:0;\n}\nbody .av-special-heading.av-13ksgt-81d03fe5b15883026fd2f014487c7ccf .av-special-heading-tag .heading-char{\nfont-size:25px;\n}\n.av-special-heading.av-13ksgt-81d03fe5b15883026fd2f014487c7ccf .av-subheading{\nfont-size:12px;\n}\n<\/style>\n<div  class='av-special-heading av-13ksgt-81d03fe5b15883026fd2f014487c7ccf av-special-heading-h2 blockquote modern-quote  avia-builder-el-22  el_after_av_image  avia-builder-el-last '><div class='av-subheading av-subheading_above'><p>luonnollinen puunsuoja-aine<\/p>\n<\/div><h2 class='av-special-heading-tag '  itemprop=\"headline\"  >M\u00e4ntyterva<\/h2><div class=\"special-heading-border\"><div class=\"special-heading-inner-border\"><\/div><\/div><\/div><\/p><\/div>\n<\/p>\n<\/div><\/div><\/div><!-- close content main div --><\/div><\/div><div id='av_section_3'  class='avia-section av-8p9yz1-f22e3090c05a581ecd619f0f38d52651 main_color avia-section-large avia-no-border-styling  avia-builder-el-23  el_after_av_section  avia-builder-el-last  avia-bg-style-scroll container_wrap sidebar_right'  ><div class='container av-section-cont-open' ><div class='template-page content  av-content-small alpha units'><div class='post-entry post-entry-type-page post-entry-5037'><div class='entry-content-wrapper clearfix'>\n\n<style type=\"text\/css\" data-created_by=\"avia_inline_auto\" id=\"style-css-av-7yi3wd-1c1ad6d72410dee6a35eb90854dbdcbb\">\n.flex_column.av-7yi3wd-1c1ad6d72410dee6a35eb90854dbdcbb{\nborder-radius:0px 0px 0px 0px;\npadding:0px 0px 0px 0px;\n}\n<\/style>\n<div  class='flex_column av-7yi3wd-1c1ad6d72410dee6a35eb90854dbdcbb av_one_third  avia-builder-el-24  el_before_av_two_third  avia-builder-el-first  first flex_column_div av-hide-on-mobile av-zero-column-padding  '     ><\/div>\n<style type=\"text\/css\" data-created_by=\"avia_inline_auto\" id=\"style-css-av-54zwz1-919b6e1c40b6ae088633e95efdf326d7\">\n.flex_column.av-54zwz1-919b6e1c40b6ae088633e95efdf326d7{\nborder-radius:0px 0px 0px 0px;\npadding:0px 0px 0px 0px;\n}\n<\/style>\n<div  class='flex_column av-54zwz1-919b6e1c40b6ae088633e95efdf326d7 av_two_third  avia-builder-el-25  el_after_av_one_third  avia-builder-el-last  flex_column_div av-zero-column-padding  '     ><p>\n<style type=\"text\/css\" data-created_by=\"avia_inline_auto\" id=\"style-css-av-4b6qpp-cab5bfe55d9e19c67a689e78b24e00f6\">\n#top .av-special-heading.av-4b6qpp-cab5bfe55d9e19c67a689e78b24e00f6{\npadding-bottom:0;\n}\nbody .av-special-heading.av-4b6qpp-cab5bfe55d9e19c67a689e78b24e00f6 .av-special-heading-tag .heading-char{\nfont-size:25px;\n}\n.av-special-heading.av-4b6qpp-cab5bfe55d9e19c67a689e78b24e00f6 .av-subheading{\nfont-size:12px;\n}\n<\/style>\n<div  class='av-special-heading av-4b6qpp-cab5bfe55d9e19c67a689e78b24e00f6 av-special-heading-h2 blockquote modern-quote  avia-builder-el-26  el_before_av_textblock  avia-builder-el-first '><div class='av-subheading av-subheading_above'><p>projektimyynti<\/p>\n<\/div><h2 class='av-special-heading-tag '  itemprop=\"headline\"  >SUUNNITTELETKO SUUREMPAA REMONTTI- TAI RAKENNUSPROJEKTIA?<\/h2><div class=\"special-heading-border\"><div class=\"special-heading-inner-border\"><\/div><\/div><\/div><br \/>\n<section  class='av_textblock_section av-30r58t-b2e1e879a6fcd52dd92cfb2ffc229248 '   itemscope=\"itemscope\" itemtype=\"https:\/\/schema.org\/CreativeWork\" ><div class='avia_textblock'  itemprop=\"text\" ><dl>\n<dt><span lang=\"fi-FI\">Kysy myyntiedustajaltamme tarjousta kaikille tuotteille kerralla, jolloin s\u00e4\u00e4st\u00e4t tuotteiden hinnan ja toimituskustannusten lis\u00e4ksi my\u00f6s aikaa. Yhteystiedot +372 58 50 6969, sales@kemetrv.ee<\/span><\/dt>\n<dt><\/dt>\n<\/dl>\n<\/div><\/section><br \/>\n<div  class='avia-button-wrap av-jxekp1h0-9658629ea546761caafce9b32ca7e96f-wrap avia-button-left  avia-builder-el-28  el_after_av_textblock  avia-builder-el-last '><a href='https:\/\/kemetrv.ee\/fi\/yhteystiedot\/'  class='avia-button av-jxekp1h0-9658629ea546761caafce9b32ca7e96f av-link-btn avia-icon_select-no avia-size-medium avia-position-left avia-color-theme-color'   aria-label=\"Kysy tarjousta!\"><span class='avia_iconbox_title' >Kysy tarjousta!<\/span><\/a><\/div><\/p><\/div>\n<\/div><\/div><\/div><!-- close content main div --><\/div><\/div><div id='after_section_3'  class='main_color av_default_container_wrap container_wrap sidebar_right'  ><div class='container av-section-cont-open' ><div class='template-page content  av-content-small alpha units'><div class='post-entry post-entry-type-page post-entry-5037'><div class='entry-content-wrapper clearfix'>\n","protected":false},"excerpt":{"rendered":"","protected":false},"author":6,"featured_media":0,"parent":5022,"menu_order":2,"comment_status":"closed","ping_status":"closed","template":"","meta":{"_acf_changed":false,"footnotes":""},"class_list":["post-5037","page","type-page","status-publish","hentry"],"acf":[],"_links":{"self":[{"href":"https:\/\/kemetrv.ee\/fi\/wp-json\/wp\/v2\/pages\/5037","targetHints":{"allow":["GET"]}}],"collection":[{"href":"https:\/\/kemetrv.ee\/fi\/wp-json\/wp\/v2\/pages"}],"about":[{"href":"https:\/\/kemetrv.ee\/fi\/wp-json\/wp\/v2\/types\/page"}],"author":[{"embeddable":true,"href":"https:\/\/kemetrv.ee\/fi\/wp-json\/wp\/v2\/users\/6"}],"replies":[{"embeddable":true,"href":"https:\/\/kemetrv.ee\/fi\/wp-json\/wp\/v2\/comments?post=5037"}],"version-history":[{"count":2,"href":"https:\/\/kemetrv.ee\/fi\/wp-json\/wp\/v2\/pages\/5037\/revisions"}],"predecessor-version":[{"id":6869,"href":"https:\/\/kemetrv.ee\/fi\/wp-json\/wp\/v2\/pages\/5037\/revisions\/6869"}],"up":[{"embeddable":true,"href":"https:\/\/kemetrv.ee\/fi\/wp-json\/wp\/v2\/pages\/5022"}],"wp:attachment":[{"href":"https:\/\/kemetrv.ee\/fi\/wp-json\/wp\/v2\/media?parent=5037"}],"curies":[{"name":"wp","href":"https:\/\/api.w.org\/{rel}","templated":true}]}}