{"id":5046,"date":"2019-05-29T11:31:33","date_gmt":"2019-05-29T08:31:33","guid":{"rendered":"https:\/\/kemetrv.ee\/?page_id=5046"},"modified":"2025-02-03T11:33:54","modified_gmt":"2025-02-03T09:33:54","slug":"lakkabensiini-white-spirit","status":"publish","type":"page","link":"https:\/\/kemetrv.ee\/fi\/liuottimet\/lakkabensiini-white-spirit\/","title":{"rendered":"Lakkabensiini (White Spirit)"},"content":{"rendered":"\n<style type=\"text\/css\" data-created_by=\"avia_inline_auto\" id=\"style-css-av-1amzzty-40c62de61f8bfcd7e2c1c50ed0b47921\">\n.avia-section.av-1amzzty-40c62de61f8bfcd7e2c1c50ed0b47921{\nbackground-color:#f9f9f9;\nbackground-image:unset;\n}\n<\/style>\n<div id='av_section_1'  class='avia-section av-1amzzty-40c62de61f8bfcd7e2c1c50ed0b47921 main_color avia-section-default avia-no-border-styling  avia-builder-el-0  el_before_av_section  avia-builder-el-first  avia-bg-style-scroll av-minimum-height av-minimum-height-75 av-height-75  container_wrap sidebar_right'   data-av_minimum_height_pc='75' data-av_min_height_opt='75'><div class='container av-section-cont-open' ><main  role=\"main\" itemprop=\"mainContentOfPage\"  class='template-page content  av-content-small alpha units'><div class='post-entry post-entry-type-page post-entry-5046'><div class='entry-content-wrapper clearfix'>\n\n<style type=\"text\/css\" data-created_by=\"avia_inline_auto\" id=\"style-css-av-18ubgo6-94cf85ec17d767f24d6688dc84e85692\">\n.flex_column.av-18ubgo6-94cf85ec17d767f24d6688dc84e85692{\nborder-radius:0px 0px 0px 0px;\npadding:0px 0px 0px 0px;\n}\n<\/style>\n<div  class='flex_column av-18ubgo6-94cf85ec17d767f24d6688dc84e85692 av_one_third  avia-builder-el-1  el_before_av_one_third  avia-builder-el-first  first flex_column_div av-hide-on-mobile av-zero-column-padding  '     ><\/div>\n<style type=\"text\/css\" data-created_by=\"avia_inline_auto\" id=\"style-css-av-177n706-1c0fdb359b2f8bc9c56b69644cbf4580\">\n.flex_column.av-177n706-1c0fdb359b2f8bc9c56b69644cbf4580{\nborder-radius:0px 0px 0px 0px;\npadding:0px 0px 0px 0px;\n}\n<\/style>\n<div  class='flex_column av-177n706-1c0fdb359b2f8bc9c56b69644cbf4580 av_one_third  avia-builder-el-2  el_after_av_one_third  el_before_av_one_third  flex_column_div av-zero-column-padding  '     ><style type=\"text\/css\" data-created_by=\"avia_inline_auto\" id=\"style-css-av-16xltqu-e1e808d4828dd538f5486221fc711aef\">\n.avia-image-container.av-16xltqu-e1e808d4828dd538f5486221fc711aef img.avia_image{\nbox-shadow:none;\n}\n.avia-image-container.av-16xltqu-e1e808d4828dd538f5486221fc711aef .av-image-caption-overlay-center{\ncolor:#ffffff;\n}\n<\/style>\n<div  class='avia-image-container av-16xltqu-e1e808d4828dd538f5486221fc711aef av-styling-no-styling avia-align-center  avia-builder-el-3  avia-builder-el-no-sibling '   itemprop=\"image\" itemscope=\"itemscope\" itemtype=\"https:\/\/schema.org\/ImageObject\" ><div class=\"avia-image-container-inner\"><div class=\"avia-image-overlay-wrap\"><img fetchpriority=\"high\" class='wp-image-5027 avia-img-lazy-loading-not-5027 avia_image ' src='https:\/\/kemetrv.ee\/wp-content\/uploads\/WhiteSpirit_0.5.png' alt='' title='WhiteSpirit_0.5'  height=\"800\" width=\"600\"  itemprop=\"thumbnailUrl\"  \/><\/div><\/div><\/div><\/div>\n<style type=\"text\/css\" data-created_by=\"avia_inline_auto\" id=\"style-css-av-146cv7a-291f0d147fa501f67594a11d39db5033\">\n.flex_column.av-146cv7a-291f0d147fa501f67594a11d39db5033{\nborder-radius:0px 0px 0px 0px;\npadding:50px 30px 30px 30px;\nbackground-color:#ffffff;\n}\n<\/style>\n<div  class='flex_column av-146cv7a-291f0d147fa501f67594a11d39db5033 av_one_third  avia-builder-el-4  el_after_av_one_third  avia-builder-el-last  flex_column_div  '     ><p>\n<style type=\"text\/css\" data-created_by=\"avia_inline_auto\" id=\"style-css-av-12cxyyu-26aa3ca87f683e7276754fc4fcff7d61\">\n#top .av-special-heading.av-12cxyyu-26aa3ca87f683e7276754fc4fcff7d61{\npadding-bottom:5px;\ncolor:#0039a6;\n}\nbody .av-special-heading.av-12cxyyu-26aa3ca87f683e7276754fc4fcff7d61 .av-special-heading-tag .heading-char{\nfont-size:25px;\n}\n.av-special-heading.av-12cxyyu-26aa3ca87f683e7276754fc4fcff7d61 .special-heading-inner-border{\nborder-color:#0039a6;\n}\n.av-special-heading.av-12cxyyu-26aa3ca87f683e7276754fc4fcff7d61 .av-subheading{\nfont-size:12px;\n}\n<\/style>\n<div  class='av-special-heading av-12cxyyu-26aa3ca87f683e7276754fc4fcff7d61 av-special-heading-h1 custom-color-heading blockquote modern-quote  avia-builder-el-5  el_before_av_textblock  avia-builder-el-first '><div class='av_custom_color av-subheading av-subheading_above'><p>liuotin<\/p>\n<\/div><h1 class='av-special-heading-tag '  itemprop=\"headline\"  >Lakkabensiini (White Spirit)<\/h1><div class=\"special-heading-border\"><div class=\"special-heading-inner-border\"><\/div><\/div><\/div><br \/>\n<section  class='av_textblock_section av-10q1ziu-ccff2f324c8c5f4ad83f123f99ab3d8c '   itemscope=\"itemscope\" itemtype=\"https:\/\/schema.org\/CreativeWork\" ><div class='avia_textblock'  itemprop=\"text\" ><p>Pakkaus: 0,5L; 1L<\/p>\n<p><span lang=\"fi-FI\">Hajuton liuotin alkydi- ja \u00f6ljymaalien ohentamiseen ja ty\u00f6v\u00e4lineiden puhdistamiseen. Sopii rasva-, pihka-, asfaltti- ja \u00f6ljytahrojen poistamiseen erilaisista pinnoista.<\/span><\/p>\n<\/div><\/section><\/p><\/div><\/div><\/div><\/main><!-- close content main element --><\/div><\/div>\n<style type=\"text\/css\" data-created_by=\"avia_inline_auto\" id=\"style-css-av-zteczq-8a99d0bb31227847db46094dea968b93\">\n.avia-section.av-zteczq-8a99d0bb31227847db46094dea968b93{\nbackground-color:#f9f9f9;\nbackground-image:unset;\n}\n<\/style>\n<div id='product-category'  class='avia-section av-zteczq-8a99d0bb31227847db46094dea968b93 main_color avia-section-small avia-no-border-styling  avia-builder-el-7  el_after_av_section  el_before_av_section  avia-bg-style-scroll container_wrap sidebar_right'  ><div class='container av-section-cont-open' ><div class='template-page content  av-content-small alpha units'><div class='post-entry post-entry-type-page post-entry-5046'><div class='entry-content-wrapper clearfix'>\n\n<style type=\"text\/css\" data-created_by=\"avia_inline_auto\" id=\"style-css-av-yilwk6-316dcc6fa405a9b82c8ee28d90ead74f\">\n.flex_column.av-yilwk6-316dcc6fa405a9b82c8ee28d90ead74f{\nborder-radius:0px 0px 0px 0px;\npadding:20px 20px 20px 20px;\nbackground-color:#ffffff;\n}\n<\/style>\n<div  class='flex_column av-yilwk6-316dcc6fa405a9b82c8ee28d90ead74f av_one_fifth  avia-builder-el-8  el_before_av_one_fifth  avia-builder-el-first  first flex_column_div  '     ><p>\n<style type=\"text\/css\" data-created_by=\"avia_inline_auto\" id=\"style-css-av-wlfjs6-0d156ad1560372394e82df811d695e35\">\n.avia-image-container.av-wlfjs6-0d156ad1560372394e82df811d695e35 img.avia_image{\nbox-shadow:none;\n}\n.avia-image-container.av-wlfjs6-0d156ad1560372394e82df811d695e35 .av-image-caption-overlay-center{\ncolor:#ffffff;\n}\n<\/style>\n<div  class='avia-image-container av-wlfjs6-0d156ad1560372394e82df811d695e35 av-styling-no-styling av-img-linked avia-align-center  avia-builder-el-9  el_before_av_heading  avia-builder-el-first '   itemprop=\"image\" itemscope=\"itemscope\" itemtype=\"https:\/\/schema.org\/ImageObject\" ><div class=\"avia-image-container-inner\"><div class=\"avia-image-overlay-wrap\"><a href=\"https:\/\/kemetrv.ee\/puidukaitsevahendid\/linaoli\/\" class='avia_image '  ><img fetchpriority=\"high\" class='wp-image-3731 avia-img-lazy-loading-not-3731 avia_image ' src='https:\/\/kemetrv.ee\/wp-content\/uploads\/category-puidukaitsevahendid-linaoli.png' alt='' title=''  height=\"400\" width=\"300\"  itemprop=\"thumbnailUrl\"  \/><\/a><\/div><\/div><\/div><br \/>\n\n<style type=\"text\/css\" data-created_by=\"avia_inline_auto\" id=\"style-css-av-uw7rd2-8789364c0fce160b17e8aaf7a3b1df0b\">\n#top .av-special-heading.av-uw7rd2-8789364c0fce160b17e8aaf7a3b1df0b{\npadding-bottom:0;\n}\nbody .av-special-heading.av-uw7rd2-8789364c0fce160b17e8aaf7a3b1df0b .av-special-heading-tag .heading-char{\nfont-size:25px;\n}\n.av-special-heading.av-uw7rd2-8789364c0fce160b17e8aaf7a3b1df0b .av-subheading{\nfont-size:12px;\n}\n<\/style>\n<div  class='av-special-heading av-uw7rd2-8789364c0fce160b17e8aaf7a3b1df0b av-special-heading-h2 blockquote modern-quote  avia-builder-el-10  el_after_av_image  avia-builder-el-last '><div class='av-subheading av-subheading_above'><p>puupintojen kyll\u00e4st\u00e4miseen sis\u00e4t\u00f6iss\u00e4<\/p>\n<\/div><h2 class='av-special-heading-tag '  itemprop=\"headline\"  >Pellava\u00f6ljy<\/h2><div class=\"special-heading-border\"><div class=\"special-heading-inner-border\"><\/div><\/div><\/div><\/p><\/div>\n<style type=\"text\/css\" data-created_by=\"avia_inline_auto\" id=\"style-css-av-sv0ija-b4bf345018f6e4401bd0af82e999695b\">\n.flex_column.av-sv0ija-b4bf345018f6e4401bd0af82e999695b{\nborder-radius:0px 0px 0px 0px;\npadding:20px 20px 20px 20px;\nbackground-color:#ffffff;\n}\n<\/style>\n<div  class='flex_column av-sv0ija-b4bf345018f6e4401bd0af82e999695b av_one_fifth  avia-builder-el-11  el_after_av_one_fifth  el_before_av_one_fifth  flex_column_div  '     ><p>\n<style type=\"text\/css\" data-created_by=\"avia_inline_auto\" id=\"style-css-av-ruga9y-8a7d270e56c5a666b84f870b5acecead\">\n.avia-image-container.av-ruga9y-8a7d270e56c5a666b84f870b5acecead img.avia_image{\nbox-shadow:none;\n}\n.avia-image-container.av-ruga9y-8a7d270e56c5a666b84f870b5acecead .av-image-caption-overlay-center{\ncolor:#ffffff;\n}\n<\/style>\n<div  class='avia-image-container av-ruga9y-8a7d270e56c5a666b84f870b5acecead av-styling-no-styling av-img-linked avia-align-center  avia-builder-el-12  el_before_av_heading  avia-builder-el-first '   itemprop=\"image\" itemscope=\"itemscope\" itemtype=\"https:\/\/schema.org\/ImageObject\" ><div class=\"avia-image-container-inner\"><div class=\"avia-image-overlay-wrap\"><a href=\"https:\/\/kemetrv.ee\/varvid\/katusevarv-alkor\/\" class='avia_image '  aria-label='Katusev\u00e4rv ALKOR'><img fetchpriority=\"high\" class='wp-image-6550 avia-img-lazy-loading-not-6550 avia_image ' src='https:\/\/kemetrv.ee\/wp-content\/uploads\/category-varvid-katusevarv-alkor-3l.png' alt='' title='Katusev\u00e4rv ALKOR'  height=\"400\" width=\"300\"  itemprop=\"thumbnailUrl\"  \/><\/a><\/div><\/div><\/div><br \/>\n\n<style type=\"text\/css\" data-created_by=\"avia_inline_auto\" id=\"style-css-av-pj7o6u-64c07ce04b507135d9684badd18897c9\">\n#top .av-special-heading.av-pj7o6u-64c07ce04b507135d9684badd18897c9{\npadding-bottom:0;\n}\nbody .av-special-heading.av-pj7o6u-64c07ce04b507135d9684badd18897c9 .av-special-heading-tag .heading-char{\nfont-size:25px;\n}\n.av-special-heading.av-pj7o6u-64c07ce04b507135d9684badd18897c9 .av-subheading{\nfont-size:12px;\n}\n<\/style>\n<div  class='av-special-heading av-pj7o6u-64c07ce04b507135d9684badd18897c9 av-special-heading-h2 blockquote modern-quote  avia-builder-el-13  el_after_av_image  avia-builder-el-last '><div class='av-subheading av-subheading_above'><p>kattotiilille<\/p>\n<\/div><h2 class='av-special-heading-tag '  itemprop=\"headline\"  >Kattotiilimaali ALKOR<\/h2><div class=\"special-heading-border\"><div class=\"special-heading-inner-border\"><\/div><\/div><\/div><\/p><\/div>\n<style type=\"text\/css\" data-created_by=\"avia_inline_auto\" id=\"style-css-av-o14vba-211e74d92a14932fe7b6f39d8d916d40\">\n.flex_column.av-o14vba-211e74d92a14932fe7b6f39d8d916d40{\nborder-radius:0px 0px 0px 0px;\npadding:20px 20px 20px 20px;\nbackground-color:#ffffff;\n}\n<\/style>\n<div  class='flex_column av-o14vba-211e74d92a14932fe7b6f39d8d916d40 av_one_fifth  avia-builder-el-14  el_after_av_one_fifth  el_before_av_one_fifth  flex_column_div  '     ><p>\n<style type=\"text\/css\" data-created_by=\"avia_inline_auto\" id=\"style-css-av-lr6c6e-259a94b237eaba6d350ce52daed36b86\">\n.avia-image-container.av-lr6c6e-259a94b237eaba6d350ce52daed36b86 img.avia_image{\nbox-shadow:none;\n}\n.avia-image-container.av-lr6c6e-259a94b237eaba6d350ce52daed36b86 .av-image-caption-overlay-center{\ncolor:#ffffff;\n}\n<\/style>\n<div  class='avia-image-container av-lr6c6e-259a94b237eaba6d350ce52daed36b86 av-styling-no-styling av-img-linked avia-align-center  avia-builder-el-15  el_before_av_heading  avia-builder-el-first '   itemprop=\"image\" itemscope=\"itemscope\" itemtype=\"https:\/\/schema.org\/ImageObject\" ><div class=\"avia-image-container-inner\"><div class=\"avia-image-overlay-wrap\"><a href=\"https:\/\/kemetrv.ee\/varvid\/linaolivarv-palett\/\" class='avia_image '  ><img fetchpriority=\"high\" class='wp-image-3746 avia-img-lazy-loading-not-3746 avia_image ' src='https:\/\/kemetrv.ee\/wp-content\/uploads\/category-varvid-linaolivarv-palett-1l.png' alt='' title=''  height=\"400\" width=\"300\"  itemprop=\"thumbnailUrl\"  \/><\/a><\/div><\/div><\/div><br \/>\n\n<style type=\"text\/css\" data-created_by=\"avia_inline_auto\" id=\"style-css-av-kynoau-95ff2ffbb1db7d8bebd0fe85222d7910\">\n#top .av-special-heading.av-kynoau-95ff2ffbb1db7d8bebd0fe85222d7910{\npadding-bottom:0;\n}\nbody .av-special-heading.av-kynoau-95ff2ffbb1db7d8bebd0fe85222d7910 .av-special-heading-tag .heading-char{\nfont-size:25px;\n}\n.av-special-heading.av-kynoau-95ff2ffbb1db7d8bebd0fe85222d7910 .av-subheading{\nfont-size:12px;\n}\n<\/style>\n<div  class='av-special-heading av-kynoau-95ff2ffbb1db7d8bebd0fe85222d7910 av-special-heading-h2 blockquote modern-quote  avia-builder-el-16  el_after_av_image  avia-builder-el-last '><div class='av-subheading av-subheading_above'><p>puupinnoille<\/p>\n<\/div><h2 class='av-special-heading-tag '  itemprop=\"headline\"  >Pellava\u00f6ljymaali <span class='special_amp'>&#8221;<\/span>PALETTI<span class='special_amp'>&#8221;<\/span><\/h2><div class=\"special-heading-border\"><div class=\"special-heading-inner-border\"><\/div><\/div><\/div><\/p><\/div>\n<style type=\"text\/css\" data-created_by=\"avia_inline_auto\" id=\"style-css-av-jgv5sm-c8f1f17a05b7b79d609f54998deb5b51\">\n.flex_column.av-jgv5sm-c8f1f17a05b7b79d609f54998deb5b51{\nborder-radius:0px 0px 0px 0px;\npadding:20px 20px 20px 20px;\nbackground-color:#ffffff;\n}\n<\/style>\n<div  class='flex_column av-jgv5sm-c8f1f17a05b7b79d609f54998deb5b51 av_one_fifth  avia-builder-el-17  el_after_av_one_fifth  el_before_av_one_fifth  flex_column_div  '     ><p>\n<style type=\"text\/css\" data-created_by=\"avia_inline_auto\" id=\"style-css-av-hg7mue-38c7af2b7f753f266cb24e30761e0fc5\">\n.avia-image-container.av-hg7mue-38c7af2b7f753f266cb24e30761e0fc5 img.avia_image{\nbox-shadow:none;\n}\n.avia-image-container.av-hg7mue-38c7af2b7f753f266cb24e30761e0fc5 .av-image-caption-overlay-center{\ncolor:#ffffff;\n}\n<\/style>\n<div  class='avia-image-container av-hg7mue-38c7af2b7f753f266cb24e30761e0fc5 av-styling-no-styling av-img-linked avia-align-center  avia-builder-el-18  el_before_av_heading  avia-builder-el-first '   itemprop=\"image\" itemscope=\"itemscope\" itemtype=\"https:\/\/schema.org\/ImageObject\" ><div class=\"avia-image-container-inner\"><div class=\"avia-image-overlay-wrap\"><a href=\"https:\/\/kemetrv.ee\/varvid\/alkuudvarv-spekter\/\" class='avia_image '  ><img fetchpriority=\"high\" class='wp-image-6641 avia-img-lazy-loading-not-6641 avia_image ' src='https:\/\/kemetrv.ee\/wp-content\/uploads\/category-varvid-alkuudvarv-spekter-1l.png' alt='' title=''  height=\"400\" width=\"300\"  itemprop=\"thumbnailUrl\"  \/><\/a><\/div><\/div><\/div><br \/>\n\n<style type=\"text\/css\" data-created_by=\"avia_inline_auto\" id=\"style-css-av-fo4jae-411edb041eabfedb452aa7fec28aa312\">\n#top .av-special-heading.av-fo4jae-411edb041eabfedb452aa7fec28aa312{\npadding-bottom:0;\n}\nbody .av-special-heading.av-fo4jae-411edb041eabfedb452aa7fec28aa312 .av-special-heading-tag .heading-char{\nfont-size:25px;\n}\n.av-special-heading.av-fo4jae-411edb041eabfedb452aa7fec28aa312 .av-subheading{\nfont-size:12px;\n}\n<\/style>\n<div  class='av-special-heading av-fo4jae-411edb041eabfedb452aa7fec28aa312 av-special-heading-h2 blockquote modern-quote  avia-builder-el-19  el_after_av_image  avia-builder-el-last '><div class='av-subheading av-subheading_above'><p>yleismaali<\/p>\n<\/div><h2 class='av-special-heading-tag '  itemprop=\"headline\"  >Alkydimaali SPEKTER<\/h2><div class=\"special-heading-border\"><div class=\"special-heading-inner-border\"><\/div><\/div><\/div><\/p><\/div>\n<style type=\"text\/css\" data-created_by=\"avia_inline_auto\" id=\"style-css-av-eb3pc6-2163e8bbe2c4144be0a5e1ae628fd9e4\">\n.flex_column.av-eb3pc6-2163e8bbe2c4144be0a5e1ae628fd9e4{\nborder-radius:0px 0px 0px 0px;\npadding:20px 20px 20px 20px;\nbackground-color:#ffffff;\n}\n<\/style>\n<div  class='flex_column av-eb3pc6-2163e8bbe2c4144be0a5e1ae628fd9e4 av_one_fifth  avia-builder-el-20  el_after_av_one_fifth  avia-builder-el-last  flex_column_div  '     ><p>\n<style type=\"text\/css\" data-created_by=\"avia_inline_auto\" id=\"style-css-av-ca28ue-b853166904420d903ce301378157be2a\">\n.avia-image-container.av-ca28ue-b853166904420d903ce301378157be2a img.avia_image{\nbox-shadow:none;\n}\n.avia-image-container.av-ca28ue-b853166904420d903ce301378157be2a .av-image-caption-overlay-center{\ncolor:#ffffff;\n}\n<\/style>\n<div  class='avia-image-container av-ca28ue-b853166904420d903ce301378157be2a av-styling-no-styling av-img-linked avia-align-center  avia-builder-el-21  el_before_av_heading  avia-builder-el-first '   itemprop=\"image\" itemscope=\"itemscope\" itemtype=\"https:\/\/schema.org\/ImageObject\" ><div class=\"avia-image-container-inner\"><div class=\"avia-image-overlay-wrap\"><a href=\"https:\/\/kemetrv.ee\/puidukaitsevahendid\/mannitorv\/\" class='avia_image '  ><img fetchpriority=\"high\" class='wp-image-3733 avia-img-lazy-loading-not-3733 avia_image ' src='https:\/\/kemetrv.ee\/wp-content\/uploads\/category-puidukaitsevahendid-mannitorv.png' alt='' title=''  height=\"400\" width=\"300\"  itemprop=\"thumbnailUrl\"  \/><\/a><\/div><\/div><\/div><br \/>\n\n<style type=\"text\/css\" data-created_by=\"avia_inline_auto\" id=\"style-css-av-ai5shi-01af7b3cf7edeb06be2aa6ea66e2a809\">\n#top .av-special-heading.av-ai5shi-01af7b3cf7edeb06be2aa6ea66e2a809{\npadding-bottom:0;\n}\nbody .av-special-heading.av-ai5shi-01af7b3cf7edeb06be2aa6ea66e2a809 .av-special-heading-tag .heading-char{\nfont-size:25px;\n}\n.av-special-heading.av-ai5shi-01af7b3cf7edeb06be2aa6ea66e2a809 .av-subheading{\nfont-size:12px;\n}\n<\/style>\n<div  class='av-special-heading av-ai5shi-01af7b3cf7edeb06be2aa6ea66e2a809 av-special-heading-h2 blockquote modern-quote  avia-builder-el-22  el_after_av_image  avia-builder-el-last '><div class='av-subheading av-subheading_above'><p>luonnollinen puunsuoja-aine<\/p>\n<\/div><h2 class='av-special-heading-tag '  itemprop=\"headline\"  >M\u00e4ntyterva<\/h2><div class=\"special-heading-border\"><div class=\"special-heading-inner-border\"><\/div><\/div><\/div><\/p><\/div>\n<\/p>\n<\/div><\/div><\/div><!-- close content main div --><\/div><\/div><div id='av_section_3'  class='avia-section av-9svapi-42f318f8f5749c732430282b36b8ff57 main_color avia-section-large avia-no-border-styling  avia-builder-el-23  el_after_av_section  avia-builder-el-last  avia-bg-style-scroll container_wrap sidebar_right'  ><div class='container av-section-cont-open' ><div class='template-page content  av-content-small alpha units'><div class='post-entry post-entry-type-page post-entry-5046'><div class='entry-content-wrapper clearfix'>\n\n<style type=\"text\/css\" data-created_by=\"avia_inline_auto\" id=\"style-css-av-qwwfq-76f1fa17b1e30d77d2fa8ecb2643d0a2\">\n.flex_column.av-qwwfq-76f1fa17b1e30d77d2fa8ecb2643d0a2{\nborder-radius:0px 0px 0px 0px;\npadding:0px 0px 0px 0px;\n}\n<\/style>\n<div  class='flex_column av-qwwfq-76f1fa17b1e30d77d2fa8ecb2643d0a2 av_one_third  avia-builder-el-24  el_before_av_two_third  avia-builder-el-first  first flex_column_div av-hide-on-mobile av-zero-column-padding  '     ><\/div>\n<style type=\"text\/css\" data-created_by=\"avia_inline_auto\" id=\"style-css-av-5rko8m-0b56ff5c81f335eaecd2f5ec95c58906\">\n.flex_column.av-5rko8m-0b56ff5c81f335eaecd2f5ec95c58906{\nborder-radius:0px 0px 0px 0px;\npadding:0px 0px 0px 0px;\n}\n<\/style>\n<div  class='flex_column av-5rko8m-0b56ff5c81f335eaecd2f5ec95c58906 av_two_third  avia-builder-el-25  el_after_av_one_third  avia-builder-el-last  flex_column_div av-zero-column-padding  '     ><p>\n<style type=\"text\/css\" data-created_by=\"avia_inline_auto\" id=\"style-css-av-4d0jjq-314c452099a6871e57ae11634eee5fab\">\n#top .av-special-heading.av-4d0jjq-314c452099a6871e57ae11634eee5fab{\npadding-bottom:0;\n}\nbody .av-special-heading.av-4d0jjq-314c452099a6871e57ae11634eee5fab .av-special-heading-tag .heading-char{\nfont-size:25px;\n}\n.av-special-heading.av-4d0jjq-314c452099a6871e57ae11634eee5fab .av-subheading{\nfont-size:12px;\n}\n<\/style>\n<div  class='av-special-heading av-4d0jjq-314c452099a6871e57ae11634eee5fab av-special-heading-h2 blockquote modern-quote  avia-builder-el-26  el_before_av_textblock  avia-builder-el-first '><div class='av-subheading av-subheading_above'><p>projektimyynti<\/p>\n<\/div><h2 class='av-special-heading-tag '  itemprop=\"headline\"  >SUUNNITTELETKO SUUREMPAA REMONTTI- TAI RAKENNUSPROJEKTIA?<\/h2><div class=\"special-heading-border\"><div class=\"special-heading-inner-border\"><\/div><\/div><\/div><br \/>\n<section  class='av_textblock_section av-3ayik6-cc4aa1cabe840b802997b00658e240fa '   itemscope=\"itemscope\" itemtype=\"https:\/\/schema.org\/CreativeWork\" ><div class='avia_textblock'  itemprop=\"text\" ><dl>\n<dt><span lang=\"fi-FI\">Kysy myyntiedustajaltamme tarjousta kaikille tuotteille kerralla, jolloin s\u00e4\u00e4st\u00e4t tuotteiden hinnan ja toimituskustannusten lis\u00e4ksi my\u00f6s aikaa. Yhteystiedot +372 58 50 6969, sales@kemetrv.ee<\/span><\/dt>\n<dt><\/dt>\n<\/dl>\n<\/div><\/section><br \/>\n<div  class='avia-button-wrap av-jxelaa02-a14fd6d83bdd444d3b7fd504f90184d4-wrap avia-button-left  avia-builder-el-28  el_after_av_textblock  avia-builder-el-last '><a href='https:\/\/kemetrv.ee\/fi\/yhteystiedot\/'  class='avia-button av-jxelaa02-a14fd6d83bdd444d3b7fd504f90184d4 av-link-btn avia-icon_select-no avia-size-medium avia-position-left avia-color-theme-color'   aria-label=\"Kysy tarjousta!\"><span class='avia_iconbox_title' >Kysy tarjousta!<\/span><\/a><\/div><\/p><\/div>\n<\/div><\/div><\/div><!-- close content main div --><\/div><\/div><div id='after_section_3'  class='main_color av_default_container_wrap container_wrap sidebar_right'  ><div class='container av-section-cont-open' ><div class='template-page content  av-content-small alpha units'><div class='post-entry post-entry-type-page post-entry-5046'><div class='entry-content-wrapper clearfix'>\n","protected":false},"excerpt":{"rendered":"","protected":false},"author":6,"featured_media":0,"parent":5022,"menu_order":3,"comment_status":"closed","ping_status":"closed","template":"","meta":{"_acf_changed":false,"footnotes":""},"class_list":["post-5046","page","type-page","status-publish","hentry"],"acf":[],"_links":{"self":[{"href":"https:\/\/kemetrv.ee\/fi\/wp-json\/wp\/v2\/pages\/5046","targetHints":{"allow":["GET"]}}],"collection":[{"href":"https:\/\/kemetrv.ee\/fi\/wp-json\/wp\/v2\/pages"}],"about":[{"href":"https:\/\/kemetrv.ee\/fi\/wp-json\/wp\/v2\/types\/page"}],"author":[{"embeddable":true,"href":"https:\/\/kemetrv.ee\/fi\/wp-json\/wp\/v2\/users\/6"}],"replies":[{"embeddable":true,"href":"https:\/\/kemetrv.ee\/fi\/wp-json\/wp\/v2\/comments?post=5046"}],"version-history":[{"count":2,"href":"https:\/\/kemetrv.ee\/fi\/wp-json\/wp\/v2\/pages\/5046\/revisions"}],"predecessor-version":[{"id":6858,"href":"https:\/\/kemetrv.ee\/fi\/wp-json\/wp\/v2\/pages\/5046\/revisions\/6858"}],"up":[{"embeddable":true,"href":"https:\/\/kemetrv.ee\/fi\/wp-json\/wp\/v2\/pages\/5022"}],"wp:attachment":[{"href":"https:\/\/kemetrv.ee\/fi\/wp-json\/wp\/v2\/media?parent=5046"}],"curies":[{"name":"wp","href":"https:\/\/api.w.org\/{rel}","templated":true}]}}