{"id":5056,"date":"2019-06-10T13:31:52","date_gmt":"2019-06-10T10:31:52","guid":{"rendered":"https:\/\/kemetrv.ee\/?page_id=5056"},"modified":"2025-02-03T11:33:10","modified_gmt":"2025-02-03T09:33:10","slug":"asetoni","status":"publish","type":"page","link":"https:\/\/kemetrv.ee\/fi\/liuottimet\/asetoni\/","title":{"rendered":"Asetoni"},"content":{"rendered":"\n<style type=\"text\/css\" data-created_by=\"avia_inline_auto\" id=\"style-css-av-1b2vu9c-d76d04a0944f72a430168f54b979eeb5\">\n.avia-section.av-1b2vu9c-d76d04a0944f72a430168f54b979eeb5{\nbackground-color:#f9f9f9;\nbackground-image:unset;\n}\n<\/style>\n<div id='av_section_1'  class='avia-section av-1b2vu9c-d76d04a0944f72a430168f54b979eeb5 main_color avia-section-default avia-no-border-styling  avia-builder-el-0  el_before_av_section  avia-builder-el-first  avia-bg-style-scroll av-minimum-height av-minimum-height-75 av-height-75  container_wrap sidebar_right'   data-av_minimum_height_pc='75' data-av_min_height_opt='75'><div class='container av-section-cont-open' ><main  role=\"main\" itemprop=\"mainContentOfPage\"  class='template-page content  av-content-small alpha units'><div class='post-entry post-entry-type-page post-entry-5056'><div class='entry-content-wrapper clearfix'>\n\n<style type=\"text\/css\" data-created_by=\"avia_inline_auto\" id=\"style-css-av-195q4mo-60d0d135ddb0c5308b3a7455394991d5\">\n.flex_column.av-195q4mo-60d0d135ddb0c5308b3a7455394991d5{\nborder-radius:0px 0px 0px 0px;\npadding:0px 0px 0px 0px;\n}\n<\/style>\n<div  class='flex_column av-195q4mo-60d0d135ddb0c5308b3a7455394991d5 av_one_third  avia-builder-el-1  el_before_av_one_third  avia-builder-el-first  first flex_column_div av-hide-on-mobile av-zero-column-padding  '     ><\/div>\n<style type=\"text\/css\" data-created_by=\"avia_inline_auto\" id=\"style-css-av-178jcf4-6d600ee31b4e74136b238c6419e089fe\">\n.flex_column.av-178jcf4-6d600ee31b4e74136b238c6419e089fe{\nborder-radius:0px 0px 0px 0px;\npadding:0px 0px 0px 0px;\n}\n<\/style>\n<div  class='flex_column av-178jcf4-6d600ee31b4e74136b238c6419e089fe av_one_third  avia-builder-el-2  el_after_av_one_third  el_before_av_one_third  flex_column_div av-zero-column-padding  '     ><style type=\"text\/css\" data-created_by=\"avia_inline_auto\" id=\"style-css-av-16kjkqo-936ffbdaeef23752107784bba995ee8a\">\n.avia-image-container.av-16kjkqo-936ffbdaeef23752107784bba995ee8a img.avia_image{\nbox-shadow:none;\n}\n.avia-image-container.av-16kjkqo-936ffbdaeef23752107784bba995ee8a .av-image-caption-overlay-center{\ncolor:#ffffff;\n}\n<\/style>\n<div  class='avia-image-container av-16kjkqo-936ffbdaeef23752107784bba995ee8a av-styling- avia-align-center  avia-builder-el-3  avia-builder-el-no-sibling '   itemprop=\"image\" itemscope=\"itemscope\" itemtype=\"https:\/\/schema.org\/ImageObject\" ><div class=\"avia-image-container-inner\"><div class=\"avia-image-overlay-wrap\"><img fetchpriority=\"high\" class='wp-image-5441 avia-img-lazy-loading-not-5441 avia_image ' src='https:\/\/kemetrv.ee\/wp-content\/uploads\/2019\/06\/ATSETOON_1l.png' alt='' title='ATSETOON_1l'  height=\"799\" width=\"600\"  itemprop=\"thumbnailUrl\"  \/><\/div><\/div><\/div><\/div>\n<style type=\"text\/css\" data-created_by=\"avia_inline_auto\" id=\"style-css-av-148ztf4-0cc7dd57ea42e270351ddd3f49e903ed\">\n.flex_column.av-148ztf4-0cc7dd57ea42e270351ddd3f49e903ed{\nborder-radius:0px 0px 0px 0px;\npadding:50px 30px 30px 30px;\nbackground-color:#ffffff;\n}\n<\/style>\n<div  class='flex_column av-148ztf4-0cc7dd57ea42e270351ddd3f49e903ed av_one_third  avia-builder-el-4  el_after_av_one_third  avia-builder-el-last  flex_column_div  '     ><p>\n<style type=\"text\/css\" data-created_by=\"avia_inline_auto\" id=\"style-css-av-137n2xc-453216c8c3e496d61b12305fc5b63f51\">\n#top .av-special-heading.av-137n2xc-453216c8c3e496d61b12305fc5b63f51{\npadding-bottom:5px;\ncolor:#0039a6;\n}\nbody .av-special-heading.av-137n2xc-453216c8c3e496d61b12305fc5b63f51 .av-special-heading-tag .heading-char{\nfont-size:25px;\n}\n.av-special-heading.av-137n2xc-453216c8c3e496d61b12305fc5b63f51 .special-heading-inner-border{\nborder-color:#0039a6;\n}\n.av-special-heading.av-137n2xc-453216c8c3e496d61b12305fc5b63f51 .av-subheading{\nfont-size:12px;\n}\n<\/style>\n<div  class='av-special-heading av-137n2xc-453216c8c3e496d61b12305fc5b63f51 av-special-heading-h1 custom-color-heading blockquote modern-quote  avia-builder-el-5  el_before_av_textblock  avia-builder-el-first '><div class='av_custom_color av-subheading av-subheading_above'><p>liuotin<\/p>\n<\/div><h1 class='av-special-heading-tag '  itemprop=\"headline\"  >Asetoni<\/h1><div class=\"special-heading-border\"><div class=\"special-heading-inner-border\"><\/div><\/div><\/div><br \/>\n<section  class='av_textblock_section av-110zi74-ce90d73716ed0443e3fcdf01309c9c46 '   itemscope=\"itemscope\" itemtype=\"https:\/\/schema.org\/CreativeWork\" ><div class='avia_textblock'  itemprop=\"text\" ><p>Pakkaus: 0,5L; 1L; 3L; 5L; 10L; 20L<\/p>\n<p><span lang=\"fi-FI\">Asetoni on tarkoitettu rasva-, maali- ja lakkatahrojen poistamiseen sek\u00e4 vanhan nitromaalin ja -lakan poistamiseen pinnoista. Sopii pintojen puhdistukseen ennen liimausta ja poistaa hyvin orgaanisen lian. <\/span><\/p>\n<\/div><\/section><\/p><\/div><\/div><\/div><\/main><!-- close content main element --><\/div><\/div>\n<style type=\"text\/css\" data-created_by=\"avia_inline_auto\" id=\"style-css-av-zlsvbk-adcf5ba4e04b6a19cce65c352d976dda\">\n.avia-section.av-zlsvbk-adcf5ba4e04b6a19cce65c352d976dda{\nbackground-color:#f9f9f9;\nbackground-image:unset;\n}\n<\/style>\n<div id='product-category'  class='avia-section av-zlsvbk-adcf5ba4e04b6a19cce65c352d976dda main_color avia-section-small avia-no-border-styling  avia-builder-el-7  el_after_av_section  el_before_av_section  avia-bg-style-scroll container_wrap sidebar_right'  ><div class='container av-section-cont-open' ><div class='template-page content  av-content-small alpha units'><div class='post-entry post-entry-type-page post-entry-5056'><div class='entry-content-wrapper clearfix'>\n\n<style type=\"text\/css\" data-created_by=\"avia_inline_auto\" id=\"style-css-av-xuux8w-297a80b1a5a3df258ae07119294745ad\">\n.flex_column.av-xuux8w-297a80b1a5a3df258ae07119294745ad{\nborder-radius:0px 0px 0px 0px;\npadding:20px 20px 20px 20px;\nbackground-color:#ffffff;\n}\n<\/style>\n<div  class='flex_column av-xuux8w-297a80b1a5a3df258ae07119294745ad av_one_fifth  avia-builder-el-8  el_before_av_one_fifth  avia-builder-el-first  first flex_column_div  '     ><p>\n<style type=\"text\/css\" data-created_by=\"avia_inline_auto\" id=\"style-css-av-390ff4-581eb86aaef04569c2600706430aec3b\">\n.avia-image-container.av-390ff4-581eb86aaef04569c2600706430aec3b img.avia_image{\nbox-shadow:none;\n}\n.avia-image-container.av-390ff4-581eb86aaef04569c2600706430aec3b .av-image-caption-overlay-center{\ncolor:#ffffff;\n}\n<\/style>\n<div  class='avia-image-container av-390ff4-581eb86aaef04569c2600706430aec3b av-styling-no-styling av-img-linked avia-align-center  avia-builder-el-9  el_before_av_heading  avia-builder-el-first '   itemprop=\"image\" itemscope=\"itemscope\" itemtype=\"https:\/\/schema.org\/ImageObject\" ><div class=\"avia-image-container-inner\"><div class=\"avia-image-overlay-wrap\"><a href=\"https:\/\/kemetrv.ee\/puidukaitsevahendid\/linaoli\/\" class='avia_image '  ><img fetchpriority=\"high\" class='wp-image-3731 avia-img-lazy-loading-not-3731 avia_image ' src='https:\/\/kemetrv.ee\/wp-content\/uploads\/category-puidukaitsevahendid-linaoli.png' alt='' title=''  height=\"400\" width=\"300\"  itemprop=\"thumbnailUrl\"  \/><\/a><\/div><\/div><\/div><br \/>\n\n<style type=\"text\/css\" data-created_by=\"avia_inline_auto\" id=\"style-css-av-uve6k0-36645b4fd3de060ae3b05b808920e0ba\">\n#top .av-special-heading.av-uve6k0-36645b4fd3de060ae3b05b808920e0ba{\npadding-bottom:0;\n}\nbody .av-special-heading.av-uve6k0-36645b4fd3de060ae3b05b808920e0ba .av-special-heading-tag .heading-char{\nfont-size:25px;\n}\n.av-special-heading.av-uve6k0-36645b4fd3de060ae3b05b808920e0ba .av-subheading{\nfont-size:12px;\n}\n<\/style>\n<div  class='av-special-heading av-uve6k0-36645b4fd3de060ae3b05b808920e0ba av-special-heading-h2 blockquote modern-quote  avia-builder-el-10  el_after_av_image  avia-builder-el-last '><div class='av-subheading av-subheading_above'><p>puupintojen kyll\u00e4st\u00e4miseen sis\u00e4t\u00f6iss\u00e4<\/p>\n<\/div><h2 class='av-special-heading-tag '  itemprop=\"headline\"  >Pellava\u00f6ljy<\/h2><div class=\"special-heading-border\"><div class=\"special-heading-inner-border\"><\/div><\/div><\/div><\/p><\/div>\n<style type=\"text\/css\" data-created_by=\"avia_inline_auto\" id=\"style-css-av-t0h25s-655f6dbc37272332e73e71752d681e70\">\n.flex_column.av-t0h25s-655f6dbc37272332e73e71752d681e70{\nborder-radius:0px 0px 0px 0px;\npadding:20px 20px 20px 20px;\nbackground-color:#ffffff;\n}\n<\/style>\n<div  class='flex_column av-t0h25s-655f6dbc37272332e73e71752d681e70 av_one_fifth  avia-builder-el-11  el_after_av_one_fifth  el_before_av_one_fifth  flex_column_div  '     ><p>\n<style type=\"text\/css\" data-created_by=\"avia_inline_auto\" id=\"style-css-av-ry8low-c92bdd54256400cb0745a872c33166ec\">\n.avia-image-container.av-ry8low-c92bdd54256400cb0745a872c33166ec img.avia_image{\nbox-shadow:none;\n}\n.avia-image-container.av-ry8low-c92bdd54256400cb0745a872c33166ec .av-image-caption-overlay-center{\ncolor:#ffffff;\n}\n<\/style>\n<div  class='avia-image-container av-ry8low-c92bdd54256400cb0745a872c33166ec av-styling-no-styling av-img-linked avia-align-center  avia-builder-el-12  el_before_av_heading  avia-builder-el-first '   itemprop=\"image\" itemscope=\"itemscope\" itemtype=\"https:\/\/schema.org\/ImageObject\" ><div class=\"avia-image-container-inner\"><div class=\"avia-image-overlay-wrap\"><a href=\"https:\/\/kemetrv.ee\/varvid\/katusevarv-alkor\/\" class='avia_image '  aria-label='Katusev\u00e4rv ALKOR'><img fetchpriority=\"high\" class='wp-image-6550 avia-img-lazy-loading-not-6550 avia_image ' src='https:\/\/kemetrv.ee\/wp-content\/uploads\/category-varvid-katusevarv-alkor-3l.png' alt='' title='Katusev\u00e4rv ALKOR'  height=\"400\" width=\"300\"  itemprop=\"thumbnailUrl\"  \/><\/a><\/div><\/div><\/div><br \/>\n\n<style type=\"text\/css\" data-created_by=\"avia_inline_auto\" id=\"style-css-av-96m1s-31c22fe10a4f19d19cf86f4bb17cca4c\">\n#top .av-special-heading.av-96m1s-31c22fe10a4f19d19cf86f4bb17cca4c{\npadding-bottom:0;\n}\nbody .av-special-heading.av-96m1s-31c22fe10a4f19d19cf86f4bb17cca4c .av-special-heading-tag .heading-char{\nfont-size:25px;\n}\n.av-special-heading.av-96m1s-31c22fe10a4f19d19cf86f4bb17cca4c .av-subheading{\nfont-size:12px;\n}\n<\/style>\n<div  class='av-special-heading av-96m1s-31c22fe10a4f19d19cf86f4bb17cca4c av-special-heading-h2 blockquote modern-quote  avia-builder-el-13  el_after_av_image  avia-builder-el-last '><div class='av-subheading av-subheading_above'><p>kattotiilille<\/p>\n<\/div><h2 class='av-special-heading-tag '  itemprop=\"headline\"  >Kattotiilimaali ALKOR<\/h2><div class=\"special-heading-border\"><div class=\"special-heading-inner-border\"><\/div><\/div><\/div><\/p><\/div>\n<style type=\"text\/css\" data-created_by=\"avia_inline_auto\" id=\"style-css-av-neim1s-b45370394fc15074613cf7bf31fce428\">\n.flex_column.av-neim1s-b45370394fc15074613cf7bf31fce428{\nborder-radius:0px 0px 0px 0px;\npadding:20px 20px 20px 20px;\nbackground-color:#ffffff;\n}\n<\/style>\n<div  class='flex_column av-neim1s-b45370394fc15074613cf7bf31fce428 av_one_fifth  avia-builder-el-14  el_after_av_one_fifth  el_before_av_one_fifth  flex_column_div  '     ><p>\n<style type=\"text\/css\" data-created_by=\"avia_inline_auto\" id=\"style-css-av-m8ku74-4965686d5ad4b77a6dbce9a5ba1d7b4c\">\n.avia-image-container.av-m8ku74-4965686d5ad4b77a6dbce9a5ba1d7b4c img.avia_image{\nbox-shadow:none;\n}\n.avia-image-container.av-m8ku74-4965686d5ad4b77a6dbce9a5ba1d7b4c .av-image-caption-overlay-center{\ncolor:#ffffff;\n}\n<\/style>\n<div  class='avia-image-container av-m8ku74-4965686d5ad4b77a6dbce9a5ba1d7b4c av-styling-no-styling av-img-linked avia-align-center  avia-builder-el-15  el_before_av_heading  avia-builder-el-first '   itemprop=\"image\" itemscope=\"itemscope\" itemtype=\"https:\/\/schema.org\/ImageObject\" ><div class=\"avia-image-container-inner\"><div class=\"avia-image-overlay-wrap\"><a href=\"https:\/\/kemetrv.ee\/varvid\/linaolivarv-palett\/\" class='avia_image '  ><img fetchpriority=\"high\" class='wp-image-3746 avia-img-lazy-loading-not-3746 avia_image ' src='https:\/\/kemetrv.ee\/wp-content\/uploads\/category-varvid-linaolivarv-palett-1l.png' alt='' title=''  height=\"400\" width=\"300\"  itemprop=\"thumbnailUrl\"  \/><\/a><\/div><\/div><\/div><br \/>\n\n<style type=\"text\/css\" data-created_by=\"avia_inline_auto\" id=\"style-css-av-k32uds-49faede701523f165b8d1fa432fadc3f\">\n#top .av-special-heading.av-k32uds-49faede701523f165b8d1fa432fadc3f{\npadding-bottom:0;\n}\nbody .av-special-heading.av-k32uds-49faede701523f165b8d1fa432fadc3f .av-special-heading-tag .heading-char{\nfont-size:25px;\n}\n.av-special-heading.av-k32uds-49faede701523f165b8d1fa432fadc3f .av-subheading{\nfont-size:12px;\n}\n<\/style>\n<div  class='av-special-heading av-k32uds-49faede701523f165b8d1fa432fadc3f av-special-heading-h2 blockquote modern-quote  avia-builder-el-16  el_after_av_image  avia-builder-el-last '><div class='av-subheading av-subheading_above'><p>puupinnoille<\/p>\n<\/div><h2 class='av-special-heading-tag '  itemprop=\"headline\"  >Pellava\u00f6ljymaali <span class='special_amp'>&#8221;<\/span>PALETTI<span class='special_amp'>&#8221;<\/span><\/h2><div class=\"special-heading-border\"><div class=\"special-heading-inner-border\"><\/div><\/div><\/div><\/p><\/div>\n<style type=\"text\/css\" data-created_by=\"avia_inline_auto\" id=\"style-css-av-ip7kr4-1b476182ab99cffea27a306ac7c6686d\">\n.flex_column.av-ip7kr4-1b476182ab99cffea27a306ac7c6686d{\nborder-radius:0px 0px 0px 0px;\npadding:20px 20px 20px 20px;\nbackground-color:#ffffff;\n}\n<\/style>\n<div  class='flex_column av-ip7kr4-1b476182ab99cffea27a306ac7c6686d av_one_fifth  avia-builder-el-17  el_after_av_one_fifth  el_before_av_one_fifth  flex_column_div  '     ><p>\n<style type=\"text\/css\" data-created_by=\"avia_inline_auto\" id=\"style-css-av-h4tm1s-0fd661409610bdefbff6bc3098a25d88\">\n.avia-image-container.av-h4tm1s-0fd661409610bdefbff6bc3098a25d88 img.avia_image{\nbox-shadow:none;\n}\n.avia-image-container.av-h4tm1s-0fd661409610bdefbff6bc3098a25d88 .av-image-caption-overlay-center{\ncolor:#ffffff;\n}\n<\/style>\n<div  class='avia-image-container av-h4tm1s-0fd661409610bdefbff6bc3098a25d88 av-styling-no-styling av-img-linked avia-align-center  avia-builder-el-18  el_before_av_heading  avia-builder-el-first '   itemprop=\"image\" itemscope=\"itemscope\" itemtype=\"https:\/\/schema.org\/ImageObject\" ><div class=\"avia-image-container-inner\"><div class=\"avia-image-overlay-wrap\"><a href=\"https:\/\/kemetrv.ee\/varvid\/alkuudvarv-spekter\/\" class='avia_image '  ><img fetchpriority=\"high\" class='wp-image-6641 avia-img-lazy-loading-not-6641 avia_image ' src='https:\/\/kemetrv.ee\/wp-content\/uploads\/category-varvid-alkuudvarv-spekter-1l.png' alt='' title=''  height=\"400\" width=\"300\"  itemprop=\"thumbnailUrl\"  \/><\/a><\/div><\/div><\/div><br \/>\n\n<style type=\"text\/css\" data-created_by=\"avia_inline_auto\" id=\"style-css-av-frc9yo-7b37e7e33e1d331295d0cc1392f8171c\">\n#top .av-special-heading.av-frc9yo-7b37e7e33e1d331295d0cc1392f8171c{\npadding-bottom:0;\n}\nbody .av-special-heading.av-frc9yo-7b37e7e33e1d331295d0cc1392f8171c .av-special-heading-tag .heading-char{\nfont-size:25px;\n}\n.av-special-heading.av-frc9yo-7b37e7e33e1d331295d0cc1392f8171c .av-subheading{\nfont-size:12px;\n}\n<\/style>\n<div  class='av-special-heading av-frc9yo-7b37e7e33e1d331295d0cc1392f8171c av-special-heading-h2 blockquote modern-quote  avia-builder-el-19  el_after_av_image  avia-builder-el-last '><div class='av-subheading av-subheading_above'><p>yleismaali<\/p>\n<\/div><h2 class='av-special-heading-tag '  itemprop=\"headline\"  >Alkydimaali SPEKTER<\/h2><div class=\"special-heading-border\"><div class=\"special-heading-inner-border\"><\/div><\/div><\/div><\/p><\/div>\n<style type=\"text\/css\" data-created_by=\"avia_inline_auto\" id=\"style-css-av-diugz4-3c827236d3a63acebd2f5b8bc732cef8\">\n.flex_column.av-diugz4-3c827236d3a63acebd2f5b8bc732cef8{\nborder-radius:0px 0px 0px 0px;\npadding:20px 20px 20px 20px;\nbackground-color:#ffffff;\n}\n<\/style>\n<div  class='flex_column av-diugz4-3c827236d3a63acebd2f5b8bc732cef8 av_one_fifth  avia-builder-el-20  el_after_av_one_fifth  avia-builder-el-last  flex_column_div  '     ><p>\n<style type=\"text\/css\" data-created_by=\"avia_inline_auto\" id=\"style-css-av-bvjp4g-27db5f27b03262d94f507a469dce3ce5\">\n.avia-image-container.av-bvjp4g-27db5f27b03262d94f507a469dce3ce5 img.avia_image{\nbox-shadow:none;\n}\n.avia-image-container.av-bvjp4g-27db5f27b03262d94f507a469dce3ce5 .av-image-caption-overlay-center{\ncolor:#ffffff;\n}\n<\/style>\n<div  class='avia-image-container av-bvjp4g-27db5f27b03262d94f507a469dce3ce5 av-styling-no-styling av-img-linked avia-align-center  avia-builder-el-21  el_before_av_heading  avia-builder-el-first '   itemprop=\"image\" itemscope=\"itemscope\" itemtype=\"https:\/\/schema.org\/ImageObject\" ><div class=\"avia-image-container-inner\"><div class=\"avia-image-overlay-wrap\"><a href=\"https:\/\/kemetrv.ee\/puidukaitsevahendid\/mannitorv\/\" class='avia_image '  ><img fetchpriority=\"high\" class='wp-image-3733 avia-img-lazy-loading-not-3733 avia_image ' src='https:\/\/kemetrv.ee\/wp-content\/uploads\/category-puidukaitsevahendid-mannitorv.png' alt='' title=''  height=\"400\" width=\"300\"  itemprop=\"thumbnailUrl\"  \/><\/a><\/div><\/div><\/div><br \/>\n\n<style type=\"text\/css\" data-created_by=\"avia_inline_auto\" id=\"style-css-av-bkcbio-3ce61a9d3b0a10f4df6a4719bcada1e3\">\n#top .av-special-heading.av-bkcbio-3ce61a9d3b0a10f4df6a4719bcada1e3{\npadding-bottom:0;\n}\nbody .av-special-heading.av-bkcbio-3ce61a9d3b0a10f4df6a4719bcada1e3 .av-special-heading-tag .heading-char{\nfont-size:25px;\n}\n.av-special-heading.av-bkcbio-3ce61a9d3b0a10f4df6a4719bcada1e3 .av-subheading{\nfont-size:12px;\n}\n<\/style>\n<div  class='av-special-heading av-bkcbio-3ce61a9d3b0a10f4df6a4719bcada1e3 av-special-heading-h2 blockquote modern-quote  avia-builder-el-22  el_after_av_image  avia-builder-el-last '><div class='av-subheading av-subheading_above'><p>luonnollinen puunsuoja-aine<\/p>\n<\/div><h2 class='av-special-heading-tag '  itemprop=\"headline\"  >M\u00e4ntyterva<\/h2><div class=\"special-heading-border\"><div class=\"special-heading-inner-border\"><\/div><\/div><\/div><\/p><\/div>\n<\/p>\n<\/div><\/div><\/div><!-- close content main div --><\/div><\/div><div id='av_section_3'  class='avia-section av-9s3fmo-6a5964dc21692335682d8c8af13476f9 main_color avia-section-large avia-no-border-styling  avia-builder-el-23  el_after_av_section  avia-builder-el-last  avia-bg-style-scroll container_wrap sidebar_right'  ><div class='container av-section-cont-open' ><div class='template-page content  av-content-small alpha units'><div class='post-entry post-entry-type-page post-entry-5056'><div class='entry-content-wrapper clearfix'>\n\n<style type=\"text\/css\" data-created_by=\"avia_inline_auto\" id=\"style-css-av-7v1kw0-57e4c146e50a523ed8e68eeae0970777\">\n.flex_column.av-7v1kw0-57e4c146e50a523ed8e68eeae0970777{\nborder-radius:0px 0px 0px 0px;\npadding:0px 0px 0px 0px;\n}\n<\/style>\n<div  class='flex_column av-7v1kw0-57e4c146e50a523ed8e68eeae0970777 av_one_third  avia-builder-el-24  el_before_av_two_third  avia-builder-el-first  first flex_column_div av-hide-on-mobile av-zero-column-padding  '     ><\/div>\n<style type=\"text\/css\" data-created_by=\"avia_inline_auto\" id=\"style-css-av-5z1g68-1bbcdc94c297fc078bd6467c605d9a43\">\n.flex_column.av-5z1g68-1bbcdc94c297fc078bd6467c605d9a43{\nborder-radius:0px 0px 0px 0px;\npadding:0px 0px 0px 0px;\n}\n<\/style>\n<div  class='flex_column av-5z1g68-1bbcdc94c297fc078bd6467c605d9a43 av_two_third  avia-builder-el-25  el_after_av_one_third  avia-builder-el-last  flex_column_div av-zero-column-padding  '     ><p>\n<style type=\"text\/css\" data-created_by=\"avia_inline_auto\" id=\"style-css-av-4s7ycg-d5914ef2542649eff1bc26d4852de30b\">\n#top .av-special-heading.av-4s7ycg-d5914ef2542649eff1bc26d4852de30b{\npadding-bottom:0;\n}\nbody .av-special-heading.av-4s7ycg-d5914ef2542649eff1bc26d4852de30b .av-special-heading-tag .heading-char{\nfont-size:25px;\n}\n.av-special-heading.av-4s7ycg-d5914ef2542649eff1bc26d4852de30b .av-subheading{\nfont-size:12px;\n}\n<\/style>\n<div  class='av-special-heading av-4s7ycg-d5914ef2542649eff1bc26d4852de30b av-special-heading-h2 blockquote modern-quote  avia-builder-el-26  el_before_av_textblock  avia-builder-el-first '><div class='av-subheading av-subheading_above'><p>projektimyynti<\/p>\n<\/div><h2 class='av-special-heading-tag '  itemprop=\"headline\"  >SUUNNITTELETKO SUUREMPAA REMONTTI- TAI RAKENNUSPROJEKTIA?<\/h2><div class=\"special-heading-border\"><div class=\"special-heading-inner-border\"><\/div><\/div><\/div><br \/>\n<section  class='av_textblock_section av-2kuveo-92ebd3a5f5cb71a0d320bfffed1d7ae7 '   itemscope=\"itemscope\" itemtype=\"https:\/\/schema.org\/CreativeWork\" ><div class='avia_textblock'  itemprop=\"text\" ><dl>\n<dt><span lang=\"fi-FI\">Kysy myyntiedustajaltamme tarjousta kaikille tuotteille kerralla, jolloin s\u00e4\u00e4st\u00e4t tuotteiden hinnan ja toimituskustannusten lis\u00e4ksi my\u00f6s aikaa. Yhteystiedot +372 58 50 6969, sales@kemetrv.ee<\/span><\/dt>\n<dt><\/dt>\n<\/dl>\n<\/div><\/section><br \/>\n<div  class='avia-button-wrap av-jxelawrk-397956270509356ca007bfc613aa7312-wrap avia-button-left  avia-builder-el-28  el_after_av_textblock  avia-builder-el-last '><a href='https:\/\/kemetrv.ee\/fi\/yhteystiedot\/'  class='avia-button av-jxelawrk-397956270509356ca007bfc613aa7312 av-link-btn avia-icon_select-no avia-size-medium avia-position-left avia-color-theme-color'   aria-label=\"Kysy tarjousta!\"><span class='avia_iconbox_title' >Kysy tarjousta!<\/span><\/a><\/div><\/p><\/div>\n<\/div><\/div><\/div><!-- close content main div --><\/div><\/div><div id='after_section_3'  class='main_color av_default_container_wrap container_wrap sidebar_right'  ><div class='container av-section-cont-open' ><div class='template-page content  av-content-small alpha units'><div class='post-entry post-entry-type-page post-entry-5056'><div class='entry-content-wrapper clearfix'>\n","protected":false},"excerpt":{"rendered":"","protected":false},"author":6,"featured_media":0,"parent":5022,"menu_order":4,"comment_status":"closed","ping_status":"closed","template":"","meta":{"_acf_changed":false,"footnotes":""},"class_list":["post-5056","page","type-page","status-publish","hentry"],"acf":[],"_links":{"self":[{"href":"https:\/\/kemetrv.ee\/fi\/wp-json\/wp\/v2\/pages\/5056","targetHints":{"allow":["GET"]}}],"collection":[{"href":"https:\/\/kemetrv.ee\/fi\/wp-json\/wp\/v2\/pages"}],"about":[{"href":"https:\/\/kemetrv.ee\/fi\/wp-json\/wp\/v2\/types\/page"}],"author":[{"embeddable":true,"href":"https:\/\/kemetrv.ee\/fi\/wp-json\/wp\/v2\/users\/6"}],"replies":[{"embeddable":true,"href":"https:\/\/kemetrv.ee\/fi\/wp-json\/wp\/v2\/comments?post=5056"}],"version-history":[{"count":2,"href":"https:\/\/kemetrv.ee\/fi\/wp-json\/wp\/v2\/pages\/5056\/revisions"}],"predecessor-version":[{"id":6848,"href":"https:\/\/kemetrv.ee\/fi\/wp-json\/wp\/v2\/pages\/5056\/revisions\/6848"}],"up":[{"embeddable":true,"href":"https:\/\/kemetrv.ee\/fi\/wp-json\/wp\/v2\/pages\/5022"}],"wp:attachment":[{"href":"https:\/\/kemetrv.ee\/fi\/wp-json\/wp\/v2\/media?parent=5056"}],"curies":[{"name":"wp","href":"https:\/\/api.w.org\/{rel}","templated":true}]}}