{"id":5065,"date":"2019-06-10T13:43:51","date_gmt":"2019-06-10T10:43:51","guid":{"rendered":"https:\/\/kemetrv.ee\/?page_id=5065"},"modified":"2025-02-03T11:32:24","modified_gmt":"2025-02-03T09:32:24","slug":"pihkatarpatti-manty","status":"publish","type":"page","link":"https:\/\/kemetrv.ee\/fi\/liuottimet\/pihkatarpatti-manty\/","title":{"rendered":"Pihkat\u00e4rp\u00e4tti (m\u00e4nty)"},"content":{"rendered":"\n<style type=\"text\/css\" data-created_by=\"avia_inline_auto\" id=\"style-css-av-1bf30g9-a39d7dd8edbbbe4dcd4756fc9f623103\">\n.avia-section.av-1bf30g9-a39d7dd8edbbbe4dcd4756fc9f623103{\nbackground-color:#f9f9f9;\nbackground-image:unset;\n}\n<\/style>\n<div id='av_section_1'  class='avia-section av-1bf30g9-a39d7dd8edbbbe4dcd4756fc9f623103 main_color avia-section-default avia-no-border-styling  avia-builder-el-0  el_before_av_section  avia-builder-el-first  avia-bg-style-scroll av-minimum-height av-minimum-height-75 av-height-75  container_wrap sidebar_right'   data-av_minimum_height_pc='75' data-av_min_height_opt='75'><div class='container av-section-cont-open' ><main  role=\"main\" itemprop=\"mainContentOfPage\"  class='template-page content  av-content-small alpha units'><div class='post-entry post-entry-type-page post-entry-5065'><div class='entry-content-wrapper clearfix'>\n\n<style type=\"text\/css\" data-created_by=\"avia_inline_auto\" id=\"style-css-av-19aq649-83be5e17a94a6687201e0954fb330d1b\">\n.flex_column.av-19aq649-83be5e17a94a6687201e0954fb330d1b{\nborder-radius:0px 0px 0px 0px;\npadding:0px 0px 0px 0px;\n}\n<\/style>\n<div  class='flex_column av-19aq649-83be5e17a94a6687201e0954fb330d1b av_one_third  avia-builder-el-1  el_before_av_one_third  avia-builder-el-first  first flex_column_div av-hide-on-mobile av-zero-column-padding  '     ><\/div>\n<style type=\"text\/css\" data-created_by=\"avia_inline_auto\" id=\"style-css-av-182iiqh-fdbd988accedf205496efb6977a0fa2c\">\n.flex_column.av-182iiqh-fdbd988accedf205496efb6977a0fa2c{\nborder-radius:0px 0px 0px 0px;\npadding:0px 0px 0px 0px;\n}\n<\/style>\n<div  class='flex_column av-182iiqh-fdbd988accedf205496efb6977a0fa2c av_one_third  avia-builder-el-2  el_after_av_one_third  el_before_av_one_third  flex_column_div av-zero-column-padding  '     ><style type=\"text\/css\" data-created_by=\"avia_inline_auto\" id=\"style-css-av-15uvd55-a1715efb58d80f135dede92e357d0af2\">\n.avia-image-container.av-15uvd55-a1715efb58d80f135dede92e357d0af2 img.avia_image{\nbox-shadow:none;\n}\n.avia-image-container.av-15uvd55-a1715efb58d80f135dede92e357d0af2 .av-image-caption-overlay-center{\ncolor:#ffffff;\n}\n<\/style>\n<div  class='avia-image-container av-15uvd55-a1715efb58d80f135dede92e357d0af2 av-styling- avia-align-center  avia-builder-el-3  avia-builder-el-no-sibling '   itemprop=\"image\" itemscope=\"itemscope\" itemtype=\"https:\/\/schema.org\/ImageObject\" ><div class=\"avia-image-container-inner\"><div class=\"avia-image-overlay-wrap\"><img fetchpriority=\"high\" class='wp-image-5071 avia-img-lazy-loading-not-5071 avia_image ' src='https:\/\/kemetrv.ee\/wp-content\/uploads\/2019\/06\/vaigut4rpentin_1l.png' alt='' title='vaigut4rpentin_1l'  height=\"800\" width=\"600\"  itemprop=\"thumbnailUrl\"  \/><\/div><\/div><\/div><\/div>\n<style type=\"text\/css\" data-created_by=\"avia_inline_auto\" id=\"style-css-av-14uja3d-40b1155c6e0a677b581928abf95964b1\">\n.flex_column.av-14uja3d-40b1155c6e0a677b581928abf95964b1{\nborder-radius:0px 0px 0px 0px;\npadding:50px 30px 30px 30px;\nbackground-color:#ffffff;\n}\n<\/style>\n<div  class='flex_column av-14uja3d-40b1155c6e0a677b581928abf95964b1 av_one_third  avia-builder-el-4  el_after_av_one_third  avia-builder-el-last  flex_column_div  '     ><p>\n<style type=\"text\/css\" data-created_by=\"avia_inline_auto\" id=\"style-css-av-137i5gp-9cbfb51e3ec89272556aa09b0f4eb54e\">\n#top .av-special-heading.av-137i5gp-9cbfb51e3ec89272556aa09b0f4eb54e{\npadding-bottom:5px;\ncolor:#0039a6;\n}\nbody .av-special-heading.av-137i5gp-9cbfb51e3ec89272556aa09b0f4eb54e .av-special-heading-tag .heading-char{\nfont-size:25px;\n}\n.av-special-heading.av-137i5gp-9cbfb51e3ec89272556aa09b0f4eb54e .special-heading-inner-border{\nborder-color:#0039a6;\n}\n.av-special-heading.av-137i5gp-9cbfb51e3ec89272556aa09b0f4eb54e .av-subheading{\nfont-size:12px;\n}\n<\/style>\n<div  class='av-special-heading av-137i5gp-9cbfb51e3ec89272556aa09b0f4eb54e av-special-heading-h1 custom-color-heading blockquote modern-quote  avia-builder-el-5  el_before_av_textblock  avia-builder-el-first '><div class='av_custom_color av-subheading av-subheading_above'><p>liuotin<\/p>\n<\/div><h1 class='av-special-heading-tag '  itemprop=\"headline\"  >PIHKAT\u00c4RP\u00c4TTI (M\u00c4NTY)<\/h1><div class=\"special-heading-border\"><div class=\"special-heading-inner-border\"><\/div><\/div><\/div><br \/>\n<section  class='av_textblock_section av-111eq1l-1453f4f1559f10f6f41e99adc23c0246 '   itemscope=\"itemscope\" itemtype=\"https:\/\/schema.org\/CreativeWork\" ><div class='avia_textblock'  itemprop=\"text\" ><p>Pakkaus: 0,5L; 1L; 3L; 5L; 10L; 20L<\/p>\n<p>Pihkat\u00e4rp\u00e4tti on tarkoitettu pellava\u00f6ljyn, \u00f6ljymaalien, m\u00e4ntytervan ja vahojen ohentamiseen ja tahrojen poistamiseen.<\/p>\n<\/div><\/section><\/p><\/div><\/div><\/div><\/main><!-- close content main element --><\/div><\/div>\n<style type=\"text\/css\" data-created_by=\"avia_inline_auto\" id=\"style-css-av-10415vd-8cd57a09c00437411a425f55b6a0a290\">\n.avia-section.av-10415vd-8cd57a09c00437411a425f55b6a0a290{\nbackground-color:#f9f9f9;\nbackground-image:unset;\n}\n<\/style>\n<div id='product-category'  class='avia-section av-10415vd-8cd57a09c00437411a425f55b6a0a290 main_color avia-section-small avia-no-border-styling  avia-builder-el-7  el_after_av_section  el_before_av_section  avia-bg-style-scroll container_wrap sidebar_right'  ><div class='container av-section-cont-open' ><div class='template-page content  av-content-small alpha units'><div class='post-entry post-entry-type-page post-entry-5065'><div class='entry-content-wrapper clearfix'>\n\n<style type=\"text\/css\" data-created_by=\"avia_inline_auto\" id=\"style-css-av-yphw1l-18b93b0730c37b314275258ac2acba01\">\n.flex_column.av-yphw1l-18b93b0730c37b314275258ac2acba01{\nborder-radius:0px 0px 0px 0px;\npadding:20px 20px 20px 20px;\nbackground-color:#ffffff;\n}\n<\/style>\n<div  class='flex_column av-yphw1l-18b93b0730c37b314275258ac2acba01 av_one_fifth  avia-builder-el-8  el_before_av_one_fifth  avia-builder-el-first  first flex_column_div  '     ><p>\n<style type=\"text\/css\" data-created_by=\"avia_inline_auto\" id=\"style-css-av-wjeoc9-f08ddb4b5e8e06000e2baa7eb1a0f005\">\n.avia-image-container.av-wjeoc9-f08ddb4b5e8e06000e2baa7eb1a0f005 img.avia_image{\nbox-shadow:none;\n}\n.avia-image-container.av-wjeoc9-f08ddb4b5e8e06000e2baa7eb1a0f005 .av-image-caption-overlay-center{\ncolor:#ffffff;\n}\n<\/style>\n<div  class='avia-image-container av-wjeoc9-f08ddb4b5e8e06000e2baa7eb1a0f005 av-styling-no-styling av-img-linked avia-align-center  avia-builder-el-9  el_before_av_heading  avia-builder-el-first '   itemprop=\"image\" itemscope=\"itemscope\" itemtype=\"https:\/\/schema.org\/ImageObject\" ><div class=\"avia-image-container-inner\"><div class=\"avia-image-overlay-wrap\"><a href=\"https:\/\/kemetrv.ee\/varvid\/rootsi-muldvarv-maalri\/\" class='avia_image '  ><img fetchpriority=\"high\" class='wp-image-3751 avia-img-lazy-loading-not-3751 avia_image ' src='https:\/\/kemetrv.ee\/wp-content\/uploads\/category-varvid-rootsi-muldvarv-maalri-3kg.png' alt='' title=''  height=\"400\" width=\"300\"  itemprop=\"thumbnailUrl\"  \/><\/a><\/div><\/div><\/div><br \/>\n\n<style type=\"text\/css\" data-created_by=\"avia_inline_auto\" id=\"style-css-av-ufujyh-65efae0eb0195f06fbfc9b3f904277a7\">\n#top .av-special-heading.av-ufujyh-65efae0eb0195f06fbfc9b3f904277a7{\npadding-bottom:0;\n}\nbody .av-special-heading.av-ufujyh-65efae0eb0195f06fbfc9b3f904277a7 .av-special-heading-tag .heading-char{\nfont-size:25px;\n}\n.av-special-heading.av-ufujyh-65efae0eb0195f06fbfc9b3f904277a7 .av-subheading{\nfont-size:12px;\n}\n<\/style>\n<div  class='av-special-heading av-ufujyh-65efae0eb0195f06fbfc9b3f904277a7 av-special-heading-h2 blockquote modern-quote  avia-builder-el-10  el_after_av_image  avia-builder-el-last '><div class='av-subheading av-subheading_above'><p>sahattuihin puupintoihin<\/p>\n<\/div><h2 class='av-special-heading-tag '  itemprop=\"headline\"  >Multamaali MAALRI (<span class='special_amp'>&#8221;<\/span>Maalarin<span class='special_amp'>&#8221;<\/span>)<\/h2><div class=\"special-heading-border\"><div class=\"special-heading-inner-border\"><\/div><\/div><\/div><\/p><\/div>\n<style type=\"text\/css\" data-created_by=\"avia_inline_auto\" id=\"style-css-av-sj726x-a3886fa2ef750f5afcd5f050e6345d1e\">\n.flex_column.av-sj726x-a3886fa2ef750f5afcd5f050e6345d1e{\nborder-radius:0px 0px 0px 0px;\npadding:20px 20px 20px 20px;\nbackground-color:#ffffff;\n}\n<\/style>\n<div  class='flex_column av-sj726x-a3886fa2ef750f5afcd5f050e6345d1e av_one_fifth  avia-builder-el-11  el_after_av_one_fifth  el_before_av_one_fifth  flex_column_div  '     ><p>\n<style type=\"text\/css\" data-created_by=\"avia_inline_auto\" id=\"style-css-av-qmmkg9-6d58e207a00e4255bb3c1fdb464d7d1b\">\n.avia-image-container.av-qmmkg9-6d58e207a00e4255bb3c1fdb464d7d1b img.avia_image{\nbox-shadow:none;\n}\n.avia-image-container.av-qmmkg9-6d58e207a00e4255bb3c1fdb464d7d1b .av-image-caption-overlay-center{\ncolor:#ffffff;\n}\n<\/style>\n<div  class='avia-image-container av-qmmkg9-6d58e207a00e4255bb3c1fdb464d7d1b av-styling-no-styling av-img-linked avia-align-center  avia-builder-el-12  el_before_av_heading  avia-builder-el-first '   itemprop=\"image\" itemscope=\"itemscope\" itemtype=\"https:\/\/schema.org\/ImageObject\" ><div class=\"avia-image-container-inner\"><div class=\"avia-image-overlay-wrap\"><a href=\"https:\/\/kemetrv.ee\/varvid\/katusevarv-alkor\/\" class='avia_image '  aria-label='Katusev\u00e4rv ALKOR'><img fetchpriority=\"high\" class='wp-image-6550 avia-img-lazy-loading-not-6550 avia_image ' src='https:\/\/kemetrv.ee\/wp-content\/uploads\/category-varvid-katusevarv-alkor-3l.png' alt='' title='Katusev\u00e4rv ALKOR'  height=\"400\" width=\"300\"  itemprop=\"thumbnailUrl\"  \/><\/a><\/div><\/div><\/div><br \/>\n\n<style type=\"text\/css\" data-created_by=\"avia_inline_auto\" id=\"style-css-av-2kofxl-bfa5aeb7e25421d9e90aeec31e3a103b\">\n#top .av-special-heading.av-2kofxl-bfa5aeb7e25421d9e90aeec31e3a103b{\npadding-bottom:0;\n}\nbody .av-special-heading.av-2kofxl-bfa5aeb7e25421d9e90aeec31e3a103b .av-special-heading-tag .heading-char{\nfont-size:25px;\n}\n.av-special-heading.av-2kofxl-bfa5aeb7e25421d9e90aeec31e3a103b .av-subheading{\nfont-size:12px;\n}\n<\/style>\n<div  class='av-special-heading av-2kofxl-bfa5aeb7e25421d9e90aeec31e3a103b av-special-heading-h2 blockquote modern-quote  avia-builder-el-13  el_after_av_image  avia-builder-el-last '><div class='av-subheading av-subheading_above'><p>kattotiilille<\/p>\n<\/div><h2 class='av-special-heading-tag '  itemprop=\"headline\"  >Kattotiilimaali ALKOR<\/h2><div class=\"special-heading-border\"><div class=\"special-heading-inner-border\"><\/div><\/div><\/div><\/p><\/div>\n<style type=\"text\/css\" data-created_by=\"avia_inline_auto\" id=\"style-css-av-nhl7jd-fb901aeb0c18722c19fbb43faaeb22e4\">\n.flex_column.av-nhl7jd-fb901aeb0c18722c19fbb43faaeb22e4{\nborder-radius:0px 0px 0px 0px;\npadding:20px 20px 20px 20px;\nbackground-color:#ffffff;\n}\n<\/style>\n<div  class='flex_column av-nhl7jd-fb901aeb0c18722c19fbb43faaeb22e4 av_one_fifth  avia-builder-el-14  el_after_av_one_fifth  el_before_av_one_fifth  flex_column_div  '     ><p>\n<style type=\"text\/css\" data-created_by=\"avia_inline_auto\" id=\"style-css-av-m1zzyx-b850c73fdad2c76a8243315d9e69a44c\">\n.avia-image-container.av-m1zzyx-b850c73fdad2c76a8243315d9e69a44c img.avia_image{\nbox-shadow:none;\n}\n.avia-image-container.av-m1zzyx-b850c73fdad2c76a8243315d9e69a44c .av-image-caption-overlay-center{\ncolor:#ffffff;\n}\n<\/style>\n<div  class='avia-image-container av-m1zzyx-b850c73fdad2c76a8243315d9e69a44c av-styling-no-styling av-img-linked avia-align-center  avia-builder-el-15  el_before_av_heading  avia-builder-el-first '   itemprop=\"image\" itemscope=\"itemscope\" itemtype=\"https:\/\/schema.org\/ImageObject\" ><div class=\"avia-image-container-inner\"><div class=\"avia-image-overlay-wrap\"><a href=\"https:\/\/kemetrv.ee\/varvid\/linaolivarv-palett\/\" class='avia_image '  ><img fetchpriority=\"high\" class='wp-image-3746 avia-img-lazy-loading-not-3746 avia_image ' src='https:\/\/kemetrv.ee\/wp-content\/uploads\/category-varvid-linaolivarv-palett-1l.png' alt='' title=''  height=\"400\" width=\"300\"  itemprop=\"thumbnailUrl\"  \/><\/a><\/div><\/div><\/div><br \/>\n\n<style type=\"text\/css\" data-created_by=\"avia_inline_auto\" id=\"style-css-av-kpjyh5-920b7208fd4724b15e94b56295f02c1b\">\n#top .av-special-heading.av-kpjyh5-920b7208fd4724b15e94b56295f02c1b{\npadding-bottom:0;\n}\nbody .av-special-heading.av-kpjyh5-920b7208fd4724b15e94b56295f02c1b .av-special-heading-tag .heading-char{\nfont-size:25px;\n}\n.av-special-heading.av-kpjyh5-920b7208fd4724b15e94b56295f02c1b .av-subheading{\nfont-size:12px;\n}\n<\/style>\n<div  class='av-special-heading av-kpjyh5-920b7208fd4724b15e94b56295f02c1b av-special-heading-h2 blockquote modern-quote  avia-builder-el-16  el_after_av_image  avia-builder-el-last '><div class='av-subheading av-subheading_above'><p>puupinnoille<\/p>\n<\/div><h2 class='av-special-heading-tag '  itemprop=\"headline\"  >Pellava\u00f6ljymaali <span class='special_amp'>&#8221;<\/span>PALETTI<span class='special_amp'>&#8221;<\/span><\/h2><div class=\"special-heading-border\"><div class=\"special-heading-inner-border\"><\/div><\/div><\/div><\/p><\/div>\n<style type=\"text\/css\" data-created_by=\"avia_inline_auto\" id=\"style-css-av-jf0xjt-afaa251b0c4647fc5e791febaada190f\">\n.flex_column.av-jf0xjt-afaa251b0c4647fc5e791febaada190f{\nborder-radius:0px 0px 0px 0px;\npadding:20px 20px 20px 20px;\nbackground-color:#ffffff;\n}\n<\/style>\n<div  class='flex_column av-jf0xjt-afaa251b0c4647fc5e791febaada190f av_one_fifth  avia-builder-el-17  el_after_av_one_fifth  el_before_av_one_fifth  flex_column_div  '     ><p>\n<style type=\"text\/css\" data-created_by=\"avia_inline_auto\" id=\"style-css-av-hrhl21-a80689c35f3fb609feb85a02129fe976\">\n.avia-image-container.av-hrhl21-a80689c35f3fb609feb85a02129fe976 img.avia_image{\nbox-shadow:none;\n}\n.avia-image-container.av-hrhl21-a80689c35f3fb609feb85a02129fe976 .av-image-caption-overlay-center{\ncolor:#ffffff;\n}\n<\/style>\n<div  class='avia-image-container av-hrhl21-a80689c35f3fb609feb85a02129fe976 av-styling-no-styling av-img-linked avia-align-center  avia-builder-el-18  el_before_av_heading  avia-builder-el-first '   itemprop=\"image\" itemscope=\"itemscope\" itemtype=\"https:\/\/schema.org\/ImageObject\" ><div class=\"avia-image-container-inner\"><div class=\"avia-image-overlay-wrap\"><a href=\"https:\/\/kemetrv.ee\/varvid\/alkuudvarv-spekter\/\" class='avia_image '  ><img fetchpriority=\"high\" class='wp-image-6641 avia-img-lazy-loading-not-6641 avia_image ' src='https:\/\/kemetrv.ee\/wp-content\/uploads\/category-varvid-alkuudvarv-spekter-1l.png' alt='' title=''  height=\"400\" width=\"300\"  itemprop=\"thumbnailUrl\"  \/><\/a><\/div><\/div><\/div><br \/>\n\n<style type=\"text\/css\" data-created_by=\"avia_inline_auto\" id=\"style-css-av-ff5ynd-c6ddfb25ca18f1af5e638822896d6565\">\n#top .av-special-heading.av-ff5ynd-c6ddfb25ca18f1af5e638822896d6565{\npadding-bottom:0;\n}\nbody .av-special-heading.av-ff5ynd-c6ddfb25ca18f1af5e638822896d6565 .av-special-heading-tag .heading-char{\nfont-size:25px;\n}\n.av-special-heading.av-ff5ynd-c6ddfb25ca18f1af5e638822896d6565 .av-subheading{\nfont-size:12px;\n}\n<\/style>\n<div  class='av-special-heading av-ff5ynd-c6ddfb25ca18f1af5e638822896d6565 av-special-heading-h2 blockquote modern-quote  avia-builder-el-19  el_after_av_image  avia-builder-el-last '><div class='av-subheading av-subheading_above'><p>yleismaali<\/p>\n<\/div><h2 class='av-special-heading-tag '  itemprop=\"headline\"  >Alkydimaali SPEKTER<\/h2><div class=\"special-heading-border\"><div class=\"special-heading-inner-border\"><\/div><\/div><\/div><\/p><\/div>\n<style type=\"text\/css\" data-created_by=\"avia_inline_auto\" id=\"style-css-av-dtrk7t-936267b82d3465e38d02dcba6df04a9b\">\n.flex_column.av-dtrk7t-936267b82d3465e38d02dcba6df04a9b{\nborder-radius:0px 0px 0px 0px;\npadding:20px 20px 20px 20px;\nbackground-color:#ffffff;\n}\n<\/style>\n<div  class='flex_column av-dtrk7t-936267b82d3465e38d02dcba6df04a9b av_one_fifth  avia-builder-el-20  el_after_av_one_fifth  avia-builder-el-last  flex_column_div  '     ><p>\n<style type=\"text\/css\" data-created_by=\"avia_inline_auto\" id=\"style-css-av-c2c955-ec0c9fc76cfa0797d298c9cc5939a747\">\n.avia-image-container.av-c2c955-ec0c9fc76cfa0797d298c9cc5939a747 img.avia_image{\nbox-shadow:none;\n}\n.avia-image-container.av-c2c955-ec0c9fc76cfa0797d298c9cc5939a747 .av-image-caption-overlay-center{\ncolor:#ffffff;\n}\n<\/style>\n<div  class='avia-image-container av-c2c955-ec0c9fc76cfa0797d298c9cc5939a747 av-styling-no-styling av-img-linked avia-align-center  avia-builder-el-21  el_before_av_heading  avia-builder-el-first '   itemprop=\"image\" itemscope=\"itemscope\" itemtype=\"https:\/\/schema.org\/ImageObject\" ><div class=\"avia-image-container-inner\"><div class=\"avia-image-overlay-wrap\"><a href=\"https:\/\/kemetrv.ee\/puidukaitsevahendid\/mannitorv\/\" class='avia_image '  ><img fetchpriority=\"high\" class='wp-image-3733 avia-img-lazy-loading-not-3733 avia_image ' src='https:\/\/kemetrv.ee\/wp-content\/uploads\/category-puidukaitsevahendid-mannitorv.png' alt='' title=''  height=\"400\" width=\"300\"  itemprop=\"thumbnailUrl\"  \/><\/a><\/div><\/div><\/div><br \/>\n\n<style type=\"text\/css\" data-created_by=\"avia_inline_auto\" id=\"style-css-av-b1t3gp-893f8d280925e26f665aa84a35001378\">\n#top .av-special-heading.av-b1t3gp-893f8d280925e26f665aa84a35001378{\npadding-bottom:0;\n}\nbody .av-special-heading.av-b1t3gp-893f8d280925e26f665aa84a35001378 .av-special-heading-tag .heading-char{\nfont-size:25px;\n}\n.av-special-heading.av-b1t3gp-893f8d280925e26f665aa84a35001378 .av-subheading{\nfont-size:12px;\n}\n<\/style>\n<div  class='av-special-heading av-b1t3gp-893f8d280925e26f665aa84a35001378 av-special-heading-h2 blockquote modern-quote  avia-builder-el-22  el_after_av_image  avia-builder-el-last '><div class='av-subheading av-subheading_above'><p>luonnollinen puunsuoja-aine<\/p>\n<\/div><h2 class='av-special-heading-tag '  itemprop=\"headline\"  >M\u00e4ntyterva<\/h2><div class=\"special-heading-border\"><div class=\"special-heading-inner-border\"><\/div><\/div><\/div><\/p><\/div>\n<\/p>\n<\/div><\/div><\/div><!-- close content main div --><\/div><\/div><div id='av_section_3'  class='avia-section av-999hrt-432c3a98981f24c737d261d549354764 main_color avia-section-large avia-no-border-styling  avia-builder-el-23  el_after_av_section  avia-builder-el-last  avia-bg-style-scroll container_wrap sidebar_right'  ><div class='container av-section-cont-open' ><div class='template-page content  av-content-small alpha units'><div class='post-entry post-entry-type-page post-entry-5065'><div class='entry-content-wrapper clearfix'>\n\n<style type=\"text\/css\" data-created_by=\"avia_inline_auto\" id=\"style-css-av-82ehxl-4a4c614bf89f3db8b174d263bd93f50a\">\n.flex_column.av-82ehxl-4a4c614bf89f3db8b174d263bd93f50a{\nborder-radius:0px 0px 0px 0px;\npadding:0px 0px 0px 0px;\n}\n<\/style>\n<div  class='flex_column av-82ehxl-4a4c614bf89f3db8b174d263bd93f50a av_one_third  avia-builder-el-24  el_before_av_two_third  avia-builder-el-first  first flex_column_div av-hide-on-mobile av-zero-column-padding  '     ><\/div>\n<style type=\"text\/css\" data-created_by=\"avia_inline_auto\" id=\"style-css-av-5mak49-17c6c15e2843e53609fd81ded9d6fc7b\">\n.flex_column.av-5mak49-17c6c15e2843e53609fd81ded9d6fc7b{\nborder-radius:0px 0px 0px 0px;\npadding:0px 0px 0px 0px;\n}\n<\/style>\n<div  class='flex_column av-5mak49-17c6c15e2843e53609fd81ded9d6fc7b av_two_third  avia-builder-el-25  el_after_av_one_third  avia-builder-el-last  flex_column_div av-zero-column-padding  '     ><p>\n<style type=\"text\/css\" data-created_by=\"avia_inline_auto\" id=\"style-css-av-4alya1-56905645d86cd90241138c49ef3c9c35\">\n#top .av-special-heading.av-4alya1-56905645d86cd90241138c49ef3c9c35{\npadding-bottom:0;\n}\nbody .av-special-heading.av-4alya1-56905645d86cd90241138c49ef3c9c35 .av-special-heading-tag .heading-char{\nfont-size:25px;\n}\n.av-special-heading.av-4alya1-56905645d86cd90241138c49ef3c9c35 .av-subheading{\nfont-size:12px;\n}\n<\/style>\n<div  class='av-special-heading av-4alya1-56905645d86cd90241138c49ef3c9c35 av-special-heading-h2 blockquote modern-quote  avia-builder-el-26  el_before_av_textblock  avia-builder-el-first '><div class='av-subheading av-subheading_above'><p>projektimyynti<\/p>\n<\/div><h2 class='av-special-heading-tag '  itemprop=\"headline\"  >SUUNNITTELETKO SUUREMPAA REMONTTI- TAI RAKENNUSPROJEKTIA?<\/h2><div class=\"special-heading-border\"><div class=\"special-heading-inner-border\"><\/div><\/div><\/div><br \/>\n<section  class='av_textblock_section av-2irfd5-c727db6537412a7316934a97ec04bbb8 '   itemscope=\"itemscope\" itemtype=\"https:\/\/schema.org\/CreativeWork\" ><div class='avia_textblock'  itemprop=\"text\" ><dl>\n<dt><span lang=\"fi-FI\">Kysy myyntiedustajaltamme tarjousta kaikille tuotteille kerralla, jolloin s\u00e4\u00e4st\u00e4t tuotteiden hinnan ja toimituskustannusten lis\u00e4ksi my\u00f6s aikaa. Yhteystiedot +372 58 50 6969, sales@kemetrv.ee<\/span><\/dt>\n<dt><\/dt>\n<\/dl>\n<\/div><\/section><br \/>\n<div  class='avia-button-wrap av-jxelbmis-bf65a9dca2f02c6ecb05b6b4bfdf0f81-wrap avia-button-left  avia-builder-el-28  el_after_av_textblock  avia-builder-el-last '><a href='https:\/\/kemetrv.ee\/fi\/yhteystiedot\/'  class='avia-button av-jxelbmis-bf65a9dca2f02c6ecb05b6b4bfdf0f81 av-link-btn avia-icon_select-no avia-size-medium avia-position-left avia-color-theme-color'   aria-label=\"Kysy tarjousta!\"><span class='avia_iconbox_title' >Kysy tarjousta!<\/span><\/a><\/div><\/p><\/div>\n<\/div><\/div><\/div><!-- close content main div --><\/div><\/div><div id='after_section_3'  class='main_color av_default_container_wrap container_wrap sidebar_right'  ><div class='container av-section-cont-open' ><div class='template-page content  av-content-small alpha units'><div class='post-entry post-entry-type-page post-entry-5065'><div class='entry-content-wrapper clearfix'>\n","protected":false},"excerpt":{"rendered":"","protected":false},"author":6,"featured_media":0,"parent":5022,"menu_order":5,"comment_status":"closed","ping_status":"closed","template":"","meta":{"_acf_changed":false,"footnotes":""},"class_list":["post-5065","page","type-page","status-publish","hentry"],"acf":[],"_links":{"self":[{"href":"https:\/\/kemetrv.ee\/fi\/wp-json\/wp\/v2\/pages\/5065","targetHints":{"allow":["GET"]}}],"collection":[{"href":"https:\/\/kemetrv.ee\/fi\/wp-json\/wp\/v2\/pages"}],"about":[{"href":"https:\/\/kemetrv.ee\/fi\/wp-json\/wp\/v2\/types\/page"}],"author":[{"embeddable":true,"href":"https:\/\/kemetrv.ee\/fi\/wp-json\/wp\/v2\/users\/6"}],"replies":[{"embeddable":true,"href":"https:\/\/kemetrv.ee\/fi\/wp-json\/wp\/v2\/comments?post=5065"}],"version-history":[{"count":2,"href":"https:\/\/kemetrv.ee\/fi\/wp-json\/wp\/v2\/pages\/5065\/revisions"}],"predecessor-version":[{"id":6838,"href":"https:\/\/kemetrv.ee\/fi\/wp-json\/wp\/v2\/pages\/5065\/revisions\/6838"}],"up":[{"embeddable":true,"href":"https:\/\/kemetrv.ee\/fi\/wp-json\/wp\/v2\/pages\/5022"}],"wp:attachment":[{"href":"https:\/\/kemetrv.ee\/fi\/wp-json\/wp\/v2\/media?parent=5065"}],"curies":[{"name":"wp","href":"https:\/\/api.w.org\/{rel}","templated":true}]}}