{"id":5077,"date":"2019-06-10T13:56:42","date_gmt":"2019-06-10T10:56:42","guid":{"rendered":"https:\/\/kemetrv.ee\/?page_id=5077"},"modified":"2025-02-03T11:31:25","modified_gmt":"2025-02-03T09:31:25","slug":"puhdistusbensiini","status":"publish","type":"page","link":"https:\/\/kemetrv.ee\/fi\/liuottimet\/puhdistusbensiini\/","title":{"rendered":"Puhdistusbensiini"},"content":{"rendered":"\n<style type=\"text\/css\" data-created_by=\"avia_inline_auto\" id=\"style-css-av-4ye7wl-2359c89ae9bf0b0ec5a87a5bd9f16212\">\n.avia-section.av-4ye7wl-2359c89ae9bf0b0ec5a87a5bd9f16212{\nbackground-color:#f9f9f9;\nbackground-image:unset;\n}\n<\/style>\n<div id='av_section_1'  class='avia-section av-4ye7wl-2359c89ae9bf0b0ec5a87a5bd9f16212 main_color avia-section-default avia-no-border-styling  avia-builder-el-0  el_before_av_section  avia-builder-el-first  avia-bg-style-scroll av-minimum-height av-minimum-height-75 av-height-75  container_wrap sidebar_right'   data-av_minimum_height_pc='75' data-av_min_height_opt='75'><div class='container av-section-cont-open' ><main  role=\"main\" itemprop=\"mainContentOfPage\"  class='template-page content  av-content-small alpha units'><div class='post-entry post-entry-type-page post-entry-5077'><div class='entry-content-wrapper clearfix'>\n\n<style type=\"text\/css\" data-created_by=\"avia_inline_auto\" id=\"style-css-av-1besidh-b6bc69b77962caa6d7e781226fb23f11\">\n.flex_column.av-1besidh-b6bc69b77962caa6d7e781226fb23f11{\nborder-radius:0px 0px 0px 0px;\npadding:0px 0px 0px 0px;\n}\n<\/style>\n<div  class='flex_column av-1besidh-b6bc69b77962caa6d7e781226fb23f11 av_one_third  avia-builder-el-1  el_before_av_one_third  avia-builder-el-first  first flex_column_div av-hide-on-mobile av-zero-column-padding  '     ><\/div>\n<style type=\"text\/css\" data-created_by=\"avia_inline_auto\" id=\"style-css-av-18ysuvp-9889c3b5a2f78d178d99123e45b80945\">\n.flex_column.av-18ysuvp-9889c3b5a2f78d178d99123e45b80945{\nborder-radius:0px 0px 0px 0px;\npadding:0px 0px 0px 0px;\n}\n<\/style>\n<div  class='flex_column av-18ysuvp-9889c3b5a2f78d178d99123e45b80945 av_one_third  avia-builder-el-2  el_after_av_one_third  el_before_av_one_third  flex_column_div av-zero-column-padding  '     ><p>\n<style type=\"text\/css\" data-created_by=\"avia_inline_auto\" id=\"style-css-av-g263p-b6918d05b513f5509c6820d04932ef86\">\n.avia-image-container.av-g263p-b6918d05b513f5509c6820d04932ef86 img.avia_image{\nbox-shadow:none;\n}\n.avia-image-container.av-g263p-b6918d05b513f5509c6820d04932ef86 .av-image-caption-overlay-center{\ncolor:#ffffff;\n}\n<\/style>\n<div  class='avia-image-container av-g263p-b6918d05b513f5509c6820d04932ef86 av-styling- avia-align-center  avia-builder-el-3  el_before_av_image  avia-builder-el-first '   itemprop=\"image\" itemscope=\"itemscope\" itemtype=\"https:\/\/schema.org\/ImageObject\" ><div class=\"avia-image-container-inner\"><div class=\"avia-image-overlay-wrap\"><img fetchpriority=\"high\" class='wp-image-6402 avia-img-lazy-loading-not-6402 avia_image ' src='https:\/\/kemetrv.ee\/wp-content\/uploads\/puhastusbensiin1L_800x600.png' alt='' title='puhastusbensiin'  height=\"800\" width=\"600\"  itemprop=\"thumbnailUrl\"  \/><\/div><\/div><\/div><br \/>\n\n<style type=\"text\/css\" data-created_by=\"avia_inline_auto\" id=\"style-css-av-16fc17p-6e2f56f7201241c6cd7d7ae45c4aaa1b\">\n.avia-image-container.av-16fc17p-6e2f56f7201241c6cd7d7ae45c4aaa1b img.avia_image{\nbox-shadow:none;\n}\n.avia-image-container.av-16fc17p-6e2f56f7201241c6cd7d7ae45c4aaa1b .av-image-caption-overlay-center{\ncolor:#ffffff;\n}\n<\/style>\n<div  class='avia-image-container av-16fc17p-6e2f56f7201241c6cd7d7ae45c4aaa1b av-styling-no-styling avia-align-center  avia-builder-el-4  el_after_av_image  avia-builder-el-last '   itemprop=\"image\" itemscope=\"itemscope\" itemtype=\"https:\/\/schema.org\/ImageObject\" ><div class=\"avia-image-container-inner\"><div class=\"avia-image-overlay-wrap\"><img fetchpriority=\"high\" class='wp-image- avia-img-lazy-loading-not- avia_image ' src='https:\/\/kemetrv.ee\/wp-content\/uploads\/puhastusbensiin1L_800px-105x300.png' alt='' title=''   itemprop=\"thumbnailUrl\"  \/><\/div><\/div><\/div><\/p><\/div>\n<style type=\"text\/css\" data-created_by=\"avia_inline_auto\" id=\"style-css-av-144nkfp-c0c4f0582a557037eb97ab3f8531d842\">\n.flex_column.av-144nkfp-c0c4f0582a557037eb97ab3f8531d842{\nborder-radius:0px 0px 0px 0px;\npadding:50px 30px 30px 30px;\nbackground-color:#ffffff;\n}\n<\/style>\n<div  class='flex_column av-144nkfp-c0c4f0582a557037eb97ab3f8531d842 av_one_third  avia-builder-el-5  el_after_av_one_third  avia-builder-el-last  flex_column_div  '     ><p>\n<style type=\"text\/css\" data-created_by=\"avia_inline_auto\" id=\"style-css-av-13ggq4l-8843ce9bb7319662b05500c987852509\">\n#top .av-special-heading.av-13ggq4l-8843ce9bb7319662b05500c987852509{\npadding-bottom:5px;\ncolor:#0039a6;\n}\nbody .av-special-heading.av-13ggq4l-8843ce9bb7319662b05500c987852509 .av-special-heading-tag .heading-char{\nfont-size:25px;\n}\n.av-special-heading.av-13ggq4l-8843ce9bb7319662b05500c987852509 .special-heading-inner-border{\nborder-color:#0039a6;\n}\n.av-special-heading.av-13ggq4l-8843ce9bb7319662b05500c987852509 .av-subheading{\nfont-size:12px;\n}\n<\/style>\n<div  class='av-special-heading av-13ggq4l-8843ce9bb7319662b05500c987852509 av-special-heading-h1 custom-color-heading blockquote modern-quote  avia-builder-el-6  el_before_av_textblock  avia-builder-el-first '><div class='av_custom_color av-subheading av-subheading_above'><p>liuotin<\/p>\n<\/div><h1 class='av-special-heading-tag '  itemprop=\"headline\"  >Puhdistusbensiini<\/h1><div class=\"special-heading-border\"><div class=\"special-heading-inner-border\"><\/div><\/div><\/div><br \/>\n<section  class='av_textblock_section av-10qtmx1-9074fdeac095d4763bb4c2a9196dff85 '   itemscope=\"itemscope\" itemtype=\"https:\/\/schema.org\/CreativeWork\" ><div class='avia_textblock'  itemprop=\"text\" ><p>Pakkaus: 0,5L; 1L<\/p>\n<dl>\n<dt><span lang=\"fi-FI\">Puhdistusbensiini\u00e4 k\u00e4ytet\u00e4\u00e4n pintojen puhdistukseen ja \u00f6ljytahrojen poistamiseen vaatteista sek\u00e4 kumipinnan puhdistukseen ennen liimausta. <\/span><\/dt>\n<dt><span lang=\"fi-FI\">Vaatteiden pesuliuosten valmistamiseksi saippuaveteen lis\u00e4t\u00e4\u00e4n enint\u00e4\u00e4n 10 % bensiini\u00e4.<\/span><\/dt>\n<\/dl>\n<\/div><\/section><\/p><\/div><\/div><\/div><\/main><!-- close content main element --><\/div><\/div>\n<style type=\"text\/css\" data-created_by=\"avia_inline_auto\" id=\"style-css-av-3kvt8l-4a7e86b578af3562c15a633c2098f26c\">\n.avia-section.av-3kvt8l-4a7e86b578af3562c15a633c2098f26c{\nbackground-color:#f9f9f9;\nbackground-image:unset;\n}\n<\/style>\n<div id='product-category'  class='avia-section av-3kvt8l-4a7e86b578af3562c15a633c2098f26c main_color avia-section-small avia-no-border-styling  avia-builder-el-8  el_after_av_section  el_before_av_section  avia-bg-style-scroll container_wrap sidebar_right'  ><div class='container av-section-cont-open' ><div class='template-page content  av-content-small alpha units'><div class='post-entry post-entry-type-page post-entry-5077'><div class='entry-content-wrapper clearfix'>\n\n<style type=\"text\/css\" data-created_by=\"avia_inline_auto\" id=\"style-css-av-xll7dh-617c982e01f61bc60645c41d73dd1bb5\">\n.flex_column.av-xll7dh-617c982e01f61bc60645c41d73dd1bb5{\nborder-radius:0px 0px 0px 0px;\npadding:20px 20px 20px 20px;\nbackground-color:#ffffff;\n}\n<\/style>\n<div  class='flex_column av-xll7dh-617c982e01f61bc60645c41d73dd1bb5 av_one_fifth  avia-builder-el-9  el_before_av_one_fifth  avia-builder-el-first  first flex_column_div  '     ><p>\n<style type=\"text\/css\" data-created_by=\"avia_inline_auto\" id=\"style-css-av-wn2pfp-dc270bfd62a35d9b56655e08ba399523\">\n.avia-image-container.av-wn2pfp-dc270bfd62a35d9b56655e08ba399523 img.avia_image{\nbox-shadow:none;\n}\n.avia-image-container.av-wn2pfp-dc270bfd62a35d9b56655e08ba399523 .av-image-caption-overlay-center{\ncolor:#ffffff;\n}\n<\/style>\n<div  class='avia-image-container av-wn2pfp-dc270bfd62a35d9b56655e08ba399523 av-styling-no-styling av-img-linked avia-align-center  avia-builder-el-10  el_before_av_heading  avia-builder-el-first '   itemprop=\"image\" itemscope=\"itemscope\" itemtype=\"https:\/\/schema.org\/ImageObject\" ><div class=\"avia-image-container-inner\"><div class=\"avia-image-overlay-wrap\"><a href=\"https:\/\/kemetrv.ee\/varvid\/rootsi-muldvarv-maalri\/\" class='avia_image '  ><img fetchpriority=\"high\" class='wp-image-3751 avia-img-lazy-loading-not-3751 avia_image ' src='https:\/\/kemetrv.ee\/wp-content\/uploads\/category-varvid-rootsi-muldvarv-maalri-3kg.png' alt='' title=''  height=\"400\" width=\"300\"  itemprop=\"thumbnailUrl\"  \/><\/a><\/div><\/div><\/div><br \/>\n\n<style type=\"text\/css\" data-created_by=\"avia_inline_auto\" id=\"style-css-av-ursan9-cdb90d3e1ba861fc3194bcc1170b2e05\">\n#top .av-special-heading.av-ursan9-cdb90d3e1ba861fc3194bcc1170b2e05{\npadding-bottom:0;\n}\nbody .av-special-heading.av-ursan9-cdb90d3e1ba861fc3194bcc1170b2e05 .av-special-heading-tag .heading-char{\nfont-size:25px;\n}\n.av-special-heading.av-ursan9-cdb90d3e1ba861fc3194bcc1170b2e05 .av-subheading{\nfont-size:12px;\n}\n<\/style>\n<div  class='av-special-heading av-ursan9-cdb90d3e1ba861fc3194bcc1170b2e05 av-special-heading-h2 blockquote modern-quote  avia-builder-el-11  el_after_av_image  avia-builder-el-last '><div class='av-subheading av-subheading_above'><p>sahattuihin puupintoihin<\/p>\n<\/div><h2 class='av-special-heading-tag '  itemprop=\"headline\"  >Multamaali MAALRI (<span class='special_amp'>&#8221;<\/span>Maalarin<span class='special_amp'>&#8221;<\/span>)<\/h2><div class=\"special-heading-border\"><div class=\"special-heading-inner-border\"><\/div><\/div><\/div><\/p><\/div>\n<style type=\"text\/css\" data-created_by=\"avia_inline_auto\" id=\"style-css-av-skekk5-0169da28b198f2cdea0bbf707009bd50\">\n.flex_column.av-skekk5-0169da28b198f2cdea0bbf707009bd50{\nborder-radius:0px 0px 0px 0px;\npadding:20px 20px 20px 20px;\nbackground-color:#ffffff;\n}\n<\/style>\n<div  class='flex_column av-skekk5-0169da28b198f2cdea0bbf707009bd50 av_one_fifth  avia-builder-el-12  el_after_av_one_fifth  el_before_av_one_fifth  flex_column_div  '     ><p>\n<style type=\"text\/css\" data-created_by=\"avia_inline_auto\" id=\"style-css-av-rpre1x-97a08f2b29de1050df26ae6bf8b7327b\">\n.avia-image-container.av-rpre1x-97a08f2b29de1050df26ae6bf8b7327b img.avia_image{\nbox-shadow:none;\n}\n.avia-image-container.av-rpre1x-97a08f2b29de1050df26ae6bf8b7327b .av-image-caption-overlay-center{\ncolor:#ffffff;\n}\n<\/style>\n<div  class='avia-image-container av-rpre1x-97a08f2b29de1050df26ae6bf8b7327b av-styling-no-styling av-img-linked avia-align-center  avia-builder-el-13  el_before_av_heading  avia-builder-el-first '   itemprop=\"image\" itemscope=\"itemscope\" itemtype=\"https:\/\/schema.org\/ImageObject\" ><div class=\"avia-image-container-inner\"><div class=\"avia-image-overlay-wrap\"><a href=\"https:\/\/kemetrv.ee\/varvid\/katusevarv-alkor\/\" class='avia_image '  aria-label='Katusev\u00e4rv ALKOR'><img fetchpriority=\"high\" class='wp-image-6550 avia-img-lazy-loading-not-6550 avia_image ' src='https:\/\/kemetrv.ee\/wp-content\/uploads\/category-varvid-katusevarv-alkor-3l.png' alt='' title='Katusev\u00e4rv ALKOR'  height=\"400\" width=\"300\"  itemprop=\"thumbnailUrl\"  \/><\/a><\/div><\/div><\/div><br \/>\n\n<style type=\"text\/css\" data-created_by=\"avia_inline_auto\" id=\"style-css-av-pai3mt-726a4192b0a516ce8c3bff03aaef5706\">\n#top .av-special-heading.av-pai3mt-726a4192b0a516ce8c3bff03aaef5706{\npadding-bottom:0;\n}\nbody .av-special-heading.av-pai3mt-726a4192b0a516ce8c3bff03aaef5706 .av-special-heading-tag .heading-char{\nfont-size:25px;\n}\n.av-special-heading.av-pai3mt-726a4192b0a516ce8c3bff03aaef5706 .av-subheading{\nfont-size:12px;\n}\n<\/style>\n<div  class='av-special-heading av-pai3mt-726a4192b0a516ce8c3bff03aaef5706 av-special-heading-h2 blockquote modern-quote  avia-builder-el-14  el_after_av_image  avia-builder-el-last '><div class='av-subheading av-subheading_above'><p>kattotiilille<\/p>\n<\/div><h2 class='av-special-heading-tag '  itemprop=\"headline\"  >Kattotiilimaali ALKOR<\/h2><div class=\"special-heading-border\"><div class=\"special-heading-inner-border\"><\/div><\/div><\/div><\/p><\/div>\n<style type=\"text\/css\" data-created_by=\"avia_inline_auto\" id=\"style-css-av-onget1-6139aa46787e5157302030ebdf2cccbb\">\n.flex_column.av-onget1-6139aa46787e5157302030ebdf2cccbb{\nborder-radius:0px 0px 0px 0px;\npadding:20px 20px 20px 20px;\nbackground-color:#ffffff;\n}\n<\/style>\n<div  class='flex_column av-onget1-6139aa46787e5157302030ebdf2cccbb av_one_fifth  avia-builder-el-15  el_after_av_one_fifth  el_before_av_one_fifth  flex_column_div  '     ><p>\n<style type=\"text\/css\" data-created_by=\"avia_inline_auto\" id=\"style-css-av-mxjbw5-e7758911d94efefe62f535ab32443f4d\">\n.avia-image-container.av-mxjbw5-e7758911d94efefe62f535ab32443f4d img.avia_image{\nbox-shadow:none;\n}\n.avia-image-container.av-mxjbw5-e7758911d94efefe62f535ab32443f4d .av-image-caption-overlay-center{\ncolor:#ffffff;\n}\n<\/style>\n<div  class='avia-image-container av-mxjbw5-e7758911d94efefe62f535ab32443f4d av-styling-no-styling av-img-linked avia-align-center  avia-builder-el-16  el_before_av_heading  avia-builder-el-first '   itemprop=\"image\" itemscope=\"itemscope\" itemtype=\"https:\/\/schema.org\/ImageObject\" ><div class=\"avia-image-container-inner\"><div class=\"avia-image-overlay-wrap\"><a href=\"https:\/\/kemetrv.ee\/varvid\/linaolivarv-palett\/\" class='avia_image '  ><img fetchpriority=\"high\" class='wp-image-3746 avia-img-lazy-loading-not-3746 avia_image ' src='https:\/\/kemetrv.ee\/wp-content\/uploads\/category-varvid-linaolivarv-palett-1l.png' alt='' title=''  height=\"400\" width=\"300\"  itemprop=\"thumbnailUrl\"  \/><\/a><\/div><\/div><\/div><br \/>\n\n<style type=\"text\/css\" data-created_by=\"avia_inline_auto\" id=\"style-css-av-l0bh3p-7a083b2eec508fc7d38a115cfd0030a8\">\n#top .av-special-heading.av-l0bh3p-7a083b2eec508fc7d38a115cfd0030a8{\npadding-bottom:0;\n}\nbody .av-special-heading.av-l0bh3p-7a083b2eec508fc7d38a115cfd0030a8 .av-special-heading-tag .heading-char{\nfont-size:25px;\n}\n.av-special-heading.av-l0bh3p-7a083b2eec508fc7d38a115cfd0030a8 .av-subheading{\nfont-size:12px;\n}\n<\/style>\n<div  class='av-special-heading av-l0bh3p-7a083b2eec508fc7d38a115cfd0030a8 av-special-heading-h2 blockquote modern-quote  avia-builder-el-17  el_after_av_image  avia-builder-el-last '><div class='av-subheading av-subheading_above'><p>puupinnoille<\/p>\n<\/div><h2 class='av-special-heading-tag '  itemprop=\"headline\"  >Pellava\u00f6ljymaali <span class='special_amp'>&#8221;<\/span>PALETTI<span class='special_amp'>&#8221;<\/span><\/h2><div class=\"special-heading-border\"><div class=\"special-heading-inner-border\"><\/div><\/div><\/div><\/p><\/div>\n<style type=\"text\/css\" data-created_by=\"avia_inline_auto\" id=\"style-css-av-ipyd9x-b0fb01befb6a273a1fd459de9a1b9b7f\">\n.flex_column.av-ipyd9x-b0fb01befb6a273a1fd459de9a1b9b7f{\nborder-radius:0px 0px 0px 0px;\npadding:20px 20px 20px 20px;\nbackground-color:#ffffff;\n}\n<\/style>\n<div  class='flex_column av-ipyd9x-b0fb01befb6a273a1fd459de9a1b9b7f av_one_fifth  avia-builder-el-18  el_after_av_one_fifth  el_before_av_one_fifth  flex_column_div  '     ><p>\n<style type=\"text\/css\" data-created_by=\"avia_inline_auto\" id=\"style-css-av-gsvvdx-5af2682113ebfbd416b6c2845ad7869b\">\n.avia-image-container.av-gsvvdx-5af2682113ebfbd416b6c2845ad7869b img.avia_image{\nbox-shadow:none;\n}\n.avia-image-container.av-gsvvdx-5af2682113ebfbd416b6c2845ad7869b .av-image-caption-overlay-center{\ncolor:#ffffff;\n}\n<\/style>\n<div  class='avia-image-container av-gsvvdx-5af2682113ebfbd416b6c2845ad7869b av-styling-no-styling av-img-linked avia-align-center  avia-builder-el-19  el_before_av_heading  avia-builder-el-first '   itemprop=\"image\" itemscope=\"itemscope\" itemtype=\"https:\/\/schema.org\/ImageObject\" ><div class=\"avia-image-container-inner\"><div class=\"avia-image-overlay-wrap\"><a href=\"https:\/\/kemetrv.ee\/varvid\/alkuudvarv-spekter\/\" class='avia_image '  ><img fetchpriority=\"high\" class='wp-image-6641 avia-img-lazy-loading-not-6641 avia_image ' src='https:\/\/kemetrv.ee\/wp-content\/uploads\/category-varvid-alkuudvarv-spekter-1l.png' alt='' title=''  height=\"400\" width=\"300\"  itemprop=\"thumbnailUrl\"  \/><\/a><\/div><\/div><\/div><br \/>\n\n<style type=\"text\/css\" data-created_by=\"avia_inline_auto\" id=\"style-css-av-g6dwfp-e9a4f80e1cbd941a63865fbf48b9890b\">\n#top .av-special-heading.av-g6dwfp-e9a4f80e1cbd941a63865fbf48b9890b{\npadding-bottom:0;\n}\nbody .av-special-heading.av-g6dwfp-e9a4f80e1cbd941a63865fbf48b9890b .av-special-heading-tag .heading-char{\nfont-size:25px;\n}\n.av-special-heading.av-g6dwfp-e9a4f80e1cbd941a63865fbf48b9890b .av-subheading{\nfont-size:12px;\n}\n<\/style>\n<div  class='av-special-heading av-g6dwfp-e9a4f80e1cbd941a63865fbf48b9890b av-special-heading-h2 blockquote modern-quote  avia-builder-el-20  el_after_av_image  avia-builder-el-last '><div class='av-subheading av-subheading_above'><p>yleismaali<\/p>\n<\/div><h2 class='av-special-heading-tag '  itemprop=\"headline\"  >Alkydimaali SPEKTER<\/h2><div class=\"special-heading-border\"><div class=\"special-heading-inner-border\"><\/div><\/div><\/div><\/p><\/div>\n<style type=\"text\/css\" data-created_by=\"avia_inline_auto\" id=\"style-css-av-dr1e9x-3d3278bb3201431fed3f2be2efb9d6a8\">\n.flex_column.av-dr1e9x-3d3278bb3201431fed3f2be2efb9d6a8{\nborder-radius:0px 0px 0px 0px;\npadding:20px 20px 20px 20px;\nbackground-color:#ffffff;\n}\n<\/style>\n<div  class='flex_column av-dr1e9x-3d3278bb3201431fed3f2be2efb9d6a8 av_one_fifth  avia-builder-el-21  el_after_av_one_fifth  avia-builder-el-last  flex_column_div  '     ><p>\n<style type=\"text\/css\" data-created_by=\"avia_inline_auto\" id=\"style-css-av-bzaxyt-1221b357358e19a47373e6e5989602b2\">\n.avia-image-container.av-bzaxyt-1221b357358e19a47373e6e5989602b2 img.avia_image{\nbox-shadow:none;\n}\n.avia-image-container.av-bzaxyt-1221b357358e19a47373e6e5989602b2 .av-image-caption-overlay-center{\ncolor:#ffffff;\n}\n<\/style>\n<div  class='avia-image-container av-bzaxyt-1221b357358e19a47373e6e5989602b2 av-styling-no-styling av-img-linked avia-align-center  avia-builder-el-22  el_before_av_heading  avia-builder-el-first '   itemprop=\"image\" itemscope=\"itemscope\" itemtype=\"https:\/\/schema.org\/ImageObject\" ><div class=\"avia-image-container-inner\"><div class=\"avia-image-overlay-wrap\"><a href=\"https:\/\/kemetrv.ee\/puidukaitsevahendid\/mannitorv\/\" class='avia_image '  ><img fetchpriority=\"high\" class='wp-image-3733 avia-img-lazy-loading-not-3733 avia_image ' src='https:\/\/kemetrv.ee\/wp-content\/uploads\/category-puidukaitsevahendid-mannitorv.png' alt='' title=''  height=\"400\" width=\"300\"  itemprop=\"thumbnailUrl\"  \/><\/a><\/div><\/div><\/div><br \/>\n\n<style type=\"text\/css\" data-created_by=\"avia_inline_auto\" id=\"style-css-av-ab5y5h-8071fa098914438588cdbd5d2fe318a5\">\n#top .av-special-heading.av-ab5y5h-8071fa098914438588cdbd5d2fe318a5{\npadding-bottom:0;\n}\nbody .av-special-heading.av-ab5y5h-8071fa098914438588cdbd5d2fe318a5 .av-special-heading-tag .heading-char{\nfont-size:25px;\n}\n.av-special-heading.av-ab5y5h-8071fa098914438588cdbd5d2fe318a5 .av-subheading{\nfont-size:12px;\n}\n<\/style>\n<div  class='av-special-heading av-ab5y5h-8071fa098914438588cdbd5d2fe318a5 av-special-heading-h2 blockquote modern-quote  avia-builder-el-23  el_after_av_image  avia-builder-el-last '><div class='av-subheading av-subheading_above'><p>luonnollinen puunsuoja-aine<\/p>\n<\/div><h2 class='av-special-heading-tag '  itemprop=\"headline\"  >M\u00e4ntyterva<\/h2><div class=\"special-heading-border\"><div class=\"special-heading-inner-border\"><\/div><\/div><\/div><\/p><\/div>\n<\/p>\n<\/div><\/div><\/div><!-- close content main div --><\/div><\/div><div id='av_section_3'  class='avia-section av-9wy485-1952fcc593bd42e8a3a63488de63818f main_color avia-section-large avia-no-border-styling  avia-builder-el-24  el_after_av_section  avia-builder-el-last  avia-bg-style-scroll container_wrap sidebar_right'  ><div class='container av-section-cont-open' ><div class='template-page content  av-content-small alpha units'><div class='post-entry post-entry-type-page post-entry-5077'><div class='entry-content-wrapper clearfix'>\n\n<style type=\"text\/css\" data-created_by=\"avia_inline_auto\" id=\"style-css-av-6s6m91-6e079b7a4f1cf2c84159ad463ea70db5\">\n.flex_column.av-6s6m91-6e079b7a4f1cf2c84159ad463ea70db5{\nborder-radius:0px 0px 0px 0px;\npadding:0px 0px 0px 0px;\n}\n<\/style>\n<div  class='flex_column av-6s6m91-6e079b7a4f1cf2c84159ad463ea70db5 av_one_third  avia-builder-el-25  el_before_av_two_third  avia-builder-el-first  first flex_column_div av-hide-on-mobile av-zero-column-padding  '     ><\/div>\n<style type=\"text\/css\" data-created_by=\"avia_inline_auto\" id=\"style-css-av-m4sh1-fc4f198067f0ebc3d43354b3bff7a7b9\">\n.flex_column.av-m4sh1-fc4f198067f0ebc3d43354b3bff7a7b9{\nborder-radius:0px 0px 0px 0px;\npadding:0px 0px 0px 0px;\n}\n<\/style>\n<div  class='flex_column av-m4sh1-fc4f198067f0ebc3d43354b3bff7a7b9 av_two_third  avia-builder-el-26  el_after_av_one_third  avia-builder-el-last  flex_column_div av-zero-column-padding  '     ><p>\n<style type=\"text\/css\" data-created_by=\"avia_inline_auto\" id=\"style-css-av-3tqqpx-9d53524cb8620f63a524f5271d076453\">\n#top .av-special-heading.av-3tqqpx-9d53524cb8620f63a524f5271d076453{\npadding-bottom:0;\n}\nbody .av-special-heading.av-3tqqpx-9d53524cb8620f63a524f5271d076453 .av-special-heading-tag .heading-char{\nfont-size:25px;\n}\n.av-special-heading.av-3tqqpx-9d53524cb8620f63a524f5271d076453 .av-subheading{\nfont-size:12px;\n}\n<\/style>\n<div  class='av-special-heading av-3tqqpx-9d53524cb8620f63a524f5271d076453 av-special-heading-h2 blockquote modern-quote  avia-builder-el-27  el_before_av_textblock  avia-builder-el-first '><div class='av-subheading av-subheading_above'><p>projektimyynti<\/p>\n<\/div><h2 class='av-special-heading-tag '  itemprop=\"headline\"  >SUUNNITTELETKO SUUREMPAA REMONTTI- TAI RAKENNUSPROJEKTIA?<\/h2><div class=\"special-heading-border\"><div class=\"special-heading-inner-border\"><\/div><\/div><\/div><br \/>\n<section  class='av_textblock_section av-2yf4l1-86179bb915e1d1d604f5aa3dc27e03ff '   itemscope=\"itemscope\" itemtype=\"https:\/\/schema.org\/CreativeWork\" ><div class='avia_textblock'  itemprop=\"text\" ><dl>\n<dt><span lang=\"fi-FI\">Kysy myyntiedustajaltamme tarjousta kaikille tuotteille kerralla, jolloin s\u00e4\u00e4st\u00e4t tuotteiden hinnan ja toimituskustannusten lis\u00e4ksi my\u00f6s aikaa. Yhteystiedot +372 58 50 6969, sales@kemetrv.ee<\/span><\/dt>\n<dt><\/dt>\n<\/dl>\n<\/div><\/section><br \/>\n<div  class='avia-button-wrap av-jxelcc1j-fe1a4bc5b6c11a0cd4a127aea90516c8-wrap avia-button-left  avia-builder-el-29  el_after_av_textblock  avia-builder-el-last '><a href='https:\/\/kemetrv.ee\/fi\/yhteystiedot\/'  class='avia-button av-jxelcc1j-fe1a4bc5b6c11a0cd4a127aea90516c8 av-link-btn avia-icon_select-no avia-size-medium avia-position-left avia-color-theme-color'   aria-label=\"Kysy tarjousta!\"><span class='avia_iconbox_title' >Kysy tarjousta!<\/span><\/a><\/div><\/p><\/div>\n<\/div><\/div><\/div><!-- close content main div --><\/div><\/div><div id='after_section_3'  class='main_color av_default_container_wrap container_wrap sidebar_right'  ><div class='container av-section-cont-open' ><div class='template-page content  av-content-small alpha units'><div class='post-entry post-entry-type-page post-entry-5077'><div class='entry-content-wrapper clearfix'>\n","protected":false},"excerpt":{"rendered":"","protected":false},"author":6,"featured_media":0,"parent":5022,"menu_order":6,"comment_status":"closed","ping_status":"closed","template":"","meta":{"_acf_changed":false,"footnotes":""},"class_list":["post-5077","page","type-page","status-publish","hentry"],"acf":[],"_links":{"self":[{"href":"https:\/\/kemetrv.ee\/fi\/wp-json\/wp\/v2\/pages\/5077","targetHints":{"allow":["GET"]}}],"collection":[{"href":"https:\/\/kemetrv.ee\/fi\/wp-json\/wp\/v2\/pages"}],"about":[{"href":"https:\/\/kemetrv.ee\/fi\/wp-json\/wp\/v2\/types\/page"}],"author":[{"embeddable":true,"href":"https:\/\/kemetrv.ee\/fi\/wp-json\/wp\/v2\/users\/6"}],"replies":[{"embeddable":true,"href":"https:\/\/kemetrv.ee\/fi\/wp-json\/wp\/v2\/comments?post=5077"}],"version-history":[{"count":2,"href":"https:\/\/kemetrv.ee\/fi\/wp-json\/wp\/v2\/pages\/5077\/revisions"}],"predecessor-version":[{"id":6827,"href":"https:\/\/kemetrv.ee\/fi\/wp-json\/wp\/v2\/pages\/5077\/revisions\/6827"}],"up":[{"embeddable":true,"href":"https:\/\/kemetrv.ee\/fi\/wp-json\/wp\/v2\/pages\/5022"}],"wp:attachment":[{"href":"https:\/\/kemetrv.ee\/fi\/wp-json\/wp\/v2\/media?parent=5077"}],"curies":[{"name":"wp","href":"https:\/\/api.w.org\/{rel}","templated":true}]}}