{"id":5084,"date":"2019-06-10T16:10:47","date_gmt":"2019-06-10T13:10:47","guid":{"rendered":"https:\/\/kemetrv.ee\/?page_id=5084"},"modified":"2025-02-03T11:30:38","modified_gmt":"2025-02-03T09:30:38","slug":"teollisuussprii","status":"publish","type":"page","link":"https:\/\/kemetrv.ee\/fi\/liuottimet\/teollisuussprii\/","title":{"rendered":"Teollisuussprii"},"content":{"rendered":"\n<style type=\"text\/css\" data-created_by=\"avia_inline_auto\" id=\"style-css-av-1bpwo8s-7d3518ef3ce995be722255dc1d6e5228\">\n.avia-section.av-1bpwo8s-7d3518ef3ce995be722255dc1d6e5228{\nbackground-color:#f9f9f9;\nbackground-image:unset;\n}\n<\/style>\n<div id='av_section_1'  class='avia-section av-1bpwo8s-7d3518ef3ce995be722255dc1d6e5228 main_color avia-section-default avia-no-border-styling  avia-builder-el-0  el_before_av_section  avia-builder-el-first  avia-bg-style-scroll av-minimum-height av-minimum-height-75 av-height-75  container_wrap sidebar_right'   data-av_minimum_height_pc='75' data-av_min_height_opt='75'><div class='container av-section-cont-open' ><main  role=\"main\" itemprop=\"mainContentOfPage\"  class='template-page content  av-content-small alpha units'><div class='post-entry post-entry-type-page post-entry-5084'><div class='entry-content-wrapper clearfix'>\n\n<style type=\"text\/css\" data-created_by=\"avia_inline_auto\" id=\"style-css-av-18z17t8-454c551fbb6389a000a86bdacef344d2\">\n.flex_column.av-18z17t8-454c551fbb6389a000a86bdacef344d2{\nborder-radius:0px 0px 0px 0px;\npadding:0px 0px 0px 0px;\n}\n<\/style>\n<div  class='flex_column av-18z17t8-454c551fbb6389a000a86bdacef344d2 av_one_third  avia-builder-el-1  el_before_av_one_third  avia-builder-el-first  first flex_column_div av-hide-on-mobile av-zero-column-padding  '     ><\/div>\n<style type=\"text\/css\" data-created_by=\"avia_inline_auto\" id=\"style-css-av-17is01o-c9cc706c60229f7a1a5f62f3ee2c1ec2\">\n.flex_column.av-17is01o-c9cc706c60229f7a1a5f62f3ee2c1ec2{\nborder-radius:0px 0px 0px 0px;\npadding:0px 0px 0px 0px;\n}\n<\/style>\n<div  class='flex_column av-17is01o-c9cc706c60229f7a1a5f62f3ee2c1ec2 av_one_third  avia-builder-el-2  el_after_av_one_third  el_before_av_one_third  flex_column_div av-zero-column-padding  '     ><style type=\"text\/css\" data-created_by=\"avia_inline_auto\" id=\"style-css-av-48lxp8-4e0eb6f2e405a697fe925ffdd923a529\">\n.avia-image-container.av-48lxp8-4e0eb6f2e405a697fe925ffdd923a529 img.avia_image{\nbox-shadow:none;\n}\n.avia-image-container.av-48lxp8-4e0eb6f2e405a697fe925ffdd923a529 .av-image-caption-overlay-center{\ncolor:#ffffff;\n}\n<\/style>\n<div  class='avia-image-container av-48lxp8-4e0eb6f2e405a697fe925ffdd923a529 av-styling-no-styling avia-align-center  avia-builder-el-3  avia-builder-el-no-sibling '   itemprop=\"image\" itemscope=\"itemscope\" itemtype=\"https:\/\/schema.org\/ImageObject\" ><div class=\"avia-image-container-inner\"><div class=\"avia-image-overlay-wrap\"><img fetchpriority=\"high\" class='wp-image-4740 avia-img-lazy-loading-not-4740 avia_image ' src='https:\/\/kemetrv.ee\/wp-content\/uploads\/Tehn_piiritus1L_600x800.png' alt='Kemet RV Denaturated Alcohol' title='Tehn_piiritus1L_600x800'  height=\"800\" width=\"600\"  itemprop=\"thumbnailUrl\"  \/><\/div><\/div><\/div><\/div>\n<style type=\"text\/css\" data-created_by=\"avia_inline_auto\" id=\"style-css-av-14fsdgc-1221f500a9e5f8194f3ef34bcd058a2c\">\n.flex_column.av-14fsdgc-1221f500a9e5f8194f3ef34bcd058a2c{\nborder-radius:0px 0px 0px 0px;\npadding:50px 30px 30px 30px;\nbackground-color:#ffffff;\n}\n<\/style>\n<div  class='flex_column av-14fsdgc-1221f500a9e5f8194f3ef34bcd058a2c av_one_third  avia-builder-el-4  el_after_av_one_third  avia-builder-el-last  flex_column_div  '     ><p>\n<style type=\"text\/css\" data-created_by=\"avia_inline_auto\" id=\"style-css-av-127vkn0-056ae6b4670addc5406c164a8d45948b\">\n#top .av-special-heading.av-127vkn0-056ae6b4670addc5406c164a8d45948b{\npadding-bottom:5px;\ncolor:#0039a6;\n}\nbody .av-special-heading.av-127vkn0-056ae6b4670addc5406c164a8d45948b .av-special-heading-tag .heading-char{\nfont-size:25px;\n}\n.av-special-heading.av-127vkn0-056ae6b4670addc5406c164a8d45948b .special-heading-inner-border{\nborder-color:#0039a6;\n}\n.av-special-heading.av-127vkn0-056ae6b4670addc5406c164a8d45948b .av-subheading{\nfont-size:12px;\n}\n<\/style>\n<div  class='av-special-heading av-127vkn0-056ae6b4670addc5406c164a8d45948b av-special-heading-h1 custom-color-heading blockquote modern-quote  avia-builder-el-5  el_before_av_textblock  avia-builder-el-first '><div class='av_custom_color av-subheading av-subheading_above'><p>liuotin<\/p>\n<\/div><h1 class='av-special-heading-tag '  itemprop=\"headline\"  >Teollisuussprii<\/h1><div class=\"special-heading-border\"><div class=\"special-heading-inner-border\"><\/div><\/div><\/div><br \/>\n<section  class='av_textblock_section av-10kifws-8268b1e2d04daae211a724ef0bca57d1 '   itemscope=\"itemscope\" itemtype=\"https:\/\/schema.org\/CreativeWork\" ><div class='avia_textblock'  itemprop=\"text\" ><p>Pakkaus: 0,5L; 1L; 3L; 5L; 10L; 20L<\/p>\n<p><span lang=\"fi-FI\">Teollisuusspriit\u00e4 k\u00e4ytet\u00e4\u00e4n spriilakkojen ja -petsien ohenteena. Se sopii my\u00f6s erilaisten pintojen puhdistamiseen rasvasta ja \u00f6ljyst\u00e4, spriilamppujen polttoaineeksi ja grillihiilen sytytysnesteeksi. Teollisuus- eli denaturoitu sprii ei sovellu juotavaksi eik\u00e4 kulinaariseen k\u00e4ytt\u00f6\u00f6n! <\/span><\/p>\n<\/div><\/section><\/p><\/div><\/div><\/div><\/main><!-- close content main element --><\/div><\/div>\n<style type=\"text\/css\" data-created_by=\"avia_inline_auto\" id=\"style-css-av-yxbqnw-f42d9d4bbf1eafcaa4c242ec732a92ba\">\n.avia-section.av-yxbqnw-f42d9d4bbf1eafcaa4c242ec732a92ba{\nbackground-color:#f9f9f9;\nbackground-image:unset;\n}\n<\/style>\n<div id='product-category'  class='avia-section av-yxbqnw-f42d9d4bbf1eafcaa4c242ec732a92ba main_color avia-section-small avia-no-border-styling  avia-builder-el-7  el_after_av_section  el_before_av_section  avia-bg-style-scroll container_wrap sidebar_right'  ><div class='container av-section-cont-open' ><div class='template-page content  av-content-small alpha units'><div class='post-entry post-entry-type-page post-entry-5084'><div class='entry-content-wrapper clearfix'>\n\n<style type=\"text\/css\" data-created_by=\"avia_inline_auto\" id=\"style-css-av-x9fbho-46f842eaf1ff4566f5d9a89a4151feee\">\n.flex_column.av-x9fbho-46f842eaf1ff4566f5d9a89a4151feee{\nborder-radius:0px 0px 0px 0px;\npadding:20px 20px 20px 20px;\nbackground-color:#ffffff;\n}\n<\/style>\n<div  class='flex_column av-x9fbho-46f842eaf1ff4566f5d9a89a4151feee av_one_fifth  avia-builder-el-8  el_before_av_one_fifth  avia-builder-el-first  first flex_column_div  '     ><p>\n<style type=\"text\/css\" data-created_by=\"avia_inline_auto\" id=\"style-css-av-vtplvw-1930b38d044330ad0901ae85a76eaf15\">\n.avia-image-container.av-vtplvw-1930b38d044330ad0901ae85a76eaf15 img.avia_image{\nbox-shadow:none;\n}\n.avia-image-container.av-vtplvw-1930b38d044330ad0901ae85a76eaf15 .av-image-caption-overlay-center{\ncolor:#ffffff;\n}\n<\/style>\n<div  class='avia-image-container av-vtplvw-1930b38d044330ad0901ae85a76eaf15 av-styling-no-styling av-img-linked avia-align-center  avia-builder-el-9  el_before_av_heading  avia-builder-el-first '   itemprop=\"image\" itemscope=\"itemscope\" itemtype=\"https:\/\/schema.org\/ImageObject\" ><div class=\"avia-image-container-inner\"><div class=\"avia-image-overlay-wrap\"><a href=\"https:\/\/kemetrv.ee\/varvid\/rootsi-muldvarv-maalri\/\" class='avia_image '  ><img fetchpriority=\"high\" class='wp-image-3751 avia-img-lazy-loading-not-3751 avia_image ' src='https:\/\/kemetrv.ee\/wp-content\/uploads\/category-varvid-rootsi-muldvarv-maalri-3kg.png' alt='' title=''  height=\"400\" width=\"300\"  itemprop=\"thumbnailUrl\"  \/><\/a><\/div><\/div><\/div><br \/>\n\n<style type=\"text\/css\" data-created_by=\"avia_inline_auto\" id=\"style-css-av-ty9u70-8515fec9caf41e2f06bd84de1af29795\">\n#top .av-special-heading.av-ty9u70-8515fec9caf41e2f06bd84de1af29795{\npadding-bottom:0;\n}\nbody .av-special-heading.av-ty9u70-8515fec9caf41e2f06bd84de1af29795 .av-special-heading-tag .heading-char{\nfont-size:25px;\n}\n.av-special-heading.av-ty9u70-8515fec9caf41e2f06bd84de1af29795 .av-subheading{\nfont-size:12px;\n}\n<\/style>\n<div  class='av-special-heading av-ty9u70-8515fec9caf41e2f06bd84de1af29795 av-special-heading-h2 blockquote modern-quote  avia-builder-el-10  el_after_av_image  avia-builder-el-last '><div class='av-subheading av-subheading_above'><p>sahattuihin puupintoihin<\/p>\n<\/div><h2 class='av-special-heading-tag '  itemprop=\"headline\"  >Multamaali MAALRI (<span class='special_amp'>&#8221;<\/span>Maalarin<span class='special_amp'>&#8221;<\/span>)<\/h2><div class=\"special-heading-border\"><div class=\"special-heading-inner-border\"><\/div><\/div><\/div><\/p><\/div>\n<style type=\"text\/css\" data-created_by=\"avia_inline_auto\" id=\"style-css-av-sd0ky4-e70b8494589d1335c31b1a80cb0b29af\">\n.flex_column.av-sd0ky4-e70b8494589d1335c31b1a80cb0b29af{\nborder-radius:0px 0px 0px 0px;\npadding:20px 20px 20px 20px;\nbackground-color:#ffffff;\n}\n<\/style>\n<div  class='flex_column av-sd0ky4-e70b8494589d1335c31b1a80cb0b29af av_one_fifth  avia-builder-el-11  el_after_av_one_fifth  el_before_av_one_fifth  flex_column_div  '     ><p>\n<style type=\"text\/css\" data-created_by=\"avia_inline_auto\" id=\"style-css-av-r29u8s-35bf51b8002ea351ce2afe1dec9ec968\">\n.avia-image-container.av-r29u8s-35bf51b8002ea351ce2afe1dec9ec968 img.avia_image{\nbox-shadow:none;\n}\n.avia-image-container.av-r29u8s-35bf51b8002ea351ce2afe1dec9ec968 .av-image-caption-overlay-center{\ncolor:#ffffff;\n}\n<\/style>\n<div  class='avia-image-container av-r29u8s-35bf51b8002ea351ce2afe1dec9ec968 av-styling-no-styling av-img-linked avia-align-center  avia-builder-el-12  el_before_av_heading  avia-builder-el-first '   itemprop=\"image\" itemscope=\"itemscope\" itemtype=\"https:\/\/schema.org\/ImageObject\" ><div class=\"avia-image-container-inner\"><div class=\"avia-image-overlay-wrap\"><a href=\"https:\/\/kemetrv.ee\/varvid\/metallivarv-spekter-fe-38\/\" class='avia_image '  ><img fetchpriority=\"high\" class='wp-image-6644 avia-img-lazy-loading-not-6644 avia_image ' src='https:\/\/kemetrv.ee\/wp-content\/uploads\/category-varvid-metallivarv-spekter-fe-38-1l.png' alt='' title=''  height=\"400\" width=\"300\"  itemprop=\"thumbnailUrl\"  \/><\/a><\/div><\/div><\/div><br \/>\n\n<style type=\"text\/css\" data-created_by=\"avia_inline_auto\" id=\"style-css-av-pacj0s-86c6545bac1503f3b3336ad75dd91330\">\n#top .av-special-heading.av-pacj0s-86c6545bac1503f3b3336ad75dd91330{\npadding-bottom:0;\n}\nbody .av-special-heading.av-pacj0s-86c6545bac1503f3b3336ad75dd91330 .av-special-heading-tag .heading-char{\nfont-size:25px;\n}\n.av-special-heading.av-pacj0s-86c6545bac1503f3b3336ad75dd91330 .av-subheading{\nfont-size:12px;\n}\n<\/style>\n<div  class='av-special-heading av-pacj0s-86c6545bac1503f3b3336ad75dd91330 av-special-heading-h2 blockquote modern-quote  avia-builder-el-13  el_after_av_image  avia-builder-el-last '><div class='av-subheading av-subheading_above'><p>ruosteenestopohjaemali<\/p>\n<\/div><h2 class='av-special-heading-tag '  itemprop=\"headline\"  >Metallimaali SPEKTER Fe 38<\/h2><div class=\"special-heading-border\"><div class=\"special-heading-inner-border\"><\/div><\/div><\/div><\/p><\/div>\n<style type=\"text\/css\" data-created_by=\"avia_inline_auto\" id=\"style-css-av-o1u5u4-f095f3845d517563f50b2e6c9626f872\">\n.flex_column.av-o1u5u4-f095f3845d517563f50b2e6c9626f872{\nborder-radius:0px 0px 0px 0px;\npadding:20px 20px 20px 20px;\nbackground-color:#ffffff;\n}\n<\/style>\n<div  class='flex_column av-o1u5u4-f095f3845d517563f50b2e6c9626f872 av_one_fifth  avia-builder-el-14  el_after_av_one_fifth  el_before_av_one_fifth  flex_column_div  '     ><p>\n<style type=\"text\/css\" data-created_by=\"avia_inline_auto\" id=\"style-css-av-mw0gl8-5ef1f2a963d455ccf0c8518e1fc6528c\">\n.avia-image-container.av-mw0gl8-5ef1f2a963d455ccf0c8518e1fc6528c img.avia_image{\nbox-shadow:none;\n}\n.avia-image-container.av-mw0gl8-5ef1f2a963d455ccf0c8518e1fc6528c .av-image-caption-overlay-center{\ncolor:#ffffff;\n}\n<\/style>\n<div  class='avia-image-container av-mw0gl8-5ef1f2a963d455ccf0c8518e1fc6528c av-styling-no-styling av-img-linked avia-align-center  avia-builder-el-15  el_before_av_heading  avia-builder-el-first '   itemprop=\"image\" itemscope=\"itemscope\" itemtype=\"https:\/\/schema.org\/ImageObject\" ><div class=\"avia-image-container-inner\"><div class=\"avia-image-overlay-wrap\"><a href=\"https:\/\/kemetrv.ee\/varvid\/linaolivarv-palett\/\" class='avia_image '  ><img fetchpriority=\"high\" class='wp-image-3746 avia-img-lazy-loading-not-3746 avia_image ' src='https:\/\/kemetrv.ee\/wp-content\/uploads\/category-varvid-linaolivarv-palett-1l.png' alt='' title=''  height=\"400\" width=\"300\"  itemprop=\"thumbnailUrl\"  \/><\/a><\/div><\/div><\/div><br \/>\n\n<style type=\"text\/css\" data-created_by=\"avia_inline_auto\" id=\"style-css-av-l8kr9o-50aa73de03f83cc62b6a1d21e219763b\">\n#top .av-special-heading.av-l8kr9o-50aa73de03f83cc62b6a1d21e219763b{\npadding-bottom:0;\n}\nbody .av-special-heading.av-l8kr9o-50aa73de03f83cc62b6a1d21e219763b .av-special-heading-tag .heading-char{\nfont-size:25px;\n}\n.av-special-heading.av-l8kr9o-50aa73de03f83cc62b6a1d21e219763b .av-subheading{\nfont-size:12px;\n}\n<\/style>\n<div  class='av-special-heading av-l8kr9o-50aa73de03f83cc62b6a1d21e219763b av-special-heading-h2 blockquote modern-quote  avia-builder-el-16  el_after_av_image  avia-builder-el-last '><div class='av-subheading av-subheading_above'><p>puupinnoille<\/p>\n<\/div><h2 class='av-special-heading-tag '  itemprop=\"headline\"  >Pellava\u00f6ljymaali <span class='special_amp'>&#8221;<\/span>PALETTI<span class='special_amp'>&#8221;<\/span><\/h2><div class=\"special-heading-border\"><div class=\"special-heading-inner-border\"><\/div><\/div><\/div><\/p><\/div>\n<style type=\"text\/css\" data-created_by=\"avia_inline_auto\" id=\"style-css-av-iu0470-912cbee15b6013cabfa597df0b0ffefe\">\n.flex_column.av-iu0470-912cbee15b6013cabfa597df0b0ffefe{\nborder-radius:0px 0px 0px 0px;\npadding:20px 20px 20px 20px;\nbackground-color:#ffffff;\n}\n<\/style>\n<div  class='flex_column av-iu0470-912cbee15b6013cabfa597df0b0ffefe av_one_fifth  avia-builder-el-17  el_after_av_one_fifth  el_before_av_one_fifth  flex_column_div  '     ><p>\n<style type=\"text\/css\" data-created_by=\"avia_inline_auto\" id=\"style-css-av-hv91m4-3ce53874cb1a0232b907fbd0f220cddb\">\n.avia-image-container.av-hv91m4-3ce53874cb1a0232b907fbd0f220cddb img.avia_image{\nbox-shadow:none;\n}\n.avia-image-container.av-hv91m4-3ce53874cb1a0232b907fbd0f220cddb .av-image-caption-overlay-center{\ncolor:#ffffff;\n}\n<\/style>\n<div  class='avia-image-container av-hv91m4-3ce53874cb1a0232b907fbd0f220cddb av-styling-no-styling av-img-linked avia-align-center  avia-builder-el-18  el_before_av_heading  avia-builder-el-first '   itemprop=\"image\" itemscope=\"itemscope\" itemtype=\"https:\/\/schema.org\/ImageObject\" ><div class=\"avia-image-container-inner\"><div class=\"avia-image-overlay-wrap\"><a href=\"https:\/\/kemetrv.ee\/varvid\/alkuudvarv-spekter\/\" class='avia_image '  ><img fetchpriority=\"high\" class='wp-image-6641 avia-img-lazy-loading-not-6641 avia_image ' src='https:\/\/kemetrv.ee\/wp-content\/uploads\/category-varvid-alkuudvarv-spekter-1l.png' alt='' title=''  height=\"400\" width=\"300\"  itemprop=\"thumbnailUrl\"  \/><\/a><\/div><\/div><\/div><br \/>\n\n<style type=\"text\/css\" data-created_by=\"avia_inline_auto\" id=\"style-css-av-f6w92k-710484cf9619b7eed7ce1f21dd7e88eb\">\n#top .av-special-heading.av-f6w92k-710484cf9619b7eed7ce1f21dd7e88eb{\npadding-bottom:0;\n}\nbody .av-special-heading.av-f6w92k-710484cf9619b7eed7ce1f21dd7e88eb .av-special-heading-tag .heading-char{\nfont-size:25px;\n}\n.av-special-heading.av-f6w92k-710484cf9619b7eed7ce1f21dd7e88eb .av-subheading{\nfont-size:12px;\n}\n<\/style>\n<div  class='av-special-heading av-f6w92k-710484cf9619b7eed7ce1f21dd7e88eb av-special-heading-h2 blockquote modern-quote  avia-builder-el-19  el_after_av_image  avia-builder-el-last '><div class='av-subheading av-subheading_above'><p>yleismaali<\/p>\n<\/div><h2 class='av-special-heading-tag '  itemprop=\"headline\"  >Alkydimaali SPEKTER<\/h2><div class=\"special-heading-border\"><div class=\"special-heading-inner-border\"><\/div><\/div><\/div><\/p><\/div>\n<style type=\"text\/css\" data-created_by=\"avia_inline_auto\" id=\"style-css-av-dzllyk-e669bd545ea969400bbc8ab5022a7e0e\">\n.flex_column.av-dzllyk-e669bd545ea969400bbc8ab5022a7e0e{\nborder-radius:0px 0px 0px 0px;\npadding:20px 20px 20px 20px;\nbackground-color:#ffffff;\n}\n<\/style>\n<div  class='flex_column av-dzllyk-e669bd545ea969400bbc8ab5022a7e0e av_one_fifth  avia-builder-el-20  el_after_av_one_fifth  avia-builder-el-last  flex_column_div  '     ><p>\n<style type=\"text\/css\" data-created_by=\"avia_inline_auto\" id=\"style-css-av-corv8c-55a031fc875af969984b5d9eba4b56bf\">\n.avia-image-container.av-corv8c-55a031fc875af969984b5d9eba4b56bf img.avia_image{\nbox-shadow:none;\n}\n.avia-image-container.av-corv8c-55a031fc875af969984b5d9eba4b56bf .av-image-caption-overlay-center{\ncolor:#ffffff;\n}\n<\/style>\n<div  class='avia-image-container av-corv8c-55a031fc875af969984b5d9eba4b56bf av-styling-no-styling av-img-linked avia-align-center  avia-builder-el-21  el_before_av_heading  avia-builder-el-first '   itemprop=\"image\" itemscope=\"itemscope\" itemtype=\"https:\/\/schema.org\/ImageObject\" ><div class=\"avia-image-container-inner\"><div class=\"avia-image-overlay-wrap\"><a href=\"https:\/\/kemetrv.ee\/puidukaitsevahendid\/mannitorv\/\" class='avia_image '  ><img fetchpriority=\"high\" class='wp-image-3733 avia-img-lazy-loading-not-3733 avia_image ' src='https:\/\/kemetrv.ee\/wp-content\/uploads\/category-puidukaitsevahendid-mannitorv.png' alt='' title=''  height=\"400\" width=\"300\"  itemprop=\"thumbnailUrl\"  \/><\/a><\/div><\/div><\/div><br \/>\n\n<style type=\"text\/css\" data-created_by=\"avia_inline_auto\" id=\"style-css-av-10p1xo-bc56d44a45854d0e23dd5a56244f4d4e\">\n#top .av-special-heading.av-10p1xo-bc56d44a45854d0e23dd5a56244f4d4e{\npadding-bottom:0;\n}\nbody .av-special-heading.av-10p1xo-bc56d44a45854d0e23dd5a56244f4d4e .av-special-heading-tag .heading-char{\nfont-size:25px;\n}\n.av-special-heading.av-10p1xo-bc56d44a45854d0e23dd5a56244f4d4e .av-subheading{\nfont-size:12px;\n}\n<\/style>\n<div  class='av-special-heading av-10p1xo-bc56d44a45854d0e23dd5a56244f4d4e av-special-heading-h2 blockquote modern-quote  avia-builder-el-22  el_after_av_image  avia-builder-el-last '><div class='av-subheading av-subheading_above'><p>luonnollinen puunsuoja-aine<\/p>\n<\/div><h2 class='av-special-heading-tag '  itemprop=\"headline\"  >M\u00e4ntyterva<\/h2><div class=\"special-heading-border\"><div class=\"special-heading-inner-border\"><\/div><\/div><\/div><\/p><\/div>\n<\/p>\n<\/div><\/div><\/div><!-- close content main div --><\/div><\/div><div id='av_section_3'  class='avia-section av-y5bgs-215f56287b8faa6bd2d28bde6a3f4207 main_color avia-section-large avia-no-border-styling  avia-builder-el-23  el_after_av_section  avia-builder-el-last  avia-bg-style-scroll container_wrap sidebar_right'  ><div class='container av-section-cont-open' ><div class='template-page content  av-content-small alpha units'><div class='post-entry post-entry-type-page post-entry-5084'><div class='entry-content-wrapper clearfix'>\n\n<style type=\"text\/css\" data-created_by=\"avia_inline_auto\" id=\"style-css-av-7mesn0-c387a23c93e84df1b4893e5b0d996c90\">\n.flex_column.av-7mesn0-c387a23c93e84df1b4893e5b0d996c90{\nborder-radius:0px 0px 0px 0px;\npadding:0px 0px 0px 0px;\n}\n<\/style>\n<div  class='flex_column av-7mesn0-c387a23c93e84df1b4893e5b0d996c90 av_one_third  avia-builder-el-24  el_before_av_two_third  avia-builder-el-first  first flex_column_div av-hide-on-mobile av-zero-column-padding  '     ><\/div>\n<style type=\"text\/css\" data-created_by=\"avia_inline_auto\" id=\"style-css-av-64f7i4-ed0837a1395b5b9bb766099fefa4421f\">\n.flex_column.av-64f7i4-ed0837a1395b5b9bb766099fefa4421f{\nborder-radius:0px 0px 0px 0px;\npadding:0px 0px 0px 0px;\n}\n<\/style>\n<div  class='flex_column av-64f7i4-ed0837a1395b5b9bb766099fefa4421f av_two_third  avia-builder-el-25  el_after_av_one_third  avia-builder-el-last  flex_column_div av-zero-column-padding  '     ><p>\n<style type=\"text\/css\" data-created_by=\"avia_inline_auto\" id=\"style-css-av-4tztr0-0a56978f1de48b12eb8658f0550006a7\">\n#top .av-special-heading.av-4tztr0-0a56978f1de48b12eb8658f0550006a7{\npadding-bottom:0;\n}\nbody .av-special-heading.av-4tztr0-0a56978f1de48b12eb8658f0550006a7 .av-special-heading-tag .heading-char{\nfont-size:25px;\n}\n.av-special-heading.av-4tztr0-0a56978f1de48b12eb8658f0550006a7 .av-subheading{\nfont-size:12px;\n}\n<\/style>\n<div  class='av-special-heading av-4tztr0-0a56978f1de48b12eb8658f0550006a7 av-special-heading-h2 blockquote modern-quote  avia-builder-el-26  el_before_av_textblock  avia-builder-el-first '><div class='av-subheading av-subheading_above'><p>projektimyynti<\/p>\n<\/div><h2 class='av-special-heading-tag '  itemprop=\"headline\"  >SUUNNITTELETKO SUUREMPAA REMONTTI- TAI RAKENNUSPROJEKTIA?<\/h2><div class=\"special-heading-border\"><div class=\"special-heading-inner-border\"><\/div><\/div><\/div><br \/>\n<section  class='av_textblock_section av-3867h8-1b3fd644147548b9108885f0889463b9 '   itemscope=\"itemscope\" itemtype=\"https:\/\/schema.org\/CreativeWork\" ><div class='avia_textblock'  itemprop=\"text\" ><dl>\n<dt><span lang=\"fi-FI\">Kysy myyntiedustajaltamme tarjousta kaikille tuotteille kerralla, jolloin s\u00e4\u00e4st\u00e4t tuotteiden hinnan ja toimituskustannusten lis\u00e4ksi my\u00f6s aikaa. Yhteystiedot +372 58 50 6969, sales@kemetrv.ee<\/span><\/dt>\n<dt><\/dt>\n<\/dl>\n<\/div><\/section><br \/>\n<div  class='avia-button-wrap av-jxeld0n3-91486092fcd28d11f345d5112a32d3b9-wrap avia-button-left  avia-builder-el-28  el_after_av_textblock  avia-builder-el-last '><a href='https:\/\/kemetrv.ee\/fi\/yhteystiedot\/'  class='avia-button av-jxeld0n3-91486092fcd28d11f345d5112a32d3b9 av-link-btn avia-icon_select-no avia-size-medium avia-position-left avia-color-theme-color'   aria-label=\"Kysy tarjousta!\"><span class='avia_iconbox_title' >Kysy tarjousta!<\/span><\/a><\/div><\/p><\/div>\n<\/div><\/div><\/div><!-- close content main div --><\/div><\/div><div id='after_section_3'  class='main_color av_default_container_wrap container_wrap sidebar_right'  ><div class='container av-section-cont-open' ><div class='template-page content  av-content-small alpha units'><div class='post-entry post-entry-type-page post-entry-5084'><div class='entry-content-wrapper clearfix'>\n","protected":false},"excerpt":{"rendered":"","protected":false},"author":6,"featured_media":0,"parent":5022,"menu_order":7,"comment_status":"closed","ping_status":"closed","template":"","meta":{"_acf_changed":false,"footnotes":""},"class_list":["post-5084","page","type-page","status-publish","hentry"],"acf":[],"_links":{"self":[{"href":"https:\/\/kemetrv.ee\/fi\/wp-json\/wp\/v2\/pages\/5084","targetHints":{"allow":["GET"]}}],"collection":[{"href":"https:\/\/kemetrv.ee\/fi\/wp-json\/wp\/v2\/pages"}],"about":[{"href":"https:\/\/kemetrv.ee\/fi\/wp-json\/wp\/v2\/types\/page"}],"author":[{"embeddable":true,"href":"https:\/\/kemetrv.ee\/fi\/wp-json\/wp\/v2\/users\/6"}],"replies":[{"embeddable":true,"href":"https:\/\/kemetrv.ee\/fi\/wp-json\/wp\/v2\/comments?post=5084"}],"version-history":[{"count":2,"href":"https:\/\/kemetrv.ee\/fi\/wp-json\/wp\/v2\/pages\/5084\/revisions"}],"predecessor-version":[{"id":6818,"href":"https:\/\/kemetrv.ee\/fi\/wp-json\/wp\/v2\/pages\/5084\/revisions\/6818"}],"up":[{"embeddable":true,"href":"https:\/\/kemetrv.ee\/fi\/wp-json\/wp\/v2\/pages\/5022"}],"wp:attachment":[{"href":"https:\/\/kemetrv.ee\/fi\/wp-json\/wp\/v2\/media?parent=5084"}],"curies":[{"name":"wp","href":"https:\/\/api.w.org\/{rel}","templated":true}]}}