{"id":5088,"date":"2019-06-10T16:19:58","date_gmt":"2019-06-10T13:19:58","guid":{"rendered":"https:\/\/kemetrv.ee\/?page_id=5088"},"modified":"2025-02-03T11:29:01","modified_gmt":"2025-02-03T09:29:01","slug":"vesilasi","status":"publish","type":"page","link":"https:\/\/kemetrv.ee\/fi\/muut\/vesilasi\/","title":{"rendered":"Vesilasi (natriumsilikaatti)"},"content":{"rendered":"<\/p>\n\n<style type=\"text\/css\" data-created_by=\"avia_inline_auto\" id=\"style-css-av-av_section-f3565ac5ed1677399ff49c87da840785\">\n.avia-section.av-av_section-f3565ac5ed1677399ff49c87da840785{\nbackground-color:#f9f9f9;\nbackground-image:unset;\n}\n<\/style>\n<div id='av_section_1'  class='avia-section av-av_section-f3565ac5ed1677399ff49c87da840785 main_color avia-section-default avia-no-border-styling  avia-builder-el-0  el_before_av_section  avia-builder-el-first  avia-bg-style-scroll av-minimum-height av-minimum-height-75 av-height-75  container_wrap sidebar_right'   data-av_minimum_height_pc='75' data-av_min_height_opt='75'><div class='container av-section-cont-open' ><main  role=\"main\" itemprop=\"mainContentOfPage\"  class='template-page content  av-content-small alpha units'><div class='post-entry post-entry-type-page post-entry-5088'><div class='entry-content-wrapper clearfix'>\n\n<style type=\"text\/css\" data-created_by=\"avia_inline_auto\" id=\"style-css-av-av_one_third-f120a6c09a7c4f1b25340ac16a8e63e8\">\n.flex_column.av-av_one_third-f120a6c09a7c4f1b25340ac16a8e63e8{\nborder-radius:0px 0px 0px 0px;\npadding:0px 0px 0px 0px;\n}\n<\/style>\n<div  class='flex_column av-av_one_third-f120a6c09a7c4f1b25340ac16a8e63e8 av_one_third  avia-builder-el-1  el_before_av_one_third  avia-builder-el-first  first flex_column_div av-hide-on-mobile av-zero-column-padding  '     ><\/div>\n<style type=\"text\/css\" data-created_by=\"avia_inline_auto\" id=\"style-css-av-av_one_third-0aa7055fe62c3622faec82866afbaeb2\">\n.flex_column.av-av_one_third-0aa7055fe62c3622faec82866afbaeb2{\nborder-radius:0px 0px 0px 0px;\npadding:0px 0px 0px 0px;\n}\n<\/style>\n<div  class='flex_column av-av_one_third-0aa7055fe62c3622faec82866afbaeb2 av_one_third  avia-builder-el-2  el_after_av_one_third  el_before_av_one_third  flex_column_div av-zero-column-padding  '     ><style type=\"text\/css\" data-created_by=\"avia_inline_auto\" id=\"style-css-av-av_image-7bd87985b94796ce7dfa501bf018bd6f\">\n.avia-image-container.av-av_image-7bd87985b94796ce7dfa501bf018bd6f img.avia_image{\nbox-shadow:none;\n}\n.avia-image-container.av-av_image-7bd87985b94796ce7dfa501bf018bd6f .av-image-caption-overlay-center{\ncolor:#ffffff;\n}\n<\/style>\n<div  class='avia-image-container av-av_image-7bd87985b94796ce7dfa501bf018bd6f av-styling-no-styling avia-align-center  avia-builder-el-3  avia-builder-el-no-sibling '   itemprop=\"image\" itemscope=\"itemscope\" itemtype=\"https:\/\/schema.org\/ImageObject\" ><div class=\"avia-image-container-inner\"><div class=\"avia-image-overlay-wrap\"><img fetchpriority=\"high\" class='wp-image-3666 avia-img-lazy-loading-not-3666 avia_image ' src='https:\/\/kemetrv.ee\/wp-content\/uploads\/kemet-rv-muud-vesiklaas.png' alt='Vesiklaas (Naatriumsilikaat)' title='Vesiklaas (Naatriumsilikaat)'  height=\"800\" width=\"600\"  itemprop=\"thumbnailUrl\"  \/><\/div><\/div><\/div><\/div>\n<style type=\"text\/css\" data-created_by=\"avia_inline_auto\" id=\"style-css-av-av_one_third-a2905bc6e39fcf5ba2f860d9c868590d\">\n.flex_column.av-av_one_third-a2905bc6e39fcf5ba2f860d9c868590d{\nborder-radius:0px 0px 0px 0px;\npadding:50px 30px 30px 30px;\nbackground-color:#ffffff;\n}\n<\/style>\n<div  class='flex_column av-av_one_third-a2905bc6e39fcf5ba2f860d9c868590d av_one_third  avia-builder-el-4  el_after_av_one_third  avia-builder-el-last  flex_column_div  '     ><p>\n<style type=\"text\/css\" data-created_by=\"avia_inline_auto\" id=\"style-css-av-av_heading-7fcef46467b733845e6945c0739f8fa0\">\n#top .av-special-heading.av-av_heading-7fcef46467b733845e6945c0739f8fa0{\npadding-bottom:5px;\ncolor:#0039a6;\n}\nbody .av-special-heading.av-av_heading-7fcef46467b733845e6945c0739f8fa0 .av-special-heading-tag .heading-char{\nfont-size:25px;\n}\n.av-special-heading.av-av_heading-7fcef46467b733845e6945c0739f8fa0 .special-heading-inner-border{\nborder-color:#0039a6;\n}\n.av-special-heading.av-av_heading-7fcef46467b733845e6945c0739f8fa0 .av-subheading{\nfont-size:12px;\n}\n<\/style>\n<div  class='av-special-heading av-av_heading-7fcef46467b733845e6945c0739f8fa0 av-special-heading-h1 custom-color-heading blockquote modern-quote  avia-builder-el-5  el_before_av_textblock  avia-builder-el-first '><div class='av_custom_color av-subheading av-subheading_above'><p>muut<\/p>\n<\/div><h1 class='av-special-heading-tag '  itemprop=\"headline\"  >VESILASI (NATRIUMSILIKAATTI) <\/h1><div class=\"special-heading-border\"><div class=\"special-heading-inner-border\"><\/div><\/div><\/div><br \/>\n<section  class='av_textblock_section av-av_textblock-0366cc7376be6c9e82a3e9cc8987b64f '   itemscope=\"itemscope\" itemtype=\"https:\/\/schema.org\/CreativeWork\" ><div class='avia_textblock'  itemprop=\"text\" ><p>Pakkaus: 1L; 3L; 5L; 10L; 20L<\/p>\n<p>Rapattujen- ja betonipintojen tiivistykseen, silikonilla saumaamiseen ja kosteudenkest\u00e4vyyden lis\u00e4\u00e4miseen. Haponkest\u00e4v\u00e4n betonin valmistukseen, sopii my\u00f6s puun palonkest\u00e4vyytt\u00e4 suurentavaksi kyll\u00e4stysaineeksi.<\/p>\n<p><a href=\"https:\/\/kemetrv.ee\/wp-content\/uploads\/OHUTUSKAART-vesiklaas-10.pdf\">K\u00e4ytt\u00f6turvallisuustiedote (viroksi): PDF<\/a><\/p>\n<\/div><\/section><\/p><\/div>\n\n<\/div><\/div><\/main><!-- close content main element --><\/div><\/div>\n<style type=\"text\/css\" data-created_by=\"avia_inline_auto\" id=\"style-css-av-av_section-a6bbdce9293d1ac6e9a04657bb57962e\">\n.avia-section.av-av_section-a6bbdce9293d1ac6e9a04657bb57962e{\nbackground-color:#f9f9f9;\nbackground-image:unset;\n}\n<\/style>\n<div id='product-category'  class='avia-section av-av_section-a6bbdce9293d1ac6e9a04657bb57962e main_color avia-section-small avia-no-border-styling  avia-builder-el-7  el_after_av_section  el_before_av_section  avia-bg-style-scroll container_wrap sidebar_right'  ><div class='container av-section-cont-open' ><div class='template-page content  av-content-small alpha units'><div class='post-entry post-entry-type-page post-entry-5088'><div class='entry-content-wrapper clearfix'>\n\n<style type=\"text\/css\" data-created_by=\"avia_inline_auto\" id=\"style-css-av-av_one_fifth-10b875b05bc6c6b6f370405ac41b515c\">\n.flex_column.av-av_one_fifth-10b875b05bc6c6b6f370405ac41b515c{\nborder-radius:0px 0px 0px 0px;\npadding:20px 20px 20px 20px;\nbackground-color:#ffffff;\n}\n<\/style>\n<div  class='flex_column av-av_one_fifth-10b875b05bc6c6b6f370405ac41b515c av_one_fifth  avia-builder-el-8  el_before_av_one_fifth  avia-builder-el-first  first flex_column_div  '     ><p>\n<style type=\"text\/css\" data-created_by=\"avia_inline_auto\" id=\"style-css-av-av_image-05e363977da2ac97d9eebb87cf1d0ff8\">\n.avia-image-container.av-av_image-05e363977da2ac97d9eebb87cf1d0ff8 img.avia_image{\nbox-shadow:none;\n}\n.avia-image-container.av-av_image-05e363977da2ac97d9eebb87cf1d0ff8 .av-image-caption-overlay-center{\ncolor:#ffffff;\n}\n<\/style>\n<div  class='avia-image-container av-av_image-05e363977da2ac97d9eebb87cf1d0ff8 av-styling-no-styling av-img-linked avia-align-center  avia-builder-el-9  el_before_av_heading  avia-builder-el-first '   itemprop=\"image\" itemscope=\"itemscope\" itemtype=\"https:\/\/schema.org\/ImageObject\" ><div class=\"avia-image-container-inner\"><div class=\"avia-image-overlay-wrap\"><a href=\"https:\/\/kemetrv.ee\/varvid\/rootsi-muldvarv-maalri\/\" class='avia_image '  ><img fetchpriority=\"high\" class='wp-image-3751 avia-img-lazy-loading-not-3751 avia_image ' src='https:\/\/kemetrv.ee\/wp-content\/uploads\/category-varvid-rootsi-muldvarv-maalri-3kg.png' alt='' title=''  height=\"400\" width=\"300\"  itemprop=\"thumbnailUrl\"  \/><\/a><\/div><\/div><\/div><br \/>\n\n<style type=\"text\/css\" data-created_by=\"avia_inline_auto\" id=\"style-css-av-av_heading-8bd9e345d1c349e8f98c61a6e582eb17\">\n#top .av-special-heading.av-av_heading-8bd9e345d1c349e8f98c61a6e582eb17{\npadding-bottom:0;\n}\nbody .av-special-heading.av-av_heading-8bd9e345d1c349e8f98c61a6e582eb17 .av-special-heading-tag .heading-char{\nfont-size:25px;\n}\n.av-special-heading.av-av_heading-8bd9e345d1c349e8f98c61a6e582eb17 .av-subheading{\nfont-size:12px;\n}\n<\/style>\n<div  class='av-special-heading av-av_heading-8bd9e345d1c349e8f98c61a6e582eb17 av-special-heading-h2 blockquote modern-quote  avia-builder-el-10  el_after_av_image  avia-builder-el-last '><div class='av-subheading av-subheading_above'><p>sahattuihin puupintoihin<\/p>\n<\/div><h2 class='av-special-heading-tag '  itemprop=\"headline\"  >Multamaali MAALRI (<span class='special_amp'>&#8221;<\/span>Maalarin<span class='special_amp'>&#8221;<\/span>)<\/h2><div class=\"special-heading-border\"><div class=\"special-heading-inner-border\"><\/div><\/div><\/div><\/p><\/div>\n<style type=\"text\/css\" data-created_by=\"avia_inline_auto\" id=\"style-css-av-av_one_fifth-e144647ee0066c28e55520ff792478f5\">\n.flex_column.av-av_one_fifth-e144647ee0066c28e55520ff792478f5{\nborder-radius:0px 0px 0px 0px;\npadding:20px 20px 20px 20px;\nbackground-color:#ffffff;\n}\n<\/style>\n<div  class='flex_column av-av_one_fifth-e144647ee0066c28e55520ff792478f5 av_one_fifth  avia-builder-el-11  el_after_av_one_fifth  el_before_av_one_fifth  flex_column_div  '     ><p>\n<style type=\"text\/css\" data-created_by=\"avia_inline_auto\" id=\"style-css-av-av_image-e50e356348cb77b7c127e39d85bb3d30\">\n.avia-image-container.av-av_image-e50e356348cb77b7c127e39d85bb3d30 img.avia_image{\nbox-shadow:none;\n}\n.avia-image-container.av-av_image-e50e356348cb77b7c127e39d85bb3d30 .av-image-caption-overlay-center{\ncolor:#ffffff;\n}\n<\/style>\n<div  class='avia-image-container av-av_image-e50e356348cb77b7c127e39d85bb3d30 av-styling-no-styling av-img-linked avia-align-center  avia-builder-el-12  el_before_av_heading  avia-builder-el-first '   itemprop=\"image\" itemscope=\"itemscope\" itemtype=\"https:\/\/schema.org\/ImageObject\" ><div class=\"avia-image-container-inner\"><div class=\"avia-image-overlay-wrap\"><a href=\"https:\/\/kemetrv.ee\/varvid\/katusevarv-alkor\/\" class='avia_image '  aria-label='Katusev\u00e4rv ALKOR'><img fetchpriority=\"high\" class='wp-image-6550 avia-img-lazy-loading-not-6550 avia_image ' src='https:\/\/kemetrv.ee\/wp-content\/uploads\/category-varvid-katusevarv-alkor-3l.png' alt='' title='Katusev\u00e4rv ALKOR'  height=\"400\" width=\"300\"  itemprop=\"thumbnailUrl\"  \/><\/a><\/div><\/div><\/div><br \/>\n\n<style type=\"text\/css\" data-created_by=\"avia_inline_auto\" id=\"style-css-av-av_heading-9d75b90ae98946c2e3391857be0f88d9\">\n#top .av-special-heading.av-av_heading-9d75b90ae98946c2e3391857be0f88d9{\npadding-bottom:0;\n}\nbody .av-special-heading.av-av_heading-9d75b90ae98946c2e3391857be0f88d9 .av-special-heading-tag .heading-char{\nfont-size:25px;\n}\n.av-special-heading.av-av_heading-9d75b90ae98946c2e3391857be0f88d9 .av-subheading{\nfont-size:12px;\n}\n<\/style>\n<div  class='av-special-heading av-av_heading-9d75b90ae98946c2e3391857be0f88d9 av-special-heading-h2 blockquote modern-quote  avia-builder-el-13  el_after_av_image  avia-builder-el-last '><div class='av-subheading av-subheading_above'><p>kattotiilille<\/p>\n<\/div><h2 class='av-special-heading-tag '  itemprop=\"headline\"  >Kattotiilimaali ALKOR<\/h2><div class=\"special-heading-border\"><div class=\"special-heading-inner-border\"><\/div><\/div><\/div><\/p><\/div>\n<style type=\"text\/css\" data-created_by=\"avia_inline_auto\" id=\"style-css-av-av_one_fifth-e144647ee0066c28e55520ff792478f5\">\n.flex_column.av-av_one_fifth-e144647ee0066c28e55520ff792478f5{\nborder-radius:0px 0px 0px 0px;\npadding:20px 20px 20px 20px;\nbackground-color:#ffffff;\n}\n<\/style>\n<div  class='flex_column av-av_one_fifth-e144647ee0066c28e55520ff792478f5 av_one_fifth  avia-builder-el-14  el_after_av_one_fifth  el_before_av_one_fifth  flex_column_div  '     ><p>\n<style type=\"text\/css\" data-created_by=\"avia_inline_auto\" id=\"style-css-av-av_image-91e655340baef008c9e09ec116882bf3\">\n.avia-image-container.av-av_image-91e655340baef008c9e09ec116882bf3 img.avia_image{\nbox-shadow:none;\n}\n.avia-image-container.av-av_image-91e655340baef008c9e09ec116882bf3 .av-image-caption-overlay-center{\ncolor:#ffffff;\n}\n<\/style>\n<div  class='avia-image-container av-av_image-91e655340baef008c9e09ec116882bf3 av-styling-no-styling av-img-linked avia-align-center  avia-builder-el-15  el_before_av_heading  avia-builder-el-first '   itemprop=\"image\" itemscope=\"itemscope\" itemtype=\"https:\/\/schema.org\/ImageObject\" ><div class=\"avia-image-container-inner\"><div class=\"avia-image-overlay-wrap\"><a href=\"https:\/\/kemetrv.ee\/varvid\/linaolivarv-palett\/\" class='avia_image '  ><img fetchpriority=\"high\" class='wp-image-3746 avia-img-lazy-loading-not-3746 avia_image ' src='https:\/\/kemetrv.ee\/wp-content\/uploads\/category-varvid-linaolivarv-palett-1l.png' alt='' title=''  height=\"400\" width=\"300\"  itemprop=\"thumbnailUrl\"  \/><\/a><\/div><\/div><\/div><br \/>\n\n<style type=\"text\/css\" data-created_by=\"avia_inline_auto\" id=\"style-css-av-av_heading-02f8d4de8120f8bf8d84179a4959408f\">\n#top .av-special-heading.av-av_heading-02f8d4de8120f8bf8d84179a4959408f{\npadding-bottom:0;\n}\nbody .av-special-heading.av-av_heading-02f8d4de8120f8bf8d84179a4959408f .av-special-heading-tag .heading-char{\nfont-size:25px;\n}\n.av-special-heading.av-av_heading-02f8d4de8120f8bf8d84179a4959408f .av-subheading{\nfont-size:12px;\n}\n<\/style>\n<div  class='av-special-heading av-av_heading-02f8d4de8120f8bf8d84179a4959408f av-special-heading-h2 blockquote modern-quote  avia-builder-el-16  el_after_av_image  avia-builder-el-last '><div class='av-subheading av-subheading_above'><p>puupinnoille<\/p>\n<\/div><h2 class='av-special-heading-tag '  itemprop=\"headline\"  >Pellava\u00f6ljymaali <span class='special_amp'>&#8221;<\/span>PALETTI<span class='special_amp'>&#8221;<\/span><\/h2><div class=\"special-heading-border\"><div class=\"special-heading-inner-border\"><\/div><\/div><\/div><\/p><\/div>\n<style type=\"text\/css\" data-created_by=\"avia_inline_auto\" id=\"style-css-av-av_one_fifth-7db28fda6876469a0184c19f89de3fb8\">\n.flex_column.av-av_one_fifth-7db28fda6876469a0184c19f89de3fb8{\nborder-radius:0px 0px 0px 0px;\npadding:20px 20px 20px 20px;\nbackground-color:#ffffff;\n}\n<\/style>\n<div  class='flex_column av-av_one_fifth-7db28fda6876469a0184c19f89de3fb8 av_one_fifth  avia-builder-el-17  el_after_av_one_fifth  el_before_av_one_fifth  flex_column_div  '     ><p>\n<style type=\"text\/css\" data-created_by=\"avia_inline_auto\" id=\"style-css-av-av_image-4d89104e8e1cae6b508e9ba59e340c39\">\n.avia-image-container.av-av_image-4d89104e8e1cae6b508e9ba59e340c39 img.avia_image{\nbox-shadow:none;\n}\n.avia-image-container.av-av_image-4d89104e8e1cae6b508e9ba59e340c39 .av-image-caption-overlay-center{\ncolor:#ffffff;\n}\n<\/style>\n<div  class='avia-image-container av-av_image-4d89104e8e1cae6b508e9ba59e340c39 av-styling-no-styling av-img-linked avia-align-center  avia-builder-el-18  el_before_av_heading  avia-builder-el-first '   itemprop=\"image\" itemscope=\"itemscope\" itemtype=\"https:\/\/schema.org\/ImageObject\" ><div class=\"avia-image-container-inner\"><div class=\"avia-image-overlay-wrap\"><a href=\"https:\/\/kemetrv.ee\/varvid\/alkuudvarv-spekter\/\" class='avia_image '  ><img fetchpriority=\"high\" class='wp-image-6641 avia-img-lazy-loading-not-6641 avia_image ' src='https:\/\/kemetrv.ee\/wp-content\/uploads\/category-varvid-alkuudvarv-spekter-1l.png' alt='' title=''  height=\"400\" width=\"300\"  itemprop=\"thumbnailUrl\"  \/><\/a><\/div><\/div><\/div><br \/>\n\n<style type=\"text\/css\" data-created_by=\"avia_inline_auto\" id=\"style-css-av-av_heading-14f22abd09118937de7789eef6c728c9\">\n#top .av-special-heading.av-av_heading-14f22abd09118937de7789eef6c728c9{\npadding-bottom:0;\n}\nbody .av-special-heading.av-av_heading-14f22abd09118937de7789eef6c728c9 .av-special-heading-tag .heading-char{\nfont-size:25px;\n}\n.av-special-heading.av-av_heading-14f22abd09118937de7789eef6c728c9 .av-subheading{\nfont-size:12px;\n}\n<\/style>\n<div  class='av-special-heading av-av_heading-14f22abd09118937de7789eef6c728c9 av-special-heading-h2 blockquote modern-quote  avia-builder-el-19  el_after_av_image  avia-builder-el-last '><div class='av-subheading av-subheading_above'><p>yleismaali<\/p>\n<\/div><h2 class='av-special-heading-tag '  itemprop=\"headline\"  >Alkydimaali SPEKTER<\/h2><div class=\"special-heading-border\"><div class=\"special-heading-inner-border\"><\/div><\/div><\/div><\/p><\/div>\n<style type=\"text\/css\" data-created_by=\"avia_inline_auto\" id=\"style-css-av-av_one_fifth-7db28fda6876469a0184c19f89de3fb8\">\n.flex_column.av-av_one_fifth-7db28fda6876469a0184c19f89de3fb8{\nborder-radius:0px 0px 0px 0px;\npadding:20px 20px 20px 20px;\nbackground-color:#ffffff;\n}\n<\/style>\n<div  class='flex_column av-av_one_fifth-7db28fda6876469a0184c19f89de3fb8 av_one_fifth  avia-builder-el-20  el_after_av_one_fifth  avia-builder-el-last  flex_column_div  '     ><p>\n<style type=\"text\/css\" data-created_by=\"avia_inline_auto\" id=\"style-css-av-av_image-7b69be7add9612f6f03370111af4a642\">\n.avia-image-container.av-av_image-7b69be7add9612f6f03370111af4a642 img.avia_image{\nbox-shadow:none;\n}\n.avia-image-container.av-av_image-7b69be7add9612f6f03370111af4a642 .av-image-caption-overlay-center{\ncolor:#ffffff;\n}\n<\/style>\n<div  class='avia-image-container av-av_image-7b69be7add9612f6f03370111af4a642 av-styling-no-styling av-img-linked avia-align-center  avia-builder-el-21  el_before_av_heading  avia-builder-el-first '   itemprop=\"image\" itemscope=\"itemscope\" itemtype=\"https:\/\/schema.org\/ImageObject\" ><div class=\"avia-image-container-inner\"><div class=\"avia-image-overlay-wrap\"><a href=\"https:\/\/kemetrv.ee\/lahustid\/nitrolahusti-646\/\" class='avia_image '  ><img fetchpriority=\"high\" class='wp-image-3721 avia-img-lazy-loading-not-3721 avia_image ' src='https:\/\/kemetrv.ee\/wp-content\/uploads\/category-lahustid-nitrolahusti-646.png' alt='' title=''  height=\"400\" width=\"300\"  itemprop=\"thumbnailUrl\"  \/><\/a><\/div><\/div><\/div><br \/>\n\n<style type=\"text\/css\" data-created_by=\"avia_inline_auto\" id=\"style-css-av-av_heading-345a7fd5b255c61326be8513c60feb0a\">\n#top .av-special-heading.av-av_heading-345a7fd5b255c61326be8513c60feb0a{\npadding-bottom:0;\n}\nbody .av-special-heading.av-av_heading-345a7fd5b255c61326be8513c60feb0a .av-special-heading-tag .heading-char{\nfont-size:25px;\n}\n.av-special-heading.av-av_heading-345a7fd5b255c61326be8513c60feb0a .av-subheading{\nfont-size:12px;\n}\n<\/style>\n<div  class='av-special-heading av-av_heading-345a7fd5b255c61326be8513c60feb0a av-special-heading-h2 blockquote modern-quote  avia-builder-el-22  el_after_av_image  avia-builder-el-last '><div class='av-subheading av-subheading_above'><p>liuotin<\/p>\n<\/div><h2 class='av-special-heading-tag '  itemprop=\"headline\"  >Nitro-ohenne 646<\/h2><div class=\"special-heading-border\"><div class=\"special-heading-inner-border\"><\/div><\/div><\/div><\/p><\/div><\/div><\/div><\/div><!-- close content main div --><\/div><\/div><div id='av_section_3'  class='avia-section av-av_section-1c6c2555841528b1825f9cc1964bd443 main_color avia-section-large avia-no-border-styling  avia-builder-el-23  el_after_av_section  avia-builder-el-last  avia-bg-style-scroll container_wrap sidebar_right'  ><div class='container av-section-cont-open' ><div class='template-page content  av-content-small alpha units'><div class='post-entry post-entry-type-page post-entry-5088'><div class='entry-content-wrapper clearfix'>\n\n<style type=\"text\/css\" data-created_by=\"avia_inline_auto\" id=\"style-css-av-av_one_third-f120a6c09a7c4f1b25340ac16a8e63e8\">\n.flex_column.av-av_one_third-f120a6c09a7c4f1b25340ac16a8e63e8{\nborder-radius:0px 0px 0px 0px;\npadding:0px 0px 0px 0px;\n}\n<\/style>\n<div  class='flex_column av-av_one_third-f120a6c09a7c4f1b25340ac16a8e63e8 av_one_third  avia-builder-el-24  el_before_av_two_third  avia-builder-el-first  first flex_column_div av-hide-on-mobile av-zero-column-padding  '     ><\/div>\n<style type=\"text\/css\" data-created_by=\"avia_inline_auto\" id=\"style-css-av-av_two_third-0aa7055fe62c3622faec82866afbaeb2\">\n.flex_column.av-av_two_third-0aa7055fe62c3622faec82866afbaeb2{\nborder-radius:0px 0px 0px 0px;\npadding:0px 0px 0px 0px;\n}\n<\/style>\n<div  class='flex_column av-av_two_third-0aa7055fe62c3622faec82866afbaeb2 av_two_third  avia-builder-el-25  el_after_av_one_third  avia-builder-el-last  flex_column_div av-zero-column-padding  '     ><p>\n<style type=\"text\/css\" data-created_by=\"avia_inline_auto\" id=\"style-css-av-av_heading-87353bd89feef4bfae73fbfa47a3540f\">\n#top .av-special-heading.av-av_heading-87353bd89feef4bfae73fbfa47a3540f{\npadding-bottom:0;\n}\nbody .av-special-heading.av-av_heading-87353bd89feef4bfae73fbfa47a3540f .av-special-heading-tag .heading-char{\nfont-size:25px;\n}\n.av-special-heading.av-av_heading-87353bd89feef4bfae73fbfa47a3540f .av-subheading{\nfont-size:12px;\n}\n<\/style>\n<div  class='av-special-heading av-av_heading-87353bd89feef4bfae73fbfa47a3540f av-special-heading-h2 blockquote modern-quote  avia-builder-el-26  el_before_av_textblock  avia-builder-el-first '><div class='av-subheading av-subheading_above'><p>projektimyynti<\/p>\n<\/div><h2 class='av-special-heading-tag '  itemprop=\"headline\"  >SUUNNITTELETKO SUUREMPAA REMONTTI- TAI RAKENNUSPROJEKTIA?<\/h2><div class=\"special-heading-border\"><div class=\"special-heading-inner-border\"><\/div><\/div><\/div><br \/>\n<section  class='av_textblock_section av-av_textblock-0366cc7376be6c9e82a3e9cc8987b64f '   itemscope=\"itemscope\" itemtype=\"https:\/\/schema.org\/CreativeWork\" ><div class='avia_textblock'  itemprop=\"text\" ><dl>\n<dt><span lang=\"fi-FI\">Kysy myyntiedustajaltamme tarjousta kaikille tuotteille kerralla, jolloin s\u00e4\u00e4st\u00e4t tuotteiden hinnan ja toimituskustannusten lis\u00e4ksi my\u00f6s aikaa. Yhteystiedot +372 58 50 6969, sales@kemetrv.ee<\/span><\/dt>\n<dt><\/dt>\n<\/dl>\n<\/div><\/section><br \/>\n<div  class='avia-button-wrap av-av_button-2c709810aaa86bb351ea8c6cf46ff542-wrap avia-button-left  avia-builder-el-28  el_after_av_textblock  avia-builder-el-last '><a href=''  class='avia-button av-av_button-2c709810aaa86bb351ea8c6cf46ff542 av-link-btn avia-icon_select-no avia-size-medium avia-position-left avia-color-theme-color'   aria-label=\"Kysy tarjousta!\"><span class='avia_iconbox_title' >Kysy tarjousta!<\/span><\/a><\/div><\/p><\/div>\n<\/div><\/div><\/div><!-- close content main div --><\/div><\/div><div id='after_section_3'  class='main_color av_default_container_wrap container_wrap sidebar_right'  ><div class='container av-section-cont-open' ><div class='template-page content  av-content-small alpha units'><div class='post-entry post-entry-type-page post-entry-5088'><div class='entry-content-wrapper clearfix'><\/p>\n","protected":false},"excerpt":{"rendered":"","protected":false},"author":6,"featured_media":0,"parent":5143,"menu_order":1,"comment_status":"closed","ping_status":"closed","template":"","meta":{"_acf_changed":false,"footnotes":""},"class_list":["post-5088","page","type-page","status-publish","hentry"],"acf":[],"_links":{"self":[{"href":"https:\/\/kemetrv.ee\/fi\/wp-json\/wp\/v2\/pages\/5088","targetHints":{"allow":["GET"]}}],"collection":[{"href":"https:\/\/kemetrv.ee\/fi\/wp-json\/wp\/v2\/pages"}],"about":[{"href":"https:\/\/kemetrv.ee\/fi\/wp-json\/wp\/v2\/types\/page"}],"author":[{"embeddable":true,"href":"https:\/\/kemetrv.ee\/fi\/wp-json\/wp\/v2\/users\/6"}],"replies":[{"embeddable":true,"href":"https:\/\/kemetrv.ee\/fi\/wp-json\/wp\/v2\/comments?post=5088"}],"version-history":[{"count":2,"href":"https:\/\/kemetrv.ee\/fi\/wp-json\/wp\/v2\/pages\/5088\/revisions"}],"predecessor-version":[{"id":6803,"href":"https:\/\/kemetrv.ee\/fi\/wp-json\/wp\/v2\/pages\/5088\/revisions\/6803"}],"up":[{"embeddable":true,"href":"https:\/\/kemetrv.ee\/fi\/wp-json\/wp\/v2\/pages\/5143"}],"wp:attachment":[{"href":"https:\/\/kemetrv.ee\/fi\/wp-json\/wp\/v2\/media?parent=5088"}],"curies":[{"name":"wp","href":"https:\/\/api.w.org\/{rel}","templated":true}]}}