{"id":5103,"date":"2019-06-10T23:59:44","date_gmt":"2019-06-10T20:59:44","guid":{"rendered":"https:\/\/kemetrv.ee\/?page_id=5103"},"modified":"2019-06-27T13:58:21","modified_gmt":"2019-06-27T10:58:21","slug":"pienpoistaja","status":"publish","type":"page","link":"https:\/\/kemetrv.ee\/fi\/muut\/pienpoistaja\/","title":{"rendered":"Pienpoistaja"},"content":{"rendered":"\n<style type=\"text\/css\" data-created_by=\"avia_inline_auto\" id=\"style-css-av-1bv7n9b-b857a5cfb021222cf172e3a20ef02c50\">\n.avia-section.av-1bv7n9b-b857a5cfb021222cf172e3a20ef02c50{\nbackground-color:#f9f9f9;\nbackground-image:unset;\n}\n<\/style>\n<div id='av_section_1'  class='avia-section av-1bv7n9b-b857a5cfb021222cf172e3a20ef02c50 main_color avia-section-default avia-no-border-styling  avia-builder-el-0  el_before_av_section  avia-builder-el-first  avia-bg-style-scroll av-minimum-height av-minimum-height-75 av-height-75  container_wrap sidebar_right'   data-av_minimum_height_pc='75' data-av_min_height_opt='75'><div class='container av-section-cont-open' ><main  role=\"main\" itemprop=\"mainContentOfPage\"  class='template-page content  av-content-small alpha units'><div class='post-entry post-entry-type-page post-entry-5103'><div class='entry-content-wrapper clearfix'>\n\n<style type=\"text\/css\" data-created_by=\"avia_inline_auto\" id=\"style-css-av-1a1we73-a8ff8ae9ef2bacc709fe78a45411691a\">\n.flex_column.av-1a1we73-a8ff8ae9ef2bacc709fe78a45411691a{\nborder-radius:0px 0px 0px 0px;\npadding:0px 0px 0px 0px;\n}\n<\/style>\n<div  class='flex_column av-1a1we73-a8ff8ae9ef2bacc709fe78a45411691a av_one_third  avia-builder-el-1  el_before_av_one_third  avia-builder-el-first  first flex_column_div av-hide-on-mobile av-zero-column-padding  '     ><\/div>\n<style type=\"text\/css\" data-created_by=\"avia_inline_auto\" id=\"style-css-av-18h5ctb-1b1aafdfb62ae4ddd6ecf8ca87091b62\">\n.flex_column.av-18h5ctb-1b1aafdfb62ae4ddd6ecf8ca87091b62{\nborder-radius:0px 0px 0px 0px;\npadding:0px 0px 0px 0px;\n}\n<\/style>\n<div  class='flex_column av-18h5ctb-1b1aafdfb62ae4ddd6ecf8ca87091b62 av_one_third  avia-builder-el-2  el_after_av_one_third  el_before_av_one_third  flex_column_div av-zero-column-padding  '     ><style type=\"text\/css\" data-created_by=\"avia_inline_auto\" id=\"style-css-av-15o3o0v-48270e4da7cde1a42b94fdce538ddee5\">\n.avia-image-container.av-15o3o0v-48270e4da7cde1a42b94fdce538ddee5 img.avia_image{\nbox-shadow:none;\n}\n.avia-image-container.av-15o3o0v-48270e4da7cde1a42b94fdce538ddee5 .av-image-caption-overlay-center{\ncolor:#ffffff;\n}\n<\/style>\n<div  class='avia-image-container av-15o3o0v-48270e4da7cde1a42b94fdce538ddee5 av-styling-no-styling avia-align-center  avia-builder-el-3  avia-builder-el-no-sibling '   itemprop=\"image\" itemscope=\"itemscope\" itemtype=\"https:\/\/schema.org\/ImageObject\" ><div class=\"avia-image-container-inner\"><div class=\"avia-image-overlay-wrap\"><img fetchpriority=\"high\" class='wp-image- avia-img-lazy-loading-not- avia_image ' src='https:\/\/kemetrv.ee\/wp-content\/uploads\/pigieemaldi_1L_800x600.png' alt='' title=''   itemprop=\"thumbnailUrl\"  \/><\/div><\/div><\/div><\/div>\n<style type=\"text\/css\" data-created_by=\"avia_inline_auto\" id=\"style-css-av-14za3tb-409f2a8a4f2c76884d35d3e960054289\">\n.flex_column.av-14za3tb-409f2a8a4f2c76884d35d3e960054289{\nborder-radius:0px 0px 0px 0px;\npadding:50px 30px 30px 30px;\nbackground-color:#ffffff;\n}\n<\/style>\n<div  class='flex_column av-14za3tb-409f2a8a4f2c76884d35d3e960054289 av_one_third  avia-builder-el-4  el_after_av_one_third  avia-builder-el-last  flex_column_div  '     ><p>\n<style type=\"text\/css\" data-created_by=\"avia_inline_auto\" id=\"style-css-av-12umre7-df8903d2e754e87e27fa2082ad0a7b42\">\n#top .av-special-heading.av-12umre7-df8903d2e754e87e27fa2082ad0a7b42{\npadding-bottom:5px;\ncolor:#0039a6;\n}\nbody .av-special-heading.av-12umre7-df8903d2e754e87e27fa2082ad0a7b42 .av-special-heading-tag .heading-char{\nfont-size:25px;\n}\n.av-special-heading.av-12umre7-df8903d2e754e87e27fa2082ad0a7b42 .special-heading-inner-border{\nborder-color:#0039a6;\n}\n.av-special-heading.av-12umre7-df8903d2e754e87e27fa2082ad0a7b42 .av-subheading{\nfont-size:12px;\n}\n<\/style>\n<div  class='av-special-heading av-12umre7-df8903d2e754e87e27fa2082ad0a7b42 av-special-heading-h1 custom-color-heading blockquote modern-quote  avia-builder-el-5  el_before_av_textblock  avia-builder-el-first '><div class='av_custom_color av-subheading av-subheading_above'><p>muut &#8211; autokemia<\/p>\n<\/div><h1 class='av-special-heading-tag '  itemprop=\"headline\"  >Pienpoistaja<\/h1><div class=\"special-heading-border\"><div class=\"special-heading-inner-border\"><\/div><\/div><\/div><br \/>\n<section  class='av_textblock_section av-jxejxqhe-56d1fac813f87fb71e4c4da9d5f5e718 '   itemscope=\"itemscope\" itemtype=\"https:\/\/schema.org\/CreativeWork\" ><div class='avia_textblock'  itemprop=\"text\" ><p>Pakkaus: 1L; 3L; 5L; 10L; 20L<\/p>\n<dl>\n<dt><span lang=\"fi-FI\">Pienpoistaja sopii ajoneuvojen puhdistamiseen maantiesuolasta ja piest\u00e4. Sopii my\u00f6s moottoripesuun, sill\u00e4 se poistaa \u00f6ljy- ja rasvaj\u00e4\u00e4m\u00e4t pinnoista. Poistaa autosta tehokkaasti piki- ja suolaj\u00e4\u00e4m\u00e4t pintoja vahingoittamatta. Vaaraton kumi- ja muoviosille. <\/span><\/dt>\n<dt><span lang=\"fi-FI\">K\u00e4ytt\u00f6: <strong>Ei saa laimentaa!<\/strong> Levit\u00e4 kuivalle ja j\u00e4\u00e4htyneelle pinnalle ja anna vaikuttaa 5 minuuttia. Huuhtele sen j\u00e4lkeen runsaalla<\/span> vedell\u00e4\/painepesurilla.<\/dt>\n<dt><\/dt>\n<\/dl>\n<\/div><\/section><\/p><\/div>\n\n<\/div><\/div><\/main><!-- close content main element --><\/div><\/div><div id='av_section_2'  class='avia-section av-11ip5hb-d1ff6b16acc238090a3b80cf1298635a main_color avia-section-large avia-no-border-styling  avia-builder-el-7  el_after_av_section  el_before_av_section  avia-bg-style-scroll container_wrap sidebar_right'  ><div class='container av-section-cont-open' ><div class='template-page content  av-content-small alpha units'><div class='post-entry post-entry-type-page post-entry-5103'><div class='entry-content-wrapper clearfix'>\n\n<style type=\"text\/css\" data-created_by=\"avia_inline_auto\" id=\"style-css-av-zd7l3j-0ebd0c901d84500b54cabcf7d017d3ef\">\n.flex_column.av-zd7l3j-0ebd0c901d84500b54cabcf7d017d3ef{\nborder-radius:0px 0px 0px 0px;\npadding:0px 0px 0px 0px;\n}\n<\/style>\n<div  class='flex_column av-zd7l3j-0ebd0c901d84500b54cabcf7d017d3ef av_one_third  avia-builder-el-8  el_before_av_two_third  avia-builder-el-first  first flex_column_div av-hide-on-mobile av-zero-column-padding  '     ><\/div>\n<style type=\"text\/css\" data-created_by=\"avia_inline_auto\" id=\"style-css-av-xmu7rj-76c057ed151df6d1a41b2c1304083232\">\n.flex_column.av-xmu7rj-76c057ed151df6d1a41b2c1304083232{\nborder-radius:0px 0px 0px 0px;\npadding:0px 0px 0px 0px;\n}\n<\/style>\n<div  class='flex_column av-xmu7rj-76c057ed151df6d1a41b2c1304083232 av_two_third  avia-builder-el-9  el_after_av_one_third  avia-builder-el-last  flex_column_div av-zero-column-padding  '     ><p>\n<style type=\"text\/css\" data-created_by=\"avia_inline_auto\" id=\"style-css-av-av_heading-855782dbdcca877671a4da30f292d1ca\">\n#top .av-special-heading.av-av_heading-855782dbdcca877671a4da30f292d1ca{\npadding-bottom:0;\n}\nbody .av-special-heading.av-av_heading-855782dbdcca877671a4da30f292d1ca .av-special-heading-tag .heading-char{\nfont-size:25px;\n}\n.av-special-heading.av-av_heading-855782dbdcca877671a4da30f292d1ca .av-subheading{\nfont-size:12px;\n}\n<\/style>\n<div  class='av-special-heading av-av_heading-855782dbdcca877671a4da30f292d1ca av-special-heading-h2 blockquote modern-quote  avia-builder-el-10  el_before_av_textblock  avia-builder-el-first '><div class='av-subheading av-subheading_above'><p>projektimyynti<\/p>\n<\/div><h2 class='av-special-heading-tag '  itemprop=\"headline\"  >SUUNNITTELETKO SUUREMPAA REMONTTI- TAI RAKENNUSPROJEKTIA?<\/h2><div class=\"special-heading-border\"><div class=\"special-heading-inner-border\"><\/div><\/div><\/div><br \/>\n\n<style type=\"text\/css\" data-created_by=\"avia_inline_auto\" id=\"style-css-av-uknqjz-a421d4cdf3241f772dfa15394a47d99d\">\n#top .av_textblock_section.av-uknqjz-a421d4cdf3241f772dfa15394a47d99d .avia_textblock{\nfont-size:14px;\n}\n<\/style>\n<section  class='av_textblock_section av-uknqjz-a421d4cdf3241f772dfa15394a47d99d '   itemscope=\"itemscope\" itemtype=\"https:\/\/schema.org\/CreativeWork\" ><div class='avia_textblock'  itemprop=\"text\" ><dl>\n<dt><span lang=\"fi-FI\">Kysy myyntiedustajaltamme tarjousta kaikille tuotteille kerralla, jolloin s\u00e4\u00e4st\u00e4t tuotteiden hinnan ja toimituskustannusten lis\u00e4ksi my\u00f6s aikaa. Yhteystiedot +372 58 50 6969, sales@kemetrv.ee<\/span><\/dt>\n<dt><\/dt>\n<\/dl>\n<\/div><\/section><br \/>\n<div  class='avia-button-wrap av-tp94e7-0543f3f6369b7130073b85831b340fdb-wrap avia-button-left  avia-builder-el-12  el_after_av_textblock  avia-builder-el-last '><a href='https:\/\/kemetrv.ee\/fi\/yhteystiedot\/'  class='avia-button av-tp94e7-0543f3f6369b7130073b85831b340fdb av-link-btn avia-icon_select-no avia-size-large avia-position-left avia-color-theme-color'   aria-label=\"Kysy tarjousta!\"><span class='avia_iconbox_title' >Kysy tarjousta!<\/span><\/a><\/div><\/p><\/div><\/div><\/div><\/div><!-- close content main div --><\/div><\/div>\n<style type=\"text\/css\" data-created_by=\"avia_inline_auto\" id=\"style-css-av-r2shjz-c10b2974eed3dc13922ccb0d152b17ce\">\n.avia-section.av-r2shjz-c10b2974eed3dc13922ccb0d152b17ce{\nbackground-color:#f9f9f9;\nbackground-image:unset;\n}\n<\/style>\n<div id='product-category'  class='avia-section av-r2shjz-c10b2974eed3dc13922ccb0d152b17ce main_color avia-section-small avia-no-border-styling  avia-builder-el-13  el_after_av_section  avia-builder-el-last  avia-bg-style-scroll container_wrap sidebar_right'  ><div class='container av-section-cont-open' ><div class='template-page content  av-content-small alpha units'><div class='post-entry post-entry-type-page post-entry-5103'><div class='entry-content-wrapper clearfix'>\n\n<style type=\"text\/css\" data-created_by=\"avia_inline_auto\" id=\"style-css-av-q27efj-fcafe120fedb279d750d21d040353be9\">\n.flex_column.av-q27efj-fcafe120fedb279d750d21d040353be9{\nborder-radius:0px 0px 0px 0px;\npadding:20px 20px 20px 20px;\nbackground-color:#ffffff;\n}\n<\/style>\n<div  class='flex_column av-q27efj-fcafe120fedb279d750d21d040353be9 av_one_fifth  avia-builder-el-14  el_before_av_one_fifth  avia-builder-el-first  first flex_column_div  '     ><p>\n<style type=\"text\/css\" data-created_by=\"avia_inline_auto\" id=\"style-css-av-oh7cz3-1b3a624b674314e08886940c11104188\">\n.avia-image-container.av-oh7cz3-1b3a624b674314e08886940c11104188 img.avia_image{\nbox-shadow:none;\n}\n.avia-image-container.av-oh7cz3-1b3a624b674314e08886940c11104188 .av-image-caption-overlay-center{\ncolor:#ffffff;\n}\n<\/style>\n<div  class='avia-image-container av-oh7cz3-1b3a624b674314e08886940c11104188 av-styling-no-styling av-img-linked avia-align-center  avia-builder-el-15  el_before_av_heading  avia-builder-el-first '   itemprop=\"image\" itemscope=\"itemscope\" itemtype=\"https:\/\/schema.org\/ImageObject\" ><div class=\"avia-image-container-inner\"><div class=\"avia-image-overlay-wrap\"><a href=\"https:\/\/kemetrv.ee\/varvid\/rootsi-muldvarv-maalri\/\" class='avia_image '  ><img fetchpriority=\"high\" class='wp-image-3751 avia-img-lazy-loading-not-3751 avia_image ' src='https:\/\/kemetrv.ee\/wp-content\/uploads\/category-varvid-rootsi-muldvarv-maalri-3kg.png' alt='' title=''  height=\"400\" width=\"300\"  itemprop=\"thumbnailUrl\"  \/><\/a><\/div><\/div><\/div><br \/>\n\n<style type=\"text\/css\" data-created_by=\"avia_inline_auto\" id=\"style-css-av-m5xob3-35530e32a8d0f9b029253e229f5965d6\">\n#top .av-special-heading.av-m5xob3-35530e32a8d0f9b029253e229f5965d6{\npadding-bottom:0;\n}\nbody .av-special-heading.av-m5xob3-35530e32a8d0f9b029253e229f5965d6 .av-special-heading-tag .heading-char{\nfont-size:25px;\n}\n.av-special-heading.av-m5xob3-35530e32a8d0f9b029253e229f5965d6 .av-subheading{\nfont-size:12px;\n}\n<\/style>\n<div  class='av-special-heading av-m5xob3-35530e32a8d0f9b029253e229f5965d6 av-special-heading-h2 blockquote modern-quote  avia-builder-el-16  el_after_av_image  avia-builder-el-last '><div class='av-subheading av-subheading_above'><p>sahattuihin puupintoihin<\/p>\n<\/div><h2 class='av-special-heading-tag '  itemprop=\"headline\"  >Multamaali MAALRI (<span class='special_amp'>&#8221;<\/span>Maalarin<span class='special_amp'>&#8221;<\/span>)<\/h2><div class=\"special-heading-border\"><div class=\"special-heading-inner-border\"><\/div><\/div><\/div><\/p><\/div>\n<style type=\"text\/css\" data-created_by=\"avia_inline_auto\" id=\"style-css-av-kv7d1b-9c0da4d2b601a26702049c08b38787bd\">\n.flex_column.av-kv7d1b-9c0da4d2b601a26702049c08b38787bd{\nborder-radius:0px 0px 0px 0px;\npadding:20px 20px 20px 20px;\nbackground-color:#ffffff;\n}\n<\/style>\n<div  class='flex_column av-kv7d1b-9c0da4d2b601a26702049c08b38787bd av_one_fifth  avia-builder-el-17  el_after_av_one_fifth  el_before_av_one_fifth  flex_column_div  '     ><p>\n<style type=\"text\/css\" data-created_by=\"avia_inline_auto\" id=\"style-css-av-ix2hz3-1d01e02a0c8cc8d3494fc7fd3b65e67f\">\n.avia-image-container.av-ix2hz3-1d01e02a0c8cc8d3494fc7fd3b65e67f img.avia_image{\nbox-shadow:none;\n}\n.avia-image-container.av-ix2hz3-1d01e02a0c8cc8d3494fc7fd3b65e67f .av-image-caption-overlay-center{\ncolor:#ffffff;\n}\n<\/style>\n<div  class='avia-image-container av-ix2hz3-1d01e02a0c8cc8d3494fc7fd3b65e67f av-styling-no-styling av-img-linked avia-align-center  avia-builder-el-18  el_before_av_heading  avia-builder-el-first '   itemprop=\"image\" itemscope=\"itemscope\" itemtype=\"https:\/\/schema.org\/ImageObject\" ><div class=\"avia-image-container-inner\"><div class=\"avia-image-overlay-wrap\"><a href=\"https:\/\/kemetrv.ee\/varvid\/katusevarv-alkor\/\" class='avia_image '  aria-label='Katusev\u00e4rv ALKOR'><img fetchpriority=\"high\" class='wp-image-6550 avia-img-lazy-loading-not-6550 avia_image ' src='https:\/\/kemetrv.ee\/wp-content\/uploads\/category-varvid-katusevarv-alkor-3l.png' alt='' title='Katusev\u00e4rv ALKOR'  height=\"400\" width=\"300\"  itemprop=\"thumbnailUrl\"  \/><\/a><\/div><\/div><\/div><br \/>\n\n<style type=\"text\/css\" data-created_by=\"avia_inline_auto\" id=\"style-css-av-hdzwin-74c84778b599be58bf9fc276262259d3\">\n#top .av-special-heading.av-hdzwin-74c84778b599be58bf9fc276262259d3{\npadding-bottom:0;\n}\nbody .av-special-heading.av-hdzwin-74c84778b599be58bf9fc276262259d3 .av-special-heading-tag .heading-char{\nfont-size:25px;\n}\n.av-special-heading.av-hdzwin-74c84778b599be58bf9fc276262259d3 .av-subheading{\nfont-size:12px;\n}\n<\/style>\n<div  class='av-special-heading av-hdzwin-74c84778b599be58bf9fc276262259d3 av-special-heading-h2 blockquote modern-quote  avia-builder-el-19  el_after_av_image  avia-builder-el-last '><div class='av-subheading av-subheading_above'><p>kattotiilille<\/p>\n<\/div><h2 class='av-special-heading-tag '  itemprop=\"headline\"  >Kattotiilimaali ALKOR<\/h2><div class=\"special-heading-border\"><div class=\"special-heading-inner-border\"><\/div><\/div><\/div><\/p><\/div>\n<style type=\"text\/css\" data-created_by=\"avia_inline_auto\" id=\"style-css-av-g95kf3-f854f33e24aa92b88c8a9ab576b6b7a8\">\n.flex_column.av-g95kf3-f854f33e24aa92b88c8a9ab576b6b7a8{\nborder-radius:0px 0px 0px 0px;\npadding:20px 20px 20px 20px;\nbackground-color:#ffffff;\n}\n<\/style>\n<div  class='flex_column av-g95kf3-f854f33e24aa92b88c8a9ab576b6b7a8 av_one_fifth  avia-builder-el-20  el_after_av_one_fifth  el_before_av_one_fifth  flex_column_div  '     ><p>\n<style type=\"text\/css\" data-created_by=\"avia_inline_auto\" id=\"style-css-av-1exygf-b6a1b7bf926fb06e0d89c8b758fd770e\">\n.avia-image-container.av-1exygf-b6a1b7bf926fb06e0d89c8b758fd770e img.avia_image{\nbox-shadow:none;\n}\n.avia-image-container.av-1exygf-b6a1b7bf926fb06e0d89c8b758fd770e .av-image-caption-overlay-center{\ncolor:#ffffff;\n}\n<\/style>\n<div  class='avia-image-container av-1exygf-b6a1b7bf926fb06e0d89c8b758fd770e av-styling-no-styling av-img-linked avia-align-center  avia-builder-el-21  el_before_av_heading  avia-builder-el-first '   itemprop=\"image\" itemscope=\"itemscope\" itemtype=\"https:\/\/schema.org\/ImageObject\" ><div class=\"avia-image-container-inner\"><div class=\"avia-image-overlay-wrap\"><a href=\"https:\/\/kemetrv.ee\/varvid\/linaolivarv-palett\/\" class='avia_image '  ><img fetchpriority=\"high\" class='wp-image-3746 avia-img-lazy-loading-not-3746 avia_image ' src='https:\/\/kemetrv.ee\/wp-content\/uploads\/category-varvid-linaolivarv-palett-1l.png' alt='' title=''  height=\"400\" width=\"300\"  itemprop=\"thumbnailUrl\"  \/><\/a><\/div><\/div><\/div><br \/>\n\n<style type=\"text\/css\" data-created_by=\"avia_inline_auto\" id=\"style-css-av-cxi2z3-d0a411674e81232312204f1053410fa3\">\n#top .av-special-heading.av-cxi2z3-d0a411674e81232312204f1053410fa3{\npadding-bottom:0;\n}\nbody .av-special-heading.av-cxi2z3-d0a411674e81232312204f1053410fa3 .av-special-heading-tag .heading-char{\nfont-size:25px;\n}\n.av-special-heading.av-cxi2z3-d0a411674e81232312204f1053410fa3 .av-subheading{\nfont-size:12px;\n}\n<\/style>\n<div  class='av-special-heading av-cxi2z3-d0a411674e81232312204f1053410fa3 av-special-heading-h2 blockquote modern-quote  avia-builder-el-22  el_after_av_image  avia-builder-el-last '><div class='av-subheading av-subheading_above'><p>puupinnoille<\/p>\n<\/div><h2 class='av-special-heading-tag '  itemprop=\"headline\"  >Pellava\u00f6ljymaali <span class='special_amp'>&#8221;<\/span>PALETTI<span class='special_amp'>&#8221;<\/span><\/h2><div class=\"special-heading-border\"><div class=\"special-heading-inner-border\"><\/div><\/div><\/div><\/p><\/div>\n<style type=\"text\/css\" data-created_by=\"avia_inline_auto\" id=\"style-css-av-aiwl1b-01685d5ca77ff3466a72b0b18e9395de\">\n.flex_column.av-aiwl1b-01685d5ca77ff3466a72b0b18e9395de{\nborder-radius:0px 0px 0px 0px;\npadding:20px 20px 20px 20px;\nbackground-color:#ffffff;\n}\n<\/style>\n<div  class='flex_column av-aiwl1b-01685d5ca77ff3466a72b0b18e9395de av_one_fifth  avia-builder-el-23  el_after_av_one_fifth  el_before_av_one_fifth  flex_column_div  '     ><p>\n<style type=\"text\/css\" data-created_by=\"avia_inline_auto\" id=\"style-css-av-8g6wbz-5af280d74a8ae310d7c7f226876467b6\">\n.avia-image-container.av-8g6wbz-5af280d74a8ae310d7c7f226876467b6 img.avia_image{\nbox-shadow:none;\n}\n.avia-image-container.av-8g6wbz-5af280d74a8ae310d7c7f226876467b6 .av-image-caption-overlay-center{\ncolor:#ffffff;\n}\n<\/style>\n<div  class='avia-image-container av-8g6wbz-5af280d74a8ae310d7c7f226876467b6 av-styling-no-styling av-img-linked avia-align-center  avia-builder-el-24  el_before_av_heading  avia-builder-el-first '   itemprop=\"image\" itemscope=\"itemscope\" itemtype=\"https:\/\/schema.org\/ImageObject\" ><div class=\"avia-image-container-inner\"><div class=\"avia-image-overlay-wrap\"><a href=\"https:\/\/kemetrv.ee\/varvid\/alkuudvarv-spekter\/\" class='avia_image '  ><img fetchpriority=\"high\" class='wp-image-6641 avia-img-lazy-loading-not-6641 avia_image ' src='https:\/\/kemetrv.ee\/wp-content\/uploads\/category-varvid-alkuudvarv-spekter-1l.png' alt='' title=''  height=\"400\" width=\"300\"  itemprop=\"thumbnailUrl\"  \/><\/a><\/div><\/div><\/div><br \/>\n\n<style type=\"text\/css\" data-created_by=\"avia_inline_auto\" id=\"style-css-av-6za3sv-212b21db6a13dc2531181c47b8b4516c\">\n#top .av-special-heading.av-6za3sv-212b21db6a13dc2531181c47b8b4516c{\npadding-bottom:0;\n}\nbody .av-special-heading.av-6za3sv-212b21db6a13dc2531181c47b8b4516c .av-special-heading-tag .heading-char{\nfont-size:25px;\n}\n.av-special-heading.av-6za3sv-212b21db6a13dc2531181c47b8b4516c .av-subheading{\nfont-size:12px;\n}\n<\/style>\n<div  class='av-special-heading av-6za3sv-212b21db6a13dc2531181c47b8b4516c av-special-heading-h2 blockquote modern-quote  avia-builder-el-25  el_after_av_image  avia-builder-el-last '><div class='av-subheading av-subheading_above'><p>yleismaali<\/p>\n<\/div><h2 class='av-special-heading-tag '  itemprop=\"headline\"  >Alkydimaali SPEKTER<\/h2><div class=\"special-heading-border\"><div class=\"special-heading-inner-border\"><\/div><\/div><\/div><\/p><\/div>\n<style type=\"text\/css\" data-created_by=\"avia_inline_auto\" id=\"style-css-av-6fhnnj-8b418d6a7ec566cde409f58a51766a55\">\n.flex_column.av-6fhnnj-8b418d6a7ec566cde409f58a51766a55{\nborder-radius:0px 0px 0px 0px;\npadding:20px 20px 20px 20px;\nbackground-color:#ffffff;\n}\n<\/style>\n<div  class='flex_column av-6fhnnj-8b418d6a7ec566cde409f58a51766a55 av_one_fifth  avia-builder-el-26  el_after_av_one_fifth  avia-builder-el-last  flex_column_div  '     ><p>\n<style type=\"text\/css\" data-created_by=\"avia_inline_auto\" id=\"style-css-av-3vmoq7-4542dffd828f30890f8726a124ad7b77\">\n.avia-image-container.av-3vmoq7-4542dffd828f30890f8726a124ad7b77 img.avia_image{\nbox-shadow:none;\n}\n.avia-image-container.av-3vmoq7-4542dffd828f30890f8726a124ad7b77 .av-image-caption-overlay-center{\ncolor:#ffffff;\n}\n<\/style>\n<div  class='avia-image-container av-3vmoq7-4542dffd828f30890f8726a124ad7b77 av-styling-no-styling av-img-linked avia-align-center  avia-builder-el-27  el_before_av_heading  avia-builder-el-first '   itemprop=\"image\" itemscope=\"itemscope\" itemtype=\"https:\/\/schema.org\/ImageObject\" ><div class=\"avia-image-container-inner\"><div class=\"avia-image-overlay-wrap\"><a href=\"https:\/\/kemetrv.ee\/puidukaitsevahendid\/mannitorv\/\" class='avia_image '  ><img fetchpriority=\"high\" class='wp-image-3733 avia-img-lazy-loading-not-3733 avia_image ' src='https:\/\/kemetrv.ee\/wp-content\/uploads\/category-puidukaitsevahendid-mannitorv.png' alt='' title=''  height=\"400\" width=\"300\"  itemprop=\"thumbnailUrl\"  \/><\/a><\/div><\/div><\/div><br \/>\n\n<style type=\"text\/css\" data-created_by=\"avia_inline_auto\" id=\"style-css-av-232vbj-995d7830ce3867aa5ad81cc70fe44bcb\">\n#top .av-special-heading.av-232vbj-995d7830ce3867aa5ad81cc70fe44bcb{\npadding-bottom:0;\n}\nbody .av-special-heading.av-232vbj-995d7830ce3867aa5ad81cc70fe44bcb .av-special-heading-tag .heading-char{\nfont-size:25px;\n}\n.av-special-heading.av-232vbj-995d7830ce3867aa5ad81cc70fe44bcb .av-subheading{\nfont-size:12px;\n}\n<\/style>\n<div  class='av-special-heading av-232vbj-995d7830ce3867aa5ad81cc70fe44bcb av-special-heading-h2 blockquote modern-quote  avia-builder-el-28  el_after_av_image  avia-builder-el-last '><div class='av-subheading av-subheading_above'><p>luonnollinen puunsuoja-aine<\/p>\n<\/div><h2 class='av-special-heading-tag '  itemprop=\"headline\"  >M\u00e4ntyterva<\/h2><div class=\"special-heading-border\"><div class=\"special-heading-inner-border\"><\/div><\/div><\/div><\/p><\/div>\n<\/div><\/div><\/div><!-- close content main div --><\/div><\/div><div id='after_section_3'  class='main_color av_default_container_wrap container_wrap sidebar_right'  ><div class='container av-section-cont-open' ><div class='template-page content  av-content-small alpha units'><div class='post-entry post-entry-type-page post-entry-5103'><div class='entry-content-wrapper clearfix'><\/p>\n","protected":false},"excerpt":{"rendered":"","protected":false},"author":6,"featured_media":0,"parent":5143,"menu_order":2,"comment_status":"closed","ping_status":"closed","template":"","meta":{"_acf_changed":false,"footnotes":""},"class_list":["post-5103","page","type-page","status-publish","hentry"],"acf":[],"_links":{"self":[{"href":"https:\/\/kemetrv.ee\/fi\/wp-json\/wp\/v2\/pages\/5103","targetHints":{"allow":["GET"]}}],"collection":[{"href":"https:\/\/kemetrv.ee\/fi\/wp-json\/wp\/v2\/pages"}],"about":[{"href":"https:\/\/kemetrv.ee\/fi\/wp-json\/wp\/v2\/types\/page"}],"author":[{"embeddable":true,"href":"https:\/\/kemetrv.ee\/fi\/wp-json\/wp\/v2\/users\/6"}],"replies":[{"embeddable":true,"href":"https:\/\/kemetrv.ee\/fi\/wp-json\/wp\/v2\/comments?post=5103"}],"version-history":[{"count":0,"href":"https:\/\/kemetrv.ee\/fi\/wp-json\/wp\/v2\/pages\/5103\/revisions"}],"up":[{"embeddable":true,"href":"https:\/\/kemetrv.ee\/fi\/wp-json\/wp\/v2\/pages\/5143"}],"wp:attachment":[{"href":"https:\/\/kemetrv.ee\/fi\/wp-json\/wp\/v2\/media?parent=5103"}],"curies":[{"name":"wp","href":"https:\/\/api.w.org\/{rel}","templated":true}]}}