{"id":5108,"date":"2019-06-11T00:09:51","date_gmt":"2019-06-10T21:09:51","guid":{"rendered":"https:\/\/kemetrv.ee\/?page_id=5108"},"modified":"2025-05-20T15:54:48","modified_gmt":"2025-05-20T12:54:48","slug":"puunsuoja-aineet","status":"publish","type":"page","link":"https:\/\/kemetrv.ee\/fi\/puunsuoja-aineet\/","title":{"rendered":"Puunsuoja-aineet"},"content":{"rendered":"\n<style type=\"text\/css\" data-created_by=\"avia_inline_auto\" id=\"style-css-av-av_section-a6bbdce9293d1ac6e9a04657bb57962e\">\n.avia-section.av-av_section-a6bbdce9293d1ac6e9a04657bb57962e{\nbackground-color:#f9f9f9;\nbackground-image:unset;\n}\n<\/style>\n<div id='product-category'  class='avia-section av-av_section-a6bbdce9293d1ac6e9a04657bb57962e main_color avia-section-small avia-no-border-styling  avia-builder-el-0  el_before_av_section  avia-builder-el-first  avia-bg-style-scroll container_wrap sidebar_right'  ><div class='container av-section-cont-open' ><main  role=\"main\" itemprop=\"mainContentOfPage\"  class='template-page content  av-content-small alpha units'><div class='post-entry post-entry-type-page post-entry-5108'><div class='entry-content-wrapper clearfix'>\n\n<style type=\"text\/css\" data-created_by=\"avia_inline_auto\" id=\"style-css-av-av_one_fifth-10b875b05bc6c6b6f370405ac41b515c\">\n.flex_column.av-av_one_fifth-10b875b05bc6c6b6f370405ac41b515c{\nborder-radius:0px 0px 0px 0px;\npadding:20px 20px 20px 20px;\nbackground-color:#ffffff;\n}\n<\/style>\n<div  class='flex_column av-av_one_fifth-10b875b05bc6c6b6f370405ac41b515c av_one_fifth  avia-builder-el-1  el_before_av_one_fifth  avia-builder-el-first  first flex_column_div  '     ><p>\n<style type=\"text\/css\" data-created_by=\"avia_inline_auto\" id=\"style-css-av-av_image-11dbd6405d66699411fc6ef53b43f0da\">\n.avia-image-container.av-av_image-11dbd6405d66699411fc6ef53b43f0da img.avia_image{\nbox-shadow:none;\n}\n.avia-image-container.av-av_image-11dbd6405d66699411fc6ef53b43f0da .av-image-caption-overlay-center{\ncolor:#ffffff;\n}\n<\/style>\n<div  class='avia-image-container av-av_image-11dbd6405d66699411fc6ef53b43f0da av-styling-no-styling av-img-linked avia-align-center  avia-builder-el-2  el_before_av_heading  avia-builder-el-first '   itemprop=\"image\" itemscope=\"itemscope\" itemtype=\"https:\/\/schema.org\/ImageObject\" ><div class=\"avia-image-container-inner\"><div class=\"avia-image-overlay-wrap\"><a href=\"https:\/\/kemetrv.ee\/puidukaitsevahendid\/linaoli\/\" class='avia_image '  ><img fetchpriority=\"high\" class='wp-image-3731 avia-img-lazy-loading-not-3731 avia_image ' src='https:\/\/kemetrv.ee\/wp-content\/uploads\/category-puidukaitsevahendid-linaoli.png' alt='' title=''  height=\"400\" width=\"300\"  itemprop=\"thumbnailUrl\"  \/><\/a><\/div><\/div><\/div><br \/>\n\n<style type=\"text\/css\" data-created_by=\"avia_inline_auto\" id=\"style-css-av-av_heading-b1bf4f18f48a7ea288bf140fe4eaace5\">\n#top .av-special-heading.av-av_heading-b1bf4f18f48a7ea288bf140fe4eaace5{\npadding-bottom:0;\n}\nbody .av-special-heading.av-av_heading-b1bf4f18f48a7ea288bf140fe4eaace5 .av-special-heading-tag .heading-char{\nfont-size:25px;\n}\n.av-special-heading.av-av_heading-b1bf4f18f48a7ea288bf140fe4eaace5 .av-subheading{\nfont-size:12px;\n}\n<\/style>\n<div  class='av-special-heading av-av_heading-b1bf4f18f48a7ea288bf140fe4eaace5 av-special-heading-h2 blockquote modern-quote  avia-builder-el-3  el_after_av_image  avia-builder-el-last '><div class='av-subheading av-subheading_above'><p>puupintojen kyll\u00e4st\u00e4miseen sis\u00e4t\u00f6iss\u00e4<\/p>\n<\/div><h2 class='av-special-heading-tag '  itemprop=\"headline\"  >Pellava\u00f6ljy<\/h2><div class=\"special-heading-border\"><div class=\"special-heading-inner-border\"><\/div><\/div><\/div><\/p><\/div>\n<style type=\"text\/css\" data-created_by=\"avia_inline_auto\" id=\"style-css-av-av_one_fifth-e144647ee0066c28e55520ff792478f5\">\n.flex_column.av-av_one_fifth-e144647ee0066c28e55520ff792478f5{\nborder-radius:0px 0px 0px 0px;\npadding:20px 20px 20px 20px;\nbackground-color:#ffffff;\n}\n<\/style>\n<div  class='flex_column av-av_one_fifth-e144647ee0066c28e55520ff792478f5 av_one_fifth  avia-builder-el-4  el_after_av_one_fifth  el_before_av_one_fifth  flex_column_div  '     ><p>\n<style type=\"text\/css\" data-created_by=\"avia_inline_auto\" id=\"style-css-av-av_image-1e5c53fed04978e4c874217906dc4d72\">\n.avia-image-container.av-av_image-1e5c53fed04978e4c874217906dc4d72 img.avia_image{\nbox-shadow:none;\n}\n.avia-image-container.av-av_image-1e5c53fed04978e4c874217906dc4d72 .av-image-caption-overlay-center{\ncolor:#ffffff;\n}\n<\/style>\n<div  class='avia-image-container av-av_image-1e5c53fed04978e4c874217906dc4d72 av-styling-no-styling av-img-linked avia-align-center  avia-builder-el-5  el_before_av_heading  avia-builder-el-first '   itemprop=\"image\" itemscope=\"itemscope\" itemtype=\"https:\/\/schema.org\/ImageObject\" ><div class=\"avia-image-container-inner\"><div class=\"avia-image-overlay-wrap\"><a href=\"https:\/\/kemetrv.ee\/puidukaitsevahendid\/linaolivarnits\/\" class='avia_image '  ><img fetchpriority=\"high\" class='wp-image-3732 avia-img-lazy-loading-not-3732 avia_image ' src='https:\/\/kemetrv.ee\/wp-content\/uploads\/category-puidukaitsevahendid-linaolivarnits.png' alt='' title=''  height=\"400\" width=\"300\"  itemprop=\"thumbnailUrl\"  \/><\/a><\/div><\/div><\/div><br \/>\n\n<style type=\"text\/css\" data-created_by=\"avia_inline_auto\" id=\"style-css-av-av_heading-243626631b1482b050ca887f94ea6507\">\n#top .av-special-heading.av-av_heading-243626631b1482b050ca887f94ea6507{\npadding-bottom:0;\n}\nbody .av-special-heading.av-av_heading-243626631b1482b050ca887f94ea6507 .av-special-heading-tag .heading-char{\nfont-size:25px;\n}\n.av-special-heading.av-av_heading-243626631b1482b050ca887f94ea6507 .av-subheading{\nfont-size:12px;\n}\n<\/style>\n<div  class='av-special-heading av-av_heading-243626631b1482b050ca887f94ea6507 av-special-heading-h2 blockquote modern-quote  avia-builder-el-6  el_after_av_image  avia-builder-el-last '><div class='av-subheading av-subheading_above'><p>pellavansiemen\u00f6ljyst\u00e4<\/p>\n<\/div><h2 class='av-special-heading-tag '  itemprop=\"headline\"  >Pellava\u00f6ljyvernissa<\/h2><div class=\"special-heading-border\"><div class=\"special-heading-inner-border\"><\/div><\/div><\/div><\/p><\/div>\n<style type=\"text\/css\" data-created_by=\"avia_inline_auto\" id=\"style-css-av-av_one_fifth-e144647ee0066c28e55520ff792478f5\">\n.flex_column.av-av_one_fifth-e144647ee0066c28e55520ff792478f5{\nborder-radius:0px 0px 0px 0px;\npadding:20px 20px 20px 20px;\nbackground-color:#ffffff;\n}\n<\/style>\n<div  class='flex_column av-av_one_fifth-e144647ee0066c28e55520ff792478f5 av_one_fifth  avia-builder-el-7  el_after_av_one_fifth  el_before_av_one_fifth  flex_column_div  '     ><p>\n<style type=\"text\/css\" data-created_by=\"avia_inline_auto\" id=\"style-css-av-av_image-ca3aca9df62b72875ae83cf1c538dc5d\">\n.avia-image-container.av-av_image-ca3aca9df62b72875ae83cf1c538dc5d img.avia_image{\nbox-shadow:none;\n}\n.avia-image-container.av-av_image-ca3aca9df62b72875ae83cf1c538dc5d .av-image-caption-overlay-center{\ncolor:#ffffff;\n}\n<\/style>\n<div  class='avia-image-container av-av_image-ca3aca9df62b72875ae83cf1c538dc5d av-styling-no-styling av-img-linked avia-align-center  avia-builder-el-8  el_before_av_heading  avia-builder-el-first '   itemprop=\"image\" itemscope=\"itemscope\" itemtype=\"https:\/\/schema.org\/ImageObject\" ><div class=\"avia-image-container-inner\"><div class=\"avia-image-overlay-wrap\"><a href=\"https:\/\/kemetrv.ee\/puidukaitsevahendid\/teak-oli\/\" class='avia_image '  aria-label='teak_6li_5l'><img fetchpriority=\"high\" class='wp-image-4916 avia-img-lazy-loading-not-4916 avia_image ' src='https:\/\/kemetrv.ee\/wp-content\/uploads\/teak_6li_5l.png' alt='' title='teak_6li_5l'  height=\"803\" width=\"600\"  itemprop=\"thumbnailUrl\"  \/><\/a><\/div><\/div><\/div><br \/>\n\n<style type=\"text\/css\" data-created_by=\"avia_inline_auto\" id=\"style-css-av-av_heading-9231b233176fa86c9aa6dd98fe91c18e\">\n#top .av-special-heading.av-av_heading-9231b233176fa86c9aa6dd98fe91c18e{\npadding-bottom:0;\n}\nbody .av-special-heading.av-av_heading-9231b233176fa86c9aa6dd98fe91c18e .av-special-heading-tag .heading-char{\nfont-size:25px;\n}\n.av-special-heading.av-av_heading-9231b233176fa86c9aa6dd98fe91c18e .av-subheading{\nfont-size:12px;\n}\n<\/style>\n<div  class='av-special-heading av-av_heading-9231b233176fa86c9aa6dd98fe91c18e av-special-heading-h2 blockquote modern-quote  avia-builder-el-9  el_after_av_image  avia-builder-el-last '><div class='av-subheading av-subheading_above'><p>pellava\u00f6ljy\u00e4 sis\u00e4lt\u00e4v\u00e4 puunsuoja\u00f6ljy<\/p>\n<\/div><h2 class='av-special-heading-tag '  itemprop=\"headline\"  >Teak-\u00f6ljy<\/h2><div class=\"special-heading-border\"><div class=\"special-heading-inner-border\"><\/div><\/div><\/div><\/p><\/div>\n<style type=\"text\/css\" data-created_by=\"avia_inline_auto\" id=\"style-css-av-av_one_fifth-e144647ee0066c28e55520ff792478f5\">\n.flex_column.av-av_one_fifth-e144647ee0066c28e55520ff792478f5{\nborder-radius:0px 0px 0px 0px;\npadding:20px 20px 20px 20px;\nbackground-color:#ffffff;\n}\n<\/style>\n<div  class='flex_column av-av_one_fifth-e144647ee0066c28e55520ff792478f5 av_one_fifth  avia-builder-el-10  el_after_av_one_fifth  el_before_av_one_fifth  flex_column_div  '     ><p>\n<style type=\"text\/css\" data-created_by=\"avia_inline_auto\" id=\"style-css-av-av_image-202a34f4598bfdd97a9a60aa6d2472a2\">\n.avia-image-container.av-av_image-202a34f4598bfdd97a9a60aa6d2472a2 img.avia_image{\nbox-shadow:none;\n}\n.avia-image-container.av-av_image-202a34f4598bfdd97a9a60aa6d2472a2 .av-image-caption-overlay-center{\ncolor:#ffffff;\n}\n<\/style>\n<div  class='avia-image-container av-av_image-202a34f4598bfdd97a9a60aa6d2472a2 av-styling-no-styling av-img-linked avia-align-center  avia-builder-el-11  el_before_av_heading  avia-builder-el-first '   itemprop=\"image\" itemscope=\"itemscope\" itemtype=\"https:\/\/schema.org\/ImageObject\" ><div class=\"avia-image-container-inner\"><div class=\"avia-image-overlay-wrap\"><a href=\"https:\/\/kemetrv.ee\/puidukaitsevahendid\/torvaoli-hele-tume-extra\/\" class='avia_image '  ><img fetchpriority=\"high\" class='wp-image-3736 avia-img-lazy-loading-not-3736 avia_image ' src='https:\/\/kemetrv.ee\/wp-content\/uploads\/category-puidukaitsevahendid-torvaoli-hele.png' alt='' title=''  height=\"400\" width=\"300\"  itemprop=\"thumbnailUrl\"  \/><\/a><\/div><\/div><\/div><br \/>\n\n<style type=\"text\/css\" data-created_by=\"avia_inline_auto\" id=\"style-css-av-av_heading-3635c537f0644394c010eeb38a8238a8\">\n#top .av-special-heading.av-av_heading-3635c537f0644394c010eeb38a8238a8{\npadding-bottom:0;\n}\nbody .av-special-heading.av-av_heading-3635c537f0644394c010eeb38a8238a8 .av-special-heading-tag .heading-char{\nfont-size:25px;\n}\n.av-special-heading.av-av_heading-3635c537f0644394c010eeb38a8238a8 .av-subheading{\nfont-size:12px;\n}\n<\/style>\n<div  class='av-special-heading av-av_heading-3635c537f0644394c010eeb38a8238a8 av-special-heading-h2 blockquote modern-quote  avia-builder-el-12  el_after_av_image  avia-builder-el-last '><div class='av-subheading av-subheading_above'><p>m\u00e4ntytervaa ja pellava\u00f6ljy\u00e4 sis\u00e4lt\u00e4v\u00e4 puunsuoja\u00f6ljy<\/p>\n<\/div><h2 class='av-special-heading-tag '  itemprop=\"headline\"  >Terva\u00f6ljy VAALEA, TUMMA, EXTRA<\/h2><div class=\"special-heading-border\"><div class=\"special-heading-inner-border\"><\/div><\/div><\/div><\/p><\/div>\n<style type=\"text\/css\" data-created_by=\"avia_inline_auto\" id=\"style-css-av-av_one_fifth-e144647ee0066c28e55520ff792478f5\">\n.flex_column.av-av_one_fifth-e144647ee0066c28e55520ff792478f5{\nborder-radius:0px 0px 0px 0px;\npadding:20px 20px 20px 20px;\nbackground-color:#ffffff;\n}\n<\/style>\n<div  class='flex_column av-av_one_fifth-e144647ee0066c28e55520ff792478f5 av_one_fifth  avia-builder-el-13  el_after_av_one_fifth  avia-builder-el-last  flex_column_div  '     ><p>\n<style type=\"text\/css\" data-created_by=\"avia_inline_auto\" id=\"style-css-av-av_image-33b9f31c473943eb5195b6b0c4692ada\">\n.avia-image-container.av-av_image-33b9f31c473943eb5195b6b0c4692ada img.avia_image{\nbox-shadow:none;\n}\n.avia-image-container.av-av_image-33b9f31c473943eb5195b6b0c4692ada .av-image-caption-overlay-center{\ncolor:#ffffff;\n}\n<\/style>\n<div  class='avia-image-container av-av_image-33b9f31c473943eb5195b6b0c4692ada av-styling-no-styling av-img-linked avia-align-center  avia-builder-el-14  el_before_av_heading  avia-builder-el-first '   itemprop=\"image\" itemscope=\"itemscope\" itemtype=\"https:\/\/schema.org\/ImageObject\" ><div class=\"avia-image-container-inner\"><div class=\"avia-image-overlay-wrap\"><a href=\"https:\/\/kemetrv.ee\/puidukaitsevahendid\/mannitorv\/\" class='avia_image '  ><img fetchpriority=\"high\" class='wp-image-3733 avia-img-lazy-loading-not-3733 avia_image ' src='https:\/\/kemetrv.ee\/wp-content\/uploads\/category-puidukaitsevahendid-mannitorv.png' alt='' title=''  height=\"400\" width=\"300\"  itemprop=\"thumbnailUrl\"  \/><\/a><\/div><\/div><\/div><br \/>\n\n<style type=\"text\/css\" data-created_by=\"avia_inline_auto\" id=\"style-css-av-av_heading-86f97869732262fe4cb309cf4d05fa5b\">\n#top .av-special-heading.av-av_heading-86f97869732262fe4cb309cf4d05fa5b{\npadding-bottom:0;\n}\nbody .av-special-heading.av-av_heading-86f97869732262fe4cb309cf4d05fa5b .av-special-heading-tag .heading-char{\nfont-size:25px;\n}\n.av-special-heading.av-av_heading-86f97869732262fe4cb309cf4d05fa5b .av-subheading{\nfont-size:12px;\n}\n<\/style>\n<div  class='av-special-heading av-av_heading-86f97869732262fe4cb309cf4d05fa5b av-special-heading-h2 blockquote modern-quote  avia-builder-el-15  el_after_av_image  avia-builder-el-last '><div class='av-subheading av-subheading_above'><p>luonnollinen puunsuoja-aine<\/p>\n<\/div><h2 class='av-special-heading-tag '  itemprop=\"headline\"  >M\u00e4ntyterva<\/h2><div class=\"special-heading-border\"><div class=\"special-heading-inner-border\"><\/div><\/div><\/div><\/p><\/div>\n\n<\/div><\/div><\/main><!-- close content main element --><\/div><\/div><div id='av_section_2'  class='avia-section av-av_section-1c6c2555841528b1825f9cc1964bd443 main_color avia-section-large avia-no-border-styling  avia-builder-el-16  el_after_av_section  avia-builder-el-last  avia-bg-style-scroll container_wrap sidebar_right'  ><div class='container av-section-cont-open' ><div class='template-page content  av-content-small alpha units'><div class='post-entry post-entry-type-page post-entry-5108'><div class='entry-content-wrapper clearfix'>\n\n<style type=\"text\/css\" data-created_by=\"avia_inline_auto\" id=\"style-css-av-av_one_third-f120a6c09a7c4f1b25340ac16a8e63e8\">\n.flex_column.av-av_one_third-f120a6c09a7c4f1b25340ac16a8e63e8{\nborder-radius:0px 0px 0px 0px;\npadding:0px 0px 0px 0px;\n}\n<\/style>\n<div  class='flex_column av-av_one_third-f120a6c09a7c4f1b25340ac16a8e63e8 av_one_third  avia-builder-el-17  el_before_av_two_third  avia-builder-el-first  first flex_column_div av-hide-on-mobile av-zero-column-padding  '     ><\/div>\n<style type=\"text\/css\" data-created_by=\"avia_inline_auto\" id=\"style-css-av-av_two_third-0aa7055fe62c3622faec82866afbaeb2\">\n.flex_column.av-av_two_third-0aa7055fe62c3622faec82866afbaeb2{\nborder-radius:0px 0px 0px 0px;\npadding:0px 0px 0px 0px;\n}\n<\/style>\n<div  class='flex_column av-av_two_third-0aa7055fe62c3622faec82866afbaeb2 av_two_third  avia-builder-el-18  el_after_av_one_third  avia-builder-el-last  flex_column_div av-zero-column-padding  '     ><p>\n<style type=\"text\/css\" data-created_by=\"avia_inline_auto\" id=\"style-css-av-av_heading-87353bd89feef4bfae73fbfa47a3540f\">\n#top .av-special-heading.av-av_heading-87353bd89feef4bfae73fbfa47a3540f{\npadding-bottom:0;\n}\nbody .av-special-heading.av-av_heading-87353bd89feef4bfae73fbfa47a3540f .av-special-heading-tag .heading-char{\nfont-size:25px;\n}\n.av-special-heading.av-av_heading-87353bd89feef4bfae73fbfa47a3540f .av-subheading{\nfont-size:12px;\n}\n<\/style>\n<div  class='av-special-heading av-av_heading-87353bd89feef4bfae73fbfa47a3540f av-special-heading-h2 blockquote modern-quote  avia-builder-el-19  el_before_av_textblock  avia-builder-el-first '><div class='av-subheading av-subheading_above'><p>projektimyynti<\/p>\n<\/div><h2 class='av-special-heading-tag '  itemprop=\"headline\"  >SUUNNITTELETKO SUUREMPAA REMONTTI- TAI RAKENNUSPROJEKTIA?<\/h2><div class=\"special-heading-border\"><div class=\"special-heading-inner-border\"><\/div><\/div><\/div><br \/>\n<section  class='av_textblock_section av-mawinm1n-bb629af694174d1a7f5ef2c116dde11f '   itemscope=\"itemscope\" itemtype=\"https:\/\/schema.org\/CreativeWork\" ><div class='avia_textblock'  itemprop=\"text\" ><dl>\n<dt><span lang=\"fi-FI\">Kysy myyntiedustajaltamme tarjousta kaikille tuotteille kerralla, jolloin s\u00e4\u00e4st\u00e4t tuotteiden hinnan ja toimituskustannusten lis\u00e4ksi my\u00f6s aikaa. Yhteystiedot +372 4856243, <a href=\"mailto:kemet.rv@neti.ee\" target=\"_blank\" rel=\"noopener\">kemet.rv@neti.ee<\/a><\/span><\/dt>\n<dt><\/dt>\n<\/dl>\n<\/div><\/section><br \/>\n<div  class='avia-button-wrap av-av_button-2c709810aaa86bb351ea8c6cf46ff542-wrap avia-button-left  avia-builder-el-21  el_after_av_textblock  avia-builder-el-last '><a href=''  class='avia-button av-av_button-2c709810aaa86bb351ea8c6cf46ff542 av-link-btn avia-icon_select-no avia-size-medium avia-position-left avia-color-theme-color'   aria-label=\"Kysy tarjousta!\"><span class='avia_iconbox_title' >Kysy tarjousta!<\/span><\/a><\/div><\/p><\/div><\/div><\/div><\/div><!-- close content main div --><\/div><\/div><div id='after_section_2'  class='main_color av_default_container_wrap container_wrap sidebar_right'  ><div class='container av-section-cont-open' ><div class='template-page content  av-content-small alpha units'><div class='post-entry post-entry-type-page post-entry-5108'><div class='entry-content-wrapper clearfix'>\n","protected":false},"excerpt":{"rendered":"","protected":false},"author":6,"featured_media":0,"parent":0,"menu_order":0,"comment_status":"closed","ping_status":"closed","template":"","meta":{"_acf_changed":false,"footnotes":""},"class_list":["post-5108","page","type-page","status-publish","hentry"],"acf":[],"_links":{"self":[{"href":"https:\/\/kemetrv.ee\/fi\/wp-json\/wp\/v2\/pages\/5108","targetHints":{"allow":["GET"]}}],"collection":[{"href":"https:\/\/kemetrv.ee\/fi\/wp-json\/wp\/v2\/pages"}],"about":[{"href":"https:\/\/kemetrv.ee\/fi\/wp-json\/wp\/v2\/types\/page"}],"author":[{"embeddable":true,"href":"https:\/\/kemetrv.ee\/fi\/wp-json\/wp\/v2\/users\/6"}],"replies":[{"embeddable":true,"href":"https:\/\/kemetrv.ee\/fi\/wp-json\/wp\/v2\/comments?post=5108"}],"version-history":[{"count":2,"href":"https:\/\/kemetrv.ee\/fi\/wp-json\/wp\/v2\/pages\/5108\/revisions"}],"predecessor-version":[{"id":6951,"href":"https:\/\/kemetrv.ee\/fi\/wp-json\/wp\/v2\/pages\/5108\/revisions\/6951"}],"wp:attachment":[{"href":"https:\/\/kemetrv.ee\/fi\/wp-json\/wp\/v2\/media?parent=5108"}],"curies":[{"name":"wp","href":"https:\/\/api.w.org\/{rel}","templated":true}]}}