{"id":5143,"date":"2019-06-11T10:25:54","date_gmt":"2019-06-11T07:25:54","guid":{"rendered":"https:\/\/kemetrv.ee\/?page_id=5143"},"modified":"2025-05-20T15:57:43","modified_gmt":"2025-05-20T12:57:43","slug":"muut","status":"publish","type":"page","link":"https:\/\/kemetrv.ee\/fi\/muut\/","title":{"rendered":"Muut"},"content":{"rendered":"\n<style type=\"text\/css\" data-created_by=\"avia_inline_auto\" id=\"style-css-av-vuwouv-176c3692b58a12c080f6cd62bb4e2aed\">\n.avia-section.av-vuwouv-176c3692b58a12c080f6cd62bb4e2aed{\nbackground-color:#f9f9f9;\nbackground-image:unset;\n}\n<\/style>\n<div id='product-category'  class='avia-section av-vuwouv-176c3692b58a12c080f6cd62bb4e2aed main_color avia-section-small avia-no-border-styling  avia-builder-el-0  el_before_av_textblock  avia-builder-el-first  avia-bg-style-scroll container_wrap sidebar_right'  ><div class='container av-section-cont-open' ><main  role=\"main\" itemprop=\"mainContentOfPage\"  class='template-page content  av-content-small alpha units'><div class='post-entry post-entry-type-page post-entry-5143'><div class='entry-content-wrapper clearfix'>\n<div class='flex_column_table av-jxejuzkh-1c257d807b120b03f113abed48665e37 sc-av_one_fifth av-equal-height-column-flextable'>\n<style type=\"text\/css\" data-created_by=\"avia_inline_auto\" id=\"style-css-av-jxejuzkh-1c257d807b120b03f113abed48665e37\">\n.flex_column.av-jxejuzkh-1c257d807b120b03f113abed48665e37{\nborder-radius:0px 0px 0px 0px;\npadding:20px 20px 20px 20px;\nbackground-color:#ffffff;\n}\n<\/style>\n<div  class='flex_column av-jxejuzkh-1c257d807b120b03f113abed48665e37 av_one_fifth  avia-builder-el-1  el_before_av_one_fifth  avia-builder-el-first  first flex_column_table_cell av-equal-height-column av-align-top avia-link-column av-column-link avia-link-column-hover  '    data-link-column-url=\"https:\/\/kemetrv.ee\/fi\/muut\/autoshampoo-tiiviste\/\"   ><a class=\"av-screen-reader-only\" href=https:\/\/kemetrv.ee\/fi\/muut\/autoshampoo-tiiviste\/ >Link to: Autoshampoo (tiiviste)<\/a><p>\n<style type=\"text\/css\" data-created_by=\"avia_inline_auto\" id=\"style-css-av-jxeju9sj-4aebc49c113df7204c9258508a619bb6\">\n.avia-image-container.av-jxeju9sj-4aebc49c113df7204c9258508a619bb6 img.avia_image{\nbox-shadow:none;\n}\n.avia-image-container.av-jxeju9sj-4aebc49c113df7204c9258508a619bb6 .av-image-caption-overlay-center{\ncolor:#ffffff;\n}\n<\/style>\n<div  class='avia-image-container av-jxeju9sj-4aebc49c113df7204c9258508a619bb6 av-styling-no-styling av-img-linked avia-align-center  avia-builder-el-2  el_before_av_heading  avia-builder-el-first '   itemprop=\"image\" itemscope=\"itemscope\" itemtype=\"https:\/\/schema.org\/ImageObject\" ><div class=\"avia-image-container-inner\"><div class=\"avia-image-overlay-wrap\"><a href=\"https:\/\/kemetrv.ee\/fi\/kemet-rv-etusivu\/\" class='avia_image '  aria-label='shampoon_800x600'><img fetchpriority=\"high\" class='wp-image-5629 avia-img-lazy-loading-not-5629 avia_image ' src='https:\/\/kemetrv.ee\/wp-content\/uploads\/2019\/06\/shampoon_800x600.png' alt='' title='shampoon_800x600'  height=\"800\" width=\"600\"  itemprop=\"thumbnailUrl\"  \/><\/a><\/div><\/div><\/div><br \/>\n\n<style type=\"text\/css\" data-created_by=\"avia_inline_auto\" id=\"style-css-av-jxejumjr-ccd5c344995677886db0cac0d4f08e3d\">\n#top .av-special-heading.av-jxejumjr-ccd5c344995677886db0cac0d4f08e3d{\npadding-bottom:0;\n}\nbody .av-special-heading.av-jxejumjr-ccd5c344995677886db0cac0d4f08e3d .av-special-heading-tag .heading-char{\nfont-size:25px;\n}\n.av-special-heading.av-jxejumjr-ccd5c344995677886db0cac0d4f08e3d .av-subheading{\nfont-size:12px;\n}\n<\/style>\n<div  class='av-special-heading av-jxejumjr-ccd5c344995677886db0cac0d4f08e3d av-special-heading-h2 blockquote modern-quote  avia-builder-el-3  el_after_av_image  avia-builder-el-last '><div class='av-subheading av-subheading_above'><p>muut<\/p>\n<\/div><h2 class='av-special-heading-tag '  itemprop=\"headline\"  >Autoshampoo (tiiviste)<\/h2><div class=\"special-heading-border\"><div class=\"special-heading-inner-border\"><\/div><\/div><\/div><\/p><\/div><div class='av-flex-placeholder'><\/div>\n<style type=\"text\/css\" data-created_by=\"avia_inline_auto\" id=\"style-css-av-uffzbr-e58b0fc81db74963a3cc4500808f6d6b\">\n.flex_column.av-uffzbr-e58b0fc81db74963a3cc4500808f6d6b{\nborder-radius:0px 0px 0px 0px;\npadding:20px 20px 20px 20px;\nbackground-color:#ffffff;\n}\n<\/style>\n<div  class='flex_column av-uffzbr-e58b0fc81db74963a3cc4500808f6d6b av_one_fifth  avia-builder-el-4  el_after_av_one_fifth  el_before_av_one_fifth  flex_column_table_cell av-equal-height-column av-align-top  '     ><p>\n<style type=\"text\/css\" data-created_by=\"avia_inline_auto\" id=\"style-css-av-tn63t3-9b0adad18095474b28b9e3e9311ea82c\">\n.avia-image-container.av-tn63t3-9b0adad18095474b28b9e3e9311ea82c img.avia_image{\nbox-shadow:none;\n}\n.avia-image-container.av-tn63t3-9b0adad18095474b28b9e3e9311ea82c .av-image-caption-overlay-center{\ncolor:#ffffff;\n}\n<\/style>\n<div  class='avia-image-container av-tn63t3-9b0adad18095474b28b9e3e9311ea82c av-styling-no-styling av-img-linked avia-align-center  avia-builder-el-5  el_before_av_heading  avia-builder-el-first '   itemprop=\"image\" itemscope=\"itemscope\" itemtype=\"https:\/\/schema.org\/ImageObject\" ><div class=\"avia-image-container-inner\"><div class=\"avia-image-overlay-wrap\"><img fetchpriority=\"high\" class='wp-image- avia-img-lazy-loading-not- avia_image ' src='https:\/\/kemetrv.ee\/wp-content\/uploads\/pigieemaldi_1L_800x600-225x300.png' alt='' title=''   itemprop=\"thumbnailUrl\"  \/><\/div><\/div><\/div><br \/>\n\n<style type=\"text\/css\" data-created_by=\"avia_inline_auto\" id=\"style-css-av-rcqfdz-8df1c56a3121e4d4872e44b2d2f00aab\">\n#top .av-special-heading.av-rcqfdz-8df1c56a3121e4d4872e44b2d2f00aab{\npadding-bottom:0;\n}\nbody .av-special-heading.av-rcqfdz-8df1c56a3121e4d4872e44b2d2f00aab .av-special-heading-tag .heading-char{\nfont-size:25px;\n}\n.av-special-heading.av-rcqfdz-8df1c56a3121e4d4872e44b2d2f00aab .av-subheading{\nfont-size:12px;\n}\n<\/style>\n<div  class='av-special-heading av-rcqfdz-8df1c56a3121e4d4872e44b2d2f00aab av-special-heading-h2 blockquote modern-quote  avia-builder-el-6  el_after_av_image  el_before_av_image '><div class='av-subheading av-subheading_above'><p>muut &#8211; autokemia<\/p>\n<\/div><h2 class='av-special-heading-tag '  itemprop=\"headline\"  >Pienpoistaja<\/h2><div class=\"special-heading-border\"><div class=\"special-heading-inner-border\"><\/div><\/div><\/div><br \/>\n\n<style type=\"text\/css\" data-created_by=\"avia_inline_auto\" id=\"style-css-av-2kvqc7-22a06912c4fbebec0259165d87e751b7\">\n.avia-image-container.av-2kvqc7-22a06912c4fbebec0259165d87e751b7 img.avia_image{\nbox-shadow:none;\n}\n.avia-image-container.av-2kvqc7-22a06912c4fbebec0259165d87e751b7 .av-image-caption-overlay-center{\ncolor:#ffffff;\n}\n<\/style>\n<div  class='avia-image-container av-2kvqc7-22a06912c4fbebec0259165d87e751b7 av-styling-no-styling av-img-linked avia-align-center  avia-builder-el-7  el_after_av_heading  avia-builder-el-last '   itemprop=\"image\" itemscope=\"itemscope\" itemtype=\"https:\/\/schema.org\/ImageObject\" ><div class=\"avia-image-container-inner\"><div class=\"avia-image-overlay-wrap\"><img fetchpriority=\"high\" class='wp-image- avia-img-lazy-loading-not- avia_image ' src='https:\/\/kemetrv.ee\/wp-content\/uploads\/Kemet_pigieemaldus_5l_B800px-206x300.png' alt='' title=''   itemprop=\"thumbnailUrl\"  \/><\/div><\/div><\/div><\/p><\/div><div class='av-flex-placeholder'><\/div>\n<style type=\"text\/css\" data-created_by=\"avia_inline_auto\" id=\"style-css-av-nii7vb-e95e1022ff8c5e2f43c931d51aa8cc08\">\n.flex_column.av-nii7vb-e95e1022ff8c5e2f43c931d51aa8cc08{\nborder-radius:0px 0px 0px 0px;\npadding:20px 20px 20px 20px;\nbackground-color:#ffffff;\n}\n<\/style>\n<div  class='flex_column av-nii7vb-e95e1022ff8c5e2f43c931d51aa8cc08 av_one_fifth  avia-builder-el-8  el_after_av_one_fifth  el_before_av_one_fifth  flex_column_table_cell av-equal-height-column av-align-top  '     ><p>\n<style type=\"text\/css\" data-created_by=\"avia_inline_auto\" id=\"style-css-av-lunifb-dd44c70a6830506bcaa522b60fa20605\">\n.avia-image-container.av-lunifb-dd44c70a6830506bcaa522b60fa20605 img.avia_image{\nbox-shadow:none;\n}\n.avia-image-container.av-lunifb-dd44c70a6830506bcaa522b60fa20605 .av-image-caption-overlay-center{\ncolor:#ffffff;\n}\n<\/style>\n<div  class='avia-image-container av-lunifb-dd44c70a6830506bcaa522b60fa20605 av-styling-no-styling av-img-linked avia-align-center  avia-builder-el-9  el_before_av_heading  avia-builder-el-first '   itemprop=\"image\" itemscope=\"itemscope\" itemtype=\"https:\/\/schema.org\/ImageObject\" ><div class=\"avia-image-container-inner\"><div class=\"avia-image-overlay-wrap\"><a href=\"https:\/\/kemetrv.ee\/muud\/vesiklaas-naatriumsilikaat\/\" class='avia_image '  ><img fetchpriority=\"high\" class='wp-image-3684 avia-img-lazy-loading-not-3684 avia_image ' src='https:\/\/kemetrv.ee\/wp-content\/uploads\/category-muud-vesiklaas.png' alt='' title=''  height=\"400\" width=\"300\"  itemprop=\"thumbnailUrl\"  \/><\/a><\/div><\/div><\/div><br \/>\n\n<style type=\"text\/css\" data-created_by=\"avia_inline_auto\" id=\"style-css-av-kczpo7-6c9f97f66ecce3dd0e970612ce125d00\">\n#top .av-special-heading.av-kczpo7-6c9f97f66ecce3dd0e970612ce125d00{\npadding-bottom:0;\n}\nbody .av-special-heading.av-kczpo7-6c9f97f66ecce3dd0e970612ce125d00 .av-special-heading-tag .heading-char{\nfont-size:25px;\n}\n.av-special-heading.av-kczpo7-6c9f97f66ecce3dd0e970612ce125d00 .av-subheading{\nfont-size:12px;\n}\n<\/style>\n<div  class='av-special-heading av-kczpo7-6c9f97f66ecce3dd0e970612ce125d00 av-special-heading-h2 blockquote modern-quote  avia-builder-el-10  el_after_av_image  avia-builder-el-last '><div class='av-subheading av-subheading_above'><p>muut &#8211; yleisrakennus jm<\/p>\n<\/div><h2 class='av-special-heading-tag '  itemprop=\"headline\"  >Vesilasi (Natriumisilikaatti)<\/h2><div class=\"special-heading-border\"><div class=\"special-heading-inner-border\"><\/div><\/div><\/div><\/p><\/div><div class='av-flex-placeholder'><\/div>\n<style type=\"text\/css\" data-created_by=\"avia_inline_auto\" id=\"style-css-av-j4n4tj-835d068aecf6d1815dc3252035d20790\">\n.flex_column.av-j4n4tj-835d068aecf6d1815dc3252035d20790{\nborder-radius:0px 0px 0px 0px;\npadding:20px 20px 20px 20px;\nbackground-color:#ffffff;\n}\n<\/style>\n<div  class='flex_column av-j4n4tj-835d068aecf6d1815dc3252035d20790 av_one_fifth  avia-builder-el-11  el_after_av_one_fifth  el_before_av_one_fifth  flex_column_table_cell av-equal-height-column av-align-top  '     ><p>\n<style type=\"text\/css\" data-created_by=\"avia_inline_auto\" id=\"style-css-av-hrtl7r-044fd6185df386779396b84bc918a5a6\">\n.avia-image-container.av-hrtl7r-044fd6185df386779396b84bc918a5a6 img.avia_image{\nbox-shadow:none;\n}\n.avia-image-container.av-hrtl7r-044fd6185df386779396b84bc918a5a6 .av-image-caption-overlay-center{\ncolor:#ffffff;\n}\n<\/style>\n<div  class='avia-image-container av-hrtl7r-044fd6185df386779396b84bc918a5a6 av-styling-no-styling av-img-linked avia-align-center  avia-builder-el-12  el_before_av_heading  avia-builder-el-first '   itemprop=\"image\" itemscope=\"itemscope\" itemtype=\"https:\/\/schema.org\/ImageObject\" ><div class=\"avia-image-container-inner\"><div class=\"avia-image-overlay-wrap\"><img fetchpriority=\"high\" class='wp-image- avia-img-lazy-loading-not- avia_image ' src='https:\/\/kemetrv.ee\/wp-content\/uploads\/category-muud-niiskustoke.png' alt='' title=''   itemprop=\"thumbnailUrl\"  \/><\/div><\/div><\/div><br \/>\n\n<style type=\"text\/css\" data-created_by=\"avia_inline_auto\" id=\"style-css-av-g8omvr-5edabc038d23238fec03a63aff43ac4d\">\n#top .av-special-heading.av-g8omvr-5edabc038d23238fec03a63aff43ac4d{\npadding-bottom:0;\n}\nbody .av-special-heading.av-g8omvr-5edabc038d23238fec03a63aff43ac4d .av-special-heading-tag .heading-char{\nfont-size:25px;\n}\n.av-special-heading.av-g8omvr-5edabc038d23238fec03a63aff43ac4d .av-subheading{\nfont-size:12px;\n}\n<\/style>\n<div  class='av-special-heading av-g8omvr-5edabc038d23238fec03a63aff43ac4d av-special-heading-h2 blockquote modern-quote  avia-builder-el-13  el_after_av_image  avia-builder-el-last '><div class='av-subheading av-subheading_above'><p>muut<\/p>\n<\/div><h2 class='av-special-heading-tag '  itemprop=\"headline\"  >Kosteussuoja<\/h2><div class=\"special-heading-border\"><div class=\"special-heading-inner-border\"><\/div><\/div><\/div><\/p><\/div><div class='av-flex-placeholder'><\/div>\n<style type=\"text\/css\" data-created_by=\"avia_inline_auto\" id=\"style-css-av-dh3giv-7bbd1af9784d02e12ac10c6056ada78e\">\n.flex_column.av-dh3giv-7bbd1af9784d02e12ac10c6056ada78e{\nborder-radius:0px 0px 0px 0px;\npadding:20px 20px 20px 20px;\n}\n<\/style>\n<div  class='flex_column av-dh3giv-7bbd1af9784d02e12ac10c6056ada78e av_one_fifth  avia-builder-el-14  el_after_av_one_fifth  avia-builder-el-last  flex_column_table_cell av-equal-height-column av-align-top av-hide-on-mobile  '     ><\/div><\/div><!--close column table wrapper. Autoclose: 1 -->\n<\/div><\/div><\/main><!-- close content main element --><\/div><\/div><div id='after_section_1'  class='main_color av_default_container_wrap container_wrap sidebar_right'  ><div class='container av-section-cont-open' ><div class='template-page content  av-content-small alpha units'><div class='post-entry post-entry-type-page post-entry-5143'><div class='entry-content-wrapper clearfix'>\n<section  class='av_textblock_section av-ct56uv-79becaa59bbff2bac8e04eedb32cc391 '   itemscope=\"itemscope\" itemtype=\"https:\/\/schema.org\/CreativeWork\" ><div class='avia_textblock'  itemprop=\"text\" ><p><span data-mce-type=\"bookmark\" style=\"display: inline-block; width: 0px; overflow: hidden; line-height: 0;\" class=\"mce_SELRES_start\">\ufeff<\/span><\/p>\n<\/div><\/section>\n<\/div><\/div><\/div><!-- close content main div --><\/div><\/div><div id='av_section_2'  class='avia-section av-biz0w7-77247ec36b3c72548bbbb43e0b407845 main_color avia-section-large avia-no-border-styling  avia-builder-el-16  el_after_av_textblock  el_before_av_textblock  avia-bg-style-scroll container_wrap sidebar_right'  ><div class='container av-section-cont-open' ><div class='template-page content  av-content-small alpha units'><div class='post-entry post-entry-type-page post-entry-5143'><div class='entry-content-wrapper clearfix'>\n\n<style type=\"text\/css\" data-created_by=\"avia_inline_auto\" id=\"style-css-av-94861z-7064acadf1aed07e543a77b5bf90d5cf\">\n.flex_column.av-94861z-7064acadf1aed07e543a77b5bf90d5cf{\nborder-radius:0px 0px 0px 0px;\npadding:0px 0px 0px 0px;\n}\n<\/style>\n<div  class='flex_column av-94861z-7064acadf1aed07e543a77b5bf90d5cf av_two_third  avia-builder-el-17  avia-builder-el-no-sibling  first flex_column_div av-zero-column-padding  '     ><p>\n<style type=\"text\/css\" data-created_by=\"avia_inline_auto\" id=\"style-css-av-35vh4n-cbf87260ab0b110464aef3e130862732\">\n#top .av-special-heading.av-35vh4n-cbf87260ab0b110464aef3e130862732{\npadding-bottom:0;\n}\nbody .av-special-heading.av-35vh4n-cbf87260ab0b110464aef3e130862732 .av-special-heading-tag .heading-char{\nfont-size:25px;\n}\n.av-special-heading.av-35vh4n-cbf87260ab0b110464aef3e130862732 .av-subheading{\nfont-size:12px;\n}\n<\/style>\n<div  class='av-special-heading av-35vh4n-cbf87260ab0b110464aef3e130862732 av-special-heading-h2 blockquote modern-quote  avia-builder-el-18  el_before_av_textblock  avia-builder-el-first '><div class='av-subheading av-subheading_above'><p>projektimyynti<\/p>\n<\/div><h2 class='av-special-heading-tag '  itemprop=\"headline\"  >SUUNNITTELETKO SUUREMPAA REMONTTI- TAI RAKENNUSPROJEKTIA?<\/h2><div class=\"special-heading-border\"><div class=\"special-heading-inner-border\"><\/div><\/div><\/div><br \/>\n<section  class='av_textblock_section av-6b1c2v-245ec423e65058b847509e565d8d3dfc '   itemscope=\"itemscope\" itemtype=\"https:\/\/schema.org\/CreativeWork\" ><div class='avia_textblock'  itemprop=\"text\" ><dl>\n<dt><span lang=\"fi-FI\">Kysy myyntiedustajaltamme tarjousta kaikille tuotteille kerralla, jolloin s\u00e4\u00e4st\u00e4t tuotteiden hinnan ja toimituskustannusten lis\u00e4ksi my\u00f6s aikaa. Yhteystiedot +372 4856243, <a href=\"mailto:kemet.rv@neti.ee\" target=\"_blank\" rel=\"noopener\">kemet.rv@neti.ee<\/a><\/span><\/dt>\n<dt><\/dt>\n<\/dl>\n<\/div><\/section><br \/>\n<div  class='avia-button-wrap av-4wy4yf-86218d91773b81f514057d50800e8b96-wrap avia-button-left  avia-builder-el-20  el_after_av_textblock  avia-builder-el-last '><a href='https:\/\/kemetrv.ee\/fi\/yhteystiedot\/'  class='avia-button av-4wy4yf-86218d91773b81f514057d50800e8b96 av-link-btn avia-icon_select-no avia-size-medium avia-position-left avia-color-theme-color'   aria-label=\"Kysy tarjousta!\"><span class='avia_iconbox_title' >Kysy tarjousta!<\/span><\/a><\/div><\/p><\/div><\/div><\/div><\/div><!-- close content main div --><\/div><\/div><div id='after_section_2'  class='main_color av_default_container_wrap container_wrap sidebar_right'  ><div class='container av-section-cont-open' ><div class='template-page content  av-content-small alpha units'><div class='post-entry post-entry-type-page post-entry-5143'><div class='entry-content-wrapper clearfix'><section  class='av_textblock_section av-23adev-1571ac82e00fbefef289589e19840281 '   itemscope=\"itemscope\" itemtype=\"https:\/\/schema.org\/CreativeWork\" ><div class='avia_textblock'  itemprop=\"text\" ><p><span data-mce-type=\"bookmark\" style=\"display: inline-block; width: 0px; overflow: hidden; line-height: 0;\" class=\"mce_SELRES_end\">\ufeff<\/span><\/p>\n<\/div><\/section><\/p>\n","protected":false},"excerpt":{"rendered":"","protected":false},"author":6,"featured_media":0,"parent":0,"menu_order":0,"comment_status":"closed","ping_status":"closed","template":"","meta":{"_acf_changed":false,"footnotes":""},"class_list":["post-5143","page","type-page","status-publish","hentry"],"acf":[],"_links":{"self":[{"href":"https:\/\/kemetrv.ee\/fi\/wp-json\/wp\/v2\/pages\/5143","targetHints":{"allow":["GET"]}}],"collection":[{"href":"https:\/\/kemetrv.ee\/fi\/wp-json\/wp\/v2\/pages"}],"about":[{"href":"https:\/\/kemetrv.ee\/fi\/wp-json\/wp\/v2\/types\/page"}],"author":[{"embeddable":true,"href":"https:\/\/kemetrv.ee\/fi\/wp-json\/wp\/v2\/users\/6"}],"replies":[{"embeddable":true,"href":"https:\/\/kemetrv.ee\/fi\/wp-json\/wp\/v2\/comments?post=5143"}],"version-history":[{"count":2,"href":"https:\/\/kemetrv.ee\/fi\/wp-json\/wp\/v2\/pages\/5143\/revisions"}],"predecessor-version":[{"id":6970,"href":"https:\/\/kemetrv.ee\/fi\/wp-json\/wp\/v2\/pages\/5143\/revisions\/6970"}],"wp:attachment":[{"href":"https:\/\/kemetrv.ee\/fi\/wp-json\/wp\/v2\/media?parent=5143"}],"curies":[{"name":"wp","href":"https:\/\/api.w.org\/{rel}","templated":true}]}}