{"id":5159,"date":"2019-06-11T11:06:26","date_gmt":"2019-06-11T08:06:26","guid":{"rendered":"https:\/\/kemetrv.ee\/?page_id=5159"},"modified":"2025-02-03T11:28:09","modified_gmt":"2025-02-03T09:28:09","slug":"pellavaoljy","status":"publish","type":"page","link":"https:\/\/kemetrv.ee\/fi\/puunsuoja-aineet\/pellavaoljy\/","title":{"rendered":"Pellava\u00f6ljy"},"content":{"rendered":"<\/p>\n\n<style type=\"text\/css\" data-created_by=\"avia_inline_auto\" id=\"style-css-av-av_section-04fab48bc03bb8c40b07c794c6a3bd03\">\n.avia-section.av-av_section-04fab48bc03bb8c40b07c794c6a3bd03{\nbackground-color:#f9f9f9;\nbackground-image:url(https:\/\/kemetrv.ee\/wp-content\/uploads\/bg_655584565.jpg);\nbackground-repeat:no-repeat;\nbackground-position:50% 50%;\nbackground-attachment:scroll;\n}\n<\/style>\n<div id='av_section_1'  class='avia-section av-av_section-04fab48bc03bb8c40b07c794c6a3bd03 main_color avia-section-default avia-no-border-styling  avia-builder-el-0  el_before_av_section  avia-builder-el-first  avia-full-stretch avia-bg-style-scroll av-minimum-height av-minimum-height-75 av-height-75  container_wrap sidebar_right'  data-section-bg-repeat='stretch' data-av_minimum_height_pc='75' data-av_min_height_opt='75'><div class='container av-section-cont-open' ><main  role=\"main\" itemprop=\"mainContentOfPage\"  class='template-page content  av-content-small alpha units'><div class='post-entry post-entry-type-page post-entry-5159'><div class='entry-content-wrapper clearfix'>\n\n<style type=\"text\/css\" data-created_by=\"avia_inline_auto\" id=\"style-css-av-av_one_third-f120a6c09a7c4f1b25340ac16a8e63e8\">\n.flex_column.av-av_one_third-f120a6c09a7c4f1b25340ac16a8e63e8{\nborder-radius:0px 0px 0px 0px;\npadding:0px 0px 0px 0px;\n}\n<\/style>\n<div  class='flex_column av-av_one_third-f120a6c09a7c4f1b25340ac16a8e63e8 av_one_third  avia-builder-el-1  el_before_av_one_third  avia-builder-el-first  first flex_column_div av-hide-on-mobile av-zero-column-padding  '     ><\/div>\n<style type=\"text\/css\" data-created_by=\"avia_inline_auto\" id=\"style-css-av-av_one_third-0aa7055fe62c3622faec82866afbaeb2\">\n.flex_column.av-av_one_third-0aa7055fe62c3622faec82866afbaeb2{\nborder-radius:0px 0px 0px 0px;\npadding:0px 0px 0px 0px;\n}\n<\/style>\n<div  class='flex_column av-av_one_third-0aa7055fe62c3622faec82866afbaeb2 av_one_third  avia-builder-el-2  el_after_av_one_third  el_before_av_one_third  flex_column_div av-zero-column-padding  '     ><style type=\"text\/css\" data-created_by=\"avia_inline_auto\" id=\"style-css-av-av_image-4d7a3b6fce7e210b3cd80d6007ad28ff\">\n.avia-image-container.av-av_image-4d7a3b6fce7e210b3cd80d6007ad28ff img.avia_image{\nbox-shadow:none;\n}\n.avia-image-container.av-av_image-4d7a3b6fce7e210b3cd80d6007ad28ff .av-image-caption-overlay-center{\ncolor:#ffffff;\n}\n<\/style>\n<div  class='avia-image-container av-av_image-4d7a3b6fce7e210b3cd80d6007ad28ff av-styling- avia-align-center  avia-builder-el-3  avia-builder-el-no-sibling '   itemprop=\"image\" itemscope=\"itemscope\" itemtype=\"https:\/\/schema.org\/ImageObject\" ><div class=\"avia-image-container-inner\"><div class=\"avia-image-overlay-wrap\"><img fetchpriority=\"high\" class='wp-image-3544 avia-img-lazy-loading-not-3544 avia_image ' src='https:\/\/kemetrv.ee\/wp-content\/uploads\/kemet-rv-puidukaitsevahendid-linaoli.png' alt='Lina\u00f5li' title='Lina\u00f5li'  height=\"804\" width=\"600\"  itemprop=\"thumbnailUrl\"  \/><\/div><\/div><\/div><\/div>\n<style type=\"text\/css\" data-created_by=\"avia_inline_auto\" id=\"style-css-av-av_one_third-a2905bc6e39fcf5ba2f860d9c868590d\">\n.flex_column.av-av_one_third-a2905bc6e39fcf5ba2f860d9c868590d{\nborder-radius:0px 0px 0px 0px;\npadding:50px 30px 30px 30px;\nbackground-color:#ffffff;\n}\n<\/style>\n<div  class='flex_column av-av_one_third-a2905bc6e39fcf5ba2f860d9c868590d av_one_third  avia-builder-el-4  el_after_av_one_third  avia-builder-el-last  flex_column_div  '     ><p>\n<style type=\"text\/css\" data-created_by=\"avia_inline_auto\" id=\"style-css-av-av_heading-14009c75640cc21a773ca1df7c1d4d4e\">\n#top .av-special-heading.av-av_heading-14009c75640cc21a773ca1df7c1d4d4e{\npadding-bottom:5px;\ncolor:#0039a6;\n}\nbody .av-special-heading.av-av_heading-14009c75640cc21a773ca1df7c1d4d4e .av-special-heading-tag .heading-char{\nfont-size:25px;\n}\n.av-special-heading.av-av_heading-14009c75640cc21a773ca1df7c1d4d4e .special-heading-inner-border{\nborder-color:#0039a6;\n}\n.av-special-heading.av-av_heading-14009c75640cc21a773ca1df7c1d4d4e .av-subheading{\nfont-size:12px;\n}\n<\/style>\n<div  class='av-special-heading av-av_heading-14009c75640cc21a773ca1df7c1d4d4e av-special-heading-h1 custom-color-heading blockquote modern-quote  avia-builder-el-5  el_before_av_textblock  avia-builder-el-first '><h1 class='av-special-heading-tag '  itemprop=\"headline\"  >Pellava\u00f6ljy<\/h1><div class='av_custom_color av-subheading av-subheading_below'><p>puupintojen kyll\u00e4st\u00e4miseen sis\u00e4t\u00f6iss\u00e4<\/p>\n<\/div><div class=\"special-heading-border\"><div class=\"special-heading-inner-border\"><\/div><\/div><\/div><br \/>\n<section  class='av_textblock_section av-av_textblock-0366cc7376be6c9e82a3e9cc8987b64f '   itemscope=\"itemscope\" itemtype=\"https:\/\/schema.org\/CreativeWork\" ><div class='avia_textblock'  itemprop=\"text\" ><p>Pakkaus: 0,5L; 1L; 3L; 5L; 10L; 20L<\/p>\n<dl>\n<dt><span lang=\"fi-FI\">Pellava\u00f6ljy on tarkoitettu puupintojen kyll\u00e4stykseen ainoastaan sis\u00e4t\u00f6iss\u00e4, pinnan koristeellisuuden ja lujuuden lis\u00e4\u00e4miseksi sek\u00e4 likaantumisen ja kastumisen v\u00e4hent\u00e4miseksi. Ei sis\u00e4ll\u00e4 orgaanisia liuottimia eik\u00e4 fungisideja. Sopii k\u00e4ytett\u00e4v\u00e4ksi sis\u00e4seiniss\u00e4, katoissa, portaissa ja lattioissa sek\u00e4 erilaisissa puisissa k\u00e4ytt\u00f6esineiss\u00e4 ja leluissa. <\/span><\/dt>\n<dt><span lang=\"fi-FI\">\u00d6ljytt\u00e4v\u00e4n puun on oltava kuiva sek\u00e4 puhdistettu p\u00f6lyst\u00e4 ja liasta. \u00d6ljyn imeytymissyvyyden lis\u00e4\u00e4miseksi ensimm\u00e4iseen kerrokseen voi lis\u00e4t\u00e4 enint\u00e4\u00e4n 20 % pihkat\u00e4rp\u00e4tti\u00e4.<\/span><\/dt>\n<\/dl>\n<\/div><\/section><\/p><\/div>\n\n<\/div><\/div><\/main><!-- close content main element --><\/div><\/div>\n<style type=\"text\/css\" data-created_by=\"avia_inline_auto\" id=\"style-css-av-av_section-0c77eb3d60a3024e471d5a09f8e0d620\">\n.avia-section.av-av_section-0c77eb3d60a3024e471d5a09f8e0d620{\nbackground-color:#f9f9f9;\nbackground-image:unset;\n}\n<\/style>\n<div id='product-category-mini'  class='avia-section av-av_section-0c77eb3d60a3024e471d5a09f8e0d620 main_color avia-section-small avia-no-border-styling  avia-builder-el-7  el_after_av_section  el_before_av_section  avia-bg-style-scroll container_wrap sidebar_right'  ><div class='container av-section-cont-open' ><div class='template-page content  av-content-small alpha units'><div class='post-entry post-entry-type-page post-entry-5159'><div class='entry-content-wrapper clearfix'>\n\n<style type=\"text\/css\" data-created_by=\"avia_inline_auto\" id=\"style-css-av-av_one_fifth-10b875b05bc6c6b6f370405ac41b515c\">\n.flex_column.av-av_one_fifth-10b875b05bc6c6b6f370405ac41b515c{\nborder-radius:0px 0px 0px 0px;\npadding:20px 20px 20px 20px;\nbackground-color:#ffffff;\n}\n<\/style>\n<div  class='flex_column av-av_one_fifth-10b875b05bc6c6b6f370405ac41b515c av_one_fifth  avia-builder-el-8  el_before_av_one_fifth  avia-builder-el-first  first flex_column_div  '     ><p>\n<style type=\"text\/css\" data-created_by=\"avia_inline_auto\" id=\"style-css-av-av_image-05e363977da2ac97d9eebb87cf1d0ff8\">\n.avia-image-container.av-av_image-05e363977da2ac97d9eebb87cf1d0ff8 img.avia_image{\nbox-shadow:none;\n}\n.avia-image-container.av-av_image-05e363977da2ac97d9eebb87cf1d0ff8 .av-image-caption-overlay-center{\ncolor:#ffffff;\n}\n<\/style>\n<div  class='avia-image-container av-av_image-05e363977da2ac97d9eebb87cf1d0ff8 av-styling-no-styling av-img-linked avia-align-center  avia-builder-el-9  el_before_av_heading  avia-builder-el-first '   itemprop=\"image\" itemscope=\"itemscope\" itemtype=\"https:\/\/schema.org\/ImageObject\" ><div class=\"avia-image-container-inner\"><div class=\"avia-image-overlay-wrap\"><a href=\"https:\/\/kemetrv.ee\/varvid\/rootsi-muldvarv-maalri\/\" class='avia_image '  ><img fetchpriority=\"high\" class='wp-image-3751 avia-img-lazy-loading-not-3751 avia_image ' src='https:\/\/kemetrv.ee\/wp-content\/uploads\/category-varvid-rootsi-muldvarv-maalri-3kg.png' alt='' title=''  height=\"400\" width=\"300\"  itemprop=\"thumbnailUrl\"  \/><\/a><\/div><\/div><\/div><br \/>\n\n<style type=\"text\/css\" data-created_by=\"avia_inline_auto\" id=\"style-css-av-av_heading-ac86e5cb84124b5fc5d551a68ed67d89\">\n#top .av-special-heading.av-av_heading-ac86e5cb84124b5fc5d551a68ed67d89{\npadding-bottom:0;\n}\nbody .av-special-heading.av-av_heading-ac86e5cb84124b5fc5d551a68ed67d89 .av-special-heading-tag .heading-char{\nfont-size:25px;\n}\n.av-special-heading.av-av_heading-ac86e5cb84124b5fc5d551a68ed67d89 .av-subheading{\nfont-size:12px;\n}\n<\/style>\n<div  class='av-special-heading av-av_heading-ac86e5cb84124b5fc5d551a68ed67d89 av-special-heading-h2 blockquote modern-quote  avia-builder-el-10  el_after_av_image  avia-builder-el-last '><div class='av-subheading av-subheading_above'><p>sahalautojen ja karkeiden hirsipintojen ulkomaalaukseen<\/p>\n<\/div><h2 class='av-special-heading-tag '  itemprop=\"headline\"  >PUNAMULTAMAALI <span class='special_amp'>&#8221;<\/span>MAALARIN<span class='special_amp'>&#8221;<\/span><\/h2><div class=\"special-heading-border\"><div class=\"special-heading-inner-border\"><\/div><\/div><\/div><\/p><\/div>\n<style type=\"text\/css\" data-created_by=\"avia_inline_auto\" id=\"style-css-av-av_one_fifth-e144647ee0066c28e55520ff792478f5\">\n.flex_column.av-av_one_fifth-e144647ee0066c28e55520ff792478f5{\nborder-radius:0px 0px 0px 0px;\npadding:20px 20px 20px 20px;\nbackground-color:#ffffff;\n}\n<\/style>\n<div  class='flex_column av-av_one_fifth-e144647ee0066c28e55520ff792478f5 av_one_fifth  avia-builder-el-11  el_after_av_one_fifth  el_before_av_one_fifth  flex_column_div  '     ><p>\n<style type=\"text\/css\" data-created_by=\"avia_inline_auto\" id=\"style-css-av-av_image-33b9f31c473943eb5195b6b0c4692ada\">\n.avia-image-container.av-av_image-33b9f31c473943eb5195b6b0c4692ada img.avia_image{\nbox-shadow:none;\n}\n.avia-image-container.av-av_image-33b9f31c473943eb5195b6b0c4692ada .av-image-caption-overlay-center{\ncolor:#ffffff;\n}\n<\/style>\n<div  class='avia-image-container av-av_image-33b9f31c473943eb5195b6b0c4692ada av-styling-no-styling av-img-linked avia-align-center  avia-builder-el-12  el_before_av_heading  avia-builder-el-first '   itemprop=\"image\" itemscope=\"itemscope\" itemtype=\"https:\/\/schema.org\/ImageObject\" ><div class=\"avia-image-container-inner\"><div class=\"avia-image-overlay-wrap\"><a href=\"https:\/\/kemetrv.ee\/puidukaitsevahendid\/mannitorv\/\" class='avia_image '  ><img fetchpriority=\"high\" class='wp-image-3733 avia-img-lazy-loading-not-3733 avia_image ' src='https:\/\/kemetrv.ee\/wp-content\/uploads\/category-puidukaitsevahendid-mannitorv.png' alt='' title=''  height=\"400\" width=\"300\"  itemprop=\"thumbnailUrl\"  \/><\/a><\/div><\/div><\/div><br \/>\n\n<style type=\"text\/css\" data-created_by=\"avia_inline_auto\" id=\"style-css-av-av_heading-d98b45c8f84a535f67c7c08730af454d\">\n#top .av-special-heading.av-av_heading-d98b45c8f84a535f67c7c08730af454d{\npadding-bottom:0;\n}\nbody .av-special-heading.av-av_heading-d98b45c8f84a535f67c7c08730af454d .av-special-heading-tag .heading-char{\nfont-size:25px;\n}\n.av-special-heading.av-av_heading-d98b45c8f84a535f67c7c08730af454d .av-subheading{\nfont-size:12px;\n}\n<\/style>\n<div  class='av-special-heading av-av_heading-d98b45c8f84a535f67c7c08730af454d av-special-heading-h2 blockquote modern-quote  avia-builder-el-13  el_after_av_image  avia-builder-el-last '><div class='av-subheading av-subheading_above'><p>luonnollinen puunsuoja-aine<\/p>\n<\/div><h2 class='av-special-heading-tag '  itemprop=\"headline\"  >M\u00e4ntyterva<\/h2><div class=\"special-heading-border\"><div class=\"special-heading-inner-border\"><\/div><\/div><\/div><\/p><\/div>\n<style type=\"text\/css\" data-created_by=\"avia_inline_auto\" id=\"style-css-av-av_one_fifth-e144647ee0066c28e55520ff792478f5\">\n.flex_column.av-av_one_fifth-e144647ee0066c28e55520ff792478f5{\nborder-radius:0px 0px 0px 0px;\npadding:20px 20px 20px 20px;\nbackground-color:#ffffff;\n}\n<\/style>\n<div  class='flex_column av-av_one_fifth-e144647ee0066c28e55520ff792478f5 av_one_fifth  avia-builder-el-14  el_after_av_one_fifth  el_before_av_one_fifth  flex_column_div  '     ><p>\n<style type=\"text\/css\" data-created_by=\"avia_inline_auto\" id=\"style-css-av-av_image-91e655340baef008c9e09ec116882bf3\">\n.avia-image-container.av-av_image-91e655340baef008c9e09ec116882bf3 img.avia_image{\nbox-shadow:none;\n}\n.avia-image-container.av-av_image-91e655340baef008c9e09ec116882bf3 .av-image-caption-overlay-center{\ncolor:#ffffff;\n}\n<\/style>\n<div  class='avia-image-container av-av_image-91e655340baef008c9e09ec116882bf3 av-styling-no-styling av-img-linked avia-align-center  avia-builder-el-15  el_before_av_heading  avia-builder-el-first '   itemprop=\"image\" itemscope=\"itemscope\" itemtype=\"https:\/\/schema.org\/ImageObject\" ><div class=\"avia-image-container-inner\"><div class=\"avia-image-overlay-wrap\"><a href=\"https:\/\/kemetrv.ee\/varvid\/linaolivarv-palett\/\" class='avia_image '  ><img fetchpriority=\"high\" class='wp-image-3746 avia-img-lazy-loading-not-3746 avia_image ' src='https:\/\/kemetrv.ee\/wp-content\/uploads\/category-varvid-linaolivarv-palett-1l.png' alt='' title=''  height=\"400\" width=\"300\"  itemprop=\"thumbnailUrl\"  \/><\/a><\/div><\/div><\/div><br \/>\n\n<style type=\"text\/css\" data-created_by=\"avia_inline_auto\" id=\"style-css-av-av_heading-02f8d4de8120f8bf8d84179a4959408f\">\n#top .av-special-heading.av-av_heading-02f8d4de8120f8bf8d84179a4959408f{\npadding-bottom:0;\n}\nbody .av-special-heading.av-av_heading-02f8d4de8120f8bf8d84179a4959408f .av-special-heading-tag .heading-char{\nfont-size:25px;\n}\n.av-special-heading.av-av_heading-02f8d4de8120f8bf8d84179a4959408f .av-subheading{\nfont-size:12px;\n}\n<\/style>\n<div  class='av-special-heading av-av_heading-02f8d4de8120f8bf8d84179a4959408f av-special-heading-h2 blockquote modern-quote  avia-builder-el-16  el_after_av_image  avia-builder-el-last '><div class='av-subheading av-subheading_above'><p>puupinnoille<\/p>\n<\/div><h2 class='av-special-heading-tag '  itemprop=\"headline\"  >Pellava\u00f6ljymaali <span class='special_amp'>&#8221;<\/span>PALETTI<span class='special_amp'>&#8221;<\/span><\/h2><div class=\"special-heading-border\"><div class=\"special-heading-inner-border\"><\/div><\/div><\/div><\/p><\/div>\n<style type=\"text\/css\" data-created_by=\"avia_inline_auto\" id=\"style-css-av-av_one_fifth-7db28fda6876469a0184c19f89de3fb8\">\n.flex_column.av-av_one_fifth-7db28fda6876469a0184c19f89de3fb8{\nborder-radius:0px 0px 0px 0px;\npadding:20px 20px 20px 20px;\nbackground-color:#ffffff;\n}\n<\/style>\n<div  class='flex_column av-av_one_fifth-7db28fda6876469a0184c19f89de3fb8 av_one_fifth  avia-builder-el-17  el_after_av_one_fifth  el_before_av_one_fifth  flex_column_div  '     ><p>\n<style type=\"text\/css\" data-created_by=\"avia_inline_auto\" id=\"style-css-av-av_image-94f3b4bd205ce2505080251f562bf339\">\n.avia-image-container.av-av_image-94f3b4bd205ce2505080251f562bf339 img.avia_image{\nbox-shadow:none;\n}\n.avia-image-container.av-av_image-94f3b4bd205ce2505080251f562bf339 .av-image-caption-overlay-center{\ncolor:#ffffff;\n}\n<\/style>\n<div  class='avia-image-container av-av_image-94f3b4bd205ce2505080251f562bf339 av-styling-no-styling av-img-linked avia-align-center  avia-builder-el-18  el_before_av_heading  avia-builder-el-first '   itemprop=\"image\" itemscope=\"itemscope\" itemtype=\"https:\/\/schema.org\/ImageObject\" ><div class=\"avia-image-container-inner\"><div class=\"avia-image-overlay-wrap\"><a href=\"https:\/\/kemetrv.ee\/muud\/vesiklaas-naatriumsilikaat\/\" class='avia_image '  ><img fetchpriority=\"high\" class='wp-image-3684 avia-img-lazy-loading-not-3684 avia_image ' src='https:\/\/kemetrv.ee\/wp-content\/uploads\/category-muud-vesiklaas.png' alt='' title=''  height=\"400\" width=\"300\"  itemprop=\"thumbnailUrl\"  \/><\/a><\/div><\/div><\/div><br \/>\n\n<style type=\"text\/css\" data-created_by=\"avia_inline_auto\" id=\"style-css-av-av_heading-2a312077ebfe8ad47b7318cd9acf0b95\">\n#top .av-special-heading.av-av_heading-2a312077ebfe8ad47b7318cd9acf0b95{\npadding-bottom:0;\n}\nbody .av-special-heading.av-av_heading-2a312077ebfe8ad47b7318cd9acf0b95 .av-special-heading-tag .heading-char{\nfont-size:25px;\n}\n.av-special-heading.av-av_heading-2a312077ebfe8ad47b7318cd9acf0b95 .av-subheading{\nfont-size:12px;\n}\n<\/style>\n<div  class='av-special-heading av-av_heading-2a312077ebfe8ad47b7318cd9acf0b95 av-special-heading-h2 blockquote modern-quote  avia-builder-el-19  el_after_av_image  avia-builder-el-last '><div class='av-subheading av-subheading_above'><p>muut<\/p>\n<\/div><h2 class='av-special-heading-tag '  itemprop=\"headline\"  >Vesilasi(Natriumisilikaatti)<\/h2><div class=\"special-heading-border\"><div class=\"special-heading-inner-border\"><\/div><\/div><\/div><\/p><\/div>\n<style type=\"text\/css\" data-created_by=\"avia_inline_auto\" id=\"style-css-av-av_one_fifth-e144647ee0066c28e55520ff792478f5\">\n.flex_column.av-av_one_fifth-e144647ee0066c28e55520ff792478f5{\nborder-radius:0px 0px 0px 0px;\npadding:20px 20px 20px 20px;\nbackground-color:#ffffff;\n}\n<\/style>\n<div  class='flex_column av-av_one_fifth-e144647ee0066c28e55520ff792478f5 av_one_fifth  avia-builder-el-20  el_after_av_one_fifth  avia-builder-el-last  flex_column_div  '     ><p>\n<style type=\"text\/css\" data-created_by=\"avia_inline_auto\" id=\"style-css-av-av_image-ac511668804d463341bdda4f442220dc\">\n.avia-image-container.av-av_image-ac511668804d463341bdda4f442220dc img.avia_image{\nbox-shadow:none;\n}\n.avia-image-container.av-av_image-ac511668804d463341bdda4f442220dc .av-image-caption-overlay-center{\ncolor:#ffffff;\n}\n<\/style>\n<div  class='avia-image-container av-av_image-ac511668804d463341bdda4f442220dc av-styling-no-styling av-img-linked avia-align-center  avia-builder-el-21  el_before_av_heading  avia-builder-el-first '   itemprop=\"image\" itemscope=\"itemscope\" itemtype=\"https:\/\/schema.org\/ImageObject\" ><div class=\"avia-image-container-inner\"><div class=\"avia-image-overlay-wrap\"><a href=\"https:\/\/kemetrv.ee\/lahustid\/vaigutarpentin-manni\/\" class='avia_image '  ><img fetchpriority=\"high\" class='wp-image-3724 avia-img-lazy-loading-not-3724 avia_image ' src='https:\/\/kemetrv.ee\/wp-content\/uploads\/category-lahustid-vaigutarpetin-manni.png' alt='' title=''  height=\"400\" width=\"300\"  itemprop=\"thumbnailUrl\"  \/><\/a><\/div><\/div><\/div><br \/>\n\n<style type=\"text\/css\" data-created_by=\"avia_inline_auto\" id=\"style-css-av-av_heading-e5ec1e52765364d196a1d9a19047346c\">\n#top .av-special-heading.av-av_heading-e5ec1e52765364d196a1d9a19047346c{\npadding-bottom:0;\n}\nbody .av-special-heading.av-av_heading-e5ec1e52765364d196a1d9a19047346c .av-special-heading-tag .heading-char{\nfont-size:25px;\n}\n.av-special-heading.av-av_heading-e5ec1e52765364d196a1d9a19047346c .av-subheading{\nfont-size:12px;\n}\n<\/style>\n<div  class='av-special-heading av-av_heading-e5ec1e52765364d196a1d9a19047346c av-special-heading-h2 blockquote modern-quote  avia-builder-el-22  el_after_av_image  avia-builder-el-last '><div class='av-subheading av-subheading_above'><p>liuotin<\/p>\n<\/div><h2 class='av-special-heading-tag '  itemprop=\"headline\"  >Pihkat\u00e4rp\u00e4tti (m\u00e4nty)<\/h2><div class=\"special-heading-border\"><div class=\"special-heading-inner-border\"><\/div><\/div><\/div><\/p><\/div><\/div><\/div><\/div><!-- close content main div --><\/div><\/div><div id='av_section_3'  class='avia-section av-av_section-1c6c2555841528b1825f9cc1964bd443 main_color avia-section-large avia-no-border-styling  avia-builder-el-23  el_after_av_section  avia-builder-el-last  avia-bg-style-scroll container_wrap sidebar_right'  ><div class='container av-section-cont-open' ><div class='template-page content  av-content-small alpha units'><div class='post-entry post-entry-type-page post-entry-5159'><div class='entry-content-wrapper clearfix'>\n\n<style type=\"text\/css\" data-created_by=\"avia_inline_auto\" id=\"style-css-av-av_one_third-f120a6c09a7c4f1b25340ac16a8e63e8\">\n.flex_column.av-av_one_third-f120a6c09a7c4f1b25340ac16a8e63e8{\nborder-radius:0px 0px 0px 0px;\npadding:0px 0px 0px 0px;\n}\n<\/style>\n<div  class='flex_column av-av_one_third-f120a6c09a7c4f1b25340ac16a8e63e8 av_one_third  avia-builder-el-24  el_before_av_two_third  avia-builder-el-first  first flex_column_div av-hide-on-mobile av-zero-column-padding  '     ><\/div>\n<style type=\"text\/css\" data-created_by=\"avia_inline_auto\" id=\"style-css-av-av_two_third-0aa7055fe62c3622faec82866afbaeb2\">\n.flex_column.av-av_two_third-0aa7055fe62c3622faec82866afbaeb2{\nborder-radius:0px 0px 0px 0px;\npadding:0px 0px 0px 0px;\n}\n<\/style>\n<div  class='flex_column av-av_two_third-0aa7055fe62c3622faec82866afbaeb2 av_two_third  avia-builder-el-25  el_after_av_one_third  avia-builder-el-last  flex_column_div av-zero-column-padding  '     ><p>\n<style type=\"text\/css\" data-created_by=\"avia_inline_auto\" id=\"style-css-av-av_heading-87353bd89feef4bfae73fbfa47a3540f\">\n#top .av-special-heading.av-av_heading-87353bd89feef4bfae73fbfa47a3540f{\npadding-bottom:0;\n}\nbody .av-special-heading.av-av_heading-87353bd89feef4bfae73fbfa47a3540f .av-special-heading-tag .heading-char{\nfont-size:25px;\n}\n.av-special-heading.av-av_heading-87353bd89feef4bfae73fbfa47a3540f .av-subheading{\nfont-size:12px;\n}\n<\/style>\n<div  class='av-special-heading av-av_heading-87353bd89feef4bfae73fbfa47a3540f av-special-heading-h2 blockquote modern-quote  avia-builder-el-26  el_before_av_textblock  avia-builder-el-first '><div class='av-subheading av-subheading_above'><p>projektimyynti<\/p>\n<\/div><h2 class='av-special-heading-tag '  itemprop=\"headline\"  >SUUNNITTELETKO SUUREMPAA REMONTTI- TAI RAKENNUSPROJEKTIA?<\/h2><div class=\"special-heading-border\"><div class=\"special-heading-inner-border\"><\/div><\/div><\/div><br \/>\n<section  class='av_textblock_section av-av_textblock-0366cc7376be6c9e82a3e9cc8987b64f '   itemscope=\"itemscope\" itemtype=\"https:\/\/schema.org\/CreativeWork\" ><div class='avia_textblock'  itemprop=\"text\" ><dl>\n<dt><span lang=\"fi-FI\">Kysy myyntiedustajaltamme tarjousta kaikille tuotteille kerralla, jolloin s\u00e4\u00e4st\u00e4t tuotteiden hinnan ja toimituskustannusten lis\u00e4ksi my\u00f6s aikaa. Yhteystiedot +372 58 50 6969, sales@kemetrv.ee<\/span><\/dt>\n<dt><\/dt>\n<\/dl>\n<\/div><\/section><br \/>\n<div  class='avia-button-wrap av-av_button-2c709810aaa86bb351ea8c6cf46ff542-wrap avia-button-left  avia-builder-el-28  el_after_av_textblock  avia-builder-el-last '><a href=''  class='avia-button av-av_button-2c709810aaa86bb351ea8c6cf46ff542 av-link-btn avia-icon_select-no avia-size-medium avia-position-left avia-color-theme-color'   aria-label=\"Kysy tarjousta!\"><span class='avia_iconbox_title' >Kysy tarjousta!<\/span><\/a><\/div><\/p><\/div><\/div><\/div><\/div><!-- close content main div --><\/div><\/div><div id='after_section_3'  class='main_color av_default_container_wrap container_wrap sidebar_right'  ><div class='container av-section-cont-open' ><div class='template-page content  av-content-small alpha units'><div class='post-entry post-entry-type-page post-entry-5159'><div class='entry-content-wrapper clearfix'><\/p>\n","protected":false},"excerpt":{"rendered":"","protected":false},"author":6,"featured_media":0,"parent":5108,"menu_order":1,"comment_status":"closed","ping_status":"closed","template":"","meta":{"_acf_changed":false,"footnotes":""},"class_list":["post-5159","page","type-page","status-publish","hentry"],"acf":[],"_links":{"self":[{"href":"https:\/\/kemetrv.ee\/fi\/wp-json\/wp\/v2\/pages\/5159","targetHints":{"allow":["GET"]}}],"collection":[{"href":"https:\/\/kemetrv.ee\/fi\/wp-json\/wp\/v2\/pages"}],"about":[{"href":"https:\/\/kemetrv.ee\/fi\/wp-json\/wp\/v2\/types\/page"}],"author":[{"embeddable":true,"href":"https:\/\/kemetrv.ee\/fi\/wp-json\/wp\/v2\/users\/6"}],"replies":[{"embeddable":true,"href":"https:\/\/kemetrv.ee\/fi\/wp-json\/wp\/v2\/comments?post=5159"}],"version-history":[{"count":2,"href":"https:\/\/kemetrv.ee\/fi\/wp-json\/wp\/v2\/pages\/5159\/revisions"}],"predecessor-version":[{"id":6787,"href":"https:\/\/kemetrv.ee\/fi\/wp-json\/wp\/v2\/pages\/5159\/revisions\/6787"}],"up":[{"embeddable":true,"href":"https:\/\/kemetrv.ee\/fi\/wp-json\/wp\/v2\/pages\/5108"}],"wp:attachment":[{"href":"https:\/\/kemetrv.ee\/fi\/wp-json\/wp\/v2\/media?parent=5159"}],"curies":[{"name":"wp","href":"https:\/\/api.w.org\/{rel}","templated":true}]}}