{"id":5231,"date":"2019-06-11T23:48:32","date_gmt":"2019-06-11T20:48:32","guid":{"rendered":"https:\/\/kemetrv.ee\/?page_id=5231"},"modified":"2025-02-03T11:25:28","modified_gmt":"2025-02-03T09:25:28","slug":"mantyterva","status":"publish","type":"page","link":"https:\/\/kemetrv.ee\/fi\/puunsuoja-aineet\/mantyterva\/","title":{"rendered":"M\u00e4ntyterva"},"content":{"rendered":"<\/p>\n\n<style type=\"text\/css\" data-created_by=\"avia_inline_auto\" id=\"style-css-av-av_section-7688ba56b3915c5597cf69e6f1efb61e\">\n.avia-section.av-av_section-7688ba56b3915c5597cf69e6f1efb61e{\nbackground-color:#f9f9f9;\nbackground-image:url(https:\/\/kemetrv.ee\/wp-content\/uploads\/bg_36975159.jpg);\nbackground-repeat:no-repeat;\nbackground-position:50% 50%;\nbackground-attachment:scroll;\n}\n<\/style>\n<div id='av_section_1'  class='avia-section av-av_section-7688ba56b3915c5597cf69e6f1efb61e main_color avia-section-default avia-no-border-styling  avia-builder-el-0  el_before_av_section  avia-builder-el-first  avia-full-stretch avia-bg-style-scroll av-minimum-height av-minimum-height-75 av-height-75  container_wrap sidebar_right'  data-section-bg-repeat='stretch' data-av_minimum_height_pc='75' data-av_min_height_opt='75'><div class='container av-section-cont-open' ><main  role=\"main\" itemprop=\"mainContentOfPage\"  class='template-page content  av-content-small alpha units'><div class='post-entry post-entry-type-page post-entry-5231'><div class='entry-content-wrapper clearfix'>\n\n<style type=\"text\/css\" data-created_by=\"avia_inline_auto\" id=\"style-css-av-av_one_third-f120a6c09a7c4f1b25340ac16a8e63e8\">\n.flex_column.av-av_one_third-f120a6c09a7c4f1b25340ac16a8e63e8{\nborder-radius:0px 0px 0px 0px;\npadding:0px 0px 0px 0px;\n}\n<\/style>\n<div  class='flex_column av-av_one_third-f120a6c09a7c4f1b25340ac16a8e63e8 av_one_third  avia-builder-el-1  el_before_av_one_third  avia-builder-el-first  first flex_column_div av-hide-on-mobile av-zero-column-padding  '     ><\/div>\n<style type=\"text\/css\" data-created_by=\"avia_inline_auto\" id=\"style-css-av-av_one_third-0aa7055fe62c3622faec82866afbaeb2\">\n.flex_column.av-av_one_third-0aa7055fe62c3622faec82866afbaeb2{\nborder-radius:0px 0px 0px 0px;\npadding:0px 0px 0px 0px;\n}\n<\/style>\n<div  class='flex_column av-av_one_third-0aa7055fe62c3622faec82866afbaeb2 av_one_third  avia-builder-el-2  el_after_av_one_third  el_before_av_one_third  flex_column_div av-zero-column-padding  '     ><style type=\"text\/css\" data-created_by=\"avia_inline_auto\" id=\"style-css-av-av_image-95e487c72d82fbde46c35629f4247dfe\">\n.avia-image-container.av-av_image-95e487c72d82fbde46c35629f4247dfe img.avia_image{\nbox-shadow:none;\n}\n.avia-image-container.av-av_image-95e487c72d82fbde46c35629f4247dfe .av-image-caption-overlay-center{\ncolor:#ffffff;\n}\n<\/style>\n<div  class='avia-image-container av-av_image-95e487c72d82fbde46c35629f4247dfe av-styling- avia-align-center  avia-builder-el-3  avia-builder-el-no-sibling '   itemprop=\"image\" itemscope=\"itemscope\" itemtype=\"https:\/\/schema.org\/ImageObject\" ><div class=\"avia-image-container-inner\"><div class=\"avia-image-overlay-wrap\"><img fetchpriority=\"high\" class='wp-image-3402 avia-img-lazy-loading-not-3402 avia_image ' src='https:\/\/kemetrv.ee\/wp-content\/uploads\/kemet-rv-puidukaitsevahendid-mannitorv.png' alt='M\u00e4nnit\u00f5rv' title='M\u00e4nnit\u00f5rv'  height=\"804\" width=\"600\"  itemprop=\"thumbnailUrl\"  \/><\/div><\/div><\/div><\/div>\n<style type=\"text\/css\" data-created_by=\"avia_inline_auto\" id=\"style-css-av-av_one_third-a2905bc6e39fcf5ba2f860d9c868590d\">\n.flex_column.av-av_one_third-a2905bc6e39fcf5ba2f860d9c868590d{\nborder-radius:0px 0px 0px 0px;\npadding:50px 30px 30px 30px;\nbackground-color:#ffffff;\n}\n<\/style>\n<div  class='flex_column av-av_one_third-a2905bc6e39fcf5ba2f860d9c868590d av_one_third  avia-builder-el-4  el_after_av_one_third  avia-builder-el-last  flex_column_div  '     ><p>\n<style type=\"text\/css\" data-created_by=\"avia_inline_auto\" id=\"style-css-av-av_heading-2e8afaf64cb31d96f2f929b3dd5cb2b6\">\n#top .av-special-heading.av-av_heading-2e8afaf64cb31d96f2f929b3dd5cb2b6{\npadding-bottom:5px;\ncolor:#0039a6;\n}\nbody .av-special-heading.av-av_heading-2e8afaf64cb31d96f2f929b3dd5cb2b6 .av-special-heading-tag .heading-char{\nfont-size:25px;\n}\n.av-special-heading.av-av_heading-2e8afaf64cb31d96f2f929b3dd5cb2b6 .special-heading-inner-border{\nborder-color:#0039a6;\n}\n.av-special-heading.av-av_heading-2e8afaf64cb31d96f2f929b3dd5cb2b6 .av-subheading{\nfont-size:12px;\n}\n<\/style>\n<div  class='av-special-heading av-av_heading-2e8afaf64cb31d96f2f929b3dd5cb2b6 av-special-heading-h1 custom-color-heading blockquote modern-quote  avia-builder-el-5  el_before_av_textblock  avia-builder-el-first '><h1 class='av-special-heading-tag '  itemprop=\"headline\"  >M\u00e4ntyterva<\/h1><div class='av_custom_color av-subheading av-subheading_below'><p>luonnollinen puunsuoja-aine<\/p>\n<\/div><div class=\"special-heading-border\"><div class=\"special-heading-inner-border\"><\/div><\/div><\/div><br \/>\n<section  class='av_textblock_section av-av_textblock-0366cc7376be6c9e82a3e9cc8987b64f '   itemscope=\"itemscope\" itemtype=\"https:\/\/schema.org\/CreativeWork\" ><div class='avia_textblock'  itemprop=\"text\" ><p>Pakkaus: 0,5L; 1L; 3L; 5L; 10L; 20L<\/p>\n<dl>\n<dt><span lang=\"fi-FI\">M\u00e4ntyterva on luonnollinen puunsuoja-aine, joka sopii uusiin ja vanhoihin puupintoihin ulko-olosuhteissa. Terva suojaa puuta erinomaisesti m\u00e4t\u00e4nemiselt\u00e4, erityisesti kontaktissa maaper\u00e4n ja veden kanssa. Tervaa voi k\u00e4ytt\u00e4\u00e4 my\u00f6s ter\u00e4spinnoissa, joissa se pys\u00e4ytt\u00e4\u00e4 alkaneen korroosion ja suojaa aluspintaa silt\u00e4 pitk\u00e4aikaisesti. <\/span><\/dt>\n<dt><span lang=\"fi-FI\">M\u00e4ntyterva on tarkoitettu erityisesti puurakenteiden suojaamiseksi kosteassa ymp\u00e4rist\u00f6ss\u00e4 \u2013 puuveneet, venelaiturit, aidanpylv\u00e4\u00e4t, ulkoterassit, paanukatot jne., mutta se sopii my\u00f6s metallirakenteisiin. <\/span><\/dt>\n<dt><span lang=\"fi-FI\">Puupinnan tulee olla kuiva, p\u00f6lyt\u00f6n ja puhdas. Metallirakenteiden ja paanukattojen maalauksessa on suositeltavaa lis\u00e4t\u00e4 enint\u00e4\u00e4n 15 % vernissaa. Kuivuminen riippuu l\u00e4mp\u00f6tilasta ja ilmankosteudesta. <\/span><\/dt>\n<\/dl>\n<\/div><\/section><\/p><\/div><\/div><\/div><\/main><!-- close content main element --><\/div><\/div>\n<style type=\"text\/css\" data-created_by=\"avia_inline_auto\" id=\"style-css-av-av_section-0c77eb3d60a3024e471d5a09f8e0d620\">\n.avia-section.av-av_section-0c77eb3d60a3024e471d5a09f8e0d620{\nbackground-color:#f9f9f9;\nbackground-image:unset;\n}\n<\/style>\n<div id='product-category-mini'  class='avia-section av-av_section-0c77eb3d60a3024e471d5a09f8e0d620 main_color avia-section-small avia-no-border-styling  avia-builder-el-7  el_after_av_section  el_before_av_section  avia-bg-style-scroll container_wrap sidebar_right'  ><div class='container av-section-cont-open' ><div class='template-page content  av-content-small alpha units'><div class='post-entry post-entry-type-page post-entry-5231'><div class='entry-content-wrapper clearfix'>\n<div class='flex_column_table av-av_one_fifth-34bae625fb626a9293e031b7edab057c sc-av_one_fifth av-equal-height-column-flextable'>\n<style type=\"text\/css\" data-created_by=\"avia_inline_auto\" id=\"style-css-av-av_one_fifth-34bae625fb626a9293e031b7edab057c\">\n.flex_column.av-av_one_fifth-34bae625fb626a9293e031b7edab057c{\nborder-radius:0px 0px 0px 0px;\npadding:20px 20px 20px 20px;\nbackground-color:#ffffff;\n}\n<\/style>\n<div  class='flex_column av-av_one_fifth-34bae625fb626a9293e031b7edab057c av_one_fifth  avia-builder-el-8  el_before_av_one_fifth  avia-builder-el-first  first flex_column_table_cell av-equal-height-column av-align-top  '     ><p>\n<style type=\"text\/css\" data-created_by=\"avia_inline_auto\" id=\"style-css-av-av_image-fa18576d8ac60a913f350443acdc568c\">\n.avia-image-container.av-av_image-fa18576d8ac60a913f350443acdc568c img.avia_image{\nbox-shadow:none;\n}\n.avia-image-container.av-av_image-fa18576d8ac60a913f350443acdc568c .av-image-caption-overlay-center{\ncolor:#ffffff;\n}\n<\/style>\n<div  class='avia-image-container av-av_image-fa18576d8ac60a913f350443acdc568c av-styling-no-styling av-img-linked avia-align-center  avia-builder-el-9  el_before_av_heading  avia-builder-el-first '   itemprop=\"image\" itemscope=\"itemscope\" itemtype=\"https:\/\/schema.org\/ImageObject\" ><div class=\"avia-image-container-inner\"><div class=\"avia-image-overlay-wrap\"><img fetchpriority=\"high\" class='wp-image-3747 avia-img-lazy-loading-not-3747 avia_image ' src='https:\/\/kemetrv.ee\/wp-content\/uploads\/category-varvid-metallikrunt-kemekor-1l.png' alt='' title=''  height=\"400\" width=\"300\"  itemprop=\"thumbnailUrl\"  \/><\/div><\/div><\/div><br \/>\n\n<style type=\"text\/css\" data-created_by=\"avia_inline_auto\" id=\"style-css-av-av_heading-ba6feb76b19bf1ec18d8d384f278197a\">\n#top .av-special-heading.av-av_heading-ba6feb76b19bf1ec18d8d384f278197a{\npadding-bottom:0;\n}\nbody .av-special-heading.av-av_heading-ba6feb76b19bf1ec18d8d384f278197a .av-special-heading-tag .heading-char{\nfont-size:25px;\n}\n.av-special-heading.av-av_heading-ba6feb76b19bf1ec18d8d384f278197a .av-subheading{\nfont-size:12px;\n}\n<\/style>\n<div  class='av-special-heading av-av_heading-ba6feb76b19bf1ec18d8d384f278197a av-special-heading-h2 blockquote modern-quote  avia-builder-el-10  el_after_av_image  avia-builder-el-last '><div class='av-subheading av-subheading_above'><p>nopeasti kuivuva ruosteenestopohja ter\u00e4spinnoille<\/p>\n<\/div><h2 class='av-special-heading-tag '  itemprop=\"headline\"  >Metallin pohjamaali KEMEKOR<\/h2><div class=\"special-heading-border\"><div class=\"special-heading-inner-border\"><\/div><\/div><\/div><\/p><\/div><div class='av-flex-placeholder'><\/div>\n<style type=\"text\/css\" data-created_by=\"avia_inline_auto\" id=\"style-css-av-av_one_fifth-e144647ee0066c28e55520ff792478f5\">\n.flex_column.av-av_one_fifth-e144647ee0066c28e55520ff792478f5{\nborder-radius:0px 0px 0px 0px;\npadding:20px 20px 20px 20px;\nbackground-color:#ffffff;\n}\n<\/style>\n<div  class='flex_column av-av_one_fifth-e144647ee0066c28e55520ff792478f5 av_one_fifth  avia-builder-el-11  el_after_av_one_fifth  el_before_av_one_fifth  flex_column_table_cell av-equal-height-column av-align-top  '     ><p>\n<style type=\"text\/css\" data-created_by=\"avia_inline_auto\" id=\"style-css-av-av_image-2498dcf6a08b18082e70309f29883e48\">\n.avia-image-container.av-av_image-2498dcf6a08b18082e70309f29883e48 img.avia_image{\nbox-shadow:none;\n}\n.avia-image-container.av-av_image-2498dcf6a08b18082e70309f29883e48 .av-image-caption-overlay-center{\ncolor:#ffffff;\n}\n<\/style>\n<div  class='avia-image-container av-av_image-2498dcf6a08b18082e70309f29883e48 av-styling-no-styling av-img-linked avia-align-center  avia-builder-el-12  el_before_av_heading  avia-builder-el-first '   itemprop=\"image\" itemscope=\"itemscope\" itemtype=\"https:\/\/schema.org\/ImageObject\" ><div class=\"avia-image-container-inner\"><div class=\"avia-image-overlay-wrap\"><a href=\"https:\/\/kemetrv.ee\/varvid\/porandavarv-mosaiik\/\" class='avia_image '  ><img fetchpriority=\"high\" class='wp-image-3749 avia-img-lazy-loading-not-3749 avia_image ' src='https:\/\/kemetrv.ee\/wp-content\/uploads\/category-varvid-porandavarv-mosaiik-1l.png' alt='' title=''  height=\"400\" width=\"300\"  itemprop=\"thumbnailUrl\"  \/><\/a><\/div><\/div><\/div><br \/>\n\n<style type=\"text\/css\" data-created_by=\"avia_inline_auto\" id=\"style-css-av-av_heading-825a973a6881b9162f7828d791915514\">\n#top .av-special-heading.av-av_heading-825a973a6881b9162f7828d791915514{\npadding-bottom:0;\n}\nbody .av-special-heading.av-av_heading-825a973a6881b9162f7828d791915514 .av-special-heading-tag .heading-char{\nfont-size:25px;\n}\n.av-special-heading.av-av_heading-825a973a6881b9162f7828d791915514 .av-subheading{\nfont-size:12px;\n}\n<\/style>\n<div  class='av-special-heading av-av_heading-825a973a6881b9162f7828d791915514 av-special-heading-h2 blockquote modern-quote  avia-builder-el-13  el_after_av_image  avia-builder-el-last '><div class='av-subheading av-subheading_above'><p>puu-, betoni- ja metallipinnoille<\/p>\n<\/div><h2 class='av-special-heading-tag '  itemprop=\"headline\"  >Lattiamaali <span class='special_amp'>&#8221;<\/span>MOSAIIKKI<span class='special_amp'>&#8221;<\/span><\/h2><div class=\"special-heading-border\"><div class=\"special-heading-inner-border\"><\/div><\/div><\/div><\/p><\/div><div class='av-flex-placeholder'><\/div>\n<style type=\"text\/css\" data-created_by=\"avia_inline_auto\" id=\"style-css-av-av_one_fifth-e144647ee0066c28e55520ff792478f5\">\n.flex_column.av-av_one_fifth-e144647ee0066c28e55520ff792478f5{\nborder-radius:0px 0px 0px 0px;\npadding:20px 20px 20px 20px;\nbackground-color:#ffffff;\n}\n<\/style>\n<div  class='flex_column av-av_one_fifth-e144647ee0066c28e55520ff792478f5 av_one_fifth  avia-builder-el-14  el_after_av_one_fifth  el_before_av_one_fifth  flex_column_table_cell av-equal-height-column av-align-top  '     ><p>\n<style type=\"text\/css\" data-created_by=\"avia_inline_auto\" id=\"style-css-av-av_image-4e678e4b189b2038f735e0de34f45704\">\n.avia-image-container.av-av_image-4e678e4b189b2038f735e0de34f45704 img.avia_image{\nbox-shadow:none;\n}\n.avia-image-container.av-av_image-4e678e4b189b2038f735e0de34f45704 .av-image-caption-overlay-center{\ncolor:#ffffff;\n}\n<\/style>\n<div  class='avia-image-container av-av_image-4e678e4b189b2038f735e0de34f45704 av-styling-no-styling av-img-linked avia-align-center  avia-builder-el-15  el_before_av_heading  avia-builder-el-first '   itemprop=\"image\" itemscope=\"itemscope\" itemtype=\"https:\/\/schema.org\/ImageObject\" ><div class=\"avia-image-container-inner\"><div class=\"avia-image-overlay-wrap\"><img fetchpriority=\"high\" class='wp-image- avia-img-lazy-loading-not- avia_image ' src='https:\/\/kemetrv.ee\/wp-content\/uploads\/pigieemaldi_1L_800x600-225x300.png' alt='' title=''   itemprop=\"thumbnailUrl\"  \/><\/div><\/div><\/div><br \/>\n\n<style type=\"text\/css\" data-created_by=\"avia_inline_auto\" id=\"style-css-av-av_heading-8dbdc820532b5f85784c8ee173a74b6e\">\n#top .av-special-heading.av-av_heading-8dbdc820532b5f85784c8ee173a74b6e{\npadding-bottom:0;\n}\nbody .av-special-heading.av-av_heading-8dbdc820532b5f85784c8ee173a74b6e .av-special-heading-tag .heading-char{\nfont-size:25px;\n}\n.av-special-heading.av-av_heading-8dbdc820532b5f85784c8ee173a74b6e .av-subheading{\nfont-size:12px;\n}\n<\/style>\n<div  class='av-special-heading av-av_heading-8dbdc820532b5f85784c8ee173a74b6e av-special-heading-h2 blockquote modern-quote  avia-builder-el-16  el_after_av_image  el_before_av_image '><div class='av-subheading av-subheading_above'><p>muut<\/p>\n<\/div><h2 class='av-special-heading-tag '  itemprop=\"headline\"  >Pienpoistaja<\/h2><div class=\"special-heading-border\"><div class=\"special-heading-inner-border\"><\/div><\/div><\/div><br \/>\n\n<style type=\"text\/css\" data-created_by=\"avia_inline_auto\" id=\"style-css-av-av_image-e7a51626e31c194da7575671fee6c55d\">\n.avia-image-container.av-av_image-e7a51626e31c194da7575671fee6c55d img.avia_image{\nbox-shadow:none;\n}\n.avia-image-container.av-av_image-e7a51626e31c194da7575671fee6c55d .av-image-caption-overlay-center{\ncolor:#ffffff;\n}\n<\/style>\n<div  class='avia-image-container av-av_image-e7a51626e31c194da7575671fee6c55d av-styling-no-styling av-img-linked avia-align-center  avia-builder-el-17  el_after_av_heading  avia-builder-el-last '   itemprop=\"image\" itemscope=\"itemscope\" itemtype=\"https:\/\/schema.org\/ImageObject\" ><div class=\"avia-image-container-inner\"><div class=\"avia-image-overlay-wrap\"><img fetchpriority=\"high\" class='wp-image- avia-img-lazy-loading-not- avia_image ' src='https:\/\/kemetrv.ee\/wp-content\/uploads\/Kemet_pigieemaldus_5l_B800px-206x300.png' alt='' title=''   itemprop=\"thumbnailUrl\"  \/><\/div><\/div><\/div><\/p><\/div><div class='av-flex-placeholder'><\/div>\n<style type=\"text\/css\" data-created_by=\"avia_inline_auto\" id=\"style-css-av-av_one_fifth-7db28fda6876469a0184c19f89de3fb8\">\n.flex_column.av-av_one_fifth-7db28fda6876469a0184c19f89de3fb8{\nborder-radius:0px 0px 0px 0px;\npadding:20px 20px 20px 20px;\nbackground-color:#ffffff;\n}\n<\/style>\n<div  class='flex_column av-av_one_fifth-7db28fda6876469a0184c19f89de3fb8 av_one_fifth  avia-builder-el-18  el_after_av_one_fifth  el_before_av_one_fifth  flex_column_table_cell av-equal-height-column av-align-top  '     ><p>\n<style type=\"text\/css\" data-created_by=\"avia_inline_auto\" id=\"style-css-av-av_image-94f3b4bd205ce2505080251f562bf339\">\n.avia-image-container.av-av_image-94f3b4bd205ce2505080251f562bf339 img.avia_image{\nbox-shadow:none;\n}\n.avia-image-container.av-av_image-94f3b4bd205ce2505080251f562bf339 .av-image-caption-overlay-center{\ncolor:#ffffff;\n}\n<\/style>\n<div  class='avia-image-container av-av_image-94f3b4bd205ce2505080251f562bf339 av-styling-no-styling av-img-linked avia-align-center  avia-builder-el-19  el_before_av_heading  avia-builder-el-first '   itemprop=\"image\" itemscope=\"itemscope\" itemtype=\"https:\/\/schema.org\/ImageObject\" ><div class=\"avia-image-container-inner\"><div class=\"avia-image-overlay-wrap\"><a href=\"https:\/\/kemetrv.ee\/muud\/vesiklaas-naatriumsilikaat\/\" class='avia_image '  ><img fetchpriority=\"high\" class='wp-image-3684 avia-img-lazy-loading-not-3684 avia_image ' src='https:\/\/kemetrv.ee\/wp-content\/uploads\/category-muud-vesiklaas.png' alt='' title=''  height=\"400\" width=\"300\"  itemprop=\"thumbnailUrl\"  \/><\/a><\/div><\/div><\/div><br \/>\n\n<style type=\"text\/css\" data-created_by=\"avia_inline_auto\" id=\"style-css-av-av_heading-2a312077ebfe8ad47b7318cd9acf0b95\">\n#top .av-special-heading.av-av_heading-2a312077ebfe8ad47b7318cd9acf0b95{\npadding-bottom:0;\n}\nbody .av-special-heading.av-av_heading-2a312077ebfe8ad47b7318cd9acf0b95 .av-special-heading-tag .heading-char{\nfont-size:25px;\n}\n.av-special-heading.av-av_heading-2a312077ebfe8ad47b7318cd9acf0b95 .av-subheading{\nfont-size:12px;\n}\n<\/style>\n<div  class='av-special-heading av-av_heading-2a312077ebfe8ad47b7318cd9acf0b95 av-special-heading-h2 blockquote modern-quote  avia-builder-el-20  el_after_av_image  avia-builder-el-last '><div class='av-subheading av-subheading_above'><p>muut<\/p>\n<\/div><h2 class='av-special-heading-tag '  itemprop=\"headline\"  >Vesilasi(Natriumisilikaatti)<\/h2><div class=\"special-heading-border\"><div class=\"special-heading-inner-border\"><\/div><\/div><\/div><\/p><\/div><div class='av-flex-placeholder'><\/div>\n<style type=\"text\/css\" data-created_by=\"avia_inline_auto\" id=\"style-css-av-av_one_fifth-e144647ee0066c28e55520ff792478f5\">\n.flex_column.av-av_one_fifth-e144647ee0066c28e55520ff792478f5{\nborder-radius:0px 0px 0px 0px;\npadding:20px 20px 20px 20px;\nbackground-color:#ffffff;\n}\n<\/style>\n<div  class='flex_column av-av_one_fifth-e144647ee0066c28e55520ff792478f5 av_one_fifth  avia-builder-el-21  el_after_av_one_fifth  avia-builder-el-last  flex_column_table_cell av-equal-height-column av-align-top  '     ><p>\n<style type=\"text\/css\" data-created_by=\"avia_inline_auto\" id=\"style-css-av-av_image-a9731d944abdb63f24d468bab965dc3c\">\n.avia-image-container.av-av_image-a9731d944abdb63f24d468bab965dc3c img.avia_image{\nbox-shadow:none;\n}\n.avia-image-container.av-av_image-a9731d944abdb63f24d468bab965dc3c .av-image-caption-overlay-center{\ncolor:#ffffff;\n}\n<\/style>\n<div  class='avia-image-container av-av_image-a9731d944abdb63f24d468bab965dc3c av-styling-no-styling av-img-linked avia-align-center  avia-builder-el-22  el_before_av_heading  avia-builder-el-first '   itemprop=\"image\" itemscope=\"itemscope\" itemtype=\"https:\/\/schema.org\/ImageObject\" ><div class=\"avia-image-container-inner\"><div class=\"avia-image-overlay-wrap\"><a href=\"https:\/\/kemetrv.ee\/lahustid\/lakibensiin-white-spirit\/\" class='avia_image '  ><img fetchpriority=\"high\" class='wp-image-3720 avia-img-lazy-loading-not-3720 avia_image ' src='https:\/\/kemetrv.ee\/wp-content\/uploads\/category-lahustid-lakibensiin-white-spirit.png' alt='' title=''  height=\"400\" width=\"300\"  itemprop=\"thumbnailUrl\"  \/><\/a><\/div><\/div><\/div><br \/>\n\n<style type=\"text\/css\" data-created_by=\"avia_inline_auto\" id=\"style-css-av-av_heading-ec26a6cebf72e53d6826a6358d2b1ee9\">\n#top .av-special-heading.av-av_heading-ec26a6cebf72e53d6826a6358d2b1ee9{\npadding-bottom:0;\n}\nbody .av-special-heading.av-av_heading-ec26a6cebf72e53d6826a6358d2b1ee9 .av-special-heading-tag .heading-char{\nfont-size:25px;\n}\n.av-special-heading.av-av_heading-ec26a6cebf72e53d6826a6358d2b1ee9 .av-subheading{\nfont-size:12px;\n}\n<\/style>\n<div  class='av-special-heading av-av_heading-ec26a6cebf72e53d6826a6358d2b1ee9 av-special-heading-h2 blockquote modern-quote  avia-builder-el-23  el_after_av_image  avia-builder-el-last '><div class='av-subheading av-subheading_above'><p>liuotin<\/p>\n<\/div><h2 class='av-special-heading-tag '  itemprop=\"headline\"  >Lakkabensiini (White Spirit)<\/h2><div class=\"special-heading-border\"><div class=\"special-heading-inner-border\"><\/div><\/div><\/div><\/p><\/div><\/div><!--close column table wrapper. Autoclose: 1 --><\/div><\/div><\/div><!-- close content main div --><\/div><\/div><div id='av_section_3'  class='avia-section av-av_section-1c6c2555841528b1825f9cc1964bd443 main_color avia-section-large avia-no-border-styling  avia-builder-el-24  el_after_av_section  avia-builder-el-last  avia-bg-style-scroll container_wrap sidebar_right'  ><div class='container av-section-cont-open' ><div class='template-page content  av-content-small alpha units'><div class='post-entry post-entry-type-page post-entry-5231'><div class='entry-content-wrapper clearfix'>\n\n<style type=\"text\/css\" data-created_by=\"avia_inline_auto\" id=\"style-css-av-av_one_third-f120a6c09a7c4f1b25340ac16a8e63e8\">\n.flex_column.av-av_one_third-f120a6c09a7c4f1b25340ac16a8e63e8{\nborder-radius:0px 0px 0px 0px;\npadding:0px 0px 0px 0px;\n}\n<\/style>\n<div  class='flex_column av-av_one_third-f120a6c09a7c4f1b25340ac16a8e63e8 av_one_third  avia-builder-el-25  el_before_av_two_third  avia-builder-el-first  first flex_column_div av-hide-on-mobile av-zero-column-padding  '     ><\/div>\n<style type=\"text\/css\" data-created_by=\"avia_inline_auto\" id=\"style-css-av-av_two_third-0aa7055fe62c3622faec82866afbaeb2\">\n.flex_column.av-av_two_third-0aa7055fe62c3622faec82866afbaeb2{\nborder-radius:0px 0px 0px 0px;\npadding:0px 0px 0px 0px;\n}\n<\/style>\n<div  class='flex_column av-av_two_third-0aa7055fe62c3622faec82866afbaeb2 av_two_third  avia-builder-el-26  el_after_av_one_third  avia-builder-el-last  flex_column_div av-zero-column-padding  '     ><p>\n<style type=\"text\/css\" data-created_by=\"avia_inline_auto\" id=\"style-css-av-av_heading-87353bd89feef4bfae73fbfa47a3540f\">\n#top .av-special-heading.av-av_heading-87353bd89feef4bfae73fbfa47a3540f{\npadding-bottom:0;\n}\nbody .av-special-heading.av-av_heading-87353bd89feef4bfae73fbfa47a3540f .av-special-heading-tag .heading-char{\nfont-size:25px;\n}\n.av-special-heading.av-av_heading-87353bd89feef4bfae73fbfa47a3540f .av-subheading{\nfont-size:12px;\n}\n<\/style>\n<div  class='av-special-heading av-av_heading-87353bd89feef4bfae73fbfa47a3540f av-special-heading-h2 blockquote modern-quote  avia-builder-el-27  el_before_av_textblock  avia-builder-el-first '><div class='av-subheading av-subheading_above'><p>projektimyynti<\/p>\n<\/div><h2 class='av-special-heading-tag '  itemprop=\"headline\"  >SUUNNITTELETKO SUUREMPAA REMONTTI- TAI RAKENNUSPROJEKTIA?<\/h2><div class=\"special-heading-border\"><div class=\"special-heading-inner-border\"><\/div><\/div><\/div><br \/>\n<section  class='av_textblock_section av-av_textblock-0366cc7376be6c9e82a3e9cc8987b64f '   itemscope=\"itemscope\" itemtype=\"https:\/\/schema.org\/CreativeWork\" ><div class='avia_textblock'  itemprop=\"text\" ><dl>\n<dt><span lang=\"fi-FI\">Kysy myyntiedustajaltamme tarjousta kaikille tuotteille kerralla, jolloin s\u00e4\u00e4st\u00e4t tuotteiden hinnan ja toimituskustannusten lis\u00e4ksi my\u00f6s aikaa. Yhteystiedot +372 58 50 6969, sales@kemetrv.ee<\/span><\/dt>\n<dt><\/dt>\n<\/dl>\n<\/div><\/section><br \/>\n<div  class='avia-button-wrap av-av_button-2c709810aaa86bb351ea8c6cf46ff542-wrap avia-button-left  avia-builder-el-29  el_after_av_textblock  avia-builder-el-last '><a href=''  class='avia-button av-av_button-2c709810aaa86bb351ea8c6cf46ff542 av-link-btn avia-icon_select-no avia-size-medium avia-position-left avia-color-theme-color'   aria-label=\"Kysy tarjousta!\"><span class='avia_iconbox_title' >Kysy tarjousta!<\/span><\/a><\/div><\/p><\/div><\/div><\/div><\/div><!-- close content main div --><\/div><\/div><div id='after_section_3'  class='main_color av_default_container_wrap container_wrap sidebar_right'  ><div class='container av-section-cont-open' ><div class='template-page content  av-content-small alpha units'><div class='post-entry post-entry-type-page post-entry-5231'><div class='entry-content-wrapper clearfix'><\/p>\n","protected":false},"excerpt":{"rendered":"","protected":false},"author":6,"featured_media":0,"parent":5108,"menu_order":4,"comment_status":"closed","ping_status":"closed","template":"","meta":{"_acf_changed":false,"footnotes":""},"class_list":["post-5231","page","type-page","status-publish","hentry"],"acf":[],"_links":{"self":[{"href":"https:\/\/kemetrv.ee\/fi\/wp-json\/wp\/v2\/pages\/5231","targetHints":{"allow":["GET"]}}],"collection":[{"href":"https:\/\/kemetrv.ee\/fi\/wp-json\/wp\/v2\/pages"}],"about":[{"href":"https:\/\/kemetrv.ee\/fi\/wp-json\/wp\/v2\/types\/page"}],"author":[{"embeddable":true,"href":"https:\/\/kemetrv.ee\/fi\/wp-json\/wp\/v2\/users\/6"}],"replies":[{"embeddable":true,"href":"https:\/\/kemetrv.ee\/fi\/wp-json\/wp\/v2\/comments?post=5231"}],"version-history":[{"count":2,"href":"https:\/\/kemetrv.ee\/fi\/wp-json\/wp\/v2\/pages\/5231\/revisions"}],"predecessor-version":[{"id":6730,"href":"https:\/\/kemetrv.ee\/fi\/wp-json\/wp\/v2\/pages\/5231\/revisions\/6730"}],"up":[{"embeddable":true,"href":"https:\/\/kemetrv.ee\/fi\/wp-json\/wp\/v2\/pages\/5108"}],"wp:attachment":[{"href":"https:\/\/kemetrv.ee\/fi\/wp-json\/wp\/v2\/media?parent=5231"}],"curies":[{"name":"wp","href":"https:\/\/api.w.org\/{rel}","templated":true}]}}