{"id":5261,"date":"2016-11-11T14:06:53","date_gmt":"2016-11-11T12:06:53","guid":{"rendered":"https:\/\/kemetrv.ee\/?page_id=5261"},"modified":"2019-06-27T14:37:18","modified_gmt":"2019-06-27T11:37:18","slug":"kattomaali-alkor","status":"publish","type":"page","link":"https:\/\/kemetrv.ee\/fi\/maalit\/kattomaali-alkor\/","title":{"rendered":"Kattomaali ALKOR"},"content":{"rendered":"\n<style type=\"text\/css\" data-created_by=\"avia_inline_auto\" id=\"style-css-av-av_section-1117b79be4c82b52ea9bb0c43ea00494\">\n.avia-section.av-av_section-1117b79be4c82b52ea9bb0c43ea00494{\nbackground-color:#f9f9f9;\nbackground-image:unset;\n}\n<\/style>\n<div id='av_section_1'  class='avia-section av-av_section-1117b79be4c82b52ea9bb0c43ea00494 main_color avia-section-default avia-no-border-styling  avia-builder-el-0  el_before_av_section  avia-builder-el-first  avia-bg-style-scroll av-minimum-height av-minimum-height-75 av-height-75  container_wrap sidebar_right'   data-av_minimum_height_pc='75' data-av_min_height_opt='75'><div class='container av-section-cont-open' ><main  role=\"main\" itemprop=\"mainContentOfPage\"  class='template-page content  av-content-small alpha units'><div class='post-entry post-entry-type-page post-entry-5261'><div class='entry-content-wrapper clearfix'>\n\n<style type=\"text\/css\" data-created_by=\"avia_inline_auto\" id=\"style-css-av-av_one_third-f120a6c09a7c4f1b25340ac16a8e63e8\">\n.flex_column.av-av_one_third-f120a6c09a7c4f1b25340ac16a8e63e8{\nborder-radius:0px 0px 0px 0px;\npadding:0px 0px 0px 0px;\n}\n<\/style>\n<div  class='flex_column av-av_one_third-f120a6c09a7c4f1b25340ac16a8e63e8 av_one_third  avia-builder-el-1  el_before_av_one_third  avia-builder-el-first  first flex_column_div av-hide-on-mobile av-zero-column-padding  '     ><\/div>\n<style type=\"text\/css\" data-created_by=\"avia_inline_auto\" id=\"style-css-av-av_one_third-531d5d4d3d3a74d4c56d8363993d8877\">\n.flex_column.av-av_one_third-531d5d4d3d3a74d4c56d8363993d8877{\nborder-radius:0px 0px 0px 0px;\npadding:0px 0px 0px 0px;\n}\n<\/style>\n<div  class='flex_column av-av_one_third-531d5d4d3d3a74d4c56d8363993d8877 av_one_third  avia-builder-el-2  el_after_av_one_third  el_before_av_one_third  flex_column_div av-zero-column-padding  '     ><p>\n<style type=\"text\/css\" data-created_by=\"avia_inline_auto\" id=\"style-css-av-av_image-52735ef6abff34d1af0c4ac55ea31656\">\n.avia-image-container.av-av_image-52735ef6abff34d1af0c4ac55ea31656 img.avia_image{\nbox-shadow:none;\n}\n.avia-image-container.av-av_image-52735ef6abff34d1af0c4ac55ea31656 .av-image-caption-overlay-center{\ncolor:#ffffff;\n}\n<\/style>\n<div  class='avia-image-container av-av_image-52735ef6abff34d1af0c4ac55ea31656 av-styling- avia-align-center  avia-builder-el-3  el_before_av_heading  avia-builder-el-first '   itemprop=\"image\" itemscope=\"itemscope\" itemtype=\"https:\/\/schema.org\/ImageObject\" ><div class=\"avia-image-container-inner\"><div class=\"avia-image-overlay-wrap\"><img fetchpriority=\"high\" class='wp-image-3272 avia-img-lazy-loading-not-3272 avia_image ' src='https:\/\/kemetrv.ee\/wp-content\/uploads\/kemet-rv-varvid-katusevarv-alkor-3l.png' alt='Katusev\u00e4rv ALKOR' title='Katusev\u00e4rv ALKOR'  height=\"600\" width=\"800\"  itemprop=\"thumbnailUrl\"  \/><\/div><\/div><\/div><br \/>\n\n<style type=\"text\/css\" data-created_by=\"avia_inline_auto\" id=\"style-css-av-av_heading-b22c3ebffa4d356929aba7b38d1c5bd6\">\n#top .av-special-heading.av-av_heading-b22c3ebffa4d356929aba7b38d1c5bd6{\npadding-bottom:5px;\ncolor:#0039a6;\n}\nbody .av-special-heading.av-av_heading-b22c3ebffa4d356929aba7b38d1c5bd6 .av-special-heading-tag .heading-char{\nfont-size:25px;\n}\n.av-special-heading.av-av_heading-b22c3ebffa4d356929aba7b38d1c5bd6 .special-heading-inner-border{\nborder-color:#0039a6;\n}\n.av-special-heading.av-av_heading-b22c3ebffa4d356929aba7b38d1c5bd6 .av-subheading{\nfont-size:12px;\n}\n<\/style>\n<div  class='av-special-heading av-av_heading-b22c3ebffa4d356929aba7b38d1c5bd6 av-special-heading-h1 custom-color-heading blockquote modern-quote modern-centered  avia-builder-el-4  el_after_av_image  avia-builder-el-last '><div class='av_custom_color av-subheading av-subheading_above'><p>kattotiilin<\/p>\n<\/div><h1 class='av-special-heading-tag '  itemprop=\"headline\"  >Kattomaali ALKOR<\/h1><div class=\"special-heading-border\"><div class=\"special-heading-inner-border\"><\/div><\/div><\/div><\/p><\/div>\n<style type=\"text\/css\" data-created_by=\"avia_inline_auto\" id=\"style-css-av-av_one_third-531d5d4d3d3a74d4c56d8363993d8877\">\n.flex_column.av-av_one_third-531d5d4d3d3a74d4c56d8363993d8877{\nborder-radius:0px 0px 0px 0px;\npadding:0px 0px 0px 0px;\n}\n<\/style>\n<div  class='flex_column av-av_one_third-531d5d4d3d3a74d4c56d8363993d8877 av_one_third  avia-builder-el-5  el_after_av_one_third  avia-builder-el-last  flex_column_div av-zero-column-padding  '     ><\/div>\n\n<\/div><\/div><\/main><!-- close content main element --><\/div><\/div><div id='av_section_2'  class='avia-section av-av_section-3c1fdba40d338b16ca77c196ccce61e6 main_color avia-section-default avia-no-border-styling  avia-builder-el-7  el_after_av_section  el_before_av_section  avia-bg-style-scroll container_wrap sidebar_right'  ><div class='container av-section-cont-open' ><div class='template-page content  av-content-small alpha units'><div class='post-entry post-entry-type-page post-entry-5261'><div class='entry-content-wrapper clearfix'>\n\n<style type=\"text\/css\" data-created_by=\"avia_inline_auto\" id=\"style-css-av-av_one_third-f120a6c09a7c4f1b25340ac16a8e63e8\">\n.flex_column.av-av_one_third-f120a6c09a7c4f1b25340ac16a8e63e8{\nborder-radius:0px 0px 0px 0px;\npadding:0px 0px 0px 0px;\n}\n<\/style>\n<div  class='flex_column av-av_one_third-f120a6c09a7c4f1b25340ac16a8e63e8 av_one_third  avia-builder-el-8  el_before_av_one_third  avia-builder-el-first  first flex_column_div av-hide-on-mobile av-zero-column-padding  '     ><\/div>\n<style type=\"text\/css\" data-created_by=\"avia_inline_auto\" id=\"style-css-av-av_one_third-531d5d4d3d3a74d4c56d8363993d8877\">\n.flex_column.av-av_one_third-531d5d4d3d3a74d4c56d8363993d8877{\nborder-radius:0px 0px 0px 0px;\npadding:0px 0px 0px 0px;\n}\n<\/style>\n<div  class='flex_column av-av_one_third-531d5d4d3d3a74d4c56d8363993d8877 av_one_third  avia-builder-el-9  el_after_av_one_third  el_before_av_one_third  flex_column_div av-zero-column-padding  '     ><section  class='av_textblock_section av-av_textblock-0366cc7376be6c9e82a3e9cc8987b64f '   itemscope=\"itemscope\" itemtype=\"https:\/\/schema.org\/CreativeWork\" ><div class='avia_textblock'  itemprop=\"text\" ><ul>\n<li>Lioutinohenteinen<\/li>\n<li>Pakkaus: 3L; 10L<\/li>\n<\/ul>\n<p>Modifioiduista alkydisideaineista ja pigmenteist\u00e4 valmistettu liuotinohenteinen ulkomaali.<\/p>\n<p>Tarkoitettu k\u00e4ytett\u00e4v\u00e4ksi kattotiiliin, sopii my\u00f6s puu- ja rautametallipintoihin sek\u00e4 vanhoihin betonipintoihin.<br \/>\n<em><strong>HUOM! Ei sovellu poltetun saven\/kivikaton eik\u00e4 sinkityn metallin maalaamiseen.<\/strong><\/em><\/p>\n<p>Maali kest\u00e4\u00e4 my\u00f6s ilmastossamme esiintyvi\u00e4 \u00e4\u00e4rimm\u00e4isi\u00e4 s\u00e4\u00e4olosuhteita \u2013 \u00e4killisi\u00e4 l\u00e4mp\u00f6tilanmuutoksia, kirkasta aurinkoa, tuulta ja sadetta. Juuri erityisesti hankalien s\u00e4\u00e4olosuhteiden vuoksi maalin koostumukseen on lis\u00e4tty useita komponentteja, jotka antavat maalikerrokselle suuremman elastisuuden ja pidemm\u00e4n k\u00e4ytt\u00f6i\u00e4n.<\/p>\n<p>Maali pident\u00e4\u00e4 my\u00f6s kattomateriaalin k\u00e4ytt\u00f6ik\u00e4\u00e4.<\/p>\n<p>Maali levitet\u00e4\u00e4n p\u00f6lyst\u00e4, liasta, sammaleesta ja ruosteesta puhdistetulle pinnalle, aiemmin maalatuista pinnoista on my\u00f6s poistettava irronnut maali ja kiilt\u00e4v\u00e4 maalipinta tulee himment\u00e4\u00e4.<br \/>\nValikoimassamme ovat seuraavat kiilt\u00e4v\u00e4pintaiset v\u00e4ris\u00e4vyt, joita voi sekoittaa kesken\u00e4\u00e4n: punaruskea, tummanruskea, musta, vihre\u00e4, tummanvihre\u00e4, harmaa.<\/p>\n<\/div><\/section><\/div>\n<style type=\"text\/css\" data-created_by=\"avia_inline_auto\" id=\"style-css-av-av_one_third-531d5d4d3d3a74d4c56d8363993d8877\">\n.flex_column.av-av_one_third-531d5d4d3d3a74d4c56d8363993d8877{\nborder-radius:0px 0px 0px 0px;\npadding:0px 0px 0px 0px;\n}\n<\/style>\n<div  class='flex_column av-av_one_third-531d5d4d3d3a74d4c56d8363993d8877 av_one_third  avia-builder-el-11  el_after_av_one_third  avia-builder-el-last  flex_column_div av-zero-column-padding  '     ><\/div>\n\n<\/div><\/div><\/div><!-- close content main div --><\/div><\/div><div id='av_section_3'  class='avia-section av-av_section-1c6c2555841528b1825f9cc1964bd443 main_color avia-section-large avia-no-border-styling  avia-builder-el-13  el_after_av_section  el_before_av_section  avia-bg-style-scroll container_wrap sidebar_right'  ><div class='container av-section-cont-open' ><div class='template-page content  av-content-small alpha units'><div class='post-entry post-entry-type-page post-entry-5261'><div class='entry-content-wrapper clearfix'>\n\n<style type=\"text\/css\" data-created_by=\"avia_inline_auto\" id=\"style-css-av-av_one_third-f120a6c09a7c4f1b25340ac16a8e63e8\">\n.flex_column.av-av_one_third-f120a6c09a7c4f1b25340ac16a8e63e8{\nborder-radius:0px 0px 0px 0px;\npadding:0px 0px 0px 0px;\n}\n<\/style>\n<div  class='flex_column av-av_one_third-f120a6c09a7c4f1b25340ac16a8e63e8 av_one_third  avia-builder-el-14  el_before_av_two_third  avia-builder-el-first  first flex_column_div av-hide-on-mobile av-zero-column-padding  '     ><\/div>\n<style type=\"text\/css\" data-created_by=\"avia_inline_auto\" id=\"style-css-av-av_two_third-0aa7055fe62c3622faec82866afbaeb2\">\n.flex_column.av-av_two_third-0aa7055fe62c3622faec82866afbaeb2{\nborder-radius:0px 0px 0px 0px;\npadding:0px 0px 0px 0px;\n}\n<\/style>\n<div  class='flex_column av-av_two_third-0aa7055fe62c3622faec82866afbaeb2 av_two_third  avia-builder-el-15  el_after_av_one_third  avia-builder-el-last  flex_column_div av-zero-column-padding  '     ><p>\n<style type=\"text\/css\" data-created_by=\"avia_inline_auto\" id=\"style-css-av-av_heading-855782dbdcca877671a4da30f292d1ca\">\n#top .av-special-heading.av-av_heading-855782dbdcca877671a4da30f292d1ca{\npadding-bottom:0;\n}\nbody .av-special-heading.av-av_heading-855782dbdcca877671a4da30f292d1ca .av-special-heading-tag .heading-char{\nfont-size:25px;\n}\n.av-special-heading.av-av_heading-855782dbdcca877671a4da30f292d1ca .av-subheading{\nfont-size:12px;\n}\n<\/style>\n<div  class='av-special-heading av-av_heading-855782dbdcca877671a4da30f292d1ca av-special-heading-h2 blockquote modern-quote  avia-builder-el-16  el_before_av_textblock  avia-builder-el-first '><div class='av-subheading av-subheading_above'><p>projektimyynti<\/p>\n<\/div><h2 class='av-special-heading-tag '  itemprop=\"headline\"  >SUUNNITTELETKO SUUREMPAA REMONTTI- TAI RAKENNUSPROJEKTIA?<\/h2><div class=\"special-heading-border\"><div class=\"special-heading-inner-border\"><\/div><\/div><\/div><br \/>\n<section  class='av_textblock_section av-av_textblock-0366cc7376be6c9e82a3e9cc8987b64f '   itemscope=\"itemscope\" itemtype=\"https:\/\/schema.org\/CreativeWork\" ><div class='avia_textblock'  itemprop=\"text\" ><dl>\n<dt><span lang=\"fi-FI\">Kysy myyntiedustajaltamme tarjousta kaikille tuotteille kerralla, jolloin s\u00e4\u00e4st\u00e4t tuotteiden hinnan ja toimituskustannusten lis\u00e4ksi my\u00f6s aikaa. Yhteystiedot +372 58 50 6969, sales@kemetrv.ee<\/span><\/dt>\n<dt><\/dt>\n<\/dl>\n<\/div><\/section><br \/>\n<div  class='avia-button-wrap av-jxelewvq-719a85f78faa5775243b2d0acb277a6e-wrap avia-button-left  avia-builder-el-18  el_after_av_textblock  avia-builder-el-last '><a href='https:\/\/kemetrv.ee\/fi\/yhteystiedot\/'  class='avia-button av-jxelewvq-719a85f78faa5775243b2d0acb277a6e av-link-btn avia-icon_select-no avia-size-medium avia-position-left avia-color-theme-color'   aria-label=\"Kysy tarjousta!\"><span class='avia_iconbox_title' >Kysy tarjousta!<\/span><\/a><\/div><\/p><\/div><\/div><\/div><\/div><!-- close content main div --><\/div><\/div>\n<style type=\"text\/css\" data-created_by=\"avia_inline_auto\" id=\"style-css-av-av_section-a6bbdce9293d1ac6e9a04657bb57962e\">\n.avia-section.av-av_section-a6bbdce9293d1ac6e9a04657bb57962e{\nbackground-color:#f9f9f9;\nbackground-image:unset;\n}\n<\/style>\n<div id='product-category'  class='avia-section av-av_section-a6bbdce9293d1ac6e9a04657bb57962e main_color avia-section-small avia-no-border-styling  avia-builder-el-19  el_after_av_section  avia-builder-el-last  avia-bg-style-scroll container_wrap sidebar_right'  ><div class='container av-section-cont-open' ><div class='template-page content  av-content-small alpha units'><div class='post-entry post-entry-type-page post-entry-5261'><div class='entry-content-wrapper clearfix'>\n\n<style type=\"text\/css\" data-created_by=\"avia_inline_auto\" id=\"style-css-av-av_one_fifth-10b875b05bc6c6b6f370405ac41b515c\">\n.flex_column.av-av_one_fifth-10b875b05bc6c6b6f370405ac41b515c{\nborder-radius:0px 0px 0px 0px;\npadding:20px 20px 20px 20px;\nbackground-color:#ffffff;\n}\n<\/style>\n<div  class='flex_column av-av_one_fifth-10b875b05bc6c6b6f370405ac41b515c av_one_fifth  avia-builder-el-20  el_before_av_one_fifth  avia-builder-el-first  first flex_column_div  '     ><p>\n<style type=\"text\/css\" data-created_by=\"avia_inline_auto\" id=\"style-css-av-av_image-05e363977da2ac97d9eebb87cf1d0ff8\">\n.avia-image-container.av-av_image-05e363977da2ac97d9eebb87cf1d0ff8 img.avia_image{\nbox-shadow:none;\n}\n.avia-image-container.av-av_image-05e363977da2ac97d9eebb87cf1d0ff8 .av-image-caption-overlay-center{\ncolor:#ffffff;\n}\n<\/style>\n<div  class='avia-image-container av-av_image-05e363977da2ac97d9eebb87cf1d0ff8 av-styling-no-styling av-img-linked avia-align-center  avia-builder-el-21  el_before_av_heading  avia-builder-el-first '   itemprop=\"image\" itemscope=\"itemscope\" itemtype=\"https:\/\/schema.org\/ImageObject\" ><div class=\"avia-image-container-inner\"><div class=\"avia-image-overlay-wrap\"><a href=\"https:\/\/kemetrv.ee\/varvid\/rootsi-muldvarv-maalri\/\" class='avia_image '  ><img fetchpriority=\"high\" class='wp-image-3751 avia-img-lazy-loading-not-3751 avia_image ' src='https:\/\/kemetrv.ee\/wp-content\/uploads\/category-varvid-rootsi-muldvarv-maalri-3kg.png' alt='' title=''  height=\"400\" width=\"300\"  itemprop=\"thumbnailUrl\"  \/><\/a><\/div><\/div><\/div><br \/>\n\n<style type=\"text\/css\" data-created_by=\"avia_inline_auto\" id=\"style-css-av-av_heading-8bd9e345d1c349e8f98c61a6e582eb17\">\n#top .av-special-heading.av-av_heading-8bd9e345d1c349e8f98c61a6e582eb17{\npadding-bottom:0;\n}\nbody .av-special-heading.av-av_heading-8bd9e345d1c349e8f98c61a6e582eb17 .av-special-heading-tag .heading-char{\nfont-size:25px;\n}\n.av-special-heading.av-av_heading-8bd9e345d1c349e8f98c61a6e582eb17 .av-subheading{\nfont-size:12px;\n}\n<\/style>\n<div  class='av-special-heading av-av_heading-8bd9e345d1c349e8f98c61a6e582eb17 av-special-heading-h2 blockquote modern-quote  avia-builder-el-22  el_after_av_image  avia-builder-el-last '><div class='av-subheading av-subheading_above'><p>sahattuihin puupintoihin<\/p>\n<\/div><h2 class='av-special-heading-tag '  itemprop=\"headline\"  >Multamaali MAALRI (<span class='special_amp'>&#8221;<\/span>Maalarin<span class='special_amp'>&#8221;<\/span>)<\/h2><div class=\"special-heading-border\"><div class=\"special-heading-inner-border\"><\/div><\/div><\/div><\/p><\/div>\n<style type=\"text\/css\" data-created_by=\"avia_inline_auto\" id=\"style-css-av-av_one_fifth-7db28fda6876469a0184c19f89de3fb8\">\n.flex_column.av-av_one_fifth-7db28fda6876469a0184c19f89de3fb8{\nborder-radius:0px 0px 0px 0px;\npadding:20px 20px 20px 20px;\nbackground-color:#ffffff;\n}\n<\/style>\n<div  class='flex_column av-av_one_fifth-7db28fda6876469a0184c19f89de3fb8 av_one_fifth  avia-builder-el-23  el_after_av_one_fifth  el_before_av_one_fifth  flex_column_div  '     ><p>\n<style type=\"text\/css\" data-created_by=\"avia_inline_auto\" id=\"style-css-av-av_image-11dbd6405d66699411fc6ef53b43f0da\">\n.avia-image-container.av-av_image-11dbd6405d66699411fc6ef53b43f0da img.avia_image{\nbox-shadow:none;\n}\n.avia-image-container.av-av_image-11dbd6405d66699411fc6ef53b43f0da .av-image-caption-overlay-center{\ncolor:#ffffff;\n}\n<\/style>\n<div  class='avia-image-container av-av_image-11dbd6405d66699411fc6ef53b43f0da av-styling-no-styling av-img-linked avia-align-center  avia-builder-el-24  el_before_av_heading  avia-builder-el-first '   itemprop=\"image\" itemscope=\"itemscope\" itemtype=\"https:\/\/schema.org\/ImageObject\" ><div class=\"avia-image-container-inner\"><div class=\"avia-image-overlay-wrap\"><a href=\"https:\/\/kemetrv.ee\/puidukaitsevahendid\/linaoli\/\" class='avia_image '  ><img fetchpriority=\"high\" class='wp-image-3731 avia-img-lazy-loading-not-3731 avia_image ' src='https:\/\/kemetrv.ee\/wp-content\/uploads\/category-puidukaitsevahendid-linaoli.png' alt='' title=''  height=\"400\" width=\"300\"  itemprop=\"thumbnailUrl\"  \/><\/a><\/div><\/div><\/div><br \/>\n\n<style type=\"text\/css\" data-created_by=\"avia_inline_auto\" id=\"style-css-av-av_heading-94b211e83678ea3d03b55db061ea3dfb\">\n#top .av-special-heading.av-av_heading-94b211e83678ea3d03b55db061ea3dfb{\npadding-bottom:0;\n}\nbody .av-special-heading.av-av_heading-94b211e83678ea3d03b55db061ea3dfb .av-special-heading-tag .heading-char{\nfont-size:25px;\n}\n.av-special-heading.av-av_heading-94b211e83678ea3d03b55db061ea3dfb .av-subheading{\nfont-size:12px;\n}\n<\/style>\n<div  class='av-special-heading av-av_heading-94b211e83678ea3d03b55db061ea3dfb av-special-heading-h2 blockquote modern-quote  avia-builder-el-25  el_after_av_image  avia-builder-el-last '><div class='av-subheading av-subheading_above'><p>puupintojen kyll\u00e4st\u00e4miseen sis\u00e4t\u00f6iss\u00e4<\/p>\n<\/div><h2 class='av-special-heading-tag '  itemprop=\"headline\"  >Pellava\u00f6ljy<\/h2><div class=\"special-heading-border\"><div class=\"special-heading-inner-border\"><\/div><\/div><\/div><\/p><\/div>\n<style type=\"text\/css\" data-created_by=\"avia_inline_auto\" id=\"style-css-av-av_one_fifth-e144647ee0066c28e55520ff792478f5\">\n.flex_column.av-av_one_fifth-e144647ee0066c28e55520ff792478f5{\nborder-radius:0px 0px 0px 0px;\npadding:20px 20px 20px 20px;\nbackground-color:#ffffff;\n}\n<\/style>\n<div  class='flex_column av-av_one_fifth-e144647ee0066c28e55520ff792478f5 av_one_fifth  avia-builder-el-26  el_after_av_one_fifth  el_before_av_one_fifth  flex_column_div  '     ><p>\n<style type=\"text\/css\" data-created_by=\"avia_inline_auto\" id=\"style-css-av-av_image-91e655340baef008c9e09ec116882bf3\">\n.avia-image-container.av-av_image-91e655340baef008c9e09ec116882bf3 img.avia_image{\nbox-shadow:none;\n}\n.avia-image-container.av-av_image-91e655340baef008c9e09ec116882bf3 .av-image-caption-overlay-center{\ncolor:#ffffff;\n}\n<\/style>\n<div  class='avia-image-container av-av_image-91e655340baef008c9e09ec116882bf3 av-styling-no-styling av-img-linked avia-align-center  avia-builder-el-27  el_before_av_heading  avia-builder-el-first '   itemprop=\"image\" itemscope=\"itemscope\" itemtype=\"https:\/\/schema.org\/ImageObject\" ><div class=\"avia-image-container-inner\"><div class=\"avia-image-overlay-wrap\"><a href=\"https:\/\/kemetrv.ee\/varvid\/linaolivarv-palett\/\" class='avia_image '  ><img fetchpriority=\"high\" class='wp-image-3746 avia-img-lazy-loading-not-3746 avia_image ' src='https:\/\/kemetrv.ee\/wp-content\/uploads\/category-varvid-linaolivarv-palett-1l.png' alt='' title=''  height=\"400\" width=\"300\"  itemprop=\"thumbnailUrl\"  \/><\/a><\/div><\/div><\/div><br \/>\n\n<style type=\"text\/css\" data-created_by=\"avia_inline_auto\" id=\"style-css-av-av_heading-02f8d4de8120f8bf8d84179a4959408f\">\n#top .av-special-heading.av-av_heading-02f8d4de8120f8bf8d84179a4959408f{\npadding-bottom:0;\n}\nbody .av-special-heading.av-av_heading-02f8d4de8120f8bf8d84179a4959408f .av-special-heading-tag .heading-char{\nfont-size:25px;\n}\n.av-special-heading.av-av_heading-02f8d4de8120f8bf8d84179a4959408f .av-subheading{\nfont-size:12px;\n}\n<\/style>\n<div  class='av-special-heading av-av_heading-02f8d4de8120f8bf8d84179a4959408f av-special-heading-h2 blockquote modern-quote  avia-builder-el-28  el_after_av_image  avia-builder-el-last '><div class='av-subheading av-subheading_above'><p>puupinnoille<\/p>\n<\/div><h2 class='av-special-heading-tag '  itemprop=\"headline\"  >Pellava\u00f6ljymaali <span class='special_amp'>&#8221;<\/span>PALETTI<span class='special_amp'>&#8221;<\/span><\/h2><div class=\"special-heading-border\"><div class=\"special-heading-inner-border\"><\/div><\/div><\/div><\/p><\/div>\n<style type=\"text\/css\" data-created_by=\"avia_inline_auto\" id=\"style-css-av-av_one_fifth-7db28fda6876469a0184c19f89de3fb8\">\n.flex_column.av-av_one_fifth-7db28fda6876469a0184c19f89de3fb8{\nborder-radius:0px 0px 0px 0px;\npadding:20px 20px 20px 20px;\nbackground-color:#ffffff;\n}\n<\/style>\n<div  class='flex_column av-av_one_fifth-7db28fda6876469a0184c19f89de3fb8 av_one_fifth  avia-builder-el-29  el_after_av_one_fifth  el_before_av_one_fifth  flex_column_div  '     ><p>\n<style type=\"text\/css\" data-created_by=\"avia_inline_auto\" id=\"style-css-av-av_image-4d89104e8e1cae6b508e9ba59e340c39\">\n.avia-image-container.av-av_image-4d89104e8e1cae6b508e9ba59e340c39 img.avia_image{\nbox-shadow:none;\n}\n.avia-image-container.av-av_image-4d89104e8e1cae6b508e9ba59e340c39 .av-image-caption-overlay-center{\ncolor:#ffffff;\n}\n<\/style>\n<div  class='avia-image-container av-av_image-4d89104e8e1cae6b508e9ba59e340c39 av-styling-no-styling av-img-linked avia-align-center  avia-builder-el-30  el_before_av_heading  avia-builder-el-first '   itemprop=\"image\" itemscope=\"itemscope\" itemtype=\"https:\/\/schema.org\/ImageObject\" ><div class=\"avia-image-container-inner\"><div class=\"avia-image-overlay-wrap\"><a href=\"https:\/\/kemetrv.ee\/varvid\/alkuudvarv-spekter\/\" class='avia_image '  ><img fetchpriority=\"high\" class='wp-image-6641 avia-img-lazy-loading-not-6641 avia_image ' src='https:\/\/kemetrv.ee\/wp-content\/uploads\/category-varvid-alkuudvarv-spekter-1l.png' alt='' title=''  height=\"400\" width=\"300\"  itemprop=\"thumbnailUrl\"  \/><\/a><\/div><\/div><\/div><br \/>\n\n<style type=\"text\/css\" data-created_by=\"avia_inline_auto\" id=\"style-css-av-av_heading-14f22abd09118937de7789eef6c728c9\">\n#top .av-special-heading.av-av_heading-14f22abd09118937de7789eef6c728c9{\npadding-bottom:0;\n}\nbody .av-special-heading.av-av_heading-14f22abd09118937de7789eef6c728c9 .av-special-heading-tag .heading-char{\nfont-size:25px;\n}\n.av-special-heading.av-av_heading-14f22abd09118937de7789eef6c728c9 .av-subheading{\nfont-size:12px;\n}\n<\/style>\n<div  class='av-special-heading av-av_heading-14f22abd09118937de7789eef6c728c9 av-special-heading-h2 blockquote modern-quote  avia-builder-el-31  el_after_av_image  avia-builder-el-last '><div class='av-subheading av-subheading_above'><p>yleismaali<\/p>\n<\/div><h2 class='av-special-heading-tag '  itemprop=\"headline\"  >Alkydimaali SPEKTER<\/h2><div class=\"special-heading-border\"><div class=\"special-heading-inner-border\"><\/div><\/div><\/div><\/p><\/div>\n<style type=\"text\/css\" data-created_by=\"avia_inline_auto\" id=\"style-css-av-av_one_fifth-e144647ee0066c28e55520ff792478f5\">\n.flex_column.av-av_one_fifth-e144647ee0066c28e55520ff792478f5{\nborder-radius:0px 0px 0px 0px;\npadding:20px 20px 20px 20px;\nbackground-color:#ffffff;\n}\n<\/style>\n<div  class='flex_column av-av_one_fifth-e144647ee0066c28e55520ff792478f5 av_one_fifth  avia-builder-el-32  el_after_av_one_fifth  avia-builder-el-last  flex_column_div  '     ><p>\n<style type=\"text\/css\" data-created_by=\"avia_inline_auto\" id=\"style-css-av-av_image-33b9f31c473943eb5195b6b0c4692ada\">\n.avia-image-container.av-av_image-33b9f31c473943eb5195b6b0c4692ada img.avia_image{\nbox-shadow:none;\n}\n.avia-image-container.av-av_image-33b9f31c473943eb5195b6b0c4692ada .av-image-caption-overlay-center{\ncolor:#ffffff;\n}\n<\/style>\n<div  class='avia-image-container av-av_image-33b9f31c473943eb5195b6b0c4692ada av-styling-no-styling av-img-linked avia-align-center  avia-builder-el-33  el_before_av_heading  avia-builder-el-first '   itemprop=\"image\" itemscope=\"itemscope\" itemtype=\"https:\/\/schema.org\/ImageObject\" ><div class=\"avia-image-container-inner\"><div class=\"avia-image-overlay-wrap\"><a href=\"https:\/\/kemetrv.ee\/puidukaitsevahendid\/mannitorv\/\" class='avia_image '  ><img fetchpriority=\"high\" class='wp-image-3733 avia-img-lazy-loading-not-3733 avia_image ' src='https:\/\/kemetrv.ee\/wp-content\/uploads\/category-puidukaitsevahendid-mannitorv.png' alt='' title=''  height=\"400\" width=\"300\"  itemprop=\"thumbnailUrl\"  \/><\/a><\/div><\/div><\/div><br \/>\n\n<style type=\"text\/css\" data-created_by=\"avia_inline_auto\" id=\"style-css-av-av_heading-d98b45c8f84a535f67c7c08730af454d\">\n#top .av-special-heading.av-av_heading-d98b45c8f84a535f67c7c08730af454d{\npadding-bottom:0;\n}\nbody .av-special-heading.av-av_heading-d98b45c8f84a535f67c7c08730af454d .av-special-heading-tag .heading-char{\nfont-size:25px;\n}\n.av-special-heading.av-av_heading-d98b45c8f84a535f67c7c08730af454d .av-subheading{\nfont-size:12px;\n}\n<\/style>\n<div  class='av-special-heading av-av_heading-d98b45c8f84a535f67c7c08730af454d av-special-heading-h2 blockquote modern-quote  avia-builder-el-34  el_after_av_image  avia-builder-el-last '><div class='av-subheading av-subheading_above'><p>luonnollinen puunsuoja-aine<\/p>\n<\/div><h2 class='av-special-heading-tag '  itemprop=\"headline\"  >M\u00e4ntyterva<\/h2><div class=\"special-heading-border\"><div class=\"special-heading-inner-border\"><\/div><\/div><\/div><\/p><\/div>\n<\/div><\/div><\/div><!-- close content main div --><\/div><\/div><div id='after_section_4'  class='main_color av_default_container_wrap container_wrap sidebar_right'  ><div class='container av-section-cont-open' ><div class='template-page content  av-content-small alpha units'><div class='post-entry post-entry-type-page post-entry-5261'><div class='entry-content-wrapper clearfix'><\/p>\n","protected":false},"excerpt":{"rendered":"","protected":false},"author":5,"featured_media":0,"parent":5244,"menu_order":2,"comment_status":"closed","ping_status":"closed","template":"","meta":{"_acf_changed":false,"footnotes":""},"class_list":["post-5261","page","type-page","status-publish","hentry"],"acf":[],"_links":{"self":[{"href":"https:\/\/kemetrv.ee\/fi\/wp-json\/wp\/v2\/pages\/5261","targetHints":{"allow":["GET"]}}],"collection":[{"href":"https:\/\/kemetrv.ee\/fi\/wp-json\/wp\/v2\/pages"}],"about":[{"href":"https:\/\/kemetrv.ee\/fi\/wp-json\/wp\/v2\/types\/page"}],"author":[{"embeddable":true,"href":"https:\/\/kemetrv.ee\/fi\/wp-json\/wp\/v2\/users\/5"}],"replies":[{"embeddable":true,"href":"https:\/\/kemetrv.ee\/fi\/wp-json\/wp\/v2\/comments?post=5261"}],"version-history":[{"count":0,"href":"https:\/\/kemetrv.ee\/fi\/wp-json\/wp\/v2\/pages\/5261\/revisions"}],"up":[{"embeddable":true,"href":"https:\/\/kemetrv.ee\/fi\/wp-json\/wp\/v2\/pages\/5244"}],"wp:attachment":[{"href":"https:\/\/kemetrv.ee\/fi\/wp-json\/wp\/v2\/media?parent=5261"}],"curies":[{"name":"wp","href":"https:\/\/api.w.org\/{rel}","templated":true}]}}