{"id":5280,"date":"2019-06-12T10:11:06","date_gmt":"2019-06-12T07:11:06","guid":{"rendered":"https:\/\/kemetrv.ee\/?page_id=5280"},"modified":"2019-06-27T14:39:53","modified_gmt":"2019-06-27T11:39:53","slug":"katto-ja-seinamaali-kateks-4","status":"publish","type":"page","link":"https:\/\/kemetrv.ee\/fi\/maalit\/katto-ja-seinamaali-kateks-4\/","title":{"rendered":"Katto-ja sein\u00e4maali KATEKS 4"},"content":{"rendered":"\n<style type=\"text\/css\" data-created_by=\"avia_inline_auto\" id=\"style-css-av-av_section-1117b79be4c82b52ea9bb0c43ea00494\">\n.avia-section.av-av_section-1117b79be4c82b52ea9bb0c43ea00494{\nbackground-color:#f9f9f9;\nbackground-image:unset;\n}\n<\/style>\n<div id='av_section_1'  class='avia-section av-av_section-1117b79be4c82b52ea9bb0c43ea00494 main_color avia-section-default avia-no-border-styling  avia-builder-el-0  el_before_av_section  avia-builder-el-first  avia-bg-style-scroll av-minimum-height av-minimum-height-75 av-height-75  container_wrap sidebar_right'   data-av_minimum_height_pc='75' data-av_min_height_opt='75'><div class='container av-section-cont-open' ><main  role=\"main\" itemprop=\"mainContentOfPage\"  class='template-page content  av-content-small alpha units'><div class='post-entry post-entry-type-page post-entry-5280'><div class='entry-content-wrapper clearfix'>\n\n<style type=\"text\/css\" data-created_by=\"avia_inline_auto\" id=\"style-css-av-av_one_third-f120a6c09a7c4f1b25340ac16a8e63e8\">\n.flex_column.av-av_one_third-f120a6c09a7c4f1b25340ac16a8e63e8{\nborder-radius:0px 0px 0px 0px;\npadding:0px 0px 0px 0px;\n}\n<\/style>\n<div  class='flex_column av-av_one_third-f120a6c09a7c4f1b25340ac16a8e63e8 av_one_third  avia-builder-el-1  el_before_av_two_fifth  avia-builder-el-first  first flex_column_div av-hide-on-mobile av-zero-column-padding  '     ><\/div>\n<style type=\"text\/css\" data-created_by=\"avia_inline_auto\" id=\"style-css-av-av_two_fifth-531d5d4d3d3a74d4c56d8363993d8877\">\n.flex_column.av-av_two_fifth-531d5d4d3d3a74d4c56d8363993d8877{\nborder-radius:0px 0px 0px 0px;\npadding:0px 0px 0px 0px;\n}\n<\/style>\n<div  class='flex_column av-av_two_fifth-531d5d4d3d3a74d4c56d8363993d8877 av_two_fifth  avia-builder-el-2  el_after_av_one_third  avia-builder-el-last  flex_column_div av-zero-column-padding  '     ><p>\n<style type=\"text\/css\" data-created_by=\"avia_inline_auto\" id=\"style-css-av-av_image-547fc45dcaab3810683b26e9cf462fb1\">\n.avia-image-container.av-av_image-547fc45dcaab3810683b26e9cf462fb1 img.avia_image{\nbox-shadow:none;\n}\n.avia-image-container.av-av_image-547fc45dcaab3810683b26e9cf462fb1 .av-image-caption-overlay-center{\ncolor:#ffffff;\n}\n<\/style>\n<div  class='avia-image-container av-av_image-547fc45dcaab3810683b26e9cf462fb1 av-styling- avia-align-center  avia-builder-el-3  el_before_av_heading  avia-builder-el-first '   itemprop=\"image\" itemscope=\"itemscope\" itemtype=\"https:\/\/schema.org\/ImageObject\" ><div class=\"avia-image-container-inner\"><div class=\"avia-image-overlay-wrap\"><img fetchpriority=\"high\" class='wp-image-3279 avia-img-lazy-loading-not-3279 avia_image ' src='https:\/\/kemetrv.ee\/wp-content\/uploads\/kemet-rv-varvid-vesiemulsioonvarv-kateks-3l.png' alt='Vesiemulsioonv\u00e4rv KATEKS 4' title='Vesiemulsioonv\u00e4rv KATEKS 4'  height=\"600\" width=\"800\"  itemprop=\"thumbnailUrl\"  \/><\/div><\/div><\/div><br \/>\n\n<style type=\"text\/css\" data-created_by=\"avia_inline_auto\" id=\"style-css-av-av_heading-1274a7ec37e508096ad85db65e807e8b\">\n#top .av-special-heading.av-av_heading-1274a7ec37e508096ad85db65e807e8b{\npadding-bottom:5px;\ncolor:#0039a6;\n}\nbody .av-special-heading.av-av_heading-1274a7ec37e508096ad85db65e807e8b .av-special-heading-tag .heading-char{\nfont-size:25px;\n}\n.av-special-heading.av-av_heading-1274a7ec37e508096ad85db65e807e8b .special-heading-inner-border{\nborder-color:#0039a6;\n}\n.av-special-heading.av-av_heading-1274a7ec37e508096ad85db65e807e8b .av-subheading{\nfont-size:12px;\n}\n<\/style>\n<div  class='av-special-heading av-av_heading-1274a7ec37e508096ad85db65e807e8b av-special-heading-h1 custom-color-heading blockquote modern-quote modern-centered  avia-builder-el-4  el_after_av_image  avia-builder-el-last '><div class='av_custom_color av-subheading av-subheading_above'><p>Katto-ja sein\u00e4maali<\/p>\n<\/div><h1 class='av-special-heading-tag '  itemprop=\"headline\"  >Katto-ja sein\u00e4maali KATEKS 4<\/h1><div class=\"special-heading-border\"><div class=\"special-heading-inner-border\"><\/div><\/div><\/div><\/p><\/div>\n\n<\/div><\/div><\/main><!-- close content main element --><\/div><\/div><div id='av_section_2'  class='avia-section av-av_section-3c1fdba40d338b16ca77c196ccce61e6 main_color avia-section-default avia-no-border-styling  avia-builder-el-5  el_after_av_section  el_before_av_section  avia-bg-style-scroll container_wrap sidebar_right'  ><div class='container av-section-cont-open' ><div class='template-page content  av-content-small alpha units'><div class='post-entry post-entry-type-page post-entry-5280'><div class='entry-content-wrapper clearfix'>\n\n<style type=\"text\/css\" data-created_by=\"avia_inline_auto\" id=\"style-css-av-av_one_third-f120a6c09a7c4f1b25340ac16a8e63e8\">\n.flex_column.av-av_one_third-f120a6c09a7c4f1b25340ac16a8e63e8{\nborder-radius:0px 0px 0px 0px;\npadding:0px 0px 0px 0px;\n}\n<\/style>\n<div  class='flex_column av-av_one_third-f120a6c09a7c4f1b25340ac16a8e63e8 av_one_third  avia-builder-el-6  el_before_av_one_third  avia-builder-el-first  first flex_column_div av-hide-on-mobile av-zero-column-padding  '     ><\/div>\n<style type=\"text\/css\" data-created_by=\"avia_inline_auto\" id=\"style-css-av-av_one_third-531d5d4d3d3a74d4c56d8363993d8877\">\n.flex_column.av-av_one_third-531d5d4d3d3a74d4c56d8363993d8877{\nborder-radius:0px 0px 0px 0px;\npadding:0px 0px 0px 0px;\n}\n<\/style>\n<div  class='flex_column av-av_one_third-531d5d4d3d3a74d4c56d8363993d8877 av_one_third  avia-builder-el-7  el_after_av_one_third  el_before_av_one_third  flex_column_div av-zero-column-padding  '     ><section  class='av_textblock_section av-av_textblock-0366cc7376be6c9e82a3e9cc8987b64f '   itemscope=\"itemscope\" itemtype=\"https:\/\/schema.org\/CreativeWork\" ><div class='avia_textblock'  itemprop=\"text\" ><ul>\n<li>Vesiohenteinen<\/li>\n<li>Pakkaus: 1L; 3L; 10L<\/li>\n<\/ul>\n<dl>\n<dt><span lang=\"fi-FI\">Kattojen ja seinien maalaukseen tarkoitettu polymeeripohjainen vesipitoinen emulsiomaali Kateks sopii useiden eri materiaalien maalaukseen. Maalia voi levitt\u00e4\u00e4 rapattuihin-, tiili-, betoni-, puu- ja kipsimateriaalipintoihin sek\u00e4 paklattuun tai maalattavalla tapetilla p\u00e4\u00e4llystettyyn pintaan.<br \/>\nMaalattavan pinnan tulee olla kuiva ja puhdistettu rasvasta, p\u00f6lyst\u00e4 sek\u00e4 liasta. Vanha ja irronnut maali on poistettava ja aiemmin alkydi- ja \u00f6ljymaaleilla maalatut pinnat pest\u00e4v\u00e4 esimerkiksi 3\u20135 % soodaliuoksella ja himmennett\u00e4v\u00e4 (hioa hiekkapaperilla).<br \/>\n<\/span><\/dt>\n<dt><\/dt>\n<dt><span lang=\"fi-FI\">V\u00e4ri on himme\u00e4, valkoinen ja s\u00e4vytett\u00e4v\u00e4 (Monicolor, RAL jne.).<\/span><\/dt>\n<\/dl>\n<\/div><\/section><\/div>\n<style type=\"text\/css\" data-created_by=\"avia_inline_auto\" id=\"style-css-av-av_one_third-531d5d4d3d3a74d4c56d8363993d8877\">\n.flex_column.av-av_one_third-531d5d4d3d3a74d4c56d8363993d8877{\nborder-radius:0px 0px 0px 0px;\npadding:0px 0px 0px 0px;\n}\n<\/style>\n<div  class='flex_column av-av_one_third-531d5d4d3d3a74d4c56d8363993d8877 av_one_third  avia-builder-el-9  el_after_av_one_third  avia-builder-el-last  flex_column_div av-zero-column-padding  '     ><p><br \/>\n\n<style type=\"text\/css\" data-created_by=\"avia_inline_auto\" id=\"style-css-av-av_hr-ee2847e2e025ce3d30801259a03f9fd4\">\n#top .hr.hr-invisible.av-av_hr-ee2847e2e025ce3d30801259a03f9fd4{\nheight:10px;\n}\n<\/style>\n<div  class='hr av-av_hr-ee2847e2e025ce3d30801259a03f9fd4 hr-invisible  avia-builder-el-11  el_after_av_codeblock  avia-builder-el-last '><span class='hr-inner '><span class=\"hr-inner-style\"><\/span><\/span><\/div><\/p><\/div>\n\n<\/div><\/div><\/div><!-- close content main div --><\/div><\/div>\n<style type=\"text\/css\" data-created_by=\"avia_inline_auto\" id=\"style-css-av-av_section-0c77eb3d60a3024e471d5a09f8e0d620\">\n.avia-section.av-av_section-0c77eb3d60a3024e471d5a09f8e0d620{\nbackground-color:#f9f9f9;\nbackground-image:unset;\n}\n<\/style>\n<div id='product-category-mini'  class='avia-section av-av_section-0c77eb3d60a3024e471d5a09f8e0d620 main_color avia-section-small avia-no-border-styling  avia-builder-el-12  el_after_av_section  el_before_av_section  avia-bg-style-scroll container_wrap sidebar_right'  ><div class='container av-section-cont-open' ><div class='template-page content  av-content-small alpha units'><div class='post-entry post-entry-type-page post-entry-5280'><div class='entry-content-wrapper clearfix'>\n\n<style type=\"text\/css\" data-created_by=\"avia_inline_auto\" id=\"style-css-av-av_one_fifth-10b875b05bc6c6b6f370405ac41b515c\">\n.flex_column.av-av_one_fifth-10b875b05bc6c6b6f370405ac41b515c{\nborder-radius:0px 0px 0px 0px;\npadding:20px 20px 20px 20px;\nbackground-color:#ffffff;\n}\n<\/style>\n<div  class='flex_column av-av_one_fifth-10b875b05bc6c6b6f370405ac41b515c av_one_fifth  avia-builder-el-13  el_before_av_one_fifth  avia-builder-el-first  first flex_column_div  '     ><p>\n<style type=\"text\/css\" data-created_by=\"avia_inline_auto\" id=\"style-css-av-av_image-05e363977da2ac97d9eebb87cf1d0ff8\">\n.avia-image-container.av-av_image-05e363977da2ac97d9eebb87cf1d0ff8 img.avia_image{\nbox-shadow:none;\n}\n.avia-image-container.av-av_image-05e363977da2ac97d9eebb87cf1d0ff8 .av-image-caption-overlay-center{\ncolor:#ffffff;\n}\n<\/style>\n<div  class='avia-image-container av-av_image-05e363977da2ac97d9eebb87cf1d0ff8 av-styling-no-styling av-img-linked avia-align-center  avia-builder-el-14  el_before_av_heading  avia-builder-el-first '   itemprop=\"image\" itemscope=\"itemscope\" itemtype=\"https:\/\/schema.org\/ImageObject\" ><div class=\"avia-image-container-inner\"><div class=\"avia-image-overlay-wrap\"><a href=\"https:\/\/kemetrv.ee\/varvid\/rootsi-muldvarv-maalri\/\" class='avia_image '  ><img fetchpriority=\"high\" class='wp-image-3751 avia-img-lazy-loading-not-3751 avia_image ' src='https:\/\/kemetrv.ee\/wp-content\/uploads\/category-varvid-rootsi-muldvarv-maalri-3kg.png' alt='' title=''  height=\"400\" width=\"300\"  itemprop=\"thumbnailUrl\"  \/><\/a><\/div><\/div><\/div><br \/>\n\n<style type=\"text\/css\" data-created_by=\"avia_inline_auto\" id=\"style-css-av-av_heading-ac86e5cb84124b5fc5d551a68ed67d89\">\n#top .av-special-heading.av-av_heading-ac86e5cb84124b5fc5d551a68ed67d89{\npadding-bottom:0;\n}\nbody .av-special-heading.av-av_heading-ac86e5cb84124b5fc5d551a68ed67d89 .av-special-heading-tag .heading-char{\nfont-size:25px;\n}\n.av-special-heading.av-av_heading-ac86e5cb84124b5fc5d551a68ed67d89 .av-subheading{\nfont-size:12px;\n}\n<\/style>\n<div  class='av-special-heading av-av_heading-ac86e5cb84124b5fc5d551a68ed67d89 av-special-heading-h2 blockquote modern-quote  avia-builder-el-15  el_after_av_image  avia-builder-el-last '><div class='av-subheading av-subheading_above'><p>sahalautojen ja karkeiden hirsipintojen ulkomaalaukseen<\/p>\n<\/div><h2 class='av-special-heading-tag '  itemprop=\"headline\"  >PUNAMULTAMAALI <span class='special_amp'>&#8221;<\/span>MAALARIN<span class='special_amp'>&#8221;<\/span><\/h2><div class=\"special-heading-border\"><div class=\"special-heading-inner-border\"><\/div><\/div><\/div><\/p><\/div>\n<style type=\"text\/css\" data-created_by=\"avia_inline_auto\" id=\"style-css-av-av_one_fifth-e144647ee0066c28e55520ff792478f5\">\n.flex_column.av-av_one_fifth-e144647ee0066c28e55520ff792478f5{\nborder-radius:0px 0px 0px 0px;\npadding:20px 20px 20px 20px;\nbackground-color:#ffffff;\n}\n<\/style>\n<div  class='flex_column av-av_one_fifth-e144647ee0066c28e55520ff792478f5 av_one_fifth  avia-builder-el-16  el_after_av_one_fifth  el_before_av_one_fifth  flex_column_div  '     ><p>\n<style type=\"text\/css\" data-created_by=\"avia_inline_auto\" id=\"style-css-av-av_image-91e655340baef008c9e09ec116882bf3\">\n.avia-image-container.av-av_image-91e655340baef008c9e09ec116882bf3 img.avia_image{\nbox-shadow:none;\n}\n.avia-image-container.av-av_image-91e655340baef008c9e09ec116882bf3 .av-image-caption-overlay-center{\ncolor:#ffffff;\n}\n<\/style>\n<div  class='avia-image-container av-av_image-91e655340baef008c9e09ec116882bf3 av-styling-no-styling av-img-linked avia-align-center  avia-builder-el-17  el_before_av_heading  avia-builder-el-first '   itemprop=\"image\" itemscope=\"itemscope\" itemtype=\"https:\/\/schema.org\/ImageObject\" ><div class=\"avia-image-container-inner\"><div class=\"avia-image-overlay-wrap\"><a href=\"https:\/\/kemetrv.ee\/varvid\/linaolivarv-palett\/\" class='avia_image '  ><img fetchpriority=\"high\" class='wp-image-3746 avia-img-lazy-loading-not-3746 avia_image ' src='https:\/\/kemetrv.ee\/wp-content\/uploads\/category-varvid-linaolivarv-palett-1l.png' alt='' title=''  height=\"400\" width=\"300\"  itemprop=\"thumbnailUrl\"  \/><\/a><\/div><\/div><\/div><br \/>\n\n<style type=\"text\/css\" data-created_by=\"avia_inline_auto\" id=\"style-css-av-av_heading-02f8d4de8120f8bf8d84179a4959408f\">\n#top .av-special-heading.av-av_heading-02f8d4de8120f8bf8d84179a4959408f{\npadding-bottom:0;\n}\nbody .av-special-heading.av-av_heading-02f8d4de8120f8bf8d84179a4959408f .av-special-heading-tag .heading-char{\nfont-size:25px;\n}\n.av-special-heading.av-av_heading-02f8d4de8120f8bf8d84179a4959408f .av-subheading{\nfont-size:12px;\n}\n<\/style>\n<div  class='av-special-heading av-av_heading-02f8d4de8120f8bf8d84179a4959408f av-special-heading-h2 blockquote modern-quote  avia-builder-el-18  el_after_av_image  avia-builder-el-last '><div class='av-subheading av-subheading_above'><p>puupinnoille<\/p>\n<\/div><h2 class='av-special-heading-tag '  itemprop=\"headline\"  >Pellava\u00f6ljymaali <span class='special_amp'>&#8221;<\/span>PALETTI<span class='special_amp'>&#8221;<\/span><\/h2><div class=\"special-heading-border\"><div class=\"special-heading-inner-border\"><\/div><\/div><\/div><\/p><\/div>\n<style type=\"text\/css\" data-created_by=\"avia_inline_auto\" id=\"style-css-av-av_one_fifth-e144647ee0066c28e55520ff792478f5\">\n.flex_column.av-av_one_fifth-e144647ee0066c28e55520ff792478f5{\nborder-radius:0px 0px 0px 0px;\npadding:20px 20px 20px 20px;\nbackground-color:#ffffff;\n}\n<\/style>\n<div  class='flex_column av-av_one_fifth-e144647ee0066c28e55520ff792478f5 av_one_fifth  avia-builder-el-19  el_after_av_one_fifth  el_before_av_one_fifth  flex_column_div  '     ><p>\n<style type=\"text\/css\" data-created_by=\"avia_inline_auto\" id=\"style-css-av-av_image-fa18576d8ac60a913f350443acdc568c\">\n.avia-image-container.av-av_image-fa18576d8ac60a913f350443acdc568c img.avia_image{\nbox-shadow:none;\n}\n.avia-image-container.av-av_image-fa18576d8ac60a913f350443acdc568c .av-image-caption-overlay-center{\ncolor:#ffffff;\n}\n<\/style>\n<div  class='avia-image-container av-av_image-fa18576d8ac60a913f350443acdc568c av-styling-no-styling av-img-linked avia-align-center  avia-builder-el-20  el_before_av_heading  avia-builder-el-first '   itemprop=\"image\" itemscope=\"itemscope\" itemtype=\"https:\/\/schema.org\/ImageObject\" ><div class=\"avia-image-container-inner\"><div class=\"avia-image-overlay-wrap\"><img fetchpriority=\"high\" class='wp-image-3747 avia-img-lazy-loading-not-3747 avia_image ' src='https:\/\/kemetrv.ee\/wp-content\/uploads\/category-varvid-metallikrunt-kemekor-1l.png' alt='' title=''  height=\"400\" width=\"300\"  itemprop=\"thumbnailUrl\"  \/><\/div><\/div><\/div><br \/>\n\n<style type=\"text\/css\" data-created_by=\"avia_inline_auto\" id=\"style-css-av-av_heading-ba6feb76b19bf1ec18d8d384f278197a\">\n#top .av-special-heading.av-av_heading-ba6feb76b19bf1ec18d8d384f278197a{\npadding-bottom:0;\n}\nbody .av-special-heading.av-av_heading-ba6feb76b19bf1ec18d8d384f278197a .av-special-heading-tag .heading-char{\nfont-size:25px;\n}\n.av-special-heading.av-av_heading-ba6feb76b19bf1ec18d8d384f278197a .av-subheading{\nfont-size:12px;\n}\n<\/style>\n<div  class='av-special-heading av-av_heading-ba6feb76b19bf1ec18d8d384f278197a av-special-heading-h2 blockquote modern-quote  avia-builder-el-21  el_after_av_image  avia-builder-el-last '><div class='av-subheading av-subheading_above'><p>nopeasti kuivuva ruosteenestopohja ter\u00e4spinnoille<\/p>\n<\/div><h2 class='av-special-heading-tag '  itemprop=\"headline\"  >Metallin pohjamaali KEMEKOR<\/h2><div class=\"special-heading-border\"><div class=\"special-heading-inner-border\"><\/div><\/div><\/div><\/p><\/div>\n<style type=\"text\/css\" data-created_by=\"avia_inline_auto\" id=\"style-css-av-av_one_fifth-e144647ee0066c28e55520ff792478f5\">\n.flex_column.av-av_one_fifth-e144647ee0066c28e55520ff792478f5{\nborder-radius:0px 0px 0px 0px;\npadding:20px 20px 20px 20px;\nbackground-color:#ffffff;\n}\n<\/style>\n<div  class='flex_column av-av_one_fifth-e144647ee0066c28e55520ff792478f5 av_one_fifth  avia-builder-el-22  el_after_av_one_fifth  el_before_av_one_fifth  flex_column_div  '     ><p>\n<style type=\"text\/css\" data-created_by=\"avia_inline_auto\" id=\"style-css-av-av_image-e50e356348cb77b7c127e39d85bb3d30\">\n.avia-image-container.av-av_image-e50e356348cb77b7c127e39d85bb3d30 img.avia_image{\nbox-shadow:none;\n}\n.avia-image-container.av-av_image-e50e356348cb77b7c127e39d85bb3d30 .av-image-caption-overlay-center{\ncolor:#ffffff;\n}\n<\/style>\n<div  class='avia-image-container av-av_image-e50e356348cb77b7c127e39d85bb3d30 av-styling-no-styling av-img-linked avia-align-center  avia-builder-el-23  el_before_av_heading  avia-builder-el-first '   itemprop=\"image\" itemscope=\"itemscope\" itemtype=\"https:\/\/schema.org\/ImageObject\" ><div class=\"avia-image-container-inner\"><div class=\"avia-image-overlay-wrap\"><a href=\"https:\/\/kemetrv.ee\/varvid\/katusevarv-alkor\/\" class='avia_image '  aria-label='Katusev\u00e4rv ALKOR'><img fetchpriority=\"high\" class='wp-image-6550 avia-img-lazy-loading-not-6550 avia_image ' src='https:\/\/kemetrv.ee\/wp-content\/uploads\/category-varvid-katusevarv-alkor-3l.png' alt='' title='Katusev\u00e4rv ALKOR'  height=\"400\" width=\"300\"  itemprop=\"thumbnailUrl\"  \/><\/a><\/div><\/div><\/div><br \/>\n\n<style type=\"text\/css\" data-created_by=\"avia_inline_auto\" id=\"style-css-av-av_heading-7a5f041708e29c966397ad154cd41404\">\n#top .av-special-heading.av-av_heading-7a5f041708e29c966397ad154cd41404{\npadding-bottom:0;\n}\nbody .av-special-heading.av-av_heading-7a5f041708e29c966397ad154cd41404 .av-special-heading-tag .heading-char{\nfont-size:25px;\n}\n.av-special-heading.av-av_heading-7a5f041708e29c966397ad154cd41404 .av-subheading{\nfont-size:12px;\n}\n<\/style>\n<div  class='av-special-heading av-av_heading-7a5f041708e29c966397ad154cd41404 av-special-heading-h2 blockquote modern-quote  avia-builder-el-24  el_after_av_image  avia-builder-el-last '><div class='av-subheading av-subheading_above'><p>kattotiilille (vanha eterniitti)<\/p>\n<\/div><h2 class='av-special-heading-tag '  itemprop=\"headline\"  >Kattomaali ALKOR<\/h2><div class=\"special-heading-border\"><div class=\"special-heading-inner-border\"><\/div><\/div><\/div><\/p><\/div>\n<style type=\"text\/css\" data-created_by=\"avia_inline_auto\" id=\"style-css-av-av_one_fifth-e144647ee0066c28e55520ff792478f5\">\n.flex_column.av-av_one_fifth-e144647ee0066c28e55520ff792478f5{\nborder-radius:0px 0px 0px 0px;\npadding:20px 20px 20px 20px;\nbackground-color:#ffffff;\n}\n<\/style>\n<div  class='flex_column av-av_one_fifth-e144647ee0066c28e55520ff792478f5 av_one_fifth  avia-builder-el-25  el_after_av_one_fifth  avia-builder-el-last  flex_column_div  '     ><p>\n<style type=\"text\/css\" data-created_by=\"avia_inline_auto\" id=\"style-css-av-av_image-202a34f4598bfdd97a9a60aa6d2472a2\">\n.avia-image-container.av-av_image-202a34f4598bfdd97a9a60aa6d2472a2 img.avia_image{\nbox-shadow:none;\n}\n.avia-image-container.av-av_image-202a34f4598bfdd97a9a60aa6d2472a2 .av-image-caption-overlay-center{\ncolor:#ffffff;\n}\n<\/style>\n<div  class='avia-image-container av-av_image-202a34f4598bfdd97a9a60aa6d2472a2 av-styling-no-styling av-img-linked avia-align-center  avia-builder-el-26  el_before_av_heading  avia-builder-el-first '   itemprop=\"image\" itemscope=\"itemscope\" itemtype=\"https:\/\/schema.org\/ImageObject\" ><div class=\"avia-image-container-inner\"><div class=\"avia-image-overlay-wrap\"><a href=\"https:\/\/kemetrv.ee\/puidukaitsevahendid\/torvaoli-hele-tume-extra\/\" class='avia_image '  ><img fetchpriority=\"high\" class='wp-image-3736 avia-img-lazy-loading-not-3736 avia_image ' src='https:\/\/kemetrv.ee\/wp-content\/uploads\/category-puidukaitsevahendid-torvaoli-hele.png' alt='' title=''  height=\"400\" width=\"300\"  itemprop=\"thumbnailUrl\"  \/><\/a><\/div><\/div><\/div><br \/>\n\n<style type=\"text\/css\" data-created_by=\"avia_inline_auto\" id=\"style-css-av-av_heading-8bcaa70380b1af388d5fcda9c9165abc\">\n#top .av-special-heading.av-av_heading-8bcaa70380b1af388d5fcda9c9165abc{\npadding-bottom:0;\n}\nbody .av-special-heading.av-av_heading-8bcaa70380b1af388d5fcda9c9165abc .av-special-heading-tag .heading-char{\nfont-size:25px;\n}\n.av-special-heading.av-av_heading-8bcaa70380b1af388d5fcda9c9165abc .av-subheading{\nfont-size:12px;\n}\n<\/style>\n<div  class='av-special-heading av-av_heading-8bcaa70380b1af388d5fcda9c9165abc av-special-heading-h2 blockquote modern-quote  avia-builder-el-27  el_after_av_image  avia-builder-el-last '><div class='av-subheading av-subheading_above'><p>m\u00e4ntytervaa ja pellava\u00f6ljy\u00e4 sis\u00e4lt\u00e4v\u00e4 puunsuoja\u00f6ljy<\/p>\n<\/div><h2 class='av-special-heading-tag '  itemprop=\"headline\"  >Terva\u00f6ljy VAALEA, TUMMA, EXTRA<\/h2><div class=\"special-heading-border\"><div class=\"special-heading-inner-border\"><\/div><\/div><\/div><\/p><\/div>\n\n<\/div><\/div><\/div><!-- close content main div --><\/div><\/div><div id='av_section_4'  class='avia-section av-av_section-1c6c2555841528b1825f9cc1964bd443 main_color avia-section-large avia-no-border-styling  avia-builder-el-28  el_after_av_section  avia-builder-el-last  avia-bg-style-scroll container_wrap sidebar_right'  ><div class='container av-section-cont-open' ><div class='template-page content  av-content-small alpha units'><div class='post-entry post-entry-type-page post-entry-5280'><div class='entry-content-wrapper clearfix'>\n\n<style type=\"text\/css\" data-created_by=\"avia_inline_auto\" id=\"style-css-av-av_one_third-f120a6c09a7c4f1b25340ac16a8e63e8\">\n.flex_column.av-av_one_third-f120a6c09a7c4f1b25340ac16a8e63e8{\nborder-radius:0px 0px 0px 0px;\npadding:0px 0px 0px 0px;\n}\n<\/style>\n<div  class='flex_column av-av_one_third-f120a6c09a7c4f1b25340ac16a8e63e8 av_one_third  avia-builder-el-29  el_before_av_two_third  avia-builder-el-first  first flex_column_div av-hide-on-mobile av-zero-column-padding  '     ><\/div>\n<style type=\"text\/css\" data-created_by=\"avia_inline_auto\" id=\"style-css-av-av_two_third-0aa7055fe62c3622faec82866afbaeb2\">\n.flex_column.av-av_two_third-0aa7055fe62c3622faec82866afbaeb2{\nborder-radius:0px 0px 0px 0px;\npadding:0px 0px 0px 0px;\n}\n<\/style>\n<div  class='flex_column av-av_two_third-0aa7055fe62c3622faec82866afbaeb2 av_two_third  avia-builder-el-30  el_after_av_one_third  avia-builder-el-last  flex_column_div av-zero-column-padding  '     ><p>\n<style type=\"text\/css\" data-created_by=\"avia_inline_auto\" id=\"style-css-av-av_heading-855782dbdcca877671a4da30f292d1ca\">\n#top .av-special-heading.av-av_heading-855782dbdcca877671a4da30f292d1ca{\npadding-bottom:0;\n}\nbody .av-special-heading.av-av_heading-855782dbdcca877671a4da30f292d1ca .av-special-heading-tag .heading-char{\nfont-size:25px;\n}\n.av-special-heading.av-av_heading-855782dbdcca877671a4da30f292d1ca .av-subheading{\nfont-size:12px;\n}\n<\/style>\n<div  class='av-special-heading av-av_heading-855782dbdcca877671a4da30f292d1ca av-special-heading-h2 blockquote modern-quote  avia-builder-el-31  el_before_av_textblock  avia-builder-el-first '><div class='av-subheading av-subheading_above'><p>projektimyynti<\/p>\n<\/div><h2 class='av-special-heading-tag '  itemprop=\"headline\"  >SUUNNITTELETKO SUUREMPAA REMONTTI- TAI RAKENNUSPROJEKTIA?<\/h2><div class=\"special-heading-border\"><div class=\"special-heading-inner-border\"><\/div><\/div><\/div><br \/>\n<section  class='av_textblock_section av-av_textblock-0366cc7376be6c9e82a3e9cc8987b64f '   itemscope=\"itemscope\" itemtype=\"https:\/\/schema.org\/CreativeWork\" ><div class='avia_textblock'  itemprop=\"text\" ><dl>\n<dt><span lang=\"fi-FI\">Kysy myyntiedustajaltamme tarjousta kaikille tuotteille kerralla, jolloin s\u00e4\u00e4st\u00e4t tuotteiden hinnan ja toimituskustannusten lis\u00e4ksi my\u00f6s aikaa. Yhteystiedot +372 58 50 6969, sales@kemetrv.ee<\/span><\/dt>\n<dt><\/dt>\n<\/dl>\n<\/div><\/section><br \/>\n<div  class='avia-button-wrap av-jxeliaeh-ad6b5ebd341e438df0d1ca641d246a4c-wrap avia-button-left  avia-builder-el-33  el_after_av_textblock  avia-builder-el-last '><a href='https:\/\/kemetrv.ee\/fi\/yhteystiedot\/'  class='avia-button av-jxeliaeh-ad6b5ebd341e438df0d1ca641d246a4c av-link-btn avia-icon_select-no avia-size-medium avia-position-left avia-color-theme-color'   aria-label=\"Kysy tarjousta!\"><span class='avia_iconbox_title' >Kysy tarjousta!<\/span><\/a><\/div><\/p><\/div><\/div><\/div><\/div><!-- close content main div --><\/div><\/div><div id='after_section_4'  class='main_color av_default_container_wrap container_wrap sidebar_right'  ><div class='container av-section-cont-open' ><div class='template-page content  av-content-small alpha units'><div class='post-entry post-entry-type-page post-entry-5280'><div class='entry-content-wrapper clearfix'>\n","protected":false},"excerpt":{"rendered":"","protected":false},"author":6,"featured_media":0,"parent":5244,"menu_order":4,"comment_status":"closed","ping_status":"closed","template":"","meta":{"_acf_changed":false,"footnotes":""},"class_list":["post-5280","page","type-page","status-publish","hentry"],"acf":[],"_links":{"self":[{"href":"https:\/\/kemetrv.ee\/fi\/wp-json\/wp\/v2\/pages\/5280","targetHints":{"allow":["GET"]}}],"collection":[{"href":"https:\/\/kemetrv.ee\/fi\/wp-json\/wp\/v2\/pages"}],"about":[{"href":"https:\/\/kemetrv.ee\/fi\/wp-json\/wp\/v2\/types\/page"}],"author":[{"embeddable":true,"href":"https:\/\/kemetrv.ee\/fi\/wp-json\/wp\/v2\/users\/6"}],"replies":[{"embeddable":true,"href":"https:\/\/kemetrv.ee\/fi\/wp-json\/wp\/v2\/comments?post=5280"}],"version-history":[{"count":0,"href":"https:\/\/kemetrv.ee\/fi\/wp-json\/wp\/v2\/pages\/5280\/revisions"}],"up":[{"embeddable":true,"href":"https:\/\/kemetrv.ee\/fi\/wp-json\/wp\/v2\/pages\/5244"}],"wp:attachment":[{"href":"https:\/\/kemetrv.ee\/fi\/wp-json\/wp\/v2\/media?parent=5280"}],"curies":[{"name":"wp","href":"https:\/\/api.w.org\/{rel}","templated":true}]}}