{"id":5288,"date":"2019-06-12T10:13:45","date_gmt":"2019-06-12T07:13:45","guid":{"rendered":"https:\/\/kemetrv.ee\/?page_id=5288"},"modified":"2025-02-03T11:22:20","modified_gmt":"2025-02-03T09:22:20","slug":"pestava-katto-ja-seinamaali-kateks-12","status":"publish","type":"page","link":"https:\/\/kemetrv.ee\/fi\/maalit\/pestava-katto-ja-seinamaali-kateks-12\/","title":{"rendered":"Pest\u00e4v\u00e4 katto-ja sein\u00e4maali KATEKS 12"},"content":{"rendered":"<\/p>\n\n<style type=\"text\/css\" data-created_by=\"avia_inline_auto\" id=\"style-css-av-5kabzc-0960adcb63a099fccdc4e04979e1d446\">\n.avia-section.av-5kabzc-0960adcb63a099fccdc4e04979e1d446{\nbackground-color:#f9f9f9;\nbackground-image:unset;\n}\n<\/style>\n<div id='av_section_1'  class='avia-section av-5kabzc-0960adcb63a099fccdc4e04979e1d446 main_color avia-section-default avia-no-border-styling  avia-builder-el-0  el_before_av_section  avia-builder-el-first  avia-bg-style-scroll av-minimum-height av-minimum-height-75 av-height-75  container_wrap sidebar_right'   data-av_minimum_height_pc='75' data-av_min_height_opt='75'><div class='container av-section-cont-open' ><main  role=\"main\" itemprop=\"mainContentOfPage\"  class='template-page content  av-content-small alpha units'><div class='post-entry post-entry-type-page post-entry-5288'><div class='entry-content-wrapper clearfix'>\n\n<style type=\"text\/css\" data-created_by=\"avia_inline_auto\" id=\"style-css-av-j6wwo-8596b6c9b04abf477251fe5860e77e68\">\n.flex_column.av-j6wwo-8596b6c9b04abf477251fe5860e77e68{\nborder-radius:0px 0px 0px 0px;\npadding:0px 0px 0px 0px;\n}\n<\/style>\n<div  class='flex_column av-j6wwo-8596b6c9b04abf477251fe5860e77e68 av_one_third  avia-builder-el-1  el_before_av_one_third  avia-builder-el-first  first flex_column_div av-hide-on-mobile av-zero-column-padding  '     ><\/div>\n<style type=\"text\/css\" data-created_by=\"avia_inline_auto\" id=\"style-css-av-1gbjgw8-410b327c9cd3e2268f0f539c992af5b3\">\n.flex_column.av-1gbjgw8-410b327c9cd3e2268f0f539c992af5b3{\nborder-radius:0px 0px 0px 0px;\npadding:0px 0px 0px 0px;\n}\n<\/style>\n<div  class='flex_column av-1gbjgw8-410b327c9cd3e2268f0f539c992af5b3 av_one_third  avia-builder-el-2  el_after_av_one_third  avia-builder-el-last  flex_column_div av-zero-column-padding  '     ><p>\n<style type=\"text\/css\" data-created_by=\"avia_inline_auto\" id=\"style-css-av-1e5hjhk-1c819814f44e69ed0ac78af1fb4cfa65\">\n.avia-image-container.av-1e5hjhk-1c819814f44e69ed0ac78af1fb4cfa65 img.avia_image{\nbox-shadow:none;\n}\n.avia-image-container.av-1e5hjhk-1c819814f44e69ed0ac78af1fb4cfa65 .av-image-caption-overlay-center{\ncolor:#ffffff;\n}\n<\/style>\n<div  class='avia-image-container av-1e5hjhk-1c819814f44e69ed0ac78af1fb4cfa65 av-styling- avia-align-center  avia-builder-el-3  el_before_av_heading  avia-builder-el-first '   itemprop=\"image\" itemscope=\"itemscope\" itemtype=\"https:\/\/schema.org\/ImageObject\" ><div class=\"avia-image-container-inner\"><div class=\"avia-image-overlay-wrap\"><img fetchpriority=\"high\" class='wp-image-6263 avia-img-lazy-loading-not-6263 avia_image ' src='https:\/\/kemetrv.ee\/wp-content\/uploads\/2021\/04\/Kateks12.png' alt='Kateks 12' title='Kateks12'  height=\"800\" width=\"599\"  itemprop=\"thumbnailUrl\"  \/><\/div><\/div><\/div><br \/>\n\n<style type=\"text\/css\" data-created_by=\"avia_inline_auto\" id=\"style-css-av-2y4ey0-f2d1eedf22bbc8816b55f11ef2b5c81f\">\n#top .av-special-heading.av-2y4ey0-f2d1eedf22bbc8816b55f11ef2b5c81f{\npadding-bottom:5px;\ncolor:#0039a6;\n}\nbody .av-special-heading.av-2y4ey0-f2d1eedf22bbc8816b55f11ef2b5c81f .av-special-heading-tag .heading-char{\nfont-size:25px;\n}\n.av-special-heading.av-2y4ey0-f2d1eedf22bbc8816b55f11ef2b5c81f .special-heading-inner-border{\nborder-color:#0039a6;\n}\n.av-special-heading.av-2y4ey0-f2d1eedf22bbc8816b55f11ef2b5c81f .av-subheading{\nfont-size:12px;\n}\n<\/style>\n<div  class='av-special-heading av-2y4ey0-f2d1eedf22bbc8816b55f11ef2b5c81f av-special-heading-h1 custom-color-heading blockquote modern-quote modern-centered  avia-builder-el-4  el_after_av_image  avia-builder-el-last '><div class='av_custom_color av-subheading av-subheading_above'><p>Pest\u00e4v\u00e4 katto-ja sein\u00e4maali<\/p>\n<\/div><h1 class='av-special-heading-tag '  itemprop=\"headline\"  >Pest\u00e4v\u00e4 katto-ja sein\u00e4maali KATEKS 12<\/h1><div class=\"special-heading-border\"><div class=\"special-heading-inner-border\"><\/div><\/div><\/div><\/p><\/div><\/div><\/div><\/main><!-- close content main element --><\/div><\/div><div id='av_section_2'  class='avia-section av-1as7yzs-359c8fbc3ad24cb1d22ad602ffcf20c2 main_color avia-section-default avia-no-border-styling  avia-builder-el-5  el_after_av_section  el_before_av_section  avia-bg-style-scroll container_wrap sidebar_right'  ><div class='container av-section-cont-open' ><div class='template-page content  av-content-small alpha units'><div class='post-entry post-entry-type-page post-entry-5288'><div class='entry-content-wrapper clearfix'>\n\n<style type=\"text\/css\" data-created_by=\"avia_inline_auto\" id=\"style-css-av-19zfnw8-dc80dbe0258c6555bb310d88bf71054e\">\n.flex_column.av-19zfnw8-dc80dbe0258c6555bb310d88bf71054e{\nborder-radius:0px 0px 0px 0px;\npadding:0px 0px 0px 0px;\n}\n<\/style>\n<div  class='flex_column av-19zfnw8-dc80dbe0258c6555bb310d88bf71054e av_one_third  avia-builder-el-6  el_before_av_one_third  avia-builder-el-first  first flex_column_div av-hide-on-mobile av-zero-column-padding  '     ><\/div>\n<style type=\"text\/css\" data-created_by=\"avia_inline_auto\" id=\"style-css-av-18e4h7c-caf83cc5953ef80e3c669d4a772553cf\">\n.flex_column.av-18e4h7c-caf83cc5953ef80e3c669d4a772553cf{\nborder-radius:0px 0px 0px 0px;\npadding:0px 0px 0px 0px;\n}\n<\/style>\n<div  class='flex_column av-18e4h7c-caf83cc5953ef80e3c669d4a772553cf av_one_third  avia-builder-el-7  el_after_av_one_third  el_before_av_one_third  flex_column_div av-zero-column-padding  '     ><section  class='av_textblock_section av-162j7vc-39b7dd462395f7673e68f8875091ef22 '   itemscope=\"itemscope\" itemtype=\"https:\/\/schema.org\/CreativeWork\" ><div class='avia_textblock'  itemprop=\"text\" ><ul>\n<li>Vesiohenteinen<\/li>\n<li>Pakkaus: 1L; 3L; 10L<\/li>\n<\/ul>\n<dl>\n<dt><span lang=\"fi-FI\">Kattojen ja seinien maalaukseen tarkoitettu polymeeripohjainen vesipitoinen emulsiomaali Kateks 12 sopii useiden eri materiaalien maalaukseen. Maalia voi levitt\u00e4\u00e4 rapattuihin-, tiili-, betoni-, puu- ja kipsimateriaalipintoihin sek\u00e4 paklattuun tai maalattavalla tapetilla p\u00e4\u00e4llystettyyn pintaan.<br \/>\nMaalattavan pinnan tulee olla kuiva ja puhdistettu rasvasta, p\u00f6lyst\u00e4 sek\u00e4 liasta. Vanha ja irronnut maali on poistettava ja aiemmin alkydi- ja \u00f6ljymaaleilla maalatut pinnat pest\u00e4v\u00e4 esimerkiksi 3\u20135 % soodaliuoksella ja himmennett\u00e4v\u00e4 (hioa hiekkapaperilla).<br \/>\n<\/span><\/dt>\n<dt><\/dt>\n<dt><span lang=\"fi-FI\">V\u00e4ri on himme\u00e4, valkoinen ja s\u00e4vytett\u00e4v\u00e4 (Monicolor, RAL jne.).<\/span><\/dt>\n<\/dl>\n<\/div><\/section><\/div>\n<style type=\"text\/css\" data-created_by=\"avia_inline_auto\" id=\"style-css-av-14m5xi0-a898f906eac620f725c838d671fc7fe9\">\n.flex_column.av-14m5xi0-a898f906eac620f725c838d671fc7fe9{\nborder-radius:0px 0px 0px 0px;\npadding:0px 0px 0px 0px;\n}\n<\/style>\n<div  class='flex_column av-14m5xi0-a898f906eac620f725c838d671fc7fe9 av_one_third  avia-builder-el-9  el_after_av_one_third  avia-builder-el-last  flex_column_div av-zero-column-padding  '     ><p><br \/>\n\n<style type=\"text\/css\" data-created_by=\"avia_inline_auto\" id=\"style-css-av-11ob254-40dfa79278f03dcaf539aba1d1b917f5\">\n#top .hr.hr-invisible.av-11ob254-40dfa79278f03dcaf539aba1d1b917f5{\nheight:10px;\n}\n<\/style>\n<div  class='hr av-11ob254-40dfa79278f03dcaf539aba1d1b917f5 hr-invisible  avia-builder-el-11  el_after_av_codeblock  avia-builder-el-last '><span class='hr-inner '><span class=\"hr-inner-style\"><\/span><\/span><\/div><\/p><\/div>\n<\/p>\n<\/div><\/div><\/div><!-- close content main div --><\/div><\/div><div id='av_section_3'  class='avia-section av-zc8v8o-017dc434a23e4cb51393b590f600ce37 main_color avia-section-large avia-no-border-styling  avia-builder-el-12  el_after_av_section  el_before_av_section  avia-bg-style-scroll container_wrap sidebar_right'  ><div class='container av-section-cont-open' ><div class='template-page content  av-content-small alpha units'><div class='post-entry post-entry-type-page post-entry-5288'><div class='entry-content-wrapper clearfix'>\n\n<style type=\"text\/css\" data-created_by=\"avia_inline_auto\" id=\"style-css-av-x95gpk-2fa9dc1c695a1ab2e847e14a0818adae\">\n.flex_column.av-x95gpk-2fa9dc1c695a1ab2e847e14a0818adae{\nborder-radius:0px 0px 0px 0px;\npadding:0px 0px 0px 0px;\n}\n<\/style>\n<div  class='flex_column av-x95gpk-2fa9dc1c695a1ab2e847e14a0818adae av_one_third  avia-builder-el-13  el_before_av_two_third  avia-builder-el-first  first flex_column_div av-hide-on-mobile av-zero-column-padding  '     ><\/div>\n<style type=\"text\/css\" data-created_by=\"avia_inline_auto\" id=\"style-css-av-wqhybs-cc9e66f0a832c26dbb8c377e52c1ceff\">\n.flex_column.av-wqhybs-cc9e66f0a832c26dbb8c377e52c1ceff{\nborder-radius:0px 0px 0px 0px;\npadding:0px 0px 0px 0px;\n}\n<\/style>\n<div  class='flex_column av-wqhybs-cc9e66f0a832c26dbb8c377e52c1ceff av_two_third  avia-builder-el-14  el_after_av_one_third  avia-builder-el-last  flex_column_div av-zero-column-padding  '     ><p>\n<style type=\"text\/css\" data-created_by=\"avia_inline_auto\" id=\"style-css-av-uhj020-bdacd59f24c526f2ba8f2302578ea043\">\n#top .av-special-heading.av-uhj020-bdacd59f24c526f2ba8f2302578ea043{\npadding-bottom:0;\n}\nbody .av-special-heading.av-uhj020-bdacd59f24c526f2ba8f2302578ea043 .av-special-heading-tag .heading-char{\nfont-size:25px;\n}\n.av-special-heading.av-uhj020-bdacd59f24c526f2ba8f2302578ea043 .av-subheading{\nfont-size:12px;\n}\n<\/style>\n<div  class='av-special-heading av-uhj020-bdacd59f24c526f2ba8f2302578ea043 av-special-heading-h2 blockquote modern-quote  avia-builder-el-15  el_before_av_textblock  avia-builder-el-first '><div class='av-subheading av-subheading_above'><p>projektimyynti<\/p>\n<\/div><h2 class='av-special-heading-tag '  itemprop=\"headline\"  >SUUNNITTELETKO SUUREMPAA REMONTTI- TAI RAKENNUSPROJEKTIA?<\/h2><div class=\"special-heading-border\"><div class=\"special-heading-inner-border\"><\/div><\/div><\/div><br \/>\n<section  class='av_textblock_section av-tm6bc8-f4d409f1352948276489b87c7bef5a1e '   itemscope=\"itemscope\" itemtype=\"https:\/\/schema.org\/CreativeWork\" ><div class='avia_textblock'  itemprop=\"text\" ><dl>\n<dt><span lang=\"fi-FI\">Kysy myyntiedustajaltamme tarjousta kaikille tuotteille kerralla, jolloin s\u00e4\u00e4st\u00e4t tuotteiden hinnan ja toimituskustannusten lis\u00e4ksi my\u00f6s aikaa. Yhteystiedot +372 58 50 6969, sales@kemetrv.ee<\/span><\/dt>\n<dt><\/dt>\n<\/dl>\n<\/div><\/section><br \/>\n<div  class='avia-button-wrap av-jxelmmx6-d950884d89a187fbcd1abe681eee1961-wrap avia-button-left  avia-builder-el-17  el_after_av_textblock  avia-builder-el-last '><a href='https:\/\/kemetrv.ee\/fi\/yhteystiedot\/'  class='avia-button av-jxelmmx6-d950884d89a187fbcd1abe681eee1961 av-link-btn avia-icon_select-no avia-size-medium avia-position-left avia-color-theme-color'   aria-label=\"Kysy tarjousta!\"><span class='avia_iconbox_title' >Kysy tarjousta!<\/span><\/a><\/div><\/p><\/div>\n\n<\/div><\/div><\/div><!-- close content main div --><\/div><\/div>\n<style type=\"text\/css\" data-created_by=\"avia_inline_auto\" id=\"style-css-av-r12z6w-ca3421b7587b9edcc1db0983c8c30e6d\">\n.avia-section.av-r12z6w-ca3421b7587b9edcc1db0983c8c30e6d{\nbackground-color:#f9f9f9;\nbackground-image:unset;\n}\n<\/style>\n<div id='product-category'  class='avia-section av-r12z6w-ca3421b7587b9edcc1db0983c8c30e6d main_color avia-section-small avia-no-border-styling  avia-builder-el-18  el_after_av_section  avia-builder-el-last  avia-bg-style-scroll container_wrap sidebar_right'  ><div class='container av-section-cont-open' ><div class='template-page content  av-content-small alpha units'><div class='post-entry post-entry-type-page post-entry-5288'><div class='entry-content-wrapper clearfix'>\n\n<style type=\"text\/css\" data-created_by=\"avia_inline_auto\" id=\"style-css-av-p61kh4-323702cbe63ae688474f42db61c66b03\">\n.flex_column.av-p61kh4-323702cbe63ae688474f42db61c66b03{\nborder-radius:0px 0px 0px 0px;\npadding:20px 20px 20px 20px;\nbackground-color:#ffffff;\n}\n<\/style>\n<div  class='flex_column av-p61kh4-323702cbe63ae688474f42db61c66b03 av_one_fifth  avia-builder-el-19  el_before_av_one_fifth  avia-builder-el-first  first flex_column_div  '     ><p>\n<style type=\"text\/css\" data-created_by=\"avia_inline_auto\" id=\"style-css-av-o5ahaw-329f25378dbec5fbf9dd26a4b7f90348\">\n.avia-image-container.av-o5ahaw-329f25378dbec5fbf9dd26a4b7f90348 img.avia_image{\nbox-shadow:none;\n}\n.avia-image-container.av-o5ahaw-329f25378dbec5fbf9dd26a4b7f90348 .av-image-caption-overlay-center{\ncolor:#ffffff;\n}\n<\/style>\n<div  class='avia-image-container av-o5ahaw-329f25378dbec5fbf9dd26a4b7f90348 av-styling-no-styling av-img-linked avia-align-center  avia-builder-el-20  el_before_av_heading  avia-builder-el-first '   itemprop=\"image\" itemscope=\"itemscope\" itemtype=\"https:\/\/schema.org\/ImageObject\" ><div class=\"avia-image-container-inner\"><div class=\"avia-image-overlay-wrap\"><a href=\"https:\/\/kemetrv.ee\/puidukaitsevahendid\/linaoli\/\" class='avia_image '  ><img fetchpriority=\"high\" class='wp-image-3731 avia-img-lazy-loading-not-3731 avia_image ' src='https:\/\/kemetrv.ee\/wp-content\/uploads\/category-puidukaitsevahendid-linaoli.png' alt='' title=''  height=\"400\" width=\"300\"  itemprop=\"thumbnailUrl\"  \/><\/a><\/div><\/div><\/div><br \/>\n\n<style type=\"text\/css\" data-created_by=\"avia_inline_auto\" id=\"style-css-av-mk05h4-da1b3d74ec21a88968a808d2f24c4254\">\n#top .av-special-heading.av-mk05h4-da1b3d74ec21a88968a808d2f24c4254{\npadding-bottom:0;\n}\nbody .av-special-heading.av-mk05h4-da1b3d74ec21a88968a808d2f24c4254 .av-special-heading-tag .heading-char{\nfont-size:25px;\n}\n.av-special-heading.av-mk05h4-da1b3d74ec21a88968a808d2f24c4254 .av-subheading{\nfont-size:12px;\n}\n<\/style>\n<div  class='av-special-heading av-mk05h4-da1b3d74ec21a88968a808d2f24c4254 av-special-heading-h2 blockquote modern-quote  avia-builder-el-21  el_after_av_image  avia-builder-el-last '><div class='av-subheading av-subheading_above'><p>puupintojen kyll\u00e4st\u00e4miseen sis\u00e4t\u00f6iss\u00e4<\/p>\n<\/div><h2 class='av-special-heading-tag '  itemprop=\"headline\"  >Pellava\u00f6ljy<\/h2><div class=\"special-heading-border\"><div class=\"special-heading-inner-border\"><\/div><\/div><\/div><\/p><\/div>\n<style type=\"text\/css\" data-created_by=\"avia_inline_auto\" id=\"style-css-av-k1rhbc-9d4f1d918b8cf4d66a6d6d6c5a3f0957\">\n.flex_column.av-k1rhbc-9d4f1d918b8cf4d66a6d6d6c5a3f0957{\nborder-radius:0px 0px 0px 0px;\npadding:20px 20px 20px 20px;\nbackground-color:#ffffff;\n}\n<\/style>\n<div  class='flex_column av-k1rhbc-9d4f1d918b8cf4d66a6d6d6c5a3f0957 av_one_fifth  avia-builder-el-22  el_after_av_one_fifth  el_before_av_one_fifth  flex_column_div  '     ><p>\n<style type=\"text\/css\" data-created_by=\"avia_inline_auto\" id=\"style-css-av-j6v30o-c6e3a61bbf46718f91d5b76706ac8fa8\">\n.avia-image-container.av-j6v30o-c6e3a61bbf46718f91d5b76706ac8fa8 img.avia_image{\nbox-shadow:none;\n}\n.avia-image-container.av-j6v30o-c6e3a61bbf46718f91d5b76706ac8fa8 .av-image-caption-overlay-center{\ncolor:#ffffff;\n}\n<\/style>\n<div  class='avia-image-container av-j6v30o-c6e3a61bbf46718f91d5b76706ac8fa8 av-styling-no-styling av-img-linked avia-align-center  avia-builder-el-23  el_before_av_heading  avia-builder-el-first '   itemprop=\"image\" itemscope=\"itemscope\" itemtype=\"https:\/\/schema.org\/ImageObject\" ><div class=\"avia-image-container-inner\"><div class=\"avia-image-overlay-wrap\"><a href=\"https:\/\/kemetrv.ee\/varvid\/katusevarv-alkor\/\" class='avia_image '  aria-label='Katusev\u00e4rv ALKOR'><img fetchpriority=\"high\" class='wp-image-6550 avia-img-lazy-loading-not-6550 avia_image ' src='https:\/\/kemetrv.ee\/wp-content\/uploads\/category-varvid-katusevarv-alkor-3l.png' alt='' title='Katusev\u00e4rv ALKOR'  height=\"400\" width=\"300\"  itemprop=\"thumbnailUrl\"  \/><\/a><\/div><\/div><\/div><br \/>\n\n<style type=\"text\/css\" data-created_by=\"avia_inline_auto\" id=\"style-css-av-gxyhmg-44e1a83da434c06fceb0169bce123a07\">\n#top .av-special-heading.av-gxyhmg-44e1a83da434c06fceb0169bce123a07{\npadding-bottom:0;\n}\nbody .av-special-heading.av-gxyhmg-44e1a83da434c06fceb0169bce123a07 .av-special-heading-tag .heading-char{\nfont-size:25px;\n}\n.av-special-heading.av-gxyhmg-44e1a83da434c06fceb0169bce123a07 .av-subheading{\nfont-size:12px;\n}\n<\/style>\n<div  class='av-special-heading av-gxyhmg-44e1a83da434c06fceb0169bce123a07 av-special-heading-h2 blockquote modern-quote  avia-builder-el-24  el_after_av_image  avia-builder-el-last '><div class='av-subheading av-subheading_above'><p>kattotiilille<\/p>\n<\/div><h2 class='av-special-heading-tag '  itemprop=\"headline\"  >Kattotiilimaali ALKOR<\/h2><div class=\"special-heading-border\"><div class=\"special-heading-inner-border\"><\/div><\/div><\/div><\/p><\/div>\n<style type=\"text\/css\" data-created_by=\"avia_inline_auto\" id=\"style-css-av-g10d08-df4ddafdb9c8405bb79d29564b720050\">\n.flex_column.av-g10d08-df4ddafdb9c8405bb79d29564b720050{\nborder-radius:0px 0px 0px 0px;\npadding:20px 20px 20px 20px;\nbackground-color:#ffffff;\n}\n<\/style>\n<div  class='flex_column av-g10d08-df4ddafdb9c8405bb79d29564b720050 av_one_fifth  avia-builder-el-25  el_after_av_one_fifth  el_before_av_one_fifth  flex_column_div  '     ><p>\n<style type=\"text\/css\" data-created_by=\"avia_inline_auto\" id=\"style-css-av-eicro8-ed6f5ff21297be4d4a477dbea737cf15\">\n.avia-image-container.av-eicro8-ed6f5ff21297be4d4a477dbea737cf15 img.avia_image{\nbox-shadow:none;\n}\n.avia-image-container.av-eicro8-ed6f5ff21297be4d4a477dbea737cf15 .av-image-caption-overlay-center{\ncolor:#ffffff;\n}\n<\/style>\n<div  class='avia-image-container av-eicro8-ed6f5ff21297be4d4a477dbea737cf15 av-styling-no-styling av-img-linked avia-align-center  avia-builder-el-26  el_before_av_heading  avia-builder-el-first '   itemprop=\"image\" itemscope=\"itemscope\" itemtype=\"https:\/\/schema.org\/ImageObject\" ><div class=\"avia-image-container-inner\"><div class=\"avia-image-overlay-wrap\"><a href=\"https:\/\/kemetrv.ee\/varvid\/linaolivarv-palett\/\" class='avia_image '  ><img fetchpriority=\"high\" class='wp-image-3746 avia-img-lazy-loading-not-3746 avia_image ' src='https:\/\/kemetrv.ee\/wp-content\/uploads\/category-varvid-linaolivarv-palett-1l.png' alt='' title=''  height=\"400\" width=\"300\"  itemprop=\"thumbnailUrl\"  \/><\/a><\/div><\/div><\/div><br \/>\n\n<style type=\"text\/css\" data-created_by=\"avia_inline_auto\" id=\"style-css-av-cjwrdk-9848090baecf8a782d9c87039d033f05\">\n#top .av-special-heading.av-cjwrdk-9848090baecf8a782d9c87039d033f05{\npadding-bottom:0;\n}\nbody .av-special-heading.av-cjwrdk-9848090baecf8a782d9c87039d033f05 .av-special-heading-tag .heading-char{\nfont-size:25px;\n}\n.av-special-heading.av-cjwrdk-9848090baecf8a782d9c87039d033f05 .av-subheading{\nfont-size:12px;\n}\n<\/style>\n<div  class='av-special-heading av-cjwrdk-9848090baecf8a782d9c87039d033f05 av-special-heading-h2 blockquote modern-quote  avia-builder-el-27  el_after_av_image  avia-builder-el-last '><div class='av-subheading av-subheading_above'><p>puupinnoille<\/p>\n<\/div><h2 class='av-special-heading-tag '  itemprop=\"headline\"  >Pellava\u00f6ljymaali <span class='special_amp'>&#8221;<\/span>PALETTI<span class='special_amp'>&#8221;<\/span><\/h2><div class=\"special-heading-border\"><div class=\"special-heading-inner-border\"><\/div><\/div><\/div><\/p><\/div>\n<style type=\"text\/css\" data-created_by=\"avia_inline_auto\" id=\"style-css-av-aucyuw-b10e0bcc9aaf2183eabae83e8afe4438\">\n.flex_column.av-aucyuw-b10e0bcc9aaf2183eabae83e8afe4438{\nborder-radius:0px 0px 0px 0px;\npadding:20px 20px 20px 20px;\nbackground-color:#ffffff;\n}\n<\/style>\n<div  class='flex_column av-aucyuw-b10e0bcc9aaf2183eabae83e8afe4438 av_one_fifth  avia-builder-el-28  el_after_av_one_fifth  el_before_av_one_fifth  flex_column_div  '     ><p>\n<style type=\"text\/css\" data-created_by=\"avia_inline_auto\" id=\"style-css-av-8tkifs-96bf784889075a2cea73fca944bd7cab\">\n.avia-image-container.av-8tkifs-96bf784889075a2cea73fca944bd7cab img.avia_image{\nbox-shadow:none;\n}\n.avia-image-container.av-8tkifs-96bf784889075a2cea73fca944bd7cab .av-image-caption-overlay-center{\ncolor:#ffffff;\n}\n<\/style>\n<div  class='avia-image-container av-8tkifs-96bf784889075a2cea73fca944bd7cab av-styling-no-styling av-img-linked avia-align-center  avia-builder-el-29  el_before_av_heading  avia-builder-el-first '   itemprop=\"image\" itemscope=\"itemscope\" itemtype=\"https:\/\/schema.org\/ImageObject\" ><div class=\"avia-image-container-inner\"><div class=\"avia-image-overlay-wrap\"><a href=\"https:\/\/kemetrv.ee\/varvid\/alkuudvarv-spekter\/\" class='avia_image '  ><img fetchpriority=\"high\" class='wp-image-6641 avia-img-lazy-loading-not-6641 avia_image ' src='https:\/\/kemetrv.ee\/wp-content\/uploads\/category-varvid-alkuudvarv-spekter-1l.png' alt='' title=''  height=\"400\" width=\"300\"  itemprop=\"thumbnailUrl\"  \/><\/a><\/div><\/div><\/div><br \/>\n\n<style type=\"text\/css\" data-created_by=\"avia_inline_auto\" id=\"style-css-av-78egxk-44a3d7f467ce1e3719233f5093f14691\">\n#top .av-special-heading.av-78egxk-44a3d7f467ce1e3719233f5093f14691{\npadding-bottom:0;\n}\nbody .av-special-heading.av-78egxk-44a3d7f467ce1e3719233f5093f14691 .av-special-heading-tag .heading-char{\nfont-size:25px;\n}\n.av-special-heading.av-78egxk-44a3d7f467ce1e3719233f5093f14691 .av-subheading{\nfont-size:12px;\n}\n<\/style>\n<div  class='av-special-heading av-78egxk-44a3d7f467ce1e3719233f5093f14691 av-special-heading-h2 blockquote modern-quote  avia-builder-el-30  el_after_av_image  avia-builder-el-last '><div class='av-subheading av-subheading_above'><p>yleismaali<\/p>\n<\/div><h2 class='av-special-heading-tag '  itemprop=\"headline\"  >Alkydimaali SPEKTER<\/h2><div class=\"special-heading-border\"><div class=\"special-heading-inner-border\"><\/div><\/div><\/div><\/p><\/div>\n<style type=\"text\/css\" data-created_by=\"avia_inline_auto\" id=\"style-css-av-66rns8-f882926197dfe612e85d844a9b519c43\">\n.flex_column.av-66rns8-f882926197dfe612e85d844a9b519c43{\nborder-radius:0px 0px 0px 0px;\npadding:20px 20px 20px 20px;\nbackground-color:#ffffff;\n}\n<\/style>\n<div  class='flex_column av-66rns8-f882926197dfe612e85d844a9b519c43 av_one_fifth  avia-builder-el-31  el_after_av_one_fifth  avia-builder-el-last  flex_column_div  '     ><p>\n<style type=\"text\/css\" data-created_by=\"avia_inline_auto\" id=\"style-css-av-3rv8bs-fbe5eb9b5077d6bbd12c860e6ce62c4c\">\n.avia-image-container.av-3rv8bs-fbe5eb9b5077d6bbd12c860e6ce62c4c img.avia_image{\nbox-shadow:none;\n}\n.avia-image-container.av-3rv8bs-fbe5eb9b5077d6bbd12c860e6ce62c4c .av-image-caption-overlay-center{\ncolor:#ffffff;\n}\n<\/style>\n<div  class='avia-image-container av-3rv8bs-fbe5eb9b5077d6bbd12c860e6ce62c4c av-styling-no-styling av-img-linked avia-align-center  avia-builder-el-32  el_before_av_heading  avia-builder-el-first '   itemprop=\"image\" itemscope=\"itemscope\" itemtype=\"https:\/\/schema.org\/ImageObject\" ><div class=\"avia-image-container-inner\"><div class=\"avia-image-overlay-wrap\"><a href=\"https:\/\/kemetrv.ee\/puidukaitsevahendid\/mannitorv\/\" class='avia_image '  ><img fetchpriority=\"high\" class='wp-image-3733 avia-img-lazy-loading-not-3733 avia_image ' src='https:\/\/kemetrv.ee\/wp-content\/uploads\/category-puidukaitsevahendid-mannitorv.png' alt='' title=''  height=\"400\" width=\"300\"  itemprop=\"thumbnailUrl\"  \/><\/a><\/div><\/div><\/div><br \/>\n\n<style type=\"text\/css\" data-created_by=\"avia_inline_auto\" id=\"style-css-av-2mx920-c19b5198acc5ea069cb38a5fc65f132a\">\n#top .av-special-heading.av-2mx920-c19b5198acc5ea069cb38a5fc65f132a{\npadding-bottom:0;\n}\nbody .av-special-heading.av-2mx920-c19b5198acc5ea069cb38a5fc65f132a .av-special-heading-tag .heading-char{\nfont-size:25px;\n}\n.av-special-heading.av-2mx920-c19b5198acc5ea069cb38a5fc65f132a .av-subheading{\nfont-size:12px;\n}\n<\/style>\n<div  class='av-special-heading av-2mx920-c19b5198acc5ea069cb38a5fc65f132a av-special-heading-h2 blockquote modern-quote  avia-builder-el-33  el_after_av_image  avia-builder-el-last '><div class='av-subheading av-subheading_above'><p>luonnollinen puunsuoja-aine<\/p>\n<\/div><h2 class='av-special-heading-tag '  itemprop=\"headline\"  >M\u00e4ntyterva<\/h2><div class=\"special-heading-border\"><div class=\"special-heading-inner-border\"><\/div><\/div><\/div><\/p><\/div>\n<\/div><\/div><\/div><!-- close content main div --><\/div><\/div><div id='after_section_4'  class='main_color av_default_container_wrap container_wrap sidebar_right'  ><div class='container av-section-cont-open' ><div class='template-page content  av-content-small alpha units'><div class='post-entry post-entry-type-page post-entry-5288'><div class='entry-content-wrapper clearfix'>\n","protected":false},"excerpt":{"rendered":"","protected":false},"author":6,"featured_media":0,"parent":5244,"menu_order":5,"comment_status":"closed","ping_status":"closed","template":"","meta":{"_acf_changed":false,"footnotes":""},"class_list":["post-5288","page","type-page","status-publish","hentry"],"acf":[],"_links":{"self":[{"href":"https:\/\/kemetrv.ee\/fi\/wp-json\/wp\/v2\/pages\/5288","targetHints":{"allow":["GET"]}}],"collection":[{"href":"https:\/\/kemetrv.ee\/fi\/wp-json\/wp\/v2\/pages"}],"about":[{"href":"https:\/\/kemetrv.ee\/fi\/wp-json\/wp\/v2\/types\/page"}],"author":[{"embeddable":true,"href":"https:\/\/kemetrv.ee\/fi\/wp-json\/wp\/v2\/users\/6"}],"replies":[{"embeddable":true,"href":"https:\/\/kemetrv.ee\/fi\/wp-json\/wp\/v2\/comments?post=5288"}],"version-history":[{"count":2,"href":"https:\/\/kemetrv.ee\/fi\/wp-json\/wp\/v2\/pages\/5288\/revisions"}],"predecessor-version":[{"id":6691,"href":"https:\/\/kemetrv.ee\/fi\/wp-json\/wp\/v2\/pages\/5288\/revisions\/6691"}],"up":[{"embeddable":true,"href":"https:\/\/kemetrv.ee\/fi\/wp-json\/wp\/v2\/pages\/5244"}],"wp:attachment":[{"href":"https:\/\/kemetrv.ee\/fi\/wp-json\/wp\/v2\/media?parent=5288"}],"curies":[{"name":"wp","href":"https:\/\/api.w.org\/{rel}","templated":true}]}}