{"id":5313,"date":"2019-06-12T12:24:09","date_gmt":"2019-06-12T09:24:09","guid":{"rendered":"https:\/\/kemetrv.ee\/?page_id=5313"},"modified":"2025-02-03T11:19:29","modified_gmt":"2025-02-03T09:19:29","slug":"metallimaali-spekter-fe38","status":"publish","type":"page","link":"https:\/\/kemetrv.ee\/fi\/maalit\/metallimaali-spekter-fe38\/","title":{"rendered":"Metallimaali SPEKTER Fe38"},"content":{"rendered":"<\/p>\n\n<style type=\"text\/css\" data-created_by=\"avia_inline_auto\" id=\"style-css-av-1mibg1t-a26b7c4b14dae0905600f1a4fb80a2a5\">\n.avia-section.av-1mibg1t-a26b7c4b14dae0905600f1a4fb80a2a5{\nbackground-color:#f9f9f9;\nbackground-image:unset;\n}\n<\/style>\n<div id='av_section_1'  class='avia-section av-1mibg1t-a26b7c4b14dae0905600f1a4fb80a2a5 main_color avia-section-default avia-no-border-styling  avia-builder-el-0  el_before_av_section  avia-builder-el-first  avia-bg-style-scroll av-minimum-height av-minimum-height-75 av-height-75  container_wrap sidebar_right'   data-av_minimum_height_pc='75' data-av_min_height_opt='75'><div class='container av-section-cont-open' ><main  role=\"main\" itemprop=\"mainContentOfPage\"  class='template-page content  av-content-small alpha units'><div class='post-entry post-entry-type-page post-entry-5313'><div class='entry-content-wrapper clearfix'>\n\n<style type=\"text\/css\" data-created_by=\"avia_inline_auto\" id=\"style-css-av-1lcdo75-f2eb356a34799cfa699522b7110b38b2\">\n.flex_column.av-1lcdo75-f2eb356a34799cfa699522b7110b38b2{\nborder-radius:0px 0px 0px 0px;\npadding:0px 0px 0px 0px;\n}\n<\/style>\n<div  class='flex_column av-1lcdo75-f2eb356a34799cfa699522b7110b38b2 av_one_third  avia-builder-el-1  el_before_av_one_third  avia-builder-el-first  first flex_column_div av-hide-on-mobile av-zero-column-padding  '     ><\/div>\n<style type=\"text\/css\" data-created_by=\"avia_inline_auto\" id=\"style-css-av-1jc4xnl-acd3a45f0d2a467216c500443c705807\">\n.flex_column.av-1jc4xnl-acd3a45f0d2a467216c500443c705807{\nborder-radius:0px 0px 0px 0px;\npadding:0px 0px 0px 0px;\n}\n<\/style>\n<div  class='flex_column av-1jc4xnl-acd3a45f0d2a467216c500443c705807 av_one_third  avia-builder-el-2  el_after_av_one_third  el_before_av_one_third  flex_column_div av-zero-column-padding  '     ><p>\n<style type=\"text\/css\" data-created_by=\"avia_inline_auto\" id=\"style-css-av-1hkcjwh-bfd3f04d6d7a69d91523b83833bfc2cb\">\n.avia-image-container.av-1hkcjwh-bfd3f04d6d7a69d91523b83833bfc2cb img.avia_image{\nbox-shadow:none;\n}\n.avia-image-container.av-1hkcjwh-bfd3f04d6d7a69d91523b83833bfc2cb .av-image-caption-overlay-center{\ncolor:#ffffff;\n}\n<\/style>\n<div  class='avia-image-container av-1hkcjwh-bfd3f04d6d7a69d91523b83833bfc2cb av-styling- avia-align-center  avia-builder-el-3  el_before_av_heading  avia-builder-el-first '   itemprop=\"image\" itemscope=\"itemscope\" itemtype=\"https:\/\/schema.org\/ImageObject\" ><div class=\"avia-image-container-inner\"><div class=\"avia-image-overlay-wrap\"><img fetchpriority=\"high\" class='wp-image-3275 avia-img-lazy-loading-not-3275 avia_image ' src='https:\/\/kemetrv.ee\/wp-content\/uploads\/kemet-rv-varvid-metallivarv-spekter-fe-38-1l.png' alt='Metalliv\u00e4rv SPEKTER Fe 38' title='Metalliv\u00e4rv SPEKTER Fe 38'  height=\"600\" width=\"800\"  itemprop=\"thumbnailUrl\"  \/><\/div><\/div><\/div><br \/>\n\n<style type=\"text\/css\" data-created_by=\"avia_inline_auto\" id=\"style-css-av-1g29bld-4fda558524a934c24edd9b0c3bc0881f\">\n#top .av-special-heading.av-1g29bld-4fda558524a934c24edd9b0c3bc0881f{\npadding-bottom:5px;\ncolor:#0039a6;\n}\nbody .av-special-heading.av-1g29bld-4fda558524a934c24edd9b0c3bc0881f .av-special-heading-tag .heading-char{\nfont-size:25px;\n}\n.av-special-heading.av-1g29bld-4fda558524a934c24edd9b0c3bc0881f .special-heading-inner-border{\nborder-color:#0039a6;\n}\n.av-special-heading.av-1g29bld-4fda558524a934c24edd9b0c3bc0881f .av-subheading{\nfont-size:12px;\n}\n<\/style>\n<div  class='av-special-heading av-1g29bld-4fda558524a934c24edd9b0c3bc0881f av-special-heading-h1 custom-color-heading blockquote modern-quote modern-centered  avia-builder-el-4  el_after_av_image  avia-builder-el-last '><div class='av_custom_color av-subheading av-subheading_above'><p>ruosteenestopohjaemali<\/p>\n<\/div><h1 class='av-special-heading-tag '  itemprop=\"headline\"  >Metallimaali SPEKTER Fe38<\/h1><div class=\"special-heading-border\"><div class=\"special-heading-inner-border\"><\/div><\/div><\/div><\/p><\/div>\n<style type=\"text\/css\" data-created_by=\"avia_inline_auto\" id=\"style-css-av-1ei3adt-f5bd45b38b67f8c2bc960a28bddd483e\">\n.flex_column.av-1ei3adt-f5bd45b38b67f8c2bc960a28bddd483e{\nborder-radius:0px 0px 0px 0px;\npadding:0px 0px 0px 0px;\n}\n<\/style>\n<div  class='flex_column av-1ei3adt-f5bd45b38b67f8c2bc960a28bddd483e av_one_third  avia-builder-el-5  el_after_av_one_third  avia-builder-el-last  flex_column_div av-zero-column-padding  '     ><\/div>\n\n<\/div><\/div><\/main><!-- close content main element --><\/div><\/div><div id='av_section_2'  class='avia-section av-1bnu38h-e869f0efe4c16ebaadd0bca4141365eb main_color avia-section-default avia-no-border-styling  avia-builder-el-7  el_after_av_section  el_before_av_section  avia-bg-style-scroll container_wrap sidebar_right'  ><div class='container av-section-cont-open' ><div class='template-page content  av-content-small alpha units'><div class='post-entry post-entry-type-page post-entry-5313'><div class='entry-content-wrapper clearfix'>\n\n<style type=\"text\/css\" data-created_by=\"avia_inline_auto\" id=\"style-css-av-18ys075-edc382a61aff10dc30db1bd304458d39\">\n.flex_column.av-18ys075-edc382a61aff10dc30db1bd304458d39{\nborder-radius:0px 0px 0px 0px;\npadding:0px 0px 0px 0px;\n}\n<\/style>\n<div  class='flex_column av-18ys075-edc382a61aff10dc30db1bd304458d39 av_one_third  avia-builder-el-8  el_before_av_one_third  avia-builder-el-first  first flex_column_div av-hide-on-mobile av-zero-column-padding  '     ><\/div>\n<style type=\"text\/css\" data-created_by=\"avia_inline_auto\" id=\"style-css-av-17lq3o1-c5a62ffb45339e5efdd208d760da25a0\">\n.flex_column.av-17lq3o1-c5a62ffb45339e5efdd208d760da25a0{\nborder-radius:0px 0px 0px 0px;\npadding:0px 0px 0px 0px;\n}\n<\/style>\n<div  class='flex_column av-17lq3o1-c5a62ffb45339e5efdd208d760da25a0 av_one_third  avia-builder-el-9  el_after_av_one_third  el_before_av_one_third  flex_column_div av-zero-column-padding  '     ><section  class='av_textblock_section av-15nwlk1-b3d4749f795687fdf07b272f66a9d5e8 '   itemscope=\"itemscope\" itemtype=\"https:\/\/schema.org\/CreativeWork\" ><div class='avia_textblock'  itemprop=\"text\" ><ul>\n<li><span lang=\"fi-FI\">Liuotinohenteinen<\/span><\/li>\n<li>Pakkaus: 0,5L; 1L; 3L<\/li>\n<\/ul>\n<dl>\n<dt><span lang=\"fi-FI\">Spekter Fe38 -metallimaali on alkydisideaineesta valmistettu liuotinohenteinen maali ter\u00e4spintojen ja himmeiden kevytmetallipintojen maalaamiseen sis\u00e4- ja ulko-olosuhteissa. Sopii erilaisten ter\u00e4srakenteiden, metalliaitojen, ovien, portaiden jne. maalaamiseen. Kyseess\u00e4 on erityinen pohjaemali ruostetta ehk\u00e4isev\u00e4ll\u00e4 koostumuksella.<\/span><\/dt>\n<dt><\/dt>\n<dt><span lang=\"fi-FI\">Vanha ja irronnut maali sek\u00e4 ruoste on poistettava ennen maalaamista ter\u00e4sharjalla tai hiomalaikalla. Kiilt\u00e4v\u00e4 metallipinta, kevytmetallipinnat ja vanha maalikerros on himmennett\u00e4v\u00e4 ennen maalaamista. Pinnat tarvitsevat puhdistusta sopivalla puhdistusaineella ja -v\u00e4lineell\u00e4 ennen maalausta.<\/span><\/dt>\n<dt><\/dt>\n<dt><span lang=\"fi-FI\">Tarjoamme Spekter Fe38 -metallimaalia puolikiilt\u00e4v\u00e4n\u00e4 kahdeksassa eri v\u00e4ris\u00e4vyss\u00e4, joita voi sekoittaa kesken\u00e4\u00e4n. Valkoinen maali on s\u00e4vytett\u00e4v\u00e4. <\/span><\/dt>\n<\/dl>\n<\/div><\/section><\/div>\n<style type=\"text\/css\" data-created_by=\"avia_inline_auto\" id=\"style-css-av-14ifbu9-dac1da01f3da91a4d6f5a7d47865f881\">\n.flex_column.av-14ifbu9-dac1da01f3da91a4d6f5a7d47865f881{\nborder-radius:0px 0px 0px 0px;\npadding:0px 0px 0px 0px;\n}\n<\/style>\n<div  class='flex_column av-14ifbu9-dac1da01f3da91a4d6f5a7d47865f881 av_one_third  avia-builder-el-11  el_after_av_one_third  avia-builder-el-last  flex_column_div av-zero-column-padding  '     ><p><br \/>\n\n<style type=\"text\/css\" data-created_by=\"avia_inline_auto\" id=\"style-css-av-11j9ay9-2111d00d59d4da2367166f9288f4de19\">\n#top .hr.hr-invisible.av-11j9ay9-2111d00d59d4da2367166f9288f4de19{\nheight:10px;\n}\n<\/style>\n<div  class='hr av-11j9ay9-2111d00d59d4da2367166f9288f4de19 hr-invisible  avia-builder-el-13  el_after_av_codeblock  avia-builder-el-last '><span class='hr-inner '><span class=\"hr-inner-style\"><\/span><\/span><\/div><\/p><\/div>\n\n<\/div><\/div><\/div><!-- close content main div --><\/div><\/div>\n<style type=\"text\/css\" data-created_by=\"avia_inline_auto\" id=\"style-css-av-10764f5-cff2286c12e3c1ccbd9360d980de2d3f\">\n.avia-section.av-10764f5-cff2286c12e3c1ccbd9360d980de2d3f{\nbackground-color:#f9f9f9;\nbackground-image:unset;\n}\n<\/style>\n<div id='product-category'  class='avia-section av-10764f5-cff2286c12e3c1ccbd9360d980de2d3f main_color avia-section-small avia-no-border-styling  avia-builder-el-14  el_after_av_section  el_before_av_section  avia-bg-style-scroll container_wrap sidebar_right'  ><div class='container av-section-cont-open' ><div class='template-page content  av-content-small alpha units'><div class='post-entry post-entry-type-page post-entry-5313'><div class='entry-content-wrapper clearfix'>\n\n<style type=\"text\/css\" data-created_by=\"avia_inline_auto\" id=\"style-css-av-xyt16p-65321526551724e8dff941cb0a7198da\">\n.flex_column.av-xyt16p-65321526551724e8dff941cb0a7198da{\nborder-radius:0px 0px 0px 0px;\npadding:20px 20px 20px 20px;\nbackground-color:#ffffff;\n}\n<\/style>\n<div  class='flex_column av-xyt16p-65321526551724e8dff941cb0a7198da av_one_fifth  avia-builder-el-15  el_before_av_one_fifth  avia-builder-el-first  first flex_column_div  '     ><p>\n<style type=\"text\/css\" data-created_by=\"avia_inline_auto\" id=\"style-css-av-vs6ygx-47c60c08e56c73bfdc3de378546bc966\">\n.avia-image-container.av-vs6ygx-47c60c08e56c73bfdc3de378546bc966 img.avia_image{\nbox-shadow:none;\n}\n.avia-image-container.av-vs6ygx-47c60c08e56c73bfdc3de378546bc966 .av-image-caption-overlay-center{\ncolor:#ffffff;\n}\n<\/style>\n<div  class='avia-image-container av-vs6ygx-47c60c08e56c73bfdc3de378546bc966 av-styling-no-styling av-img-linked avia-align-center  avia-builder-el-16  el_before_av_heading  avia-builder-el-first '   itemprop=\"image\" itemscope=\"itemscope\" itemtype=\"https:\/\/schema.org\/ImageObject\" ><div class=\"avia-image-container-inner\"><div class=\"avia-image-overlay-wrap\"><a href=\"https:\/\/kemetrv.ee\/varvid\/rootsi-muldvarv-maalri\/\" class='avia_image '  ><img fetchpriority=\"high\" class='wp-image-3751 avia-img-lazy-loading-not-3751 avia_image ' src='https:\/\/kemetrv.ee\/wp-content\/uploads\/category-varvid-rootsi-muldvarv-maalri-3kg.png' alt='' title=''  height=\"400\" width=\"300\"  itemprop=\"thumbnailUrl\"  \/><\/a><\/div><\/div><\/div><br \/>\n\n<style type=\"text\/css\" data-created_by=\"avia_inline_auto\" id=\"style-css-av-uu4qy9-0b5bc3e65bc3330731fef00c9f74cd05\">\n#top .av-special-heading.av-uu4qy9-0b5bc3e65bc3330731fef00c9f74cd05{\npadding-bottom:0;\n}\nbody .av-special-heading.av-uu4qy9-0b5bc3e65bc3330731fef00c9f74cd05 .av-special-heading-tag .heading-char{\nfont-size:25px;\n}\n.av-special-heading.av-uu4qy9-0b5bc3e65bc3330731fef00c9f74cd05 .av-subheading{\nfont-size:12px;\n}\n<\/style>\n<div  class='av-special-heading av-uu4qy9-0b5bc3e65bc3330731fef00c9f74cd05 av-special-heading-h2 blockquote modern-quote  avia-builder-el-17  el_after_av_image  avia-builder-el-last '><div class='av-subheading av-subheading_above'><p>sahattuihin puupintoihin<\/p>\n<\/div><h2 class='av-special-heading-tag '  itemprop=\"headline\"  >Multamaali MAALRI (<span class='special_amp'>&#8221;<\/span>Maalarin<span class='special_amp'>&#8221;<\/span>)<\/h2><div class=\"special-heading-border\"><div class=\"special-heading-inner-border\"><\/div><\/div><\/div><\/p><\/div>\n<style type=\"text\/css\" data-created_by=\"avia_inline_auto\" id=\"style-css-av-ss1kfl-1114ee15029a0d579b7ed1b3b836e537\">\n.flex_column.av-ss1kfl-1114ee15029a0d579b7ed1b3b836e537{\nborder-radius:0px 0px 0px 0px;\npadding:20px 20px 20px 20px;\nbackground-color:#ffffff;\n}\n<\/style>\n<div  class='flex_column av-ss1kfl-1114ee15029a0d579b7ed1b3b836e537 av_one_fifth  avia-builder-el-18  el_after_av_one_fifth  el_before_av_one_fifth  flex_column_div  '     ><p>\n<style type=\"text\/css\" data-created_by=\"avia_inline_auto\" id=\"style-css-av-qyjggh-0e9118a6786e10dddc650d9250fdbf63\">\n.avia-image-container.av-qyjggh-0e9118a6786e10dddc650d9250fdbf63 img.avia_image{\nbox-shadow:none;\n}\n.avia-image-container.av-qyjggh-0e9118a6786e10dddc650d9250fdbf63 .av-image-caption-overlay-center{\ncolor:#ffffff;\n}\n<\/style>\n<div  class='avia-image-container av-qyjggh-0e9118a6786e10dddc650d9250fdbf63 av-styling-no-styling av-img-linked avia-align-center  avia-builder-el-19  el_before_av_heading  avia-builder-el-first '   itemprop=\"image\" itemscope=\"itemscope\" itemtype=\"https:\/\/schema.org\/ImageObject\" ><div class=\"avia-image-container-inner\"><div class=\"avia-image-overlay-wrap\"><a href=\"https:\/\/kemetrv.ee\/varvid\/katusevarv-alkor\/\" class='avia_image '  aria-label='Katusev\u00e4rv ALKOR'><img fetchpriority=\"high\" class='wp-image-6550 avia-img-lazy-loading-not-6550 avia_image ' src='https:\/\/kemetrv.ee\/wp-content\/uploads\/category-varvid-katusevarv-alkor-3l.png' alt='' title='Katusev\u00e4rv ALKOR'  height=\"400\" width=\"300\"  itemprop=\"thumbnailUrl\"  \/><\/a><\/div><\/div><\/div><br \/>\n\n<style type=\"text\/css\" data-created_by=\"avia_inline_auto\" id=\"style-css-av-p0et41-a4113d09ce0491d0d0c210143ff82bad\">\n#top .av-special-heading.av-p0et41-a4113d09ce0491d0d0c210143ff82bad{\npadding-bottom:0;\n}\nbody .av-special-heading.av-p0et41-a4113d09ce0491d0d0c210143ff82bad .av-special-heading-tag .heading-char{\nfont-size:25px;\n}\n.av-special-heading.av-p0et41-a4113d09ce0491d0d0c210143ff82bad .av-subheading{\nfont-size:12px;\n}\n<\/style>\n<div  class='av-special-heading av-p0et41-a4113d09ce0491d0d0c210143ff82bad av-special-heading-h2 blockquote modern-quote  avia-builder-el-20  el_after_av_image  avia-builder-el-last '><div class='av-subheading av-subheading_above'><p>kattotiilille<\/p>\n<\/div><h2 class='av-special-heading-tag '  itemprop=\"headline\"  >Kattotiilimaali ALKOR<\/h2><div class=\"special-heading-border\"><div class=\"special-heading-inner-border\"><\/div><\/div><\/div><\/p><\/div>\n<style type=\"text\/css\" data-created_by=\"avia_inline_auto\" id=\"style-css-av-nv8wch-a38718000347e47060c08344f5a48f69\">\n.flex_column.av-nv8wch-a38718000347e47060c08344f5a48f69{\nborder-radius:0px 0px 0px 0px;\npadding:20px 20px 20px 20px;\nbackground-color:#ffffff;\n}\n<\/style>\n<div  class='flex_column av-nv8wch-a38718000347e47060c08344f5a48f69 av_one_fifth  avia-builder-el-21  el_after_av_one_fifth  el_before_av_one_fifth  flex_column_div  '     ><p>\n<style type=\"text\/css\" data-created_by=\"avia_inline_auto\" id=\"style-css-av-ms1ag1-92f88142a12efc14db3ec86ca929688e\">\n.avia-image-container.av-ms1ag1-92f88142a12efc14db3ec86ca929688e img.avia_image{\nbox-shadow:none;\n}\n.avia-image-container.av-ms1ag1-92f88142a12efc14db3ec86ca929688e .av-image-caption-overlay-center{\ncolor:#ffffff;\n}\n<\/style>\n<div  class='avia-image-container av-ms1ag1-92f88142a12efc14db3ec86ca929688e av-styling-no-styling av-img-linked avia-align-center  avia-builder-el-22  el_before_av_heading  avia-builder-el-first '   itemprop=\"image\" itemscope=\"itemscope\" itemtype=\"https:\/\/schema.org\/ImageObject\" ><div class=\"avia-image-container-inner\"><div class=\"avia-image-overlay-wrap\"><a href=\"https:\/\/kemetrv.ee\/varvid\/linaolivarv-palett\/\" class='avia_image '  ><img fetchpriority=\"high\" class='wp-image-3746 avia-img-lazy-loading-not-3746 avia_image ' src='https:\/\/kemetrv.ee\/wp-content\/uploads\/category-varvid-linaolivarv-palett-1l.png' alt='' title=''  height=\"400\" width=\"300\"  itemprop=\"thumbnailUrl\"  \/><\/a><\/div><\/div><\/div><br \/>\n\n<style type=\"text\/css\" data-created_by=\"avia_inline_auto\" id=\"style-css-av-kb5wz5-207ab6272a3fb55201d0e9a02699bf7c\">\n#top .av-special-heading.av-kb5wz5-207ab6272a3fb55201d0e9a02699bf7c{\npadding-bottom:0;\n}\nbody .av-special-heading.av-kb5wz5-207ab6272a3fb55201d0e9a02699bf7c .av-special-heading-tag .heading-char{\nfont-size:25px;\n}\n.av-special-heading.av-kb5wz5-207ab6272a3fb55201d0e9a02699bf7c .av-subheading{\nfont-size:12px;\n}\n<\/style>\n<div  class='av-special-heading av-kb5wz5-207ab6272a3fb55201d0e9a02699bf7c av-special-heading-h2 blockquote modern-quote  avia-builder-el-23  el_after_av_image  avia-builder-el-last '><div class='av-subheading av-subheading_above'><p>puupinnoille<\/p>\n<\/div><h2 class='av-special-heading-tag '  itemprop=\"headline\"  >Pellava\u00f6ljymaali <span class='special_amp'>&#8221;<\/span>PALETTI<span class='special_amp'>&#8221;<\/span><\/h2><div class=\"special-heading-border\"><div class=\"special-heading-inner-border\"><\/div><\/div><\/div><\/p><\/div>\n<style type=\"text\/css\" data-created_by=\"avia_inline_auto\" id=\"style-css-av-ijs3wx-56c3df0b3c20494e8fc0eca6fb69d3b2\">\n.flex_column.av-ijs3wx-56c3df0b3c20494e8fc0eca6fb69d3b2{\nborder-radius:0px 0px 0px 0px;\npadding:20px 20px 20px 20px;\nbackground-color:#ffffff;\n}\n<\/style>\n<div  class='flex_column av-ijs3wx-56c3df0b3c20494e8fc0eca6fb69d3b2 av_one_fifth  avia-builder-el-24  el_after_av_one_fifth  el_before_av_one_fifth  flex_column_div  '     ><p>\n<style type=\"text\/css\" data-created_by=\"avia_inline_auto\" id=\"style-css-av-hipnsh-407303fa890d377fe6b708d63c923f0e\">\n.avia-image-container.av-hipnsh-407303fa890d377fe6b708d63c923f0e img.avia_image{\nbox-shadow:none;\n}\n.avia-image-container.av-hipnsh-407303fa890d377fe6b708d63c923f0e .av-image-caption-overlay-center{\ncolor:#ffffff;\n}\n<\/style>\n<div  class='avia-image-container av-hipnsh-407303fa890d377fe6b708d63c923f0e av-styling-no-styling av-img-linked avia-align-center  avia-builder-el-25  el_before_av_heading  avia-builder-el-first '   itemprop=\"image\" itemscope=\"itemscope\" itemtype=\"https:\/\/schema.org\/ImageObject\" ><div class=\"avia-image-container-inner\"><div class=\"avia-image-overlay-wrap\"><a href=\"https:\/\/kemetrv.ee\/varvid\/alkuudvarv-spekter\/\" class='avia_image '  ><img fetchpriority=\"high\" class='wp-image-6641 avia-img-lazy-loading-not-6641 avia_image ' src='https:\/\/kemetrv.ee\/wp-content\/uploads\/category-varvid-alkuudvarv-spekter-1l.png' alt='' title=''  height=\"400\" width=\"300\"  itemprop=\"thumbnailUrl\"  \/><\/a><\/div><\/div><\/div><br \/>\n\n<style type=\"text\/css\" data-created_by=\"avia_inline_auto\" id=\"style-css-av-fi2k9t-52def11af477510a119fc247d2a05f59\">\n#top .av-special-heading.av-fi2k9t-52def11af477510a119fc247d2a05f59{\npadding-bottom:0;\n}\nbody .av-special-heading.av-fi2k9t-52def11af477510a119fc247d2a05f59 .av-special-heading-tag .heading-char{\nfont-size:25px;\n}\n.av-special-heading.av-fi2k9t-52def11af477510a119fc247d2a05f59 .av-subheading{\nfont-size:12px;\n}\n<\/style>\n<div  class='av-special-heading av-fi2k9t-52def11af477510a119fc247d2a05f59 av-special-heading-h2 blockquote modern-quote  avia-builder-el-26  el_after_av_image  avia-builder-el-last '><div class='av-subheading av-subheading_above'><p>yleismaali<\/p>\n<\/div><h2 class='av-special-heading-tag '  itemprop=\"headline\"  >Alkydimaali SPEKTER<\/h2><div class=\"special-heading-border\"><div class=\"special-heading-inner-border\"><\/div><\/div><\/div><\/p><\/div>\n<style type=\"text\/css\" data-created_by=\"avia_inline_auto\" id=\"style-css-av-efnw1d-2b7fb95b6058c8d5adddebaaf034b430\">\n.flex_column.av-efnw1d-2b7fb95b6058c8d5adddebaaf034b430{\nborder-radius:0px 0px 0px 0px;\npadding:20px 20px 20px 20px;\nbackground-color:#ffffff;\n}\n<\/style>\n<div  class='flex_column av-efnw1d-2b7fb95b6058c8d5adddebaaf034b430 av_one_fifth  avia-builder-el-27  el_after_av_one_fifth  avia-builder-el-last  flex_column_div  '     ><p>\n<style type=\"text\/css\" data-created_by=\"avia_inline_auto\" id=\"style-css-av-bu19g1-e9f4e5d651abf4d9f6bcf79a20c310a1\">\n.avia-image-container.av-bu19g1-e9f4e5d651abf4d9f6bcf79a20c310a1 img.avia_image{\nbox-shadow:none;\n}\n.avia-image-container.av-bu19g1-e9f4e5d651abf4d9f6bcf79a20c310a1 .av-image-caption-overlay-center{\ncolor:#ffffff;\n}\n<\/style>\n<div  class='avia-image-container av-bu19g1-e9f4e5d651abf4d9f6bcf79a20c310a1 av-styling-no-styling av-img-linked avia-align-center  avia-builder-el-28  el_before_av_heading  avia-builder-el-first '   itemprop=\"image\" itemscope=\"itemscope\" itemtype=\"https:\/\/schema.org\/ImageObject\" ><div class=\"avia-image-container-inner\"><div class=\"avia-image-overlay-wrap\"><a href=\"https:\/\/kemetrv.ee\/puidukaitsevahendid\/mannitorv\/\" class='avia_image '  ><img fetchpriority=\"high\" class='wp-image-3733 avia-img-lazy-loading-not-3733 avia_image ' src='https:\/\/kemetrv.ee\/wp-content\/uploads\/category-puidukaitsevahendid-mannitorv.png' alt='' title=''  height=\"400\" width=\"300\"  itemprop=\"thumbnailUrl\"  \/><\/a><\/div><\/div><\/div><br \/>\n\n<style type=\"text\/css\" data-created_by=\"avia_inline_auto\" id=\"style-css-av-b9qdpt-6e49b4cec6d8851fcef7399da7f8e27d\">\n#top .av-special-heading.av-b9qdpt-6e49b4cec6d8851fcef7399da7f8e27d{\npadding-bottom:0;\n}\nbody .av-special-heading.av-b9qdpt-6e49b4cec6d8851fcef7399da7f8e27d .av-special-heading-tag .heading-char{\nfont-size:25px;\n}\n.av-special-heading.av-b9qdpt-6e49b4cec6d8851fcef7399da7f8e27d .av-subheading{\nfont-size:12px;\n}\n<\/style>\n<div  class='av-special-heading av-b9qdpt-6e49b4cec6d8851fcef7399da7f8e27d av-special-heading-h2 blockquote modern-quote  avia-builder-el-29  el_after_av_image  avia-builder-el-last '><div class='av-subheading av-subheading_above'><p>luonnollinen puunsuoja-aine<\/p>\n<\/div><h2 class='av-special-heading-tag '  itemprop=\"headline\"  >M\u00e4ntyterva<\/h2><div class=\"special-heading-border\"><div class=\"special-heading-inner-border\"><\/div><\/div><\/div><\/p><\/div>\n\n<\/div><\/div><\/div><!-- close content main div --><\/div><\/div><div id='av_section_4'  class='avia-section av-9qekgx-d76b49031cc80ac9f7227f0d02ebdcaa main_color avia-section-large avia-no-border-styling  avia-builder-el-30  el_after_av_section  avia-builder-el-last  avia-bg-style-scroll container_wrap sidebar_right'  ><div class='container av-section-cont-open' ><div class='template-page content  av-content-small alpha units'><div class='post-entry post-entry-type-page post-entry-5313'><div class='entry-content-wrapper clearfix'>\n\n<style type=\"text\/css\" data-created_by=\"avia_inline_auto\" id=\"style-css-av-7v5fz5-53c73ae6fbcc5854f66d4b480115bf0d\">\n.flex_column.av-7v5fz5-53c73ae6fbcc5854f66d4b480115bf0d{\nborder-radius:0px 0px 0px 0px;\npadding:0px 0px 0px 0px;\n}\n<\/style>\n<div  class='flex_column av-7v5fz5-53c73ae6fbcc5854f66d4b480115bf0d av_one_third  avia-builder-el-31  el_before_av_two_third  avia-builder-el-first  first flex_column_div av-hide-on-mobile av-zero-column-padding  '     ><\/div>\n<style type=\"text\/css\" data-created_by=\"avia_inline_auto\" id=\"style-css-av-6a61o1-4b781201b11327bd4f9a02dfa43c429c\">\n.flex_column.av-6a61o1-4b781201b11327bd4f9a02dfa43c429c{\nborder-radius:0px 0px 0px 0px;\npadding:0px 0px 0px 0px;\n}\n<\/style>\n<div  class='flex_column av-6a61o1-4b781201b11327bd4f9a02dfa43c429c av_two_third  avia-builder-el-32  el_after_av_one_third  avia-builder-el-last  flex_column_div av-zero-column-padding  '     ><p>\n<style type=\"text\/css\" data-created_by=\"avia_inline_auto\" id=\"style-css-av-4574kx-16e8fe54ceb0ac7c1107cedcf32284d0\">\n#top .av-special-heading.av-4574kx-16e8fe54ceb0ac7c1107cedcf32284d0{\npadding-bottom:0;\n}\nbody .av-special-heading.av-4574kx-16e8fe54ceb0ac7c1107cedcf32284d0 .av-special-heading-tag .heading-char{\nfont-size:25px;\n}\n.av-special-heading.av-4574kx-16e8fe54ceb0ac7c1107cedcf32284d0 .av-subheading{\nfont-size:12px;\n}\n<\/style>\n<div  class='av-special-heading av-4574kx-16e8fe54ceb0ac7c1107cedcf32284d0 av-special-heading-h2 blockquote modern-quote  avia-builder-el-33  el_before_av_textblock  avia-builder-el-first '><div class='av-subheading av-subheading_above'><p>projektimyynti<\/p>\n<\/div><h2 class='av-special-heading-tag '  itemprop=\"headline\"  >SUUNNITTELETKO SUUREMPAA REMONTTI- TAI RAKENNUSPROJEKTIA?<\/h2><div class=\"special-heading-border\"><div class=\"special-heading-inner-border\"><\/div><\/div><\/div><br \/>\n<section  class='av_textblock_section av-2z5a4h-d58a6b44a6db5b50b49744148a211cfb '   itemscope=\"itemscope\" itemtype=\"https:\/\/schema.org\/CreativeWork\" ><div class='avia_textblock'  itemprop=\"text\" ><dl>\n<dt><span lang=\"fi-FI\">Kysy myyntiedustajaltamme tarjousta kaikille tuotteille kerralla, jolloin s\u00e4\u00e4st\u00e4t tuotteiden hinnan ja toimituskustannusten lis\u00e4ksi my\u00f6s aikaa. Yhteystiedot +372 58 50 6969, sales@kemetrv.ee<\/span><\/dt>\n<dt><\/dt>\n<\/dl>\n<\/div><\/section><br \/>\n<div  class='avia-button-wrap av-jxelr14t-23083beb4a7262d9aa3979987b09f8c8-wrap avia-button-left  avia-builder-el-35  el_after_av_textblock  avia-builder-el-last '><a href='https:\/\/kemetrv.ee\/fi\/yhteystiedot\/'  class='avia-button av-jxelr14t-23083beb4a7262d9aa3979987b09f8c8 av-link-btn avia-icon_select-no avia-size-medium avia-position-left avia-color-theme-color'   aria-label=\"Kysy tarjousta!\"><span class='avia_iconbox_title' >Kysy tarjousta!<\/span><\/a><\/div><\/p><\/div><\/div><\/div><\/div><!-- close content main div --><\/div><\/div><div id='after_section_4'  class='main_color av_default_container_wrap container_wrap sidebar_right'  ><div class='container av-section-cont-open' ><div class='template-page content  av-content-small alpha units'><div class='post-entry post-entry-type-page post-entry-5313'><div class='entry-content-wrapper clearfix'>\n","protected":false},"excerpt":{"rendered":"","protected":false},"author":6,"featured_media":0,"parent":5244,"menu_order":8,"comment_status":"closed","ping_status":"closed","template":"","meta":{"_acf_changed":false,"footnotes":""},"class_list":["post-5313","page","type-page","status-publish","hentry"],"acf":[],"_links":{"self":[{"href":"https:\/\/kemetrv.ee\/fi\/wp-json\/wp\/v2\/pages\/5313","targetHints":{"allow":["GET"]}}],"collection":[{"href":"https:\/\/kemetrv.ee\/fi\/wp-json\/wp\/v2\/pages"}],"about":[{"href":"https:\/\/kemetrv.ee\/fi\/wp-json\/wp\/v2\/types\/page"}],"author":[{"embeddable":true,"href":"https:\/\/kemetrv.ee\/fi\/wp-json\/wp\/v2\/users\/6"}],"replies":[{"embeddable":true,"href":"https:\/\/kemetrv.ee\/fi\/wp-json\/wp\/v2\/comments?post=5313"}],"version-history":[{"count":2,"href":"https:\/\/kemetrv.ee\/fi\/wp-json\/wp\/v2\/pages\/5313\/revisions"}],"predecessor-version":[{"id":6655,"href":"https:\/\/kemetrv.ee\/fi\/wp-json\/wp\/v2\/pages\/5313\/revisions\/6655"}],"up":[{"embeddable":true,"href":"https:\/\/kemetrv.ee\/fi\/wp-json\/wp\/v2\/pages\/5244"}],"wp:attachment":[{"href":"https:\/\/kemetrv.ee\/fi\/wp-json\/wp\/v2\/media?parent=5313"}],"curies":[{"name":"wp","href":"https:\/\/api.w.org\/{rel}","templated":true}]}}