{"id":5731,"date":"2019-06-27T13:50:23","date_gmt":"2019-06-27T10:50:23","guid":{"rendered":"https:\/\/kemetrv.ee\/?page_id=5731"},"modified":"2019-06-27T14:52:30","modified_gmt":"2019-06-27T11:52:30","slug":"autoshampoo-tiiviste","status":"publish","type":"page","link":"https:\/\/kemetrv.ee\/fi\/muut\/autoshampoo-tiiviste\/","title":{"rendered":"Autoshampoo (tiiviste)"},"content":{"rendered":"\n<style type=\"text\/css\" data-created_by=\"avia_inline_auto\" id=\"style-css-av-1f6rhxm-4e50fcb76626d050a4dfe6b2327a94bb\">\n.avia-section.av-1f6rhxm-4e50fcb76626d050a4dfe6b2327a94bb{\nbackground-color:#f9f9f9;\nbackground-image:unset;\n}\n<\/style>\n<div id='av_section_1'  class='avia-section av-1f6rhxm-4e50fcb76626d050a4dfe6b2327a94bb main_color avia-section-default avia-no-border-styling  avia-builder-el-0  el_before_av_section  avia-builder-el-first  avia-bg-style-scroll av-minimum-height av-minimum-height-75 av-height-75  container_wrap sidebar_right'   data-av_minimum_height_pc='75' data-av_min_height_opt='75'><div class='container av-section-cont-open' ><main  role=\"main\" itemprop=\"mainContentOfPage\"  class='template-page content  av-content-small alpha units'><div class='post-entry post-entry-type-page post-entry-5731'><div class='entry-content-wrapper clearfix'>\n\n<style type=\"text\/css\" data-created_by=\"avia_inline_auto\" id=\"style-css-av-1cuaimi-5fc663149f3a2f533568ebac530ef7e4\">\n.flex_column.av-1cuaimi-5fc663149f3a2f533568ebac530ef7e4{\nborder-radius:0px 0px 0px 0px;\npadding:0px 0px 0px 0px;\n}\n<\/style>\n<div  class='flex_column av-1cuaimi-5fc663149f3a2f533568ebac530ef7e4 av_one_third  avia-builder-el-1  el_before_av_one_third  avia-builder-el-first  first flex_column_div av-hide-on-mobile av-zero-column-padding  '     ><\/div>\n<style type=\"text\/css\" data-created_by=\"avia_inline_auto\" id=\"style-css-av-1b2ccje-ec136f3ff43e87835345f35b499fcb25\">\n.flex_column.av-1b2ccje-ec136f3ff43e87835345f35b499fcb25{\nborder-radius:0px 0px 0px 0px;\npadding:0px 0px 0px 0px;\n}\n<\/style>\n<div  class='flex_column av-1b2ccje-ec136f3ff43e87835345f35b499fcb25 av_one_third  avia-builder-el-2  el_after_av_one_third  el_before_av_one_third  flex_column_div av-zero-column-padding  '     ><style type=\"text\/css\" data-created_by=\"avia_inline_auto\" id=\"style-css-av-19384bu-86fdc4de744eec2adc917474cbf2faf5\">\n.avia-image-container.av-19384bu-86fdc4de744eec2adc917474cbf2faf5 img.avia_image{\nbox-shadow:none;\n}\n.avia-image-container.av-19384bu-86fdc4de744eec2adc917474cbf2faf5 .av-image-caption-overlay-center{\ncolor:#ffffff;\n}\n<\/style>\n<div  class='avia-image-container av-19384bu-86fdc4de744eec2adc917474cbf2faf5 av-styling-no-styling avia-align-center  avia-builder-el-3  avia-builder-el-no-sibling '   itemprop=\"image\" itemscope=\"itemscope\" itemtype=\"https:\/\/schema.org\/ImageObject\" ><div class=\"avia-image-container-inner\"><div class=\"avia-image-overlay-wrap\"><img fetchpriority=\"high\" class='wp-image-5629 avia-img-lazy-loading-not-5629 avia_image ' src='https:\/\/kemetrv.ee\/wp-content\/uploads\/2019\/06\/shampoon_800x600.png' alt='' title='shampoon_800x600'  height=\"800\" width=\"600\"  itemprop=\"thumbnailUrl\"  \/><\/div><\/div><\/div><\/div>\n<style type=\"text\/css\" data-created_by=\"avia_inline_auto\" id=\"style-css-av-180cat6-dfb5c95c1f9b6d59c4f782ee7f864f72\">\n.flex_column.av-180cat6-dfb5c95c1f9b6d59c4f782ee7f864f72{\nborder-radius:0px 0px 0px 0px;\npadding:50px 30px 30px 30px;\nbackground-color:#ffffff;\n}\n<\/style>\n<div  class='flex_column av-180cat6-dfb5c95c1f9b6d59c4f782ee7f864f72 av_one_third  avia-builder-el-4  el_after_av_one_third  avia-builder-el-last  flex_column_div  '     ><p>\n<style type=\"text\/css\" data-created_by=\"avia_inline_auto\" id=\"style-css-av-av_heading-364fdde111a4d38e09fa2ed7b207b23b\">\n#top .av-special-heading.av-av_heading-364fdde111a4d38e09fa2ed7b207b23b{\npadding-bottom:5px;\ncolor:#0039a6;\n}\nbody .av-special-heading.av-av_heading-364fdde111a4d38e09fa2ed7b207b23b .av-special-heading-tag .heading-char{\nfont-size:25px;\n}\n.av-special-heading.av-av_heading-364fdde111a4d38e09fa2ed7b207b23b .special-heading-inner-border{\nborder-color:#0039a6;\n}\n.av-special-heading.av-av_heading-364fdde111a4d38e09fa2ed7b207b23b .av-subheading{\nfont-size:12px;\n}\n<\/style>\n<div  class='av-special-heading av-av_heading-364fdde111a4d38e09fa2ed7b207b23b av-special-heading-h1 custom-color-heading blockquote modern-quote  avia-builder-el-5  el_before_av_textblock  avia-builder-el-first '><div class='av_custom_color av-subheading av-subheading_above'><p>muut: autoshampoo<\/p>\n<\/div><h1 class='av-special-heading-tag '  itemprop=\"headline\"  >Autoshampoo (tiiviste)<\/h1><div class=\"special-heading-border\"><div class=\"special-heading-inner-border\"><\/div><\/div><\/div><br \/>\n<section  class='av_textblock_section av-148ajd6-212c34e064eec7ab25b51ad84c3c3c24 '   itemscope=\"itemscope\" itemtype=\"https:\/\/schema.org\/CreativeWork\" ><div class='avia_textblock'  itemprop=\"text\" ><p>Pakkaus: 1L; 3L; 5L; 10L; 20L<\/p>\n<ul>\n<li>huippuluokan pesuainetiiviste, joka on tehty pesem\u00e4\u00e4n tehokkaasti vaikuttamatta heikent\u00e4v\u00e4sti vahakerroksiin.<\/li>\n<li>Sis\u00e4lt\u00e4\u00e4 kiiltoa parantavia aineita<\/li>\n<li>Yli 90% tuotteesta on bio-hajoava<\/li>\n<li>\u00a0pH-neutraali, miellytt\u00e4v\u00e4n tuoksuinen<\/li>\n<li>K\u00e4sipesu: 3 korkkia 10L , Toimii my\u00f6s vaahdottimien kanssa 1 korrki:10L<\/li>\n<\/ul>\n<div>\n<p>K\u00e4ytt\u00f6tarkoitus: Auton pesuun esipesun j\u00e4lkeen. Esipese auto huolellisesti. Sekoita 1 korkki pesuainetta \u00e4mp\u00e4rilliseen l\u00e4mmint\u00e4 vett\u00e4 (10L). Pese auto ylh\u00e4\u00e4lt\u00e4 alasp\u00e4in (puhtaammasta likaisempaan) pieni osio kerrallaan pitkitt\u00e4isin vedoin. Huuhtele pesuv\u00e4line usein pesun aikana, jottei irronnut lika naarmuta maalipintaa. Huuhtele auto huolellisesti runsaalla vedell\u00e4 ja kuivaa se. <strong>Huom! \u00c4l\u00e4 p\u00e4\u00e4st\u00e4 j\u00e4\u00e4tym\u00e4\u00e4n! \u00c4l\u00e4 k\u00e4yt\u00e4 suorassa auringonpaisteessa tai p\u00e4\u00e4st\u00e4 shampoota kuivumaan pest\u00e4v\u00e4lle pinnalle.<\/strong><\/p>\n<\/div>\n<\/div><\/section><\/p><\/div><\/div><\/div><\/main><!-- close content main element --><\/div><\/div><div id='av_section_2'  class='avia-section av-3xmpq2-a1ba5355dc62d12c3986e9af920e5ef7 main_color avia-section-large avia-no-border-styling  avia-builder-el-7  el_after_av_section  el_before_av_section  avia-bg-style-scroll container_wrap sidebar_right'  ><div class='container av-section-cont-open' ><div class='template-page content  av-content-small alpha units'><div class='post-entry post-entry-type-page post-entry-5731'><div class='entry-content-wrapper clearfix'>\n\n<style type=\"text\/css\" data-created_by=\"avia_inline_auto\" id=\"style-css-av-1cuaimi-5fc663149f3a2f533568ebac530ef7e4\">\n.flex_column.av-1cuaimi-5fc663149f3a2f533568ebac530ef7e4{\nborder-radius:0px 0px 0px 0px;\npadding:0px 0px 0px 0px;\n}\n<\/style>\n<div  class='flex_column av-1cuaimi-5fc663149f3a2f533568ebac530ef7e4 av_one_third  avia-builder-el-8  el_before_av_two_third  avia-builder-el-first  first flex_column_div av-hide-on-mobile av-zero-column-padding  '     ><\/div>\n<style type=\"text\/css\" data-created_by=\"avia_inline_auto\" id=\"style-css-av-59um37-355d046021b41596ef9b2733ae5bbb8b\">\n.flex_column.av-59um37-355d046021b41596ef9b2733ae5bbb8b{\nborder-radius:0px 0px 0px 0px;\npadding:0px 0px 0px 0px;\n}\n<\/style>\n<div  class='flex_column av-59um37-355d046021b41596ef9b2733ae5bbb8b av_two_third  avia-builder-el-9  el_after_av_one_third  avia-builder-el-last  flex_column_div av-zero-column-padding  '     ><p>\n<style type=\"text\/css\" data-created_by=\"avia_inline_auto\" id=\"style-css-av-3vt4oz-20073fbca4d7c012f81d6170ed2722d9\">\n#top .av-special-heading.av-3vt4oz-20073fbca4d7c012f81d6170ed2722d9{\npadding-bottom:0;\n}\nbody .av-special-heading.av-3vt4oz-20073fbca4d7c012f81d6170ed2722d9 .av-special-heading-tag .heading-char{\nfont-size:25px;\n}\n.av-special-heading.av-3vt4oz-20073fbca4d7c012f81d6170ed2722d9 .av-subheading{\nfont-size:12px;\n}\n<\/style>\n<div  class='av-special-heading av-3vt4oz-20073fbca4d7c012f81d6170ed2722d9 av-special-heading-h2 blockquote modern-quote  avia-builder-el-10  el_before_av_textblock  avia-builder-el-first '><div class='av-subheading av-subheading_above'><p>projektimyynti<\/p>\n<\/div><h2 class='av-special-heading-tag '  itemprop=\"headline\"  >SUUNNITTELETKO SUUREMPAA REMONTTI- TAI RAKENNUSPROJEKTIA?<\/h2><div class=\"special-heading-border\"><div class=\"special-heading-inner-border\"><\/div><\/div><\/div><br \/>\n<section  class='av_textblock_section av-2myz4j-0c41ff372702d78093dc0bfda0e5be8b '   itemscope=\"itemscope\" itemtype=\"https:\/\/schema.org\/CreativeWork\" ><div class='avia_textblock'  itemprop=\"text\" ><dl>\n<dt><span lang=\"fi-FI\">Kysy myyntiedustajaltamme tarjousta kaikille tuotteille kerralla, jolloin s\u00e4\u00e4st\u00e4t tuotteiden hinnan ja toimituskustannusten lis\u00e4ksi my\u00f6s aikaa. Yhteystiedot +372 58 50 6969, sales@kemetrv.ee<\/span><\/dt>\n<dt><\/dt>\n<\/dl>\n<\/div><\/section><br \/>\n<div  class='avia-button-wrap av-jxeltkk1-ef0b7aa2eae1742261f52e61d89e943e-wrap avia-button-left  avia-builder-el-12  el_after_av_textblock  avia-builder-el-last '><a href='https:\/\/kemetrv.ee\/fi\/yhteystiedot\/'  class='avia-button av-jxeltkk1-ef0b7aa2eae1742261f52e61d89e943e av-link-btn avia-icon_select-no avia-size-medium avia-position-left avia-color-theme-color'   aria-label=\"Kysy tarjousta!\"><span class='avia_iconbox_title' >Kysy tarjousta!<\/span><\/a><\/div><\/p><\/div>\n<\/p>\n<\/div><\/div><\/div><!-- close content main div --><\/div><\/div>\n<style type=\"text\/css\" data-created_by=\"avia_inline_auto\" id=\"style-css-av-s275ay-183e43adebaa10b9845980be1602a614\">\n.avia-section.av-s275ay-183e43adebaa10b9845980be1602a614{\nbackground-color:#f9f9f9;\nbackground-image:unset;\n}\n<\/style>\n<div id='product-category'  class='avia-section av-s275ay-183e43adebaa10b9845980be1602a614 main_color avia-section-small avia-no-border-styling  avia-builder-el-13  el_after_av_section  avia-builder-el-last  avia-bg-style-scroll container_wrap sidebar_right'  ><div class='container av-section-cont-open' ><div class='template-page content  av-content-small alpha units'><div class='post-entry post-entry-type-page post-entry-5731'><div class='entry-content-wrapper clearfix'>\n\n<style type=\"text\/css\" data-created_by=\"avia_inline_auto\" id=\"style-css-av-pmx7qi-48a21210212f0f583f7959ffd6faf04c\">\n.flex_column.av-pmx7qi-48a21210212f0f583f7959ffd6faf04c{\nborder-radius:0px 0px 0px 0px;\npadding:20px 20px 20px 20px;\nbackground-color:#ffffff;\n}\n<\/style>\n<div  class='flex_column av-pmx7qi-48a21210212f0f583f7959ffd6faf04c av_one_fifth  avia-builder-el-14  el_before_av_one_fifth  avia-builder-el-first  first flex_column_div avia-link-column av-column-link avia-link-column-hover  '    data-link-column-url=\"https:\/\/kemetrv.ee\/fi\/muut\/pienpoistaja\/\"   ><a class=\"av-screen-reader-only\" href=https:\/\/kemetrv.ee\/fi\/muut\/pienpoistaja\/ >Link to: Pienpoistaja<\/a><p>\n<style type=\"text\/css\" data-created_by=\"avia_inline_auto\" id=\"style-css-av-o62cne-0d8cc0e1080fb8f45a1c1cd0e64ed068\">\n.avia-image-container.av-o62cne-0d8cc0e1080fb8f45a1c1cd0e64ed068 img.avia_image{\nbox-shadow:none;\n}\n.avia-image-container.av-o62cne-0d8cc0e1080fb8f45a1c1cd0e64ed068 .av-image-caption-overlay-center{\ncolor:#ffffff;\n}\n<\/style>\n<div  class='avia-image-container av-o62cne-0d8cc0e1080fb8f45a1c1cd0e64ed068 av-styling-no-styling avia-align-center  avia-builder-el-15  el_before_av_heading  avia-builder-el-first '   itemprop=\"image\" itemscope=\"itemscope\" itemtype=\"https:\/\/schema.org\/ImageObject\" ><div class=\"avia-image-container-inner\"><div class=\"avia-image-overlay-wrap\"><img fetchpriority=\"high\" class='wp-image- avia-img-lazy-loading-not- avia_image ' src='https:\/\/kemetrv.ee\/wp-content\/uploads\/pigieemaldi_1L_800x600-225x300.png' alt='' title=''   itemprop=\"thumbnailUrl\"  \/><\/div><\/div><\/div><br \/>\n\n<style type=\"text\/css\" data-created_by=\"avia_inline_auto\" id=\"style-css-av-jxejlsbc-4b742a8814bcd3c49dcdd62e8d33ecad\">\n#top .av-special-heading.av-jxejlsbc-4b742a8814bcd3c49dcdd62e8d33ecad{\npadding-bottom:0;\n}\nbody .av-special-heading.av-jxejlsbc-4b742a8814bcd3c49dcdd62e8d33ecad .av-special-heading-tag .heading-char{\nfont-size:25px;\n}\n.av-special-heading.av-jxejlsbc-4b742a8814bcd3c49dcdd62e8d33ecad .av-subheading{\nfont-size:12px;\n}\n<\/style>\n<div  class='av-special-heading av-jxejlsbc-4b742a8814bcd3c49dcdd62e8d33ecad av-special-heading-h2 blockquote modern-quote  avia-builder-el-16  el_after_av_image  avia-builder-el-last '><div class='av-subheading av-subheading_above'><p>muut: autokemia<\/p>\n<\/div><h2 class='av-special-heading-tag '  itemprop=\"headline\"  >Pienpoistaja<\/h2><div class=\"special-heading-border\"><div class=\"special-heading-inner-border\"><\/div><\/div><\/div><\/p><\/div>\n<style type=\"text\/css\" data-created_by=\"avia_inline_auto\" id=\"style-css-av-kwy68q-c139bdf85f863ca2de5f966bda7658cd\">\n.flex_column.av-kwy68q-c139bdf85f863ca2de5f966bda7658cd{\nborder-radius:0px 0px 0px 0px;\npadding:20px 20px 20px 20px;\nbackground-color:#ffffff;\n}\n<\/style>\n<div  class='flex_column av-kwy68q-c139bdf85f863ca2de5f966bda7658cd av_one_fifth  avia-builder-el-17  el_after_av_one_fifth  el_before_av_one_fifth  flex_column_div avia-link-column av-column-link avia-link-column-hover  '    data-link-column-url=\"https:\/\/kemetrv.ee\/fi\/liuottimet\/ksyleeni\/\"   ><a class=\"av-screen-reader-only\" href=https:\/\/kemetrv.ee\/fi\/liuottimet\/ksyleeni\/ >Link to: Ksyleeni<\/a><p>\n<style type=\"text\/css\" data-created_by=\"avia_inline_auto\" id=\"style-css-av-j35k6i-a0754173b3b2b6b0219aa4cc5bd64f9f\">\n.avia-image-container.av-j35k6i-a0754173b3b2b6b0219aa4cc5bd64f9f img.avia_image{\nbox-shadow:none;\n}\n.avia-image-container.av-j35k6i-a0754173b3b2b6b0219aa4cc5bd64f9f .av-image-caption-overlay-center{\ncolor:#ffffff;\n}\n<\/style>\n<div  class='avia-image-container av-j35k6i-a0754173b3b2b6b0219aa4cc5bd64f9f av-styling-no-styling av-img-linked avia-align-center  avia-builder-el-18  el_before_av_heading  avia-builder-el-first '   itemprop=\"image\" itemscope=\"itemscope\" itemtype=\"https:\/\/schema.org\/ImageObject\" ><div class=\"avia-image-container-inner\"><div class=\"avia-image-overlay-wrap\"><a href=\"https:\/\/kemetrv.ee\/lahustid\/ksuleen\/\" class='avia_image '  ><img fetchpriority=\"high\" class='wp-image-3719 avia-img-lazy-loading-not-3719 avia_image ' src='https:\/\/kemetrv.ee\/wp-content\/uploads\/category-lahustid-ksuleen.png' alt='' title=''  height=\"400\" width=\"300\"  itemprop=\"thumbnailUrl\"  \/><\/a><\/div><\/div><\/div><br \/>\n\n<style type=\"text\/css\" data-created_by=\"avia_inline_auto\" id=\"style-css-av-jxejog5j-8a92067ba058f46349a3184a2dd69bba\">\n#top .av-special-heading.av-jxejog5j-8a92067ba058f46349a3184a2dd69bba{\npadding-bottom:0;\n}\nbody .av-special-heading.av-jxejog5j-8a92067ba058f46349a3184a2dd69bba .av-special-heading-tag .heading-char{\nfont-size:25px;\n}\n.av-special-heading.av-jxejog5j-8a92067ba058f46349a3184a2dd69bba .av-subheading{\nfont-size:12px;\n}\n<\/style>\n<div  class='av-special-heading av-jxejog5j-8a92067ba058f46349a3184a2dd69bba av-special-heading-h2 blockquote modern-quote  avia-builder-el-19  el_after_av_image  avia-builder-el-last '><div class='av-subheading av-subheading_above'><p>liuotin<\/p>\n<\/div><h2 class='av-special-heading-tag '  itemprop=\"headline\"  >Ksyleeni<\/h2><div class=\"special-heading-border\"><div class=\"special-heading-inner-border\"><\/div><\/div><\/div><\/p><\/div>\n<style type=\"text\/css\" data-created_by=\"avia_inline_auto\" id=\"style-css-av-fqqn2y-0f43cf0e9ba576b50d247f0f0cf8be78\">\n.flex_column.av-fqqn2y-0f43cf0e9ba576b50d247f0f0cf8be78{\nborder-radius:0px 0px 0px 0px;\npadding:20px 20px 20px 20px;\nbackground-color:#ffffff;\n}\n<\/style>\n<div  class='flex_column av-fqqn2y-0f43cf0e9ba576b50d247f0f0cf8be78 av_one_fifth  avia-builder-el-20  el_after_av_one_fifth  el_before_av_one_fifth  flex_column_div avia-link-column av-column-link avia-link-column-hover  '    data-link-column-url=\"https:\/\/kemetrv.ee\/fi\/liuottimet\/lakkabensiini-white-spirit\/\"   ><a class=\"av-screen-reader-only\" href=https:\/\/kemetrv.ee\/fi\/liuottimet\/lakkabensiini-white-spirit\/ >Link to: Lakkabensiini (White Spirit)<\/a><p>\n<style type=\"text\/css\" data-created_by=\"avia_inline_auto\" id=\"style-css-av-ehget6-3f2b2c2c805fc47db5c0771ef20b6386\">\n.avia-image-container.av-ehget6-3f2b2c2c805fc47db5c0771ef20b6386 img.avia_image{\nbox-shadow:none;\n}\n.avia-image-container.av-ehget6-3f2b2c2c805fc47db5c0771ef20b6386 .av-image-caption-overlay-center{\ncolor:#ffffff;\n}\n<\/style>\n<div  class='avia-image-container av-ehget6-3f2b2c2c805fc47db5c0771ef20b6386 av-styling-no-styling avia-align-center  avia-builder-el-21  el_before_av_heading  avia-builder-el-first '   itemprop=\"image\" itemscope=\"itemscope\" itemtype=\"https:\/\/schema.org\/ImageObject\" ><div class=\"avia-image-container-inner\"><div class=\"avia-image-overlay-wrap\"><img fetchpriority=\"high\" class='wp-image-5027 avia-img-lazy-loading-not-5027 avia_image ' src='https:\/\/kemetrv.ee\/wp-content\/uploads\/WhiteSpirit_0.5.png' alt='' title='WhiteSpirit_0.5'  height=\"800\" width=\"600\"  itemprop=\"thumbnailUrl\"  \/><\/div><\/div><\/div><br \/>\n\n<style type=\"text\/css\" data-created_by=\"avia_inline_auto\" id=\"style-css-av-jxejpb6o-641fe8944ef46a0ee864b1cc5190eb3d\">\n#top .av-special-heading.av-jxejpb6o-641fe8944ef46a0ee864b1cc5190eb3d{\npadding-bottom:0;\n}\nbody .av-special-heading.av-jxejpb6o-641fe8944ef46a0ee864b1cc5190eb3d .av-special-heading-tag .heading-char{\nfont-size:25px;\n}\n.av-special-heading.av-jxejpb6o-641fe8944ef46a0ee864b1cc5190eb3d .av-subheading{\nfont-size:12px;\n}\n<\/style>\n<div  class='av-special-heading av-jxejpb6o-641fe8944ef46a0ee864b1cc5190eb3d av-special-heading-h2 blockquote modern-quote  avia-builder-el-22  el_after_av_image  avia-builder-el-last '><div class='av-subheading av-subheading_above'><p>liuotin<\/p>\n<\/div><h2 class='av-special-heading-tag '  itemprop=\"headline\"  >Lakkabensiini (White Spirit)<\/h2><div class=\"special-heading-border\"><div class=\"special-heading-inner-border\"><\/div><\/div><\/div><\/p><\/div>\n<style type=\"text\/css\" data-created_by=\"avia_inline_auto\" id=\"style-css-av-b2njkq-2ef9761b708d47e6e2ae1af299d31f2e\">\n.flex_column.av-b2njkq-2ef9761b708d47e6e2ae1af299d31f2e{\nborder-radius:0px 0px 0px 0px;\npadding:20px 20px 20px 20px;\nbackground-color:#ffffff;\n}\n<\/style>\n<div  class='flex_column av-b2njkq-2ef9761b708d47e6e2ae1af299d31f2e av_one_fifth  avia-builder-el-23  el_after_av_one_fifth  el_before_av_one_fifth  flex_column_div avia-link-column av-column-link avia-link-column-hover  '    data-link-column-url=\"https:\/\/kemetrv.ee\/fi\/liuottimet\/nitro-ohenne-646\/\"   ><a class=\"av-screen-reader-only\" href=https:\/\/kemetrv.ee\/fi\/liuottimet\/nitro-ohenne-646\/ >Link to: Nitro-ohenne 646<\/a><p>\n<style type=\"text\/css\" data-created_by=\"avia_inline_auto\" id=\"style-css-av-98kuuy-c10efe3756e4b37847b9bd0fe04bfe8d\">\n.avia-image-container.av-98kuuy-c10efe3756e4b37847b9bd0fe04bfe8d img.avia_image{\nbox-shadow:none;\n}\n.avia-image-container.av-98kuuy-c10efe3756e4b37847b9bd0fe04bfe8d .av-image-caption-overlay-center{\ncolor:#ffffff;\n}\n<\/style>\n<div  class='avia-image-container av-98kuuy-c10efe3756e4b37847b9bd0fe04bfe8d av-styling-no-styling avia-align-center  avia-builder-el-24  el_before_av_heading  avia-builder-el-first '   itemprop=\"image\" itemscope=\"itemscope\" itemtype=\"https:\/\/schema.org\/ImageObject\" ><div class=\"avia-image-container-inner\"><div class=\"avia-image-overlay-wrap\"><img fetchpriority=\"high\" class='wp-image-4694 avia-img-lazy-loading-not-4694 avia_image ' src='https:\/\/kemetrv.ee\/wp-content\/uploads\/Nitro_1L_800x600.png' alt='' title='Nitro_1L_800x600'  height=\"800\" width=\"600\"  itemprop=\"thumbnailUrl\"  \/><\/div><\/div><\/div><br \/>\n\n<style type=\"text\/css\" data-created_by=\"avia_inline_auto\" id=\"style-css-av-jxejpw71-484d32abe26f058e0e6f90403dfd8ca0\">\n#top .av-special-heading.av-jxejpw71-484d32abe26f058e0e6f90403dfd8ca0{\npadding-bottom:0;\n}\nbody .av-special-heading.av-jxejpw71-484d32abe26f058e0e6f90403dfd8ca0 .av-special-heading-tag .heading-char{\nfont-size:25px;\n}\n.av-special-heading.av-jxejpw71-484d32abe26f058e0e6f90403dfd8ca0 .av-subheading{\nfont-size:12px;\n}\n<\/style>\n<div  class='av-special-heading av-jxejpw71-484d32abe26f058e0e6f90403dfd8ca0 av-special-heading-h2 blockquote modern-quote  avia-builder-el-25  el_after_av_image  avia-builder-el-last '><div class='av-subheading av-subheading_above'><p>liuotin<\/p>\n<\/div><h2 class='av-special-heading-tag '  itemprop=\"headline\"  >Nitro-ohenne646<\/h2><div class=\"special-heading-border\"><div class=\"special-heading-inner-border\"><\/div><\/div><\/div><\/p><\/div>\n<style type=\"text\/css\" data-created_by=\"avia_inline_auto\" id=\"style-css-av-5bw4m2-ccbd13a7f681815bbb1181c77c3fd46f\">\n.flex_column.av-5bw4m2-ccbd13a7f681815bbb1181c77c3fd46f{\nborder-radius:0px 0px 0px 0px;\npadding:20px 20px 20px 20px;\nbackground-color:#ffffff;\n}\n<\/style>\n<div  class='flex_column av-5bw4m2-ccbd13a7f681815bbb1181c77c3fd46f av_one_fifth  avia-builder-el-26  el_after_av_one_fifth  avia-builder-el-last  flex_column_div avia-link-column av-column-link avia-link-column-hover  '    data-link-column-url=\"https:\/\/kemetrv.ee\/fi\/liuottimet\/asetoni\/\"   ><a class=\"av-screen-reader-only\" href=https:\/\/kemetrv.ee\/fi\/liuottimet\/asetoni\/ >Link to: Asetoni<\/a><p>\n<style type=\"text\/css\" data-created_by=\"avia_inline_auto\" id=\"style-css-av-411qqi-e490df7ec9b9b62a9b0106c1ff3fdffb\">\n.avia-image-container.av-411qqi-e490df7ec9b9b62a9b0106c1ff3fdffb img.avia_image{\nbox-shadow:none;\n}\n.avia-image-container.av-411qqi-e490df7ec9b9b62a9b0106c1ff3fdffb .av-image-caption-overlay-center{\ncolor:#ffffff;\n}\n<\/style>\n<div  class='avia-image-container av-411qqi-e490df7ec9b9b62a9b0106c1ff3fdffb av-styling-no-styling avia-align-center  avia-builder-el-27  el_before_av_heading  avia-builder-el-first '   itemprop=\"image\" itemscope=\"itemscope\" itemtype=\"https:\/\/schema.org\/ImageObject\" ><div class=\"avia-image-container-inner\"><div class=\"avia-image-overlay-wrap\"><img fetchpriority=\"high\" class='wp-image-5441 avia-img-lazy-loading-not-5441 avia_image ' src='https:\/\/kemetrv.ee\/wp-content\/uploads\/2019\/06\/ATSETOON_1l.png' alt='' title='ATSETOON_1l'  height=\"799\" width=\"600\"  itemprop=\"thumbnailUrl\"  \/><\/div><\/div><\/div><br \/>\n\n<style type=\"text\/css\" data-created_by=\"avia_inline_auto\" id=\"style-css-av-jxejqjqo-e4f93af40f2f643ffd68977077466cb6\">\n#top .av-special-heading.av-jxejqjqo-e4f93af40f2f643ffd68977077466cb6{\npadding-bottom:0;\n}\nbody .av-special-heading.av-jxejqjqo-e4f93af40f2f643ffd68977077466cb6 .av-special-heading-tag .heading-char{\nfont-size:25px;\n}\n.av-special-heading.av-jxejqjqo-e4f93af40f2f643ffd68977077466cb6 .av-subheading{\nfont-size:12px;\n}\n<\/style>\n<div  class='av-special-heading av-jxejqjqo-e4f93af40f2f643ffd68977077466cb6 av-special-heading-h2 blockquote modern-quote  avia-builder-el-28  el_after_av_image  avia-builder-el-last '><div class='av-subheading av-subheading_above'><p>liuotin<\/p>\n<\/div><h2 class='av-special-heading-tag '  itemprop=\"headline\"  >Asetoni<\/h2><div class=\"special-heading-border\"><div class=\"special-heading-inner-border\"><\/div><\/div><\/div><\/p><\/div>\n<\/div><\/div><\/div><!-- close content main div --><\/div><\/div><div id='after_section_3'  class='main_color av_default_container_wrap container_wrap sidebar_right'  ><div class='container av-section-cont-open' ><div class='template-page content  av-content-small alpha units'><div class='post-entry post-entry-type-page post-entry-5731'><div class='entry-content-wrapper clearfix'>\n","protected":false},"excerpt":{"rendered":"","protected":false},"author":6,"featured_media":0,"parent":5143,"menu_order":0,"comment_status":"closed","ping_status":"closed","template":"","meta":{"_acf_changed":false,"footnotes":""},"class_list":["post-5731","page","type-page","status-publish","hentry"],"acf":[],"_links":{"self":[{"href":"https:\/\/kemetrv.ee\/fi\/wp-json\/wp\/v2\/pages\/5731","targetHints":{"allow":["GET"]}}],"collection":[{"href":"https:\/\/kemetrv.ee\/fi\/wp-json\/wp\/v2\/pages"}],"about":[{"href":"https:\/\/kemetrv.ee\/fi\/wp-json\/wp\/v2\/types\/page"}],"author":[{"embeddable":true,"href":"https:\/\/kemetrv.ee\/fi\/wp-json\/wp\/v2\/users\/6"}],"replies":[{"embeddable":true,"href":"https:\/\/kemetrv.ee\/fi\/wp-json\/wp\/v2\/comments?post=5731"}],"version-history":[{"count":0,"href":"https:\/\/kemetrv.ee\/fi\/wp-json\/wp\/v2\/pages\/5731\/revisions"}],"up":[{"embeddable":true,"href":"https:\/\/kemetrv.ee\/fi\/wp-json\/wp\/v2\/pages\/5143"}],"wp:attachment":[{"href":"https:\/\/kemetrv.ee\/fi\/wp-json\/wp\/v2\/media?parent=5731"}],"curies":[{"name":"wp","href":"https:\/\/api.w.org\/{rel}","templated":true}]}}