{"id":1126,"date":"2016-11-14T12:32:35","date_gmt":"2016-11-14T10:32:35","guid":{"rendered":"http:\/\/kemetrv.ee\/ru\/ostuinfo-ja-makseviisid\/"},"modified":"2022-03-03T12:26:29","modified_gmt":"2022-03-03T10:26:29","slug":"%d0%bc%d0%b0%d0%b3%d0%b0%d0%b7%d0%b8%d0%bd%d1%8b-%d0%b4%d0%b8%d0%bb%d0%b5%d1%80%d1%8b","status":"publish","type":"page","link":"https:\/\/kemetrv.ee\/ru\/%d0%bc%d0%b0%d0%b3%d0%b0%d0%b7%d0%b8%d0%bd%d1%8b-%d0%b4%d0%b8%d0%bb%d0%b5%d1%80%d1%8b\/","title":{"rendered":"M\u0430\u0433\u0430\u0437\u0438\u043d\u044b \u0438 \u0434\u0438\u043b\u0435\u0440\u044b"},"content":{"rendered":"\n<style type=\"text\/css\" data-created_by=\"avia_inline_auto\" id=\"style-css-av-av_section-8f60b2da7d2078fc714b2cfa70989a01\">\n.avia-section.av-av_section-8f60b2da7d2078fc714b2cfa70989a01{\nbackground-color:#0039a6;\nbackground-image:unset;\n}\n<\/style>\n<div id='resellers'  class='avia-section av-av_section-8f60b2da7d2078fc714b2cfa70989a01 main_color avia-section-default avia-no-border-styling  avia-builder-el-0  el_before_av_one_full  avia-builder-el-first  avia-bg-style-scroll av-minimum-height av-minimum-height-25 av-height-25  container_wrap sidebar_right'   data-av_minimum_height_pc='25' data-av_min_height_opt='25'><div class='container av-section-cont-open' ><main  role=\"main\" itemprop=\"mainContentOfPage\"  class='template-page content  av-content-small alpha units'><div class='post-entry post-entry-type-page post-entry-1126'><div class='entry-content-wrapper clearfix'>\n\n<style type=\"text\/css\" data-created_by=\"avia_inline_auto\" id=\"style-css-av-av_heading-10fb597f05aea9c54dfef268f3773c8e\">\n#top .av-special-heading.av-av_heading-10fb597f05aea9c54dfef268f3773c8e{\npadding-bottom:10px;\ncolor:#ffffff;\n}\nbody .av-special-heading.av-av_heading-10fb597f05aea9c54dfef268f3773c8e .av-special-heading-tag .heading-char{\nfont-size:25px;\n}\n.av-special-heading.av-av_heading-10fb597f05aea9c54dfef268f3773c8e .special-heading-inner-border{\nborder-color:#ffffff;\n}\n.av-special-heading.av-av_heading-10fb597f05aea9c54dfef268f3773c8e .av-subheading{\nfont-size:15px;\n}\n<\/style>\n<div  class='av-special-heading av-av_heading-10fb597f05aea9c54dfef268f3773c8e av-special-heading-h1 custom-color-heading blockquote modern-quote  avia-builder-el-1  avia-builder-el-no-sibling '><h1 class='av-special-heading-tag '  itemprop=\"headline\"  >M\u0430\u0433\u0430\u0437\u0438\u043d\u044b \u0438 \u0434\u0438\u043b\u0435\u0440\u044b<\/h1><div class=\"special-heading-border\"><div class=\"special-heading-inner-border\"><\/div><\/div><\/div>\n<\/div><\/div><\/main><!-- close content main element --><\/div><\/div><div id='after_section_1'  class='main_color av_default_container_wrap container_wrap sidebar_right'  ><div class='container av-section-cont-open' ><div class='template-page content  av-content-small alpha units'><div class='post-entry post-entry-type-page post-entry-1126'><div class='entry-content-wrapper clearfix'>\n\n<style type=\"text\/css\" data-created_by=\"avia_inline_auto\" id=\"style-css-av-av_one_full-6126cab7d8fab8d08143dd2dacdf673c\">\n.flex_column.av-av_one_full-6126cab7d8fab8d08143dd2dacdf673c{\nborder-radius:0px 0px 0px 0px;\npadding:0px 0px 0px 0px;\n}\n<\/style>\n<div  class='flex_column av-av_one_full-6126cab7d8fab8d08143dd2dacdf673c av_one_full  avia-builder-el-2  el_after_av_section  avia-builder-el-no-sibling  first flex_column_div av-zero-column-padding  '     ><section  class='av_textblock_section av-l0auetgj-2a928e1bcc84e22352f4c75cbdc45741 '   itemscope=\"itemscope\" itemtype=\"https:\/\/schema.org\/CreativeWork\" ><div class='avia_textblock'  itemprop=\"text\" ><table style=\"overflow-y: scroll; display: block;\" cellspacing=\"0\" cellpadding=\"0\" align=\"left\">\n<tbody>\n<tr>\n<td width=\"149\"><strong>Harjumaa<\/strong><\/td>\n<td colspan=\"4\" width=\"540\"><\/td>\n<\/tr>\n<tr>\n<td width=\"149\">AGROTARVE<\/td>\n<td width=\"187\"><\/td>\n<td width=\"104\">Maardu<\/td>\n<td width=\"183\">Vana-Narva mnt. 30<\/td>\n<td width=\"66\">637 9100<\/td>\n<\/tr>\n<tr>\n<td width=\"149\">ALMA SOO\u00c4\u00c4RE \u00c4RI<\/td>\n<td width=\"187\"><\/td>\n<td width=\"104\">Tallinn<\/td>\n<td width=\"183\">Vana-Kalamaja<\/td>\n<td width=\"66\">641 3391<\/td>\n<\/tr>\n<tr>\n<td width=\"149\">ANGROO EHITUS<\/td>\n<td width=\"187\"><\/td>\n<td width=\"104\">Tallinn<\/td>\n<td width=\"183\">Laki 16<\/td>\n<td width=\"66\">656 3149<\/td>\n<\/tr>\n<tr>\n<td width=\"149\">BAUHOF<\/td>\n<td width=\"187\">Keila kauplus<\/td>\n<td width=\"104\">Keila<\/td>\n<td width=\"183\">Paldiski mnt. 33a<\/td>\n<td width=\"66\"><\/td>\n<\/tr>\n<tr>\n<td width=\"149\"><\/td>\n<td width=\"187\">Laagri kauplus<\/td>\n<td width=\"104\">Laagri<\/td>\n<td width=\"183\">P\u00e4rnu mnt. 558<\/td>\n<td width=\"66\"><\/td>\n<\/tr>\n<tr>\n<td width=\"149\"><\/td>\n<td width=\"187\">Lasnam\u00e4e kauplus<\/td>\n<td width=\"104\">Tallinn<\/td>\n<td width=\"183\">Peterburi tee 64<\/td>\n<td width=\"66\"><\/td>\n<\/tr>\n<tr>\n<td width=\"149\"><\/td>\n<td width=\"187\">Mustam\u00e4e kauplus<\/td>\n<td width=\"104\">Tallinn<\/td>\n<td width=\"183\">A. H. Tammsaare tee 116<\/td>\n<td width=\"66\"><\/td>\n<\/tr>\n<tr>\n<td width=\"149\">BERENIKE<\/td>\n<td width=\"187\"><\/td>\n<td width=\"104\">Tallinn<\/td>\n<td width=\"183\">Randla 18<\/td>\n<td width=\"66\">661 1130<\/td>\n<\/tr>\n<tr>\n<td width=\"149\">ESPAK<\/td>\n<td width=\"187\">Tallinna kauplus<\/td>\n<td width=\"104\">Tallinn<\/td>\n<td width=\"183\">Viadukti tee 42<\/td>\n<td width=\"66\">651 2333<\/td>\n<\/tr>\n<tr>\n<td width=\"149\">HARJU T\u00dc<\/td>\n<td width=\"187\">Saku E-Ehituskeskus<\/td>\n<td width=\"104\">Tallinn<\/td>\n<td width=\"183\">Tallinna mnt. 6<\/td>\n<td width=\"66\">669 9835<\/td>\n<\/tr>\n<tr>\n<td width=\"149\">KEHRA EFE<\/td>\n<td width=\"187\"><\/td>\n<td width=\"104\">Kehra<\/td>\n<td width=\"183\">Keskuse 1<\/td>\n<td width=\"66\">608 4896<\/td>\n<\/tr>\n<tr>\n<td width=\"149\">NEXILIS<\/td>\n<td width=\"187\"><\/td>\n<td width=\"104\">Viimsi<\/td>\n<td width=\"183\">Randvere tee 6<\/td>\n<td width=\"66\">605 6920<\/td>\n<\/tr>\n<tr>\n<td width=\"149\">RAUDKULL<\/td>\n<td width=\"187\"><\/td>\n<td width=\"104\">Tallinn<\/td>\n<td width=\"183\">Erika 17<\/td>\n<td width=\"66\">660 2211<\/td>\n<\/tr>\n<tr>\n<td width=\"149\">SOOSING<\/td>\n<td width=\"187\">Aruk\u00fcla kauplus<\/td>\n<td width=\"104\">Aruk\u00fcla<\/td>\n<td width=\"183\">Tallinna mnt. 6<\/td>\n<td width=\"66\">607 0255<\/td>\n<\/tr>\n<tr>\n<td width=\"149\"><\/td>\n<td width=\"187\">Tabasalu kauplus<\/td>\n<td width=\"104\">Tabasalu<\/td>\n<td width=\"183\">Ranna tee 13<\/td>\n<td width=\"66\">603 2312<\/td>\n<\/tr>\n<tr>\n<td width=\"149\"><\/td>\n<td width=\"187\">Viimsi kauplus<\/td>\n<td width=\"104\">Viimsi<\/td>\n<td width=\"183\">Tulbiaia tee 4<\/td>\n<td width=\"66\">609 1734<\/td>\n<\/tr>\n<tr>\n<td width=\"149\">TEKNOKOLOR<\/td>\n<td width=\"187\">Kemiflora kauplus<\/td>\n<td width=\"104\">Tallinn<\/td>\n<td width=\"183\">Laki 3a<\/td>\n<td width=\"66\">656 3472<\/td>\n<\/tr>\n<tr>\n<td width=\"149\">WELLMERK<\/td>\n<td width=\"187\"><\/td>\n<td width=\"104\">Padise<\/td>\n<td width=\"183\">Padise k\u00fcla, Suitsu<\/td>\n<td width=\"66\">608 7820<\/td>\n<\/tr>\n<tr>\n<td width=\"149\"><strong>Hiiumaa<\/strong><\/td>\n<td width=\"187\"><\/td>\n<td width=\"104\"><\/td>\n<td width=\"183\"><\/td>\n<td width=\"66\"><\/td>\n<\/tr>\n<tr>\n<td width=\"149\">HIIUMAA AGROVARU<\/td>\n<td width=\"187\"><\/td>\n<td width=\"104\">K\u00e4ina<\/td>\n<td width=\"183\">Spordi 7<\/td>\n<td width=\"66\">463 6140<\/td>\n<\/tr>\n<tr>\n<td width=\"149\"><strong>Ida-Virumaa<\/strong><\/td>\n<td width=\"187\"><\/td>\n<td width=\"104\"><\/td>\n<td width=\"183\"><\/td>\n<td width=\"66\"><\/td>\n<\/tr>\n<tr>\n<td width=\"149\">AUTOKROON<\/td>\n<td width=\"187\"><\/td>\n<td width=\"104\">J\u00f5hvi<\/td>\n<td width=\"183\">Tartu mnt. 15<\/td>\n<td width=\"66\">336 1365<\/td>\n<\/tr>\n<tr>\n<td width=\"149\">BAUHOF<\/td>\n<td width=\"187\">J\u00f5hvi kauplus<\/td>\n<td width=\"104\">J\u00f5hvi<\/td>\n<td width=\"183\">Narva mnt. 141<\/td>\n<td width=\"66\"><\/td>\n<\/tr>\n<tr>\n<td width=\"149\">DEMITOL<\/td>\n<td width=\"187\"><\/td>\n<td width=\"104\">Narva<\/td>\n<td width=\"183\">Kangelaste 3a<\/td>\n<td width=\"66\"><\/td>\n<\/tr>\n<tr>\n<td width=\"149\">IRINA IVANOVA<\/td>\n<td width=\"187\"><\/td>\n<td width=\"104\">Sillam\u00e4e<\/td>\n<td width=\"183\">Kesk 53<\/td>\n<td width=\"66\">392 4661<\/td>\n<\/tr>\n<tr>\n<td width=\"149\">JURI S\u00d5TSUGOV<\/td>\n<td width=\"187\"><\/td>\n<td width=\"104\">Sillam\u00e4e<\/td>\n<td width=\"183\">Rumjantsevi 6\/17-15<\/td>\n<td width=\"66\">397 5882<\/td>\n<\/tr>\n<tr>\n<td width=\"149\"><strong>J\u00f5gevamaa<\/strong><\/td>\n<td width=\"187\"><\/td>\n<td width=\"104\"><\/td>\n<td width=\"183\"><\/td>\n<td width=\"66\"><\/td>\n<\/tr>\n<tr>\n<td width=\"149\">J\u00d5GEVA M\u00dc<\/td>\n<td width=\"187\">Pae E-Ehituskeskus<\/td>\n<td width=\"104\">J\u00f5geva<\/td>\n<td width=\"183\">Aia 33<\/td>\n<td width=\"66\">517 3526<\/td>\n<\/tr>\n<tr>\n<td width=\"149\"><\/td>\n<td width=\"187\">Mustvee E-Ehituskeskus<\/td>\n<td width=\"104\">Mustvee<\/td>\n<td width=\"183\">Tartu mnt. 7<\/td>\n<td width=\"66\">772 6154<\/td>\n<\/tr>\n<tr>\n<td width=\"149\">DECORA<\/td>\n<td width=\"187\">P\u00f5ltsamaa<\/td>\n<td width=\"104\">P\u00f5ltsamaa<\/td>\n<td width=\"183\">Viljandi mnt. 2<\/td>\n<td width=\"66\">776 2505<\/td>\n<\/tr>\n<tr>\n<td width=\"149\">P\u00d5LTSAMAA M\u00dc<\/td>\n<td width=\"187\">P\u00f5ltsamaa Ehitusmaterjalid<\/td>\n<td width=\"104\">P\u00f5ltsamaa<\/td>\n<td width=\"183\">Kingu 1<\/td>\n<td width=\"66\">776 2511<\/td>\n<\/tr>\n<tr>\n<td width=\"149\">VALMECO<\/td>\n<td width=\"187\"><\/td>\n<td width=\"104\">J\u00f5geva<\/td>\n<td width=\"183\">V\u00e4lja t. 3<\/td>\n<td width=\"66\">776 0303<\/td>\n<\/tr>\n<tr>\n<td width=\"149\"><strong>J\u00e4rvamaa<\/strong><\/td>\n<td width=\"187\"><\/td>\n<td width=\"104\"><\/td>\n<td width=\"183\"><\/td>\n<td width=\"66\"><\/td>\n<\/tr>\n<tr>\n<td width=\"149\">J\u00c4RVA T\u00dc<\/td>\n<td width=\"187\">J\u00e4rva-Jaani E-Ehituskeskus<\/td>\n<td width=\"104\">L\u00e4rva-Jaani<\/td>\n<td width=\"183\">Jaanil 1<\/td>\n<td width=\"66\">384 9147<\/td>\n<\/tr>\n<tr>\n<td width=\"149\"><\/td>\n<td width=\"187\">Koeru E-Ehituskeskus<\/td>\n<td width=\"104\">Koeru<\/td>\n<td width=\"183\">P\u00e4rna pst. 2<\/td>\n<td width=\"66\">384 6455<\/td>\n<\/tr>\n<tr>\n<td width=\"149\"><\/td>\n<td width=\"187\">Paide Ehitustarbed<\/td>\n<td width=\"104\">Paide<\/td>\n<td width=\"183\">T\u00f6\u00f6stuse 26<\/td>\n<td width=\"66\">385 0394<\/td>\n<\/tr>\n<tr>\n<td width=\"149\"><\/td>\n<td width=\"187\">T\u00fcri Ehitustarve<\/td>\n<td width=\"104\">T\u00fcri<\/td>\n<td width=\"183\">Viljandi 14a<\/td>\n<td width=\"66\">387 8213<\/td>\n<\/tr>\n<tr>\n<td width=\"149\"><strong>L\u00e4\u00e4nemaa<\/strong><\/td>\n<td width=\"187\"><\/td>\n<td width=\"104\"><\/td>\n<td width=\"183\"><\/td>\n<td width=\"66\"><\/td>\n<\/tr>\n<tr>\n<td width=\"149\">BAUHOF<\/td>\n<td width=\"187\">Haapsalu kauplus<\/td>\n<td width=\"104\">Uuem\u00f5isa<\/td>\n<td width=\"183\">Tallinna mnt. 68a<\/td>\n<td width=\"66\"><\/td>\n<\/tr>\n<tr>\n<td width=\"149\">JARE<\/td>\n<td width=\"187\"><\/td>\n<td width=\"104\">Haapsalu<\/td>\n<td width=\"183\">Nurme 1<\/td>\n<td width=\"66\">473 1299<\/td>\n<\/tr>\n<tr>\n<td width=\"149\">LIHULA T\u00dc<\/td>\n<td width=\"187\">Lihula E-Ehituskeskus<\/td>\n<td width=\"104\">Lihula<\/td>\n<td width=\"183\">Tallinna mnt. 29<\/td>\n<td width=\"66\">477 8634<\/td>\n<\/tr>\n<tr>\n<td width=\"149\">SAARE AGROVARU<\/td>\n<td width=\"187\">Lihula kauplus<\/td>\n<td width=\"104\">Lihula<\/td>\n<td width=\"183\">Oja 5<\/td>\n<td width=\"66\">477 8863<\/td>\n<\/tr>\n<tr>\n<td width=\"149\"><strong>L\u00e4\u00e4ne-Virumaa<\/strong><\/td>\n<td width=\"187\"><\/td>\n<td width=\"104\"><\/td>\n<td width=\"183\"><\/td>\n<td width=\"66\"><\/td>\n<\/tr>\n<tr>\n<td width=\"149\">BAUHOF<\/td>\n<td width=\"176\">Rakvere kauplus<\/td>\n<td width=\"106\">Rakvere<\/td>\n<td width=\"165\">Ringtee 2<\/td>\n<td width=\"93\"><\/td>\n<\/tr>\n<tr>\n<td width=\"149\">ESPAK<\/td>\n<td width=\"176\">Rakvere kauplus<\/td>\n<td width=\"106\">Rakvere<\/td>\n<td width=\"165\">R\u00e4gavere tee 42<\/td>\n<td width=\"93\">324 1773<\/td>\n<\/tr>\n<tr>\n<td width=\"149\">J\u00c4RVA T\u00dc<\/td>\n<td width=\"176\">Kadrina E-Ehituskeskus<\/td>\n<td width=\"106\">Kadrina<\/td>\n<td width=\"165\">Viitna tee 4<\/td>\n<td width=\"93\">325 0108<\/td>\n<\/tr>\n<tr>\n<td width=\"149\"><\/td>\n<td width=\"176\">Kunda E-Ehituskeskus<\/td>\n<td width=\"106\">Kunda<\/td>\n<td width=\"165\">M\u00e4e 33<\/td>\n<td width=\"93\">322 4815<\/td>\n<\/tr>\n<tr>\n<td width=\"149\">RAKVERE PMT<\/td>\n<td width=\"176\"><\/td>\n<td width=\"106\">S\u00f5meru<\/td>\n<td width=\"165\">T\u00f6\u00f6stuse 4<\/td>\n<td width=\"93\">322 0827<\/td>\n<\/tr>\n<tr>\n<td width=\"149\">STELLANA<\/td>\n<td width=\"176\"><\/td>\n<td width=\"106\">Tapa<\/td>\n<td width=\"165\">Paide mnt. 77<\/td>\n<td width=\"93\">322 0047<\/td>\n<\/tr>\n<tr>\n<td width=\"149\"><strong>P\u00e4rnumaa<\/strong><\/td>\n<td width=\"187\"><\/td>\n<td width=\"104\"><\/td>\n<td width=\"183\"><\/td>\n<td width=\"66\"><\/td>\n<\/tr>\n<tr>\n<td width=\"129\">BAUHOF<\/td>\n<td width=\"216\">P\u00e4rnu kauplus<\/td>\n<td width=\"105\">P\u00e4rnu<\/td>\n<td width=\"139\">Papiniidu 5<\/td>\n<td width=\"100\"><\/td>\n<\/tr>\n<tr>\n<td width=\"129\">BAUM<\/td>\n<td width=\"216\"><\/td>\n<td width=\"105\">H\u00e4\u00e4demeeste<\/td>\n<td width=\"139\">Treimani<\/td>\n<td width=\"100\">449 8640<\/td>\n<\/tr>\n<tr>\n<td width=\"129\">BOLTLAND<\/td>\n<td width=\"216\"><\/td>\n<td width=\"105\">P\u00e4rnu<\/td>\n<td width=\"139\">Kaevu 70<\/td>\n<td width=\"100\">446 1870<\/td>\n<\/tr>\n<tr>\n<td width=\"129\">DECORA<\/td>\n<td width=\"216\">P\u00e4rnu kauplus<\/td>\n<td width=\"105\">P\u00e4rnu<\/td>\n<td width=\"139\">Lai 18<\/td>\n<td width=\"100\">447 1420<\/td>\n<\/tr>\n<tr>\n<td width=\"129\">ESPAK P\u00c4RNU<\/td>\n<td width=\"216\"><\/td>\n<td width=\"105\">P\u00e4rnu<\/td>\n<td width=\"139\">Papiniidu 6<\/td>\n<td width=\"100\">444 7151<\/td>\n<\/tr>\n<tr>\n<td width=\"129\">P\u00c4RNU M\u00dc<\/td>\n<td width=\"216\">P\u00e4rnu-Jaagupi T\u00f6\u00f6stuskaubad<\/td>\n<td width=\"105\">P\u00e4rnu-Jaagupi<\/td>\n<td width=\"139\">P\u00e4rnu mnt. 16<\/td>\n<td width=\"100\">442 5182<\/td>\n<\/tr>\n<tr>\n<td width=\"129\">P\u00c4RNU REV<\/td>\n<td width=\"216\">P\u00e4rnu kauplus<\/td>\n<td width=\"105\">P\u00e4rnu<\/td>\n<td width=\"139\">Karja tn. 6<\/td>\n<td width=\"100\">447 7333<\/td>\n<\/tr>\n<tr>\n<td width=\"129\"><\/td>\n<td width=\"216\">V\u00e4ndra kauplus<\/td>\n<td width=\"105\">V\u00e4ndra<\/td>\n<td width=\"139\">Pargi 19<\/td>\n<td width=\"100\">443 7500<\/td>\n<\/tr>\n<tr>\n<td width=\"149\"><strong>P\u00f5lvamaa<\/strong><\/td>\n<td width=\"187\"><\/td>\n<td width=\"104\"><\/td>\n<td width=\"183\"><\/td>\n<td width=\"66\"><\/td>\n<\/tr>\n<tr>\n<td width=\"126\">BAUHOF<\/td>\n<td width=\"171\">P\u00f5lva kauplus<\/td>\n<td width=\"130\">P\u00f5lva<\/td>\n<td width=\"156\">Jaama 12a<\/td>\n<td width=\"106\"><\/td>\n<\/tr>\n<tr>\n<td width=\"126\">ORAVA LINA<\/td>\n<td width=\"171\"><\/td>\n<td width=\"130\">P\u00f5lva<\/td>\n<td width=\"156\">Kuuse 3<\/td>\n<td width=\"106\">797 6645<\/td>\n<\/tr>\n<tr>\n<td width=\"126\">P\u00d5LVA T\u00dc<\/td>\n<td width=\"171\">P\u00f5lva Ehitaja<\/td>\n<td width=\"130\">P\u00f5lva<\/td>\n<td width=\"156\">Jaama 62<\/td>\n<td width=\"106\">799 8496<\/td>\n<\/tr>\n<tr>\n<td width=\"126\"><\/td>\n<td width=\"171\">R\u00e4pina Ehitaja<\/td>\n<td width=\"130\">R\u00e4pina<\/td>\n<td width=\"156\">V\u00f5handu 29<\/td>\n<td width=\"106\">796 2505<\/td>\n<\/tr>\n<tr>\n<td width=\"127\"><strong>Raplamaa<\/strong><\/td>\n<td colspan=\"4\" width=\"563\"><\/td>\n<\/tr>\n<tr>\n<td width=\"127\">JATS<\/td>\n<td width=\"193\"><\/td>\n<td width=\"119\">M\u00e4rjamaa<\/td>\n<td width=\"158\">V\u00e4lja 2<\/td>\n<td width=\"93\">482 1743<\/td>\n<\/tr>\n<tr>\n<td width=\"127\">RAPLA T\u00dc<\/td>\n<td width=\"193\">Rapla E-Ehituskeskus<\/td>\n<td width=\"119\">Rapla<\/td>\n<td width=\"158\">Viljandi mnt. 124<\/td>\n<td width=\"93\">489 6072<\/td>\n<\/tr>\n<tr>\n<td width=\"127\">TOORA<\/td>\n<td width=\"193\"><\/td>\n<td width=\"119\">J\u00e4rvakandi<\/td>\n<td width=\"158\">Tehase 2<\/td>\n<td width=\"93\">487 7262<\/td>\n<\/tr>\n<tr>\n<td width=\"127\">VESIROOS<\/td>\n<td width=\"193\"><\/td>\n<td width=\"119\">Kohila<\/td>\n<td width=\"158\">J\u00f5e 15<\/td>\n<td width=\"93\">489 2151<\/td>\n<\/tr>\n<tr>\n<td width=\"149\"><strong>Saaremaa<\/strong><\/td>\n<td width=\"187\"><\/td>\n<td width=\"104\"><\/td>\n<td width=\"183\"><\/td>\n<td width=\"66\"><\/td>\n<\/tr>\n<tr>\n<td width=\"155\">BAUHOF<\/td>\n<td width=\"177\">Kuressaare kauplus<\/td>\n<td width=\"121\">Sikassaare k\u00fcla<\/td>\n<td width=\"159\">Majaka 1<\/td>\n<td width=\"77\"><\/td>\n<\/tr>\n<tr>\n<td width=\"155\">EAST<\/td>\n<td width=\"177\"><\/td>\n<td width=\"121\">Kuressaare<\/td>\n<td width=\"159\">Tolli 1<\/td>\n<td width=\"77\">455 6330<\/td>\n<\/tr>\n<tr>\n<td width=\"155\">EHITUS JA KODUKAUP<\/td>\n<td width=\"177\"><\/td>\n<td width=\"121\">Kuressaare<\/td>\n<td width=\"159\">Tallinna mnt. 25<\/td>\n<td width=\"77\">455 3209<\/td>\n<\/tr>\n<tr>\n<td width=\"155\">KELLAM\u00c4E<\/td>\n<td width=\"177\">Orissaare kauplus<\/td>\n<td width=\"121\">Orissaare<\/td>\n<td width=\"159\">Kuivastu mnt. 3<\/td>\n<td width=\"77\">454 5600<\/td>\n<\/tr>\n<tr>\n<td width=\"155\">RINGIPOOD<\/td>\n<td width=\"177\"><\/td>\n<td width=\"121\">Kuressaare<\/td>\n<td width=\"159\">Kihelkonna mnt. 1<\/td>\n<td width=\"77\">454 5305<\/td>\n<\/tr>\n<tr>\n<td width=\"155\">PRIKEM COLOR<\/td>\n<td width=\"177\">Kemiflora v\u00e4rvipood<\/td>\n<td width=\"121\">Kuressaare<\/td>\n<td width=\"159\">Tallinna mnt.30<\/td>\n<td width=\"77\">453 3331<\/td>\n<\/tr>\n<tr>\n<td width=\"155\">SAARE AGROVARU<\/td>\n<td width=\"177\">Kuressaare kauplus<\/td>\n<td width=\"121\">Kuressaare<\/td>\n<td width=\"159\">Tallinna mnt.63<\/td>\n<td width=\"77\">453 1373<\/td>\n<\/tr>\n<tr>\n<td width=\"155\">SAAREMAA T\u00dc<\/td>\n<td width=\"177\">Rehem\u00e4e Ehitusmaterjalid<\/td>\n<td width=\"121\">Kuressaare<\/td>\n<td width=\"159\">Pikk 61<\/td>\n<td width=\"77\">453 8324<\/td>\n<\/tr>\n<tr>\n<td width=\"155\">TIIR<\/td>\n<td width=\"177\">Kuressaare kauplus<\/td>\n<td width=\"121\">Kuressaare<\/td>\n<td width=\"159\">Uus-Roomassaare 35<\/td>\n<td width=\"77\">453 3439<\/td>\n<\/tr>\n<tr>\n<td width=\"155\"><\/td>\n<td width=\"177\">Muhu kauplus<\/td>\n<td width=\"121\">Muhu vald<\/td>\n<td width=\"159\">Piiri<\/td>\n<td width=\"77\">452 8223<\/td>\n<\/tr>\n<tr>\n<td width=\"124\"><strong>Tartumaa<\/strong><\/td>\n<td colspan=\"4\" width=\"565\"><\/td>\n<\/tr>\n<tr>\n<td width=\"124\">BAUHOF<\/td>\n<td width=\"200\">Tartu kauplus<\/td>\n<td width=\"104\">Tartu<\/td>\n<td width=\"175\">Ringtee 69<\/td>\n<td width=\"85\"><\/td>\n<\/tr>\n<tr>\n<td width=\"124\">DECORA<\/td>\n<td width=\"200\">Tartu kauplus<\/td>\n<td width=\"104\">Tartu<\/td>\n<td width=\"175\">Riia 128<\/td>\n<td width=\"85\">733 1376<\/td>\n<\/tr>\n<tr>\n<td width=\"124\">ELVA T\u00dc<\/td>\n<td width=\"200\">Elva E-Ehituskeskus<\/td>\n<td width=\"104\">Elva<\/td>\n<td width=\"175\">Kirde 3<\/td>\n<td width=\"85\">731 1390<\/td>\n<\/tr>\n<tr>\n<td width=\"124\"><\/td>\n<td width=\"200\">Kambja E-Ehituskeskus<\/td>\n<td width=\"104\">Kambja<\/td>\n<td width=\"175\">V\u00f5ru mnt. 4<\/td>\n<td width=\"85\">730 3590<\/td>\n<\/tr>\n<tr>\n<td width=\"124\">ESPAK<\/td>\n<td width=\"200\">Tartu kauplus<\/td>\n<td width=\"104\">Tartu<\/td>\n<td width=\"175\">Turu 24\/Rebase 16<\/td>\n<td width=\"85\">506 7534<\/td>\n<\/tr>\n<tr>\n<td width=\"124\">FLORTO<\/td>\n<td width=\"200\"><\/td>\n<td width=\"104\">Tartu<\/td>\n<td width=\"175\">Turu 37<\/td>\n<td width=\"85\">736 7615<\/td>\n<\/tr>\n<tr>\n<td width=\"126\"><strong>Valgamaa<\/strong><\/td>\n<td colspan=\"4\" width=\"563\"><\/td>\n<\/tr>\n<tr>\n<td width=\"126\">BAUHOF<\/td>\n<td width=\"198\">Valga kauplus<\/td>\n<td width=\"104\">Valga<\/td>\n<td width=\"166\">Viljandi mnt.80a<\/td>\n<td width=\"95\"><\/td>\n<\/tr>\n<tr>\n<td width=\"126\">ELVA T\u00dc<\/td>\n<td width=\"198\">Otep\u00e4\u00e4 E-Ehituskeskus<\/td>\n<td width=\"104\">Otep\u00e4\u00e4<\/td>\n<td width=\"166\">Lipuv\u00e4ljak 28<\/td>\n<td width=\"95\">766 1983<\/td>\n<\/tr>\n<tr>\n<td width=\"225\">HEELIX GRUPP<\/td>\n<td width=\"198\"><\/td>\n<td width=\"104\">T\u00f5rva<\/td>\n<td width=\"166\">Valga 70<\/td>\n<td width=\"95\">763 3654<\/td>\n<\/tr>\n<tr>\n<td width=\"225\">VAIER P.T<\/td>\n<td width=\"198\"><\/td>\n<td width=\"104\">Valga<\/td>\n<td width=\"166\">P\u00e4rna puiestee 13a<\/td>\n<td width=\"95\">767 9485<\/td>\n<\/tr>\n<tr>\n<td width=\"140\"><strong>Viljandimaa<\/strong><\/td>\n<td colspan=\"4\" width=\"549\"><\/td>\n<\/tr>\n<tr>\n<td width=\"140\">ABJA T\u00dc<\/td>\n<td width=\"201\">Abja-Paluoja Ehitusmaterjalid<\/td>\n<td width=\"103\">Abja-Paluoja<\/td>\n<td width=\"144\">Raudtee 4<\/td>\n<td width=\"101\">433 3752<\/td>\n<\/tr>\n<tr>\n<td width=\"140\">BAUHOF<\/td>\n<td width=\"201\">Viljandi kauplus<\/td>\n<td width=\"103\">Viljandi<\/td>\n<td width=\"144\">Reinu tee 29a<\/td>\n<td width=\"101\"><\/td>\n<\/tr>\n<tr>\n<td width=\"140\">DECORA<\/td>\n<td width=\"201\">Viljandi kauplus<\/td>\n<td width=\"103\">Viljandi<\/td>\n<td width=\"144\">Leola 53<\/td>\n<td width=\"101\">434 2040<\/td>\n<\/tr>\n<tr>\n<td width=\"140\">ESPAK<\/td>\n<td width=\"201\">Viljandi kauplus<\/td>\n<td width=\"103\">Viljandi<\/td>\n<td width=\"144\">Reinu tee 35<\/td>\n<td width=\"101\">433 6260<\/td>\n<\/tr>\n<tr>\n<td width=\"140\">NUIA PMT<\/td>\n<td width=\"201\"><\/td>\n<td width=\"103\">Karksi-Nuia<\/td>\n<td width=\"144\">P\u00e4rnu t.8<\/td>\n<td width=\"101\">435 1555<\/td>\n<\/tr>\n<tr>\n<td width=\"140\">REVISANEL<\/td>\n<td width=\"201\"><\/td>\n<td width=\"103\">V\u00f5hma<\/td>\n<td width=\"144\">Tallinna t. 35<\/td>\n<td width=\"101\">434 4549<\/td>\n<\/tr>\n<tr>\n<td width=\"140\">VILJANDI VEKTOR<\/td>\n<td width=\"201\"><\/td>\n<td width=\"103\">Viljandi<\/td>\n<td width=\"144\">Puidu 17<\/td>\n<td width=\"101\">435 5333<\/td>\n<\/tr>\n<tr>\n<td width=\"126\"><strong>V\u00f5rumaa<\/strong><\/td>\n<td colspan=\"4\" width=\"563\"><\/td>\n<\/tr>\n<tr>\n<td width=\"126\">ANTSLA T\u00dc<\/td>\n<td width=\"174\">Kauplus Ehitaja<\/td>\n<td width=\"124\">Antsla<\/td>\n<td width=\"160\">Jaani 4<\/td>\n<td width=\"105\">785 5157<\/td>\n<\/tr>\n<tr>\n<td width=\"126\">DECORA<\/td>\n<td width=\"174\">V\u00f5ru kauplus<\/td>\n<td width=\"124\">V\u00f5ru<\/td>\n<td width=\"160\">Lepa 2<\/td>\n<td width=\"105\">782 6805<\/td>\n<\/tr>\n<tr>\n<td width=\"126\">V\u00d5RU EMPAK<\/td>\n<td width=\"174\"><\/td>\n<td width=\"124\">V\u00f5ru<\/td>\n<td width=\"160\">Kubja tee 36<\/td>\n<td width=\"105\">785 8563<\/td>\n<\/tr>\n<\/tbody>\n<\/table>\n<\/div><\/section><\/div>\n","protected":false},"excerpt":{"rendered":"","protected":false},"author":5,"featured_media":0,"parent":0,"menu_order":0,"comment_status":"closed","ping_status":"closed","template":"","meta":{"_acf_changed":false,"footnotes":""},"class_list":["post-1126","page","type-page","status-publish","hentry"],"acf":[],"_links":{"self":[{"href":"https:\/\/kemetrv.ee\/ru\/wp-json\/wp\/v2\/pages\/1126","targetHints":{"allow":["GET"]}}],"collection":[{"href":"https:\/\/kemetrv.ee\/ru\/wp-json\/wp\/v2\/pages"}],"about":[{"href":"https:\/\/kemetrv.ee\/ru\/wp-json\/wp\/v2\/types\/page"}],"author":[{"embeddable":true,"href":"https:\/\/kemetrv.ee\/ru\/wp-json\/wp\/v2\/users\/5"}],"replies":[{"embeddable":true,"href":"https:\/\/kemetrv.ee\/ru\/wp-json\/wp\/v2\/comments?post=1126"}],"version-history":[{"count":0,"href":"https:\/\/kemetrv.ee\/ru\/wp-json\/wp\/v2\/pages\/1126\/revisions"}],"wp:attachment":[{"href":"https:\/\/kemetrv.ee\/ru\/wp-json\/wp\/v2\/media?parent=1126"}],"curies":[{"name":"wp","href":"https:\/\/api.w.org\/{rel}","templated":true}]}}